{"id":2926,"date":"2024-12-19T09:47:01","date_gmt":"2024-12-19T08:47:01","guid":{"rendered":"https:\/\/semmelweis.hu\/rehabilitaciosklinika\/?page_id=2926"},"modified":"2025-01-21T10:20:00","modified_gmt":"2025-01-21T09:20:00","slug":"humankineziologiai-laboratorium","status":"publish","type":"page","link":"https:\/\/semmelweis.hu\/rehabilitaciosklinika\/betegellatas\/kozponti-egysegek\/humankineziologiai-laboratorium\/","title":{"rendered":"Hum\u00e1nkineziol\u00f3giai Laborat\u00f3rium"},"content":{"rendered":"<div class=\"keretes w-100\">\n<p><strong>Helye:<\/strong> F\u0151\u00e9p\u00fclet, f\u00f6ldszint A \u00e9p\u00fcletr\u00e9sz<\/p>\n<p><strong>Orvosszakmai vezet\u0151:<\/strong> Dr. Fazekas G\u00e1bor PhD.<br \/>\n<strong>R\u00e9szlegvezet\u0151 terapeuta:<\/strong> S\u00e1ndor Krisztina &#8211; gy\u00f3gytorn\u00e1sz MSc.<\/p>\n<\/div>\n<h2>Betegfelv\u00e9tel a Hum\u00e1nkineziol\u00f3giai Laborat\u00f3riumba<\/h2>\n<p>A Rehabilit\u00e1ci\u00f3s Klinik\u00e1n bent fekv\u0151 \u00e9s nappali k\u00f3rh\u00e1zban kezelt betegek sz\u00e1m\u00e1ra \u00e9rhet\u0151 el a ter\u00e1pia, a beteget a Klinik\u00e1n kezel\u0151 szakorvos indik\u00e1ci\u00f3j\u00e1val.<\/p>\n<h2>Betegell\u00e1t\u00e1si feladatok \u00e9s szolg\u00e1ltat\u00e1sok<\/h2>\n<h4>Hum\u00e1nkineziol\u00f3giai Laborat\u00f3rium &#8211; Fejlett technol\u00f3gi\u00e1val v\u00e9gzett ter\u00e1pia a rehabilit\u00e1ci\u00f3ban<\/h4>\n<p>Fejlett technol\u00f3gi\u00e1val v\u00e9gzett ter\u00e1pia egy \u00faj, innovat\u00edv ter\u00fclete a rehabilit\u00e1ci\u00f3nak. Ezek az eszk\u00f6z\u00f6k, b\u00e1r rendk\u00edv\u00fcl hasznosak; minden esetben\u00a0egy elem\u00e9t k\u00e9pezik a komplex rehabilit\u00e1ci\u00f3nak, nem helyettes\u00edtik a hagyom\u00e1nyos gy\u00f3gytorn\u00e1t vagy m\u00e1s ter\u00e1pi\u00e1s m\u00f3dszereket.\u00a0<\/p>\n<p><strong>Seg\u00edts\u00e9g\u00e9vel a ter\u00e1pia:<\/strong><\/p>\n<ul>\n<li>c\u00e9lorient\u00e1lt,<\/li>\n<li>szem\u00e9lyre szabott,<\/li>\n<li>pontos, sokszor megism\u00e9telhet\u0151,<\/li>\n<li>seg\u00edtheti a mozg\u00e1sok v\u00e9grehajt\u00e1s\u00e1t,<\/li>\n<li>motiv\u00e1l\u00f3, \u00f6szt\u00f6nz\u0151.<\/li>\n<\/ul>\n<p><strong>Tov\u00e1bbi el\u0151nyei:<\/strong><\/p>\n<ul>\n<li>azonnali vizu\u00e1lis \u00e9s audt\u00edv visszajelz\u00e9s,<\/li>\n<li>ellen\u0151rz\u00f6tt, biztons\u00e1gos ter\u00e1pi\u00e1s k\u00f6rnyezet (olyan feladat elv\u00e9gz\u00e9se sor\u00e1n is, amely a hagyom\u00e1nyos ter\u00e1pi\u00e1s k\u00f6rnyezetben neh\u00e9z lehet),<\/li>\n<li>interaktivit\u00e1s \u00e9s v\u00e1ltozatoss\u00e1g,<\/li>\n<li>kognit\u00edv funkci\u00f3k fejleszt\u00e9se,<\/li>\n<li>az\u00a0\u00e1llapotv\u00e1ltoz\u00e1s nyomonk\u00f6vethet\u0151.<\/li>\n<\/ul>\n<p><strong>Jelenleg el\u00e9rhet\u0151 eszk\u00f6zt\u00edpusok:<\/strong><\/p>\n<ul>\n<li>fels\u0151 v\u00e9gtagi interakt\u00edv eszk\u00f6z\u00f6k,<\/li>\n<li>fels\u0151 v\u00e9gtagi robotos eszk\u00f6z\u00f6k,<\/li>\n<li>als\u00f3 v\u00e9gtagi interakt\u00edv eszk\u00f6z\u00f6k,<\/li>\n<li>als\u00f3 v\u00e9gtagi robotos eszk\u00f6z\u00f6k,<\/li>\n<li>egyens\u00falyoz\u00f3 k\u00e9pess\u00e9g fejleszt\u00e9s\u00e9re alklamas eszk\u00f6z\u00f6k,<\/li>\n<li>kognit\u00edv funkci\u00f3k fejleszt\u00e9s\u00e9re alkalmas eszk\u00f6z\u00f6k,<\/li>\n<li>funkcion\u00e1lis elektromos stimul\u00e1ci\u00f3,<\/li>\n<li>mozg\u00e1selemz\u0151 rendszer.<\/li>\n<\/ul>\n<p>Int\u00e9zet\u00fcnkben a fejlett technol\u00f3gi\u00e1s kezel\u00e9seket \u00f6sszehangoljuk a hagyom\u00e1nyos, egy\u00e9b ter\u00e1pi\u00e1kkal, mert csak a komplex kezel\u00e9si program lehet hat\u00e9kony.<\/p>\n<h2>Munkat\u00e1rsak<\/h2>\n<h5>Orvosszakmai vezet\u0151:<\/h5>\n<p>Dr. Fazekas G\u00e1bor Ph.D.<\/p>\n<h5>R\u00e9szlegvezet\u0151 terapeuta:<\/h5>\n<p>S\u00e1ndor Krisztina &#8211; gy\u00f3gytorn\u00e1sz MSc<\/p>\n<h5>Terapeut\u00e1k:<\/h5>\n<p>Thaly Anna &#8211; gy\u00f3gytorn\u00e1sz MSc<\/p>\n<p>Szil\u00e1gyi Zs\u00f3fia &#8211; gy\u00f3gytorn\u00e1sz MSc<\/p>\n<p>Adorj\u00e1ni Orsolya &#8211; gy\u00f3gytorn\u00e1sz<\/p>\n<p>Erd\u0151si Petra &#8211; gy\u00f3gytorn\u00e1sz MSc<\/p>\n\r\n        [slb_exclude]\r\n        <div class=\"row galeria-wrapper mx-0 h-auto\">\r\n            <div class=\"col-9 pl-0 pr-2\">\r\n            <span class=\"gallery-item frame\">\r\n\t\t\t\t<div class=\"galeria-left-img\"><a href=\"https:\/\/semmelweis.hu\/rehabilitaciosklinika\/files\/2024\/12\/RS196372__19A8880-scr-1.jpg\"><img src=https:\/\/semmelweis.hu\/rehabilitaciosklinika\/files\/2024\/12\/RS196372__19A8880-scr-1.jpg  \r\n                            alt=\"\" \r\n                            class=\"attachment-sote-gallery-big size-sote-gallery-big\" \r\n                            srcset=\"https:\/\/semmelweis.hu\/rehabilitaciosklinika\/files\/2024\/12\/RS196372__19A8880-scr-1-400x267.jpg 400w, https:\/\/semmelweis.hu\/rehabilitaciosklinika\/files\/2024\/12\/RS196372__19A8880-scr-1-1024x683.jpg 1024w, https:\/\/semmelweis.hu\/rehabilitaciosklinika\/files\/2024\/12\/RS196372__19A8880-scr-1-768x512.jpg 768w, https:\/\/semmelweis.hu\/rehabilitaciosklinika\/files\/2024\/12\/RS196372__19A8880-scr-1-753x502.jpg 753w, https:\/\/semmelweis.hu\/rehabilitaciosklinika\/files\/2024\/12\/RS196372__19A8880-scr-1-203x135.jpg 203w, https:\/\/semmelweis.hu\/rehabilitaciosklinika\/files\/2024\/12\/RS196372__19A8880-scr-1.jpg 1200w\" ><\/a><\/div>\r\n            <\/span>\r\n\r\n            <\/div>\r\n\r\n\t\t\t<div class=\"col-3 pl-0 pr-0\">\r\n\t\t\t\t<div class=\"galeria-right-img d-flex justify-content-between flex-column h-100 w-100 px-0 mx-0 \">\r\n                <div class=\"galeria-box\">\r\n\t\t\t\t\t<h3 class=\"galeria-title\">Gal\u00e9ria<\/h3>\r\n\t\t\t\t\t<div class=\"galeria-subtitle\">\r\n\r\n\t\t\t\t\t\t<div class=\"galeria-page-counter\"><span>10<\/span>k\u00e9p<\/div>\r\n                    <\/div> <\/div>\r\n                    <span class=\"gallery-item frame d-none d-md-flex\">\r\n\t\t\t\t\t<div class=\"galeria-small-img mt-0\"><a href=\"https:\/\/semmelweis.hu\/rehabilitaciosklinika\/files\/2024\/12\/RS196374__19A8934-scr.jpg\"><img src=https:\/\/semmelweis.hu\/rehabilitaciosklinika\/files\/2024\/12\/RS196374__19A8934-scr.jpg \r\n                                alt=\"\"  \r\n                                class=\"attachment-sote-gallery-small size-sote-gallery-small\" \r\n                                srcset=\"https:\/\/semmelweis.hu\/rehabilitaciosklinika\/files\/2024\/12\/RS196374__19A8934-scr-400x267.jpg 400w, https:\/\/semmelweis.hu\/rehabilitaciosklinika\/files\/2024\/12\/RS196374__19A8934-scr-1024x683.jpg 1024w, https:\/\/semmelweis.hu\/rehabilitaciosklinika\/files\/2024\/12\/RS196374__19A8934-scr-768x512.jpg 768w, https:\/\/semmelweis.hu\/rehabilitaciosklinika\/files\/2024\/12\/RS196374__19A8934-scr-753x502.jpg 753w, https:\/\/semmelweis.hu\/rehabilitaciosklinika\/files\/2024\/12\/RS196374__19A8934-scr-203x135.jpg 203w, https:\/\/semmelweis.hu\/rehabilitaciosklinika\/files\/2024\/12\/RS196374__19A8934-scr.jpg 1200w\" ><\/a><\/div>\r\n                    <\/span>\r\n                    <span class=\"gallery-item frame d-none d-md-flex\">\r\n\t\t\t\t\t<div class=\"galeria-small-img mt-0\"><a href=\"https:\/\/semmelweis.hu\/rehabilitaciosklinika\/files\/2024\/12\/RS195863__19A8860-scr-1.jpg\"><img src=https:\/\/semmelweis.hu\/rehabilitaciosklinika\/files\/2024\/12\/RS195863__19A8860-scr-1.jpg \r\n                                alt=\"\" \r\n                                class=\"attachment-sote-gallery-small size-sote-gallery-small\" \r\n                                srcset=\"https:\/\/semmelweis.hu\/rehabilitaciosklinika\/files\/2024\/12\/RS195863__19A8860-scr-1-400x267.jpg 400w, https:\/\/semmelweis.hu\/rehabilitaciosklinika\/files\/2024\/12\/RS195863__19A8860-scr-1-1024x683.jpg 1024w, https:\/\/semmelweis.hu\/rehabilitaciosklinika\/files\/2024\/12\/RS195863__19A8860-scr-1-768x512.jpg 768w, https:\/\/semmelweis.hu\/rehabilitaciosklinika\/files\/2024\/12\/RS195863__19A8860-scr-1-753x502.jpg 753w, https:\/\/semmelweis.hu\/rehabilitaciosklinika\/files\/2024\/12\/RS195863__19A8860-scr-1-203x135.jpg 203w, https:\/\/semmelweis.hu\/rehabilitaciosklinika\/files\/2024\/12\/RS195863__19A8860-scr-1.jpg 1200w\" ><\/a><\/div>\r\n                    <\/span>\r\n\r\n                <\/div>\r\n\r\n            <\/div>\r\n\r\n            <span class=\"gallery-item\"><div class=\"hidden\"><a href=\"https:\/\/semmelweis.hu\/rehabilitaciosklinika\/files\/2024\/12\/RS195842__19A9472-scr-1.jpg\">\r\n        <img src=https:\/\/semmelweis.hu\/rehabilitaciosklinika\/files\/2024\/12\/RS195842__19A9472-scr-1.jpg alt=\"\" class=\"attachment-sote-gallery-big size-sote-gallery-big\" srcset=\"https:\/\/semmelweis.hu\/rehabilitaciosklinika\/files\/2024\/12\/RS195842__19A9472-scr-1-400x267.jpg 400w, https:\/\/semmelweis.hu\/rehabilitaciosklinika\/files\/2024\/12\/RS195842__19A9472-scr-1-1024x683.jpg 1024w, https:\/\/semmelweis.hu\/rehabilitaciosklinika\/files\/2024\/12\/RS195842__19A9472-scr-1-768x512.jpg 768w, https:\/\/semmelweis.hu\/rehabilitaciosklinika\/files\/2024\/12\/RS195842__19A9472-scr-1-753x502.jpg 753w, https:\/\/semmelweis.hu\/rehabilitaciosklinika\/files\/2024\/12\/RS195842__19A9472-scr-1-203x135.jpg 203w, https:\/\/semmelweis.hu\/rehabilitaciosklinika\/files\/2024\/12\/RS195842__19A9472-scr-1.jpg 1200w\" >\r\n        <\/a><\/div><\/span><span class=\"gallery-item\"><div class=\"hidden\"><a href=\"https:\/\/semmelweis.hu\/rehabilitaciosklinika\/files\/2024\/12\/RS196387__19A9474-scr.jpg\">\r\n        <img src=https:\/\/semmelweis.hu\/rehabilitaciosklinika\/files\/2024\/12\/RS196387__19A9474-scr.jpg alt=\"\" class=\"attachment-sote-gallery-big size-sote-gallery-big\" srcset=\"https:\/\/semmelweis.hu\/rehabilitaciosklinika\/files\/2024\/12\/RS196387__19A9474-scr-400x267.jpg 400w, https:\/\/semmelweis.hu\/rehabilitaciosklinika\/files\/2024\/12\/RS196387__19A9474-scr-1024x683.jpg 1024w, https:\/\/semmelweis.hu\/rehabilitaciosklinika\/files\/2024\/12\/RS196387__19A9474-scr-768x512.jpg 768w, https:\/\/semmelweis.hu\/rehabilitaciosklinika\/files\/2024\/12\/RS196387__19A9474-scr-753x502.jpg 753w, https:\/\/semmelweis.hu\/rehabilitaciosklinika\/files\/2024\/12\/RS196387__19A9474-scr-203x135.jpg 203w, https:\/\/semmelweis.hu\/rehabilitaciosklinika\/files\/2024\/12\/RS196387__19A9474-scr.jpg 1200w\" >\r\n        <\/a><\/div><\/span><span class=\"gallery-item\"><div class=\"hidden\"><a href=\"https:\/\/semmelweis.hu\/rehabilitaciosklinika\/files\/2024\/12\/RS195931__19A9699-scr-1.jpg\">\r\n        <img src=https:\/\/semmelweis.hu\/rehabilitaciosklinika\/files\/2024\/12\/RS195931__19A9699-scr-1.jpg alt=\"\" class=\"attachment-sote-gallery-big size-sote-gallery-big\" srcset=\"https:\/\/semmelweis.hu\/rehabilitaciosklinika\/files\/2024\/12\/RS195931__19A9699-scr-1-400x267.jpg 400w, https:\/\/semmelweis.hu\/rehabilitaciosklinika\/files\/2024\/12\/RS195931__19A9699-scr-1-1024x683.jpg 1024w, https:\/\/semmelweis.hu\/rehabilitaciosklinika\/files\/2024\/12\/RS195931__19A9699-scr-1-768x512.jpg 768w, https:\/\/semmelweis.hu\/rehabilitaciosklinika\/files\/2024\/12\/RS195931__19A9699-scr-1-753x502.jpg 753w, https:\/\/semmelweis.hu\/rehabilitaciosklinika\/files\/2024\/12\/RS195931__19A9699-scr-1-203x135.jpg 203w, https:\/\/semmelweis.hu\/rehabilitaciosklinika\/files\/2024\/12\/RS195931__19A9699-scr-1.jpg 1200w\" >\r\n        <\/a><\/div><\/span><span class=\"gallery-item\"><div class=\"hidden\"><a href=\"https:\/\/semmelweis.hu\/rehabilitaciosklinika\/files\/2024\/12\/RS195932__19A9711-scr-1.jpg\">\r\n        <img src=https:\/\/semmelweis.hu\/rehabilitaciosklinika\/files\/2024\/12\/RS195932__19A9711-scr-1.jpg alt=\"\" class=\"attachment-sote-gallery-big size-sote-gallery-big\" srcset=\"https:\/\/semmelweis.hu\/rehabilitaciosklinika\/files\/2024\/12\/RS195932__19A9711-scr-1-400x267.jpg 400w, https:\/\/semmelweis.hu\/rehabilitaciosklinika\/files\/2024\/12\/RS195932__19A9711-scr-1-1024x683.jpg 1024w, https:\/\/semmelweis.hu\/rehabilitaciosklinika\/files\/2024\/12\/RS195932__19A9711-scr-1-768x512.jpg 768w, https:\/\/semmelweis.hu\/rehabilitaciosklinika\/files\/2024\/12\/RS195932__19A9711-scr-1-753x502.jpg 753w, https:\/\/semmelweis.hu\/rehabilitaciosklinika\/files\/2024\/12\/RS195932__19A9711-scr-1-203x135.jpg 203w, https:\/\/semmelweis.hu\/rehabilitaciosklinika\/files\/2024\/12\/RS195932__19A9711-scr-1.jpg 1200w\" >\r\n        <\/a><\/div><\/span><span class=\"gallery-item\"><div class=\"hidden\"><a href=\"https:\/\/semmelweis.hu\/rehabilitaciosklinika\/files\/2024\/12\/RS195944__19A8843-scr-1.jpg\">\r\n        <img src=https:\/\/semmelweis.hu\/rehabilitaciosklinika\/files\/2024\/12\/RS195944__19A8843-scr-1.jpg alt=\"\" class=\"attachment-sote-gallery-big size-sote-gallery-big\" srcset=\"https:\/\/semmelweis.hu\/rehabilitaciosklinika\/files\/2024\/12\/RS195944__19A8843-scr-1-400x267.jpg 400w, https:\/\/semmelweis.hu\/rehabilitaciosklinika\/files\/2024\/12\/RS195944__19A8843-scr-1-1024x683.jpg 1024w, https:\/\/semmelweis.hu\/rehabilitaciosklinika\/files\/2024\/12\/RS195944__19A8843-scr-1-768x512.jpg 768w, https:\/\/semmelweis.hu\/rehabilitaciosklinika\/files\/2024\/12\/RS195944__19A8843-scr-1-753x502.jpg 753w, https:\/\/semmelweis.hu\/rehabilitaciosklinika\/files\/2024\/12\/RS195944__19A8843-scr-1-203x135.jpg 203w, https:\/\/semmelweis.hu\/rehabilitaciosklinika\/files\/2024\/12\/RS195944__19A8843-scr-1.jpg 1200w\" >\r\n        <\/a><\/div><\/span><span class=\"gallery-item\"><div class=\"hidden\"><a href=\"https:\/\/semmelweis.hu\/rehabilitaciosklinika\/files\/2024\/12\/RS196369__19A9535-scr-1.jpg\">\r\n        <img src=https:\/\/semmelweis.hu\/rehabilitaciosklinika\/files\/2024\/12\/RS196369__19A9535-scr-1.jpg alt=\"\" class=\"attachment-sote-gallery-big size-sote-gallery-big\" srcset=\"https:\/\/semmelweis.hu\/rehabilitaciosklinika\/files\/2024\/12\/RS196369__19A9535-scr-1-400x267.jpg 400w, https:\/\/semmelweis.hu\/rehabilitaciosklinika\/files\/2024\/12\/RS196369__19A9535-scr-1-1024x683.jpg 1024w, https:\/\/semmelweis.hu\/rehabilitaciosklinika\/files\/2024\/12\/RS196369__19A9535-scr-1-768x512.jpg 768w, https:\/\/semmelweis.hu\/rehabilitaciosklinika\/files\/2024\/12\/RS196369__19A9535-scr-1-753x502.jpg 753w, https:\/\/semmelweis.hu\/rehabilitaciosklinika\/files\/2024\/12\/RS196369__19A9535-scr-1-203x135.jpg 203w, https:\/\/semmelweis.hu\/rehabilitaciosklinika\/files\/2024\/12\/RS196369__19A9535-scr-1.jpg 1200w\" >\r\n        <\/a><\/div><\/span><span class=\"gallery-item\"><div class=\"hidden\"><a href=\"https:\/\/semmelweis.hu\/rehabilitaciosklinika\/files\/2024\/12\/RS196362__19A8919-scr.jpg\">\r\n        <img src=https:\/\/semmelweis.hu\/rehabilitaciosklinika\/files\/2024\/12\/RS196362__19A8919-scr.jpg alt=\"\" class=\"attachment-sote-gallery-big size-sote-gallery-big\" srcset=\"https:\/\/semmelweis.hu\/rehabilitaciosklinika\/files\/2024\/12\/RS196362__19A8919-scr-400x267.jpg 400w, https:\/\/semmelweis.hu\/rehabilitaciosklinika\/files\/2024\/12\/RS196362__19A8919-scr-1024x683.jpg 1024w, https:\/\/semmelweis.hu\/rehabilitaciosklinika\/files\/2024\/12\/RS196362__19A8919-scr-768x512.jpg 768w, https:\/\/semmelweis.hu\/rehabilitaciosklinika\/files\/2024\/12\/RS196362__19A8919-scr-753x502.jpg 753w, https:\/\/semmelweis.hu\/rehabilitaciosklinika\/files\/2024\/12\/RS196362__19A8919-scr-203x135.jpg 203w, https:\/\/semmelweis.hu\/rehabilitaciosklinika\/files\/2024\/12\/RS196362__19A8919-scr.jpg 1200w\" >\r\n        <\/a><\/div><\/span>\r\n            <\/div>\r\n\r\n            [\/slb_exclude]\r\n\t\n","protected":false},"excerpt":{"rendered":"<p>Helye: F\u0151\u00e9p\u00fclet, f\u00f6ldszint A \u00e9p\u00fcletr\u00e9sz Orvosszakmai vezet\u0151: Dr. Fazekas G\u00e1bor PhD. R\u00e9szlegvezet\u0151 terapeuta: S\u00e1ndor Krisztina &#8211; gy\u00f3gytorn\u00e1sz MSc. Betegfelv\u00e9tel a Hum\u00e1nkineziol\u00f3giai Laborat\u00f3riumba A Rehabilit\u00e1ci\u00f3s Klinik\u00e1n bent fekv\u0151 \u00e9s nappali k\u00f3rh\u00e1zban kezelt betegek sz\u00e1m\u00e1ra \u00e9rhet\u0151 el a ter\u00e1pia, a beteget a Klinik\u00e1n kezel\u0151 szakorvos indik\u00e1ci\u00f3j\u00e1val. Betegell\u00e1t\u00e1si feladatok \u00e9s szolg\u00e1ltat\u00e1sok Hum\u00e1nkineziol\u00f3giai Laborat\u00f3rium &#8211; Fejlett technol\u00f3gi\u00e1val v\u00e9gzett ter\u00e1pia &hellip;<\/p>\n","protected":false},"author":102387,"featured_media":0,"parent":1242,"menu_order":0,"comment_status":"closed","ping_status":"closed","template":"","meta":{"_acf_changed":false,"footnotes":""},"categories":[],"tags":[],"class_list":["post-2926","page","type-page","status-publish","hentry"],"acf":[],"_links":{"self":[{"href":"https:\/\/semmelweis.hu\/rehabilitaciosklinika\/wp-json\/wp\/v2\/pages\/2926","targetHints":{"allow":["GET"]}}],"collection":[{"href":"https:\/\/semmelweis.hu\/rehabilitaciosklinika\/wp-json\/wp\/v2\/pages"}],"about":[{"href":"https:\/\/semmelweis.hu\/rehabilitaciosklinika\/wp-json\/wp\/v2\/types\/page"}],"author":[{"embeddable":true,"href":"https:\/\/semmelweis.hu\/rehabilitaciosklinika\/wp-json\/wp\/v2\/users\/102387"}],"replies":[{"embeddable":true,"href":"https:\/\/semmelweis.hu\/rehabilitaciosklinika\/wp-json\/wp\/v2\/comments?post=2926"}],"version-history":[{"count":3,"href":"https:\/\/semmelweis.hu\/rehabilitaciosklinika\/wp-json\/wp\/v2\/pages\/2926\/revisions"}],"predecessor-version":[{"id":3013,"href":"https:\/\/semmelweis.hu\/rehabilitaciosklinika\/wp-json\/wp\/v2\/pages\/2926\/revisions\/3013"}],"up":[{"embeddable":true,"href":"https:\/\/semmelweis.hu\/rehabilitaciosklinika\/wp-json\/wp\/v2\/pages\/1242"}],"wp:attachment":[{"href":"https:\/\/semmelweis.hu\/rehabilitaciosklinika\/wp-json\/wp\/v2\/media?parent=2926"}],"wp:term":[{"taxonomy":"category","embeddable":true,"href":"https:\/\/semmelweis.hu\/rehabilitaciosklinika\/wp-json\/wp\/v2\/categories?post=2926"},{"taxonomy":"post_tag","embeddable":true,"href":"https:\/\/semmelweis.hu\/rehabilitaciosklinika\/wp-json\/wp\/v2\/tags?post=2926"}],"curies":[{"name":"wp","href":"https:\/\/api.w.org\/{rel}","templated":true}]}}