{"id":25,"date":"2024-06-07T17:20:50","date_gmt":"2024-06-07T15:20:50","guid":{"rendered":"https:\/\/semmelweis.hu\/rehabilitaciosklinika\/?page_id=25"},"modified":"2024-12-09T09:16:46","modified_gmt":"2024-12-09T08:16:46","slug":"tudomany","status":"publish","type":"page","link":"https:\/\/semmelweis.hu\/rehabilitaciosklinika\/tudomany\/","title":{"rendered":"Kutat\u00e1si tev\u00e9kenys\u00e9g\u00fcnk"},"content":{"rendered":"<div class=\"keretes w-100\">\n<p><strong>A Semmelweis Egyetem Rehabilit\u00e1ci\u00f3s Klinik\u00e1ja az 1975 \u00f3ta m\u0171k\u00f6d\u00f6tt Orsz\u00e1gos Orvosi Rehabilit\u00e1ci\u00f3s Int\u00e9zet jogut\u00f3dja. A Klinika kutat\u00e1si programjai egyszerre szolg\u00e1lj\u00e1k a gy\u00f3gy\u00edt\u00f3 munk\u00e1t, a t\u00e1rsadalmi reintegr\u00e1ci\u00f3 el\u0151k\u00e9sz\u00edt\u00e9s\u00e9t \u00e9s a j\u00f6v\u0151 szakembereinek oktat\u00e1s\u00e1t.<\/strong><\/p>\n<p>Klinik\u00e1nkon kiemelked\u0151 tudom\u00e1nyos \u00e9let folyik, egyre n\u00f6vekszik a kutat\u00e1sok sz\u00e1ma, \u00e9s fokoz\u00f3d\u00f3 hallgat\u00f3i ig\u00e9nyekkel tal\u00e1lkozunk, hogy a szakdolgozatokhoz, TDK dolgozatokhoz, \u00e9s PhD disszert\u00e1ci\u00f3khoz az int\u00e9zetben v\u00e9gezzenek kutat\u00e1sokat, felm\u00e9r\u00e9seket. \u00c9ves szinten mintegy 20-25 foly\u00f3iratcikket publik\u00e1lnak az int\u00e9zet munkat\u00e1rsai.<\/p>\n<p>Kutat\u00e1saink hazai \u00e9s k\u00fclf\u00f6ldi p\u00e1ly\u00e1zati t\u00e1mogat\u00e1sokb\u00f3l, n\u00e9h\u00e1nyuk nemzetk\u00f6zi egy\u00fcttm\u0171k\u00f6d\u00e9sben val\u00f3sul meg. Vannak, melyekben csak saj\u00e1t er\u0151forr\u00e1sainkra (megl\u00e9v\u0151 eszk\u00f6z-, m\u0171szerpark, infrastrukt\u00fara, szakmai \u00e9rdekl\u0151d\u00e9s, stb.) t\u00e1maszkodunk.<\/p>\n<\/div>\n<h3>Kutat\u00e1si ter\u00fcletek &#8211; Kutat\u00e1si lehet\u0151s\u00e9gek<\/h3>\n<p>A <a href=\"https:\/\/semmelweis.hu\/rehab\/\" target=\"_blank\" rel=\"noopener\">Fizik\u00e1lis Medicina \u00e9s Rehabilit\u00e1ci\u00f3 Tansz\u00e9k<\/a>\u00fcnk a Doktori Iskola <strong>PhD k\u00e9pz\u00e9si programjaiba<\/strong> t\u00f6bb t\u00e9m\u00e1val csatlakozik, PhD hallgat\u00f3ink hazai \u00e9s nemzetk\u00f6zi szaklapokban, kongresszusokon rendszeresen ismertetik eredm\u00e9nyeiket. Logop\u00e9dia, nyelv\u00e9szet, neuropszichol\u00f3gia, zeneter\u00e1pia, ergoter\u00e1pia, dietetika PhD kutat\u00e1sok r\u00e9v\u00e9n is egyre t\u00e1gul a rehabilit\u00e1ci\u00f3 kutathat\u00f3s\u00e1g\u00e1nak k\u00f6re. Klinik\u00e1nkon szakdolgozat \u00edr\u00e1s\u00e1ra is lehet\u0151s\u00e9get biztos\u00edtunk. A robotter\u00e1pia, az exosceleton, vagy a virtu\u00e1lis val\u00f3s\u00e1g ter\u00e1pia \u00e9s egy\u00e9b korszer\u0171 technol\u00f3gi\u00e1k rehabilit\u00e1ci\u00f3ban alkalmaz\u00e1sa er\u0151teljes kutat\u00e1si ter\u00fclet\u00fcnk. Hangs\u00falyos a k\u00f6zponti idegrendszeri s\u00e9r\u00fcltek spaszticit\u00e1s\u00e1nak botulinum toxinnal, ITB (Intrathek\u00e1lis Baclofen) ter\u00e1p\u00e1val t\u00f6rt\u00e9n\u0151 kezel\u00e9se, a v\u00e9gtag deformit\u00e1sok seb\u00e9szeti kezel\u00e9s\u00e9nek, vagy a sebgy\u00f3gyul\u00e1s dietoter\u00e1pi\u00e1j\u00e1nak lehet\u0151s\u00e9gei mellett a neuropszichol\u00f3gia, a pszichol\u00f3gia, a logop\u00e9dia (besz\u00e9d \u00e9s nyel\u00e9szavarok), ritmus-\u00e9s t\u00e1ncter\u00e1pia, \u00e9s az ergoter\u00e1pia ter\u00fclet\u00e9n foly\u00f3 kutat\u00e1saink. <a href=\"https:\/\/semmelweis.hu\/rehabilitaciosklinika\/tudomany\/kutataskereso\/\">Tov\u00e1bb a klinik\u00e1n foly\u00f3 kutat\u00e1sokhoz \u2192<\/a><\/p>\n<p><a class=\"btn btn-secondary\" href=\"https:\/\/semmelweis.hu\/rehabilitaciosklinika\/oktatas\/phd-es-tdk-temak\/\" target=\"_self\" rel=\"noopener\">Phd \u00e9s TDK t\u00e9m\u00e1k<\/a><\/p>\n<h3>A tudom\u00e1nyos tev\u00e9kenys\u00e9g t\u00e1mogat\u00e1sa<\/h3>\n<p>Jelenleg is folynak Int\u00e9zet\u00fcnkben OTKA, illetve konzorciumi partnerk\u00e9nt uni\u00f3s p\u00e1ly\u00e1zatokb\u00f3l finansz\u00edrozott kutat\u00e1sok. A zajl\u00f3 projektek mellett gyakorlatilag folyamatosan sz\u00fcletnek \u00fajabb \u00e9s \u00fajabb p\u00e1ly\u00e1zatok a hazai \u00e9s az uni\u00f3s Kutat\u00e1si Alapokhoz. A Klinika munkat\u00e1rsai k\u00f6z\u00fcl t\u00f6bben maguk is t\u00e9mavezet\u0151, vagy k\u00f6zrem\u0171k\u00f6d\u0151 kutat\u00f3k\u00e9nt hazai \u00e9s uni\u00f3s kutat\u00e1si p\u00e1ly\u00e1zatokon (OTKA, T\u00c9T, WHO, AAL, NKTH, BME Heller Farkas Alap\u00edtv\u00e1ny, EU keretprogramok) sz\u00e1mos alkalommal sikerrel vettek r\u00e9szt, munk\u00e1juk nyom\u00e1n jelent\u0151s tudom\u00e1nyos eredm\u00e9nyek sz\u00fclettek.\u00a0<\/p>\n<p>Ugyanakkor Klinik\u00e1nk nem csak a Kutat\u00e1si Alapokt\u00f3l nyert t\u00e1mogat\u00e1sokra t\u00e1maszkodva v\u00e9gez kutat\u00e1sokat, hanem a szakmai tud\u00e1st\u0151ke mellett anyagi forr\u00e1sokat is allok\u00e1l kutat\u00e1sokra. Emellett helyet kapnak gyakorlatorient\u00e1lt, m\u00e9gis tudom\u00e1nyos ig\u00e9ny\u0171 felk\u00e9r\u00e9sek is. Nem felejtkezhet\u00fcnk el azokr\u00f3l a term\u00e9szetes m\u00f3don jelenl\u00e9v\u0151 tudom\u00e1nyos munk\u00e1kr\u00f3l sem, melyek nem k\u00f6thet\u0151ek sem tudom\u00e1nyos fokozatszerz\u00e9shez, sem p\u00e1ly\u00e1zatokhoz, melyek anyagi t\u00e1mogat\u00e1s n\u00e9lk\u00fcl, puszt\u00e1n szakmai \u00e9rdekl\u0151d\u00e9st\u0151l, elhivatotts\u00e1gt\u00f3l hajtva fakadtak, \u00e9s amelyeknek \u00e9rt\u00e9k\u00e9t, igaz\u00e1n a mindennapos gyakorlati munk\u00e1ba visszaforgat\u00e1s sor\u00e1n tapasztalhatjuk meg.<\/p>\n<h3>Bizotts\u00e1gok<\/h3>\n<p>Az int\u00e9zeti tudom\u00e1nyos tev\u00e9kenys\u00e9g seg\u00edt\u00e9s\u00e9re, tudom\u00e1nnyal kapcsolatos int\u00e9zm\u00e9nyi vezet\u0151i d\u00f6nt\u00e9sek el\u0151k\u00e9sz\u00edt\u00e9s\u00e9re tan\u00e1csad\u00f3 szervk\u00e9nt m\u0171k\u00f6dik az <strong>Int\u00e9zeti Tudom\u00e1nyos Bizotts\u00e1g (ITB)<\/strong> \u00e9s az <strong>Int\u00e9zeti Kutat\u00e1setikai Bizotts\u00e1g (IKEB)<\/strong>. Az ITB feladata a tudom\u00e1nyos munka kereteinek szervez\u00e9se, m\u00edg az egyes kutat\u00e1sok befogad\u00e1s\u00e1hoz sz\u00fcks\u00e9ges \u00e9rt\u00e9kel\u00e9sek elk\u00e9sz\u00edt\u00e9se \u00e9s a folyamatban l\u00e9v\u0151 kutat\u00e1sok ellen\u0151rz\u00e9se az IKEB feladata.\u00a0<\/p>\n<p>A n\u00f6vekv\u0151 hazai \u00e9s k\u00fclhoni szakmai elv\u00e1r\u00e1sokra \u00e9s a munkat\u00e1rsakban er\u0151s\u00f6d\u0151 tudom\u00e1nyos \u00e9rdekl\u0151d\u00e9sre \u00e9s motiv\u00e1lts\u00e1gra is figyelve, a Klinika vezet\u00e9se a tudom\u00e1nyos kutat\u00e1sok \u00e9s a tudom\u00e1nyos \u00e9letben val\u00f3 r\u00e9szv\u00e9tel t\u00e1mogat\u00e1s\u00e1t kiemelked\u0151en fontosnak tartja a rehabilit\u00e1ci\u00f3s szakma fejleszt\u00e9s\u00e9ben, ez\u00e9rt a Klinika tudom\u00e1nyos \u00e9let\u00e9nek ir\u00e1ny\u00edt\u00e1s\u00e1val 2016-ban <a href=\"https:\/\/semmelweis.hu\/telefonkonyv\/?emp_id=23155\" target=\"_blank\" rel=\"noopener\"><strong>tudom\u00e1nyos f\u0151munkat\u00e1rsat<\/strong><\/a> b\u00edzott meg.<\/p>\n<style>\n           #page-grid .card-body > .line-clamp-box.excerpt{\n        width: inherit;\n        max-width: inherit;\n        display:flex;\n        min-height: 2.4em;\n        flex-direction: column;\n        justify-content: space-around;\n        background-color: #D6E4EA;\n        min-height: 3.4rem;\n        font-family: \"Montserrat\", sans-serif;\n    }\n\n    #page-grid a:hover .card-body > .line-clamp-box.excerpt {\n        background-color: #fff;\n        color: #313B40;\n    }\n\n    #page-grid .card-body .line-clamp-box.excerpt section{\n        max-width: inherit;\n        display: -webkit-box;\n        -webkit-line-clamp: 2;\n        -webkit-box-orient: vertical;\n        overflow: hidden;\n        text-overflow: ellipsis;\n        hyphens: auto;\n        margin: auto;\n        \n    }\n    .line-clamp-box.excerpt section, .line-clamp-box.excerpt section p{\n        font-size:0.8em;\n    }\n    \n<\/style>\n    <section id=\"page-grid\">\n        <section class=\"d-block d-md-flex title-row my-3 ml-0 ml-md-1\">\n<div class=\"section-title  mb-1 \">\n<h2>\n    Kapcsol\u00f3d\u00f3 oldalak\n<\/h2>\n<\/div>\n<\/section>\n        <div class=\"row row-cols-1 row-cols-md-2 row-cols-lg-3 no-gutters mx-0 \">    <div class =\"col  mb-2 card-wrapper\">\n        <a class=\"d-flex flex-fill card-link-warapper m-md-1\" href=\"https:\/\/semmelweis.hu\/rehabilitaciosklinika\/tudomany\/kutataskereso\/\">\n            <div class=\"card border border-secondary se-border flex-fill\">\n                <div class=\"row no-gutters mx-0 d-flex flex-nowrap flex-md-wrap align-items-center\">\n                    <div class =\"  col-5 col-md-12  d-none  d-md-none d-md-none  bg-image  card-image justify-content-center\">\n                        <img class='wp-post-image img-fluid landscape' src='https:\/\/semmelweis.hu\/rehabilitaciosklinika\/wp-content\/themes\/se18\/dist\/images\/svg\/bg-image.svg' \/>\n                    <\/div>\n                    <div class=\"card-body  col flex-column  col-md-12 p-0\">\n                        <div class=\"line-clamp-box p-3\">\n                            <h5 class=\"ml-0 ml-sm-1 mt-2 align-items-center\"  >Kutat\u00e1si t\u00e9m\u00e1k - kutat\u00e1s keres\u0151<\/h5>\n                        <\/div>\n                        \n                    <\/div>\n                <\/div>\n\n            <\/div>\n        <\/a>\n    <\/div>    <div class =\"col  mb-2 card-wrapper\">\n        <a class=\"d-flex flex-fill card-link-warapper m-md-1\" href=\"https:\/\/semmelweis.hu\/rehabilitaciosklinika\/tudomany\/kutatas-engedelyezesi-eljaras\/\">\n            <div class=\"card border border-secondary se-border flex-fill\">\n                <div class=\"row no-gutters mx-0 d-flex flex-nowrap flex-md-wrap align-items-center\">\n                    <div class =\"  col-5 col-md-12  d-none  d-md-none d-md-none  bg-image  card-image justify-content-center\">\n                        <img class='wp-post-image img-fluid landscape' src='https:\/\/semmelweis.hu\/rehabilitaciosklinika\/wp-content\/themes\/se18\/dist\/images\/svg\/bg-image.svg' \/>\n                    <\/div>\n                    <div class=\"card-body  col flex-column  col-md-12 p-0\">\n                        <div class=\"line-clamp-box p-3\">\n                            <h5 class=\"ml-0 ml-sm-1 mt-2 align-items-center\"  >Kutat\u00e1s enged\u00e9lyez\u00e9si elj\u00e1r\u00e1s - Tudom\u00e1nyos bizotts\u00e1gok<\/h5>\n                        <\/div>\n                        \n                    <\/div>\n                <\/div>\n\n            <\/div>\n        <\/a>\n    <\/div>    <div class =\"col  mb-2 card-wrapper\">\n        <a class=\"d-flex flex-fill card-link-warapper m-md-1\" href=\"https:\/\/semmelweis.hu\/rehabilitaciosklinika\/tudomany\/publikacios-es-eloadoi-tevekenysegek\/\">\n            <div class=\"card border border-secondary se-border flex-fill\">\n                <div class=\"row no-gutters mx-0 d-flex flex-nowrap flex-md-wrap align-items-center\">\n                    <div class =\"  col-5 col-md-12  d-none  d-md-none d-md-none  bg-image  card-image justify-content-center\">\n                        <img class='wp-post-image img-fluid landscape' src='https:\/\/semmelweis.hu\/rehabilitaciosklinika\/wp-content\/themes\/se18\/dist\/images\/svg\/bg-image.svg' \/>\n                    <\/div>\n                    <div class=\"card-body  col flex-column  col-md-12 p-0\">\n                        <div class=\"line-clamp-box p-3\">\n                            <h5 class=\"ml-0 ml-sm-1 mt-2 align-items-center\"  >Publik\u00e1ci\u00f3s \u00e9s el\u0151ad\u00f3i tev\u00e9kenys\u00e9gek<\/h5>\n                        <\/div>\n                        \n                    <\/div>\n                <\/div>\n\n            <\/div>\n        <\/a>\n    <\/div>    <div class =\"col  mb-2 card-wrapper\">\n        <a class=\"d-flex flex-fill card-link-warapper m-md-1\" href=\"https:\/\/semmelweis.hu\/rehabilitaciosklinika\/tudomany\/tudomanyos-fokozatot-szerzok\/\">\n            <div class=\"card border border-secondary se-border flex-fill\">\n                <div class=\"row no-gutters mx-0 d-flex flex-nowrap flex-md-wrap align-items-center\">\n                    <div class =\"  col-5 col-md-12  d-none  d-md-none d-md-none  bg-image  card-image justify-content-center\">\n                        <img class='wp-post-image img-fluid landscape' src='https:\/\/semmelweis.hu\/rehabilitaciosklinika\/wp-content\/themes\/se18\/dist\/images\/svg\/bg-image.svg' \/>\n                    <\/div>\n                    <div class=\"card-body  col flex-column  col-md-12 p-0\">\n                        <div class=\"line-clamp-box p-3\">\n                            <h5 class=\"ml-0 ml-sm-1 mt-2 align-items-center\"  >Tudom\u00e1nyos fokozatot szerz\u0151k<\/h5>\n                        <\/div>\n                        \n                    <\/div>\n                <\/div>\n\n            <\/div>\n        <\/a>\n    <\/div>    <div class =\"col  mb-2 card-wrapper\">\n        <a class=\"d-flex flex-fill card-link-warapper m-md-1\" href=\"https:\/\/semmelweis.hu\/rehabilitaciosklinika\/tudomany\/tudomanyos-ulesek\/\">\n            <div class=\"card border border-secondary se-border flex-fill\">\n                <div class=\"row no-gutters mx-0 d-flex flex-nowrap flex-md-wrap align-items-center\">\n                    <div class =\"  col-5 col-md-12  d-none  d-md-none d-md-none  bg-image  card-image justify-content-center\">\n                        <img class='wp-post-image img-fluid landscape' src='https:\/\/semmelweis.hu\/rehabilitaciosklinika\/wp-content\/themes\/se18\/dist\/images\/svg\/bg-image.svg' \/>\n                    <\/div>\n                    <div class=\"card-body  col flex-column  col-md-12 p-0\">\n                        <div class=\"line-clamp-box p-3\">\n                            <h5 class=\"ml-0 ml-sm-1 mt-2 align-items-center\"  >Tudom\u00e1nyos \u00fcl\u00e9sek<\/h5>\n                        <\/div>\n                        \n                    <\/div>\n                <\/div>\n\n            <\/div>\n        <\/a>\n    <\/div>        <\/div>\n    <\/section>\n","protected":false},"excerpt":{"rendered":"<p>A Semmelweis Egyetem Rehabilit\u00e1ci\u00f3s Klinik\u00e1ja az 1975 \u00f3ta m\u0171k\u00f6d\u00f6tt Orsz\u00e1gos Orvosi Rehabilit\u00e1ci\u00f3s Int\u00e9zet jogut\u00f3dja. A Klinika kutat\u00e1si programjai egyszerre szolg\u00e1lj\u00e1k a gy\u00f3gy\u00edt\u00f3 munk\u00e1t, a t\u00e1rsadalmi reintegr\u00e1ci\u00f3 el\u0151k\u00e9sz\u00edt\u00e9s\u00e9t \u00e9s a j\u00f6v\u0151 szakembereinek oktat\u00e1s\u00e1t. Klinik\u00e1nkon kiemelked\u0151 tudom\u00e1nyos \u00e9let folyik, egyre n\u00f6vekszik a kutat\u00e1sok sz\u00e1ma, \u00e9s fokoz\u00f3d\u00f3 hallgat\u00f3i ig\u00e9nyekkel tal\u00e1lkozunk, hogy a szakdolgozatokhoz, TDK dolgozatokhoz, \u00e9s PhD disszert\u00e1ci\u00f3khoz &hellip;<\/p>\n","protected":false},"author":12,"featured_media":0,"parent":0,"menu_order":4,"comment_status":"closed","ping_status":"closed","template":"template-fullwidth.php","meta":{"_acf_changed":false,"footnotes":""},"categories":[],"tags":[],"class_list":["post-25","page","type-page","status-publish","hentry"],"acf":[],"_links":{"self":[{"href":"https:\/\/semmelweis.hu\/rehabilitaciosklinika\/wp-json\/wp\/v2\/pages\/25","targetHints":{"allow":["GET"]}}],"collection":[{"href":"https:\/\/semmelweis.hu\/rehabilitaciosklinika\/wp-json\/wp\/v2\/pages"}],"about":[{"href":"https:\/\/semmelweis.hu\/rehabilitaciosklinika\/wp-json\/wp\/v2\/types\/page"}],"author":[{"embeddable":true,"href":"https:\/\/semmelweis.hu\/rehabilitaciosklinika\/wp-json\/wp\/v2\/users\/12"}],"replies":[{"embeddable":true,"href":"https:\/\/semmelweis.hu\/rehabilitaciosklinika\/wp-json\/wp\/v2\/comments?post=25"}],"version-history":[{"count":10,"href":"https:\/\/semmelweis.hu\/rehabilitaciosklinika\/wp-json\/wp\/v2\/pages\/25\/revisions"}],"predecessor-version":[{"id":2709,"href":"https:\/\/semmelweis.hu\/rehabilitaciosklinika\/wp-json\/wp\/v2\/pages\/25\/revisions\/2709"}],"wp:attachment":[{"href":"https:\/\/semmelweis.hu\/rehabilitaciosklinika\/wp-json\/wp\/v2\/media?parent=25"}],"wp:term":[{"taxonomy":"category","embeddable":true,"href":"https:\/\/semmelweis.hu\/rehabilitaciosklinika\/wp-json\/wp\/v2\/categories?post=25"},{"taxonomy":"post_tag","embeddable":true,"href":"https:\/\/semmelweis.hu\/rehabilitaciosklinika\/wp-json\/wp\/v2\/tags?post=25"}],"curies":[{"name":"wp","href":"https:\/\/api.w.org\/{rel}","templated":true}]}}