{"id":2354,"date":"2024-10-30T10:45:04","date_gmt":"2024-10-30T09:45:04","guid":{"rendered":"https:\/\/semmelweis.hu\/rehabilitaciosklinika\/?page_id=2354"},"modified":"2024-11-22T10:10:36","modified_gmt":"2024-11-22T09:10:36","slug":"hemiparetikus-stroke-betegek-izometrias-kezero-kifejtesenek-tanulasa","status":"publish","type":"page","link":"https:\/\/semmelweis.hu\/rehabilitaciosklinika\/tudomany\/kutataskereso\/hemiparetikus-stroke-betegek-izometrias-kezero-kifejtesenek-tanulasa\/","title":{"rendered":"Hemiparetikus stroke betegek izometri\u00e1s k\u00e9zer\u0151 kifejt\u00e9s\u00e9nek tanul\u00e1sa"},"content":{"rendered":"<p><strong>A kutat\u00e1s elnevez\u00e9se\u00a0\u00a0\u00a0\u00a0<\/strong><\/p>\n<p>Hemiparetikus stroke betegek izometri\u00e1s k\u00e9zer\u0151 kifejt\u00e9s\u00e9nek tanul\u00e1sa<\/p>\n<p><strong>A kutat\u00e1s futamideje\u00a0\u00a0\u00a0\u00a0<\/strong><\/p>\n<p>2016.janu\u00e1r-2018. december<\/p>\n<p><strong>A kutat\u00e1s vezet\u0151je\u00a0\u00a0\u00a0\u00a0\u00a0\u00a0\u00a0\u00a0<\/strong><\/p>\n<p>V\u00e1mos Tibor (OORI), Berencsi Andrea PhD (ELTE BGGYK)<\/p>\n<p><strong>R\u00e9sztvev\u0151 kutat\u00f3k az OORI-b\u00f3l<\/strong><\/p>\n<p>Dr. Fazekas G\u00e1bor Ph.D.<\/p>\n<p><strong>K\u00fcls\u0151 partnerek\u00a0\u00a0\u00a0\u00a0\u00a0\u00a0\u00a0\u00a0\u00a0\u00a0\u00a0\u00a0\u00a0<\/strong><\/p>\n<p>ELTE B\u00e1rczi Guszt\u00e1v Gy\u00f3gypedag\u00f3giai Kar<\/p>\n<p><strong>A kutat\u00e1s f\u0151bb c\u00e9lkit\u0171z\u00e9sei\u00a0\u00a0\u00a0\u00a0\u00a0\u00a0\u00a0\u00a0<\/strong><\/p>\n<p>A kutat\u00e1s c\u00e9lja olyan mozg\u00e1stanul\u00e1si m\u00f3dszer alkalmaz\u00e1sa, amely seg\u00edts\u00e9g\u00e9vel a betegek k\u00f6nnyebben tudj\u00e1k elsaj\u00e1t\u00edtani a ter\u00e1pi\u00e1s feladatokat a rehabilit\u00e1ci\u00f3juk sor\u00e1n, valamint a tanult k\u00e9szs\u00e9gek \u00faj k\u00f6r\u00fclm\u00e9nyek k\u00f6z\u00f6tt val\u00f3 alkalmaz\u00e1sa eredm\u00e9nyesebb a tanul\u00e1st k\u00f6vet\u0151en.<\/p>\n<p>A kutat\u00e1sban a gyakorl\u00e1s \u00f6sszet\u00e9tel\u00e9nek hat\u00e1s\u00e1t vizsg\u00e1ljuk a k\u00e9zmozg\u00e1sok tanul\u00e1sa sor\u00e1n specifikus \u00e9s vari\u00e1bilis gyakorl\u00e1si k\u00f6r\u00fclm\u00e9nyek k\u00f6z\u00f6tt. A vizsg\u00e1lat az Alladin Diagnostic Device (ADD) m\u00e9r\u0151eszk\u00f6zzel t\u00f6rt\u00e9nik, amely az OORI orvos-m\u00e9rn\u00f6ki rehabilit\u00e1ci\u00f3s kutat\u00e1si programja \u00e9s az EU 6-os sz\u00e1m\u00fa keretprogram Alladin-projektje keret\u00e9ben ker\u00fclt kifejleszt\u00e9sre.<\/p>\n<p><strong>A kutat\u00e1s f\u0151bb eredm\u00e9nyei\u00a0\u00a0\u00a0\u00a0\u00a0\u00a0\u00a0<\/strong><\/p>\n<p>A vari\u00e1bilis gyakorl\u00e1st v\u00e9gz\u0151 hemiparetikus stroke beteg r\u00e9sztvev\u0151k hat\u00e9konyabban saj\u00e1t\u00edtott\u00e1k el a k\u00edv\u00e1nt feladatot, mint a konstans gyakorl\u00e1st v\u00e9gz\u0151 r\u00e9sztvev\u0151k.<\/p>\n<p><strong>A kutat\u00e1s eredm\u00e9nyeib\u0151l sz\u00fcletett publik\u00e1ci\u00f3k\u00a0<\/strong><\/p>\n<ul>\n<li>V\u00e1mos T, Berencsi A, Fazekas G, Kullmann L. &#8211; <strong>Precise isometric hand grip learning of hemiparetic stroke patients.<\/strong> Int J Rehabil Res. 2018 Jun;41(2):180-182. doi: 10.1097\/MRR.0000000000000273<\/li>\n<li>F\u00f6ldi J\u00falia: <strong>A motoros plaszticit\u00e1s \u00e9s a funkcion\u00e1lis \u00e1llapot \u00f6sszef\u00fcgg\u00e9se stroke ut\u00e1n<\/strong>. TDK dolgozat. ELTE BGGYK Kari TDK Konferencia els\u0151 d\u00edj \/\u00a0T\u00e9mavezet\u0151k: Berencsi Andrea \u00e9s V\u00e1mos Tibor<\/li>\n<\/ul>\n","protected":false},"excerpt":{"rendered":"<p>A kutat\u00e1s elnevez\u00e9se\u00a0\u00a0\u00a0\u00a0 Hemiparetikus stroke betegek izometri\u00e1s k\u00e9zer\u0151 kifejt\u00e9s\u00e9nek tanul\u00e1sa A kutat\u00e1s futamideje\u00a0\u00a0\u00a0\u00a0 2016.janu\u00e1r-2018. december A kutat\u00e1s vezet\u0151je\u00a0\u00a0\u00a0\u00a0\u00a0\u00a0\u00a0\u00a0 V\u00e1mos Tibor (OORI), Berencsi Andrea PhD (ELTE BGGYK) R\u00e9sztvev\u0151 kutat\u00f3k az OORI-b\u00f3l Dr. Fazekas G\u00e1bor Ph.D. K\u00fcls\u0151 partnerek\u00a0\u00a0\u00a0\u00a0\u00a0\u00a0\u00a0\u00a0\u00a0\u00a0\u00a0\u00a0\u00a0 ELTE B\u00e1rczi Guszt\u00e1v Gy\u00f3gypedag\u00f3giai Kar A kutat\u00e1s f\u0151bb c\u00e9lkit\u0171z\u00e9sei\u00a0\u00a0\u00a0\u00a0\u00a0\u00a0\u00a0\u00a0 A kutat\u00e1s c\u00e9lja olyan mozg\u00e1stanul\u00e1si m\u00f3dszer alkalmaz\u00e1sa, amely seg\u00edts\u00e9g\u00e9vel a &hellip;<\/p>\n","protected":false},"author":102160,"featured_media":2421,"parent":2407,"menu_order":0,"comment_status":"closed","ping_status":"closed","template":"","meta":{"_acf_changed":false,"footnotes":""},"categories":[15],"tags":[23],"class_list":["post-2354","page","type-page","status-publish","has-post-thumbnail","hentry","category-lezarult-kutatas","tag-ergoterapia-kutatasok"],"acf":[],"_links":{"self":[{"href":"https:\/\/semmelweis.hu\/rehabilitaciosklinika\/wp-json\/wp\/v2\/pages\/2354","targetHints":{"allow":["GET"]}}],"collection":[{"href":"https:\/\/semmelweis.hu\/rehabilitaciosklinika\/wp-json\/wp\/v2\/pages"}],"about":[{"href":"https:\/\/semmelweis.hu\/rehabilitaciosklinika\/wp-json\/wp\/v2\/types\/page"}],"author":[{"embeddable":true,"href":"https:\/\/semmelweis.hu\/rehabilitaciosklinika\/wp-json\/wp\/v2\/users\/102160"}],"replies":[{"embeddable":true,"href":"https:\/\/semmelweis.hu\/rehabilitaciosklinika\/wp-json\/wp\/v2\/comments?post=2354"}],"version-history":[{"count":4,"href":"https:\/\/semmelweis.hu\/rehabilitaciosklinika\/wp-json\/wp\/v2\/pages\/2354\/revisions"}],"predecessor-version":[{"id":2497,"href":"https:\/\/semmelweis.hu\/rehabilitaciosklinika\/wp-json\/wp\/v2\/pages\/2354\/revisions\/2497"}],"up":[{"embeddable":true,"href":"https:\/\/semmelweis.hu\/rehabilitaciosklinika\/wp-json\/wp\/v2\/pages\/2407"}],"wp:featuredmedia":[{"embeddable":true,"href":"https:\/\/semmelweis.hu\/rehabilitaciosklinika\/wp-json\/wp\/v2\/media\/2421"}],"wp:attachment":[{"href":"https:\/\/semmelweis.hu\/rehabilitaciosklinika\/wp-json\/wp\/v2\/media?parent=2354"}],"wp:term":[{"taxonomy":"category","embeddable":true,"href":"https:\/\/semmelweis.hu\/rehabilitaciosklinika\/wp-json\/wp\/v2\/categories?post=2354"},{"taxonomy":"post_tag","embeddable":true,"href":"https:\/\/semmelweis.hu\/rehabilitaciosklinika\/wp-json\/wp\/v2\/tags?post=2354"}],"curies":[{"name":"wp","href":"https:\/\/api.w.org\/{rel}","templated":true}]}}