{"id":2262,"date":"2024-10-17T08:11:31","date_gmt":"2024-10-17T06:11:31","guid":{"rendered":"https:\/\/semmelweis.hu\/rehabilitaciosklinika\/?page_id=2262"},"modified":"2024-11-21T10:44:01","modified_gmt":"2024-11-21T09:44:01","slug":"szakkonyvtari-szolgaltatasok","status":"publish","type":"page","link":"https:\/\/semmelweis.hu\/rehabilitaciosklinika\/konyvtar\/szakkonyvtari-szolgaltatasok\/","title":{"rendered":"Szakk\u00f6nyvt\u00e1ri szolg\u00e1ltat\u00e1sok"},"content":{"rendered":"<h5>Minden beiratkozott olvas\u00f3 r\u00e9sz\u00e9re ig\u00e9nybe vehet\u0151ek az al\u00e1bbi szolg\u00e1ltat\u00e1sok:<\/h5>\n<ul>\n<li>Helyben olvas\u00e1s<\/li>\n<li>M\u00e1solatk\u00e9sz\u00edt\u00e9s<\/li>\n<li>K\u00f6lcs\u00f6nz\u00e9s \/r\u00e9szben korl\u00e1tozva, l. k\u00f6nyvt\u00e1rhaszn\u00e1lati szab\u00e1lyzatot\/<\/li>\n<li>Nem v\u00e1s\u00e1rolt adatb\u00e1zisok haszn\u00e1lata<\/li>\n<\/ul>\n<h5>Csak int\u00e9zeti dolgoz\u00f3knak biztos\u00edtott szolg\u00e1ltat\u00e1sok:<\/h5>\n<ul>\n<li>K\u00f6nyvt\u00e1rk\u00f6zi k\u00f6lcs\u00f6nz\u00e9s<\/li>\n<li>T\u00e9mafigyel\u00e9s<\/li>\n<li>Irodalomkutat\u00e1s<\/li>\n<li>Scennel\u00e9s, digit\u00e1lis fot\u00f3k\u00e9sz\u00edt\u00e9s<\/li>\n<li>Fizetett adatb\u00e1zisok haszn\u00e1lata<\/li>\n<li>Tudom\u00e1nymetria<\/li>\n<\/ul>\n<p>Amennyiben a fenti szolg\u00e1ltat\u00e1sokat nem int\u00e9zeti dolgoz\u00f3 is ig\u00e9nyli, azok t\u00e9r\u00edt\u00e9s-k\u00f6telesek.<br \/>\nA szolg\u00e1ltat\u00e1sok k\u00f6r\u00e9t, az \u00e1rakat, az ig\u00e9nybev\u00e9teli lehet\u0151s\u00e9get az OORI Szakk\u00f6nyvt\u00e1ri Szolg\u00e1ltat\u00e1s\u00e1nak \u00e1rai ill. a K\u00f6nyvt\u00e1r-haszn\u00e1lati szab\u00e1lyzat tartalmazza.<\/p>\n<h5>Tudom\u00e1nymetria:<\/h5>\n<p>A tudom\u00e1nyos tev\u00e9kenys\u00e9g m\u00e9r\u00e9se els\u0151sorban PhD \u00e9rtekez\u00e9sekhez, p\u00e1ly\u00e1zatokhoz sz\u00fcks\u00e9ges, de ezek a mutat\u00f3sz\u00e1mok t\u00fckr\u00f6zik a szerz\u0151(k) nemzetk\u00f6zi szakmai ismerts\u00e9g\u00e9t is.<br \/>\nEzt a tev\u00e9kenys\u00e9get k\u00eds\u00e9ri figyelemmel az ISI (International of Scientific Isnstitute)<br \/>\na k\u00fcl\u00f6nb\u00f6z\u0151 \u2013 nemzetk\u00f6zileg elfogadott tudom\u00e1nymetriai szolg\u00e1ltat\u00e1saival.<br \/>\nA tudom\u00e1nyos tev\u00e9kenys\u00e9g m\u00e9r\u00e9s\u00e9nek eszk\u00f6zei az Cummulalt Impact Factor k\u00e9sz\u00edt\u00e9s illetve az id\u00e9zetts\u00e9g-vizsg\u00e1lat.<\/p>\n<h5>Impact Factor lista k\u00e9sz\u00edt\u00e9s:<\/h5>\n<p>A Cummulalt IF \u00e9rt\u00e9k meghat\u00e1roz\u00e1sa a Science Citation Reports-ban \u00e9vente k\u00f6zz\u00e9 tett foly\u00f3irat IF \u00e9rt\u00e9k alapj\u00e1n t\u00f6rt\u00e9nik.<\/p>\n<h5>Id\u00e9zetts\u00e9g-vizsg\u00e1lat:<\/h5>\n<p>A tudom\u00e1nyos tev\u00e9kenys\u00e9g nemzetk\u00f6zileg is elismert m\u00e9r\u0151sz\u00e1ma a \u201eCit\u00e1ci\u00f3s Index\u201d \u2013 azaz adott \u2013 idegen nyelv\u0171 foly\u00f3iratban elhelyezett cikk eset\u00e9ben kik \u00e9s h\u00e1nyszor hivatkoznak a kor\u00e1bban k\u00f6zz\u00e9tett publik\u00e1ci\u00f3ra. A meghat\u00e1roz\u00e1s eset\u00fcnkben a Science Citation Index ill. a Social Citation Index figyelemmel kis\u00e9r\u00e9s\u00e9vel t\u00f6rt\u00e9nik.<\/p>\n","protected":false},"excerpt":{"rendered":"<p>Minden beiratkozott olvas\u00f3 r\u00e9sz\u00e9re ig\u00e9nybe vehet\u0151ek az al\u00e1bbi szolg\u00e1ltat\u00e1sok: Helyben olvas\u00e1s M\u00e1solatk\u00e9sz\u00edt\u00e9s K\u00f6lcs\u00f6nz\u00e9s \/r\u00e9szben korl\u00e1tozva, l. k\u00f6nyvt\u00e1rhaszn\u00e1lati szab\u00e1lyzatot\/ Nem v\u00e1s\u00e1rolt adatb\u00e1zisok haszn\u00e1lata Csak int\u00e9zeti dolgoz\u00f3knak biztos\u00edtott szolg\u00e1ltat\u00e1sok: K\u00f6nyvt\u00e1rk\u00f6zi k\u00f6lcs\u00f6nz\u00e9s T\u00e9mafigyel\u00e9s Irodalomkutat\u00e1s Scennel\u00e9s, digit\u00e1lis fot\u00f3k\u00e9sz\u00edt\u00e9s Fizetett adatb\u00e1zisok haszn\u00e1lata Tudom\u00e1nymetria Amennyiben a fenti szolg\u00e1ltat\u00e1sokat nem int\u00e9zeti dolgoz\u00f3 is ig\u00e9nyli, azok t\u00e9r\u00edt\u00e9s-k\u00f6telesek. A szolg\u00e1ltat\u00e1sok k\u00f6r\u00e9t, az \u00e1rakat, az &hellip;<\/p>\n","protected":false},"author":102388,"featured_media":0,"parent":1435,"menu_order":0,"comment_status":"closed","ping_status":"closed","template":"","meta":{"_acf_changed":false,"footnotes":""},"categories":[],"tags":[],"class_list":["post-2262","page","type-page","status-publish","hentry"],"acf":[],"_links":{"self":[{"href":"https:\/\/semmelweis.hu\/rehabilitaciosklinika\/wp-json\/wp\/v2\/pages\/2262","targetHints":{"allow":["GET"]}}],"collection":[{"href":"https:\/\/semmelweis.hu\/rehabilitaciosklinika\/wp-json\/wp\/v2\/pages"}],"about":[{"href":"https:\/\/semmelweis.hu\/rehabilitaciosklinika\/wp-json\/wp\/v2\/types\/page"}],"author":[{"embeddable":true,"href":"https:\/\/semmelweis.hu\/rehabilitaciosklinika\/wp-json\/wp\/v2\/users\/102388"}],"replies":[{"embeddable":true,"href":"https:\/\/semmelweis.hu\/rehabilitaciosklinika\/wp-json\/wp\/v2\/comments?post=2262"}],"version-history":[{"count":2,"href":"https:\/\/semmelweis.hu\/rehabilitaciosklinika\/wp-json\/wp\/v2\/pages\/2262\/revisions"}],"predecessor-version":[{"id":2448,"href":"https:\/\/semmelweis.hu\/rehabilitaciosklinika\/wp-json\/wp\/v2\/pages\/2262\/revisions\/2448"}],"up":[{"embeddable":true,"href":"https:\/\/semmelweis.hu\/rehabilitaciosklinika\/wp-json\/wp\/v2\/pages\/1435"}],"wp:attachment":[{"href":"https:\/\/semmelweis.hu\/rehabilitaciosklinika\/wp-json\/wp\/v2\/media?parent=2262"}],"wp:term":[{"taxonomy":"category","embeddable":true,"href":"https:\/\/semmelweis.hu\/rehabilitaciosklinika\/wp-json\/wp\/v2\/categories?post=2262"},{"taxonomy":"post_tag","embeddable":true,"href":"https:\/\/semmelweis.hu\/rehabilitaciosklinika\/wp-json\/wp\/v2\/tags?post=2262"}],"curies":[{"name":"wp","href":"https:\/\/api.w.org\/{rel}","templated":true}]}}