{"id":2254,"date":"2024-10-17T08:08:28","date_gmt":"2024-10-17T06:08:28","guid":{"rendered":"https:\/\/semmelweis.hu\/rehabilitaciosklinika\/?page_id=2254"},"modified":"2024-11-21T11:07:51","modified_gmt":"2024-11-21T10:07:51","slug":"szakkonyvtar-multjarol","status":"publish","type":"page","link":"https:\/\/semmelweis.hu\/rehabilitaciosklinika\/konyvtar\/szakkonyvtar-multjarol\/","title":{"rendered":"Szakk\u00f6nyvt\u00e1r m\u00faltj\u00e1r\u00f3l"},"content":{"rendered":"<p><img loading=\"lazy\" decoding=\"async\" class=\"size-full wp-image-2255 alignright\" src=\"https:\/\/semmelweis.hu\/rehabilitaciosklinika\/files\/2024\/10\/kvt03.jpg\" alt=\"\" width=\"400\" height=\"300\" \/>Az Orvosi Szakk\u00f6nyvt\u00e1r k\u00f6zel egyid\u0151s int\u00e9zm\u00e9ny\u00fcnkkel, l\u00e9trej\u00f6tte \u00f6sszef\u00fcgg az egykori int\u00e9zet profilv\u00e1lt\u00e1s\u00e1val, a rehabilit\u00e1ci\u00f3 felv\u00e1llal\u00e1s\u00e1val.<\/p>\n<p>T\u00f6bb \u00e9vtizedig a k\u00f6nyvt\u00e1r a <strong>k\u00e1poln\u00e1b\u00f3l k\u00f6nyvt\u00e1rr\u00e1<\/strong> \u00e1talak\u00edtott k\u00e9tszintes \u00e9p\u00fcletben kapott helyet, az 50 f\u00e9r\u0151helyes el\u0151ad\u00f3teremmel, ill. rakt\u00e1rral egy\u00fctt.<\/p>\n<p>A <strong>kis olvas\u00f3<\/strong>, &#8211; a k\u00f6nyvek szabadpolcos elhelyez\u00e9se, a csal\u00e1dias k\u00f6rnyezet kellemes helyet ny\u00fajtott a bet\u00e9r\u0151 olvas\u00f3knak, helyet adva a rendszeress\u00e9 v\u00e1l\u00f3 <strong>tudom\u00e1nyos \u00fcl\u00e9seknek<\/strong>.<\/p>\n<p>Int\u00e9zet\u00fcnk \u2013 akkori nev\u00e9n az \u00c1llami Fodor J\u00f3zsef Gy\u00f3gyint\u00e9zet (1969-1975) &#8211; gy\u0171jtem\u00e9nye volt az alap, ez a gy\u0171jtem\u00e9ny els\u0151sorban a t\u00fcd\u0151betegs\u00e9gekre, ill. a csont-iz\u00fcleti g\u00fcm\u0151k\u00f3rra vonatkoz\u00f3 szakirodalomb\u00f3l \u00e1llt, mely m\u00e1r a deklar\u00e1lt profilv\u00e1lt\u00e1s el\u0151tt is jelent\u0151sen b\u0151v\u00fclt a mozg\u00e1sszervek gy\u00f3gy\u00edt\u00e1s\u00e1val foglalkoz\u00f3 szakirodalommal (csont-iz\u00fcleti betegs\u00e9gek, orthop\u00e9diai megbeteged\u00e9sek, cs\u00edp\u0151 endoprot\u00e9zis, majd t\u00e9rprot\u00e9zisek szakirodalma, amput\u00e1ci\u00f3s irodalom)<\/p>\n<p><img loading=\"lazy\" decoding=\"async\" class=\"size-full wp-image-2256 alignleft\" src=\"https:\/\/semmelweis.hu\/rehabilitaciosklinika\/files\/2024\/10\/kvt04.jpg\" alt=\"\" width=\"400\" height=\"300\" \/><\/p>\n<p>A profilv\u00e1lt\u00e1s a mozg\u00e1sszervi rehabilit\u00e1ci\u00f3s szakirodalom fokozott gy\u0171jt\u00e9s\u00e9re ir\u00e1ny\u00edtotta a figyelmet, mindemellett az \u00fajonnan felv\u00e1llalt feladatok: a rehabilit\u00e1ci\u00f3s. Szakemberk\u00e9pz\u00e9s miatt tekintettel kellett lenni a nem mozg\u00e1sszervi rehabilit\u00e1ci\u00f3 \u2013 onkol\u00f3giai, pulmonol\u00f3giai, geri\u00e1triai rehabilit\u00e1ci\u00f3, a sportter\u00e1pia, a foglalkoztat\u00f3 ter\u00e1pia, a szoci\u00e1lis rehabilit\u00e1ci\u00f3, a pszichol\u00f3giai rehabilit\u00e1ci\u00f3 szakirodalmi sz\u00fcks\u00e9gletek kiel\u00e9g\u00edt\u00e9s\u00e9re is.\u00a0<\/p>\n<p>Az \u00e9let dikt\u00e1lta ig\u00e9nyeknek k\u00f6sz\u00f6nhet\u0151, hogy fontoss\u00e1 v\u00e1lt a szakk\u00f6nyvt\u00e1ri funkci\u00f3k mellett a hosszas rehabilit\u00e1ci\u00f3s kezel\u00e9sben r\u00e9szes\u00fcl\u0151 betegek\/hozz\u00e1tartoz\u00f3k ig\u00e9nyeinek figyelembev\u00e9tele, ily m\u00f3don saj\u00e1ts\u00e1gos helyzet alakult ki: Szakk\u00f6nyvt\u00e1r \u00e9s \u201ebetegk\u00f6nyvt\u00e1r\u201d \u2013 mint kett\u0151s funkci\u00f3 a k\u00f6nyvt\u00e1rban.<\/p>\n<p><img loading=\"lazy\" decoding=\"async\" class=\"size-full wp-image-2257 alignright\" src=\"https:\/\/semmelweis.hu\/rehabilitaciosklinika\/files\/2024\/10\/kvt05.jpg\" alt=\"\" width=\"400\" height=\"300\" \/><\/p>\n<p>Az int\u00e9zetben kezdetekt\u0151l \u00f6n\u00e1ll\u00f3an m\u0171k\u00f6d\u00f6tt a \u201eBetegk\u00f6nyvt\u00e1r\u201d amely k\u00fcl\u00f6n, ugyancsak nehezen megk\u00f6zel\u00edthet\u0151 barakk\u00e9p\u00fcletben kapott helyet. A kor akkori \u201edivatj\u00e1nak\u201d megfelel\u0151en ez a r\u00e9szleg a betegek ell\u00e1t\u00e1sa mellett az int\u00e9zeti un. szakszervezeti k\u00f6nyvt\u00e1ri feladat\u00e1t is bet\u00f6lt\u00f6tte. Feladata a hosszasan bentfekv\u0151 betegek ell\u00e1t\u00e1sa \u2013 ig\u00e9ny\u00fcknek megfelel\u0151 sz\u00e9pirodalommal, illetve \u2013 mint szakszervezeti k\u00f6nyvt\u00e1r &#8211; a dolgoz\u00f3k is ig\u00e9nybe vehett\u00e9k. Abban az id\u0151ben m\u00e9g csak sz\u00e9pirodalom k\u00e9pezte a gy\u0171jtem\u00e9nyt. A szakszervezeti feladatok sorvad\u00e1s\u00e1val a Betegk\u00f6nyvt\u00e1r \u00e1tmenetileg sz\u00fcnetelt \u2013 majd 1994-ben \u00faj helyen \u2013 a Szakk\u00f6nyvt\u00e1r szomsz\u00e9ds\u00e1g\u00e1ban \u2013 a r\u00e9gi k\u00e1polna mellett &#8211; kezdte meg \u00fajra tev\u00e9kenys\u00e9g\u00e9t. Ez a szolg\u00e1ltat\u00e1sok meg\u00fajhod\u00e1s\u00e1t is jelentette: a sz\u00e9pirodalom mellett elkezdt\u00fck gy\u0171jteni, azokat az eg\u00e9szs\u00e9g\u00fcgyi ismeretterjeszt\u0151 kiadv\u00e1nyokat, amelyek a betegek \u00e9rdekl\u0151d\u00e9s\u00e9re sz\u00e1m\u00edthattak. (saj\u00e1t \u00e9s m\u00e1s int\u00e9zm\u00e9nyek betegt\u00e1j\u00e9koztat\u00f3 f\u00fczetei, betegek jogaira vonatkoz\u00f3 kiadv\u00e1nyok, fogyat\u00e9kosok lak\u00e1stervez\u00e9se, k\u00f6rnyezet\u00e9nek \u00e1talak\u00edt\u00e1s\u00e1ra vonatkoz\u00f3 kiadv\u00e1nyok)<\/p>\n<h5>A szakk\u00f6nyvt\u00e1r jelene<\/h5>\n<p>2006 janu\u00e1rj\u00e1ban t\u00f6rt\u00e9nt meg az \u00faj \u00e9p\u00fcletben \u2013 az eddig is m\u00e1r kett\u0151s funkci\u00f3val (<strong>Szakk\u00f6nyvt\u00e1r-Betegek k\u00f6nyvt\u00e1ra<\/strong>) m\u0171k\u00f6d\u0151 &#8211; k\u00f6nyvt\u00e1r helyfoglal\u00e1sa.<\/p>\n<p>Az \u00faj \u00e9p\u00fclet tervez\u00e9se sor\u00e1n azt az elvet \u00e9rv\u00e9nyes\u00edtett\u00e9k, hogy legyen lehet\u0151s\u00e9g a kor\u00e1bban m\u00e1r megl\u00e9v\u0151 t\u00f6rekv\u00e9s: a szellemi \u00e1rj\u00e1rhat\u00f3s\u00e1g mellett megteremteni a fizikai \u00e1tj\u00e1rhat\u00f3s\u00e1got a k\u00e9t k\u00f6nyvt\u00e1rt\u00edpus k\u00f6z\u00f6tt.<\/p>\n<p><img loading=\"lazy\" decoding=\"async\" class=\"size-full wp-image-2258 alignright\" src=\"https:\/\/semmelweis.hu\/rehabilitaciosklinika\/files\/2024\/10\/kvt06.jpg\" alt=\"\" width=\"400\" height=\"267\" srcset=\"https:\/\/semmelweis.hu\/rehabilitaciosklinika\/files\/2024\/10\/kvt06.jpg 400w, https:\/\/semmelweis.hu\/rehabilitaciosklinika\/files\/2024\/10\/kvt06-203x135.jpg 203w\" sizes=\"auto, (max-width: 400px) 100vw, 400px\" \/><\/p>\n<p>A rehabilit\u00e1ci\u00f3ra szorul\u00f3 betegeket \u00e9rdekli, hogy mi t\u00f6rt\u00e9nik vel\u00fck a sokszor hosszas int\u00e9zeti bentfekv\u00e9s sor\u00e1n, milyen \u00e9letvitelre sz\u00e1m\u00edthatnak, megv\u00e1ltozott \u00e9letk\u00f6r\u00fclm\u00e9nyeikhez hogyan c\u00e9lszer\u0171 \u00e1talak\u00edtani k\u00f6rnyezet\u00fcket az \u00f6nell\u00e1t\u00e1s \u00e9rdek\u00e9ben. A betegt\u00e1j\u00e9koztat\u00f3 anyag ki\u00e9p\u00edt\u00e9se, a szakk\u00f6nyvt\u00e1r haszn\u00e1lat\u00e1nak lehet\u0151s\u00e9ge seg\u00edts\u00e9get jelent mind a betegnek, mind a hozz\u00e1tartoz\u00f3nak a t\u00e1j\u00e9koz\u00f3d\u00e1sban. K\u00fcl\u00f6n\u00f6s tekintettel vagyunk a fogyat\u00e9kos k\u00f6rnyezet\u00e9nek alak\u00edt\u00e1s\u00e1hoz sz\u00fcks\u00e9ges ig\u00e9nyekre, a k\u00f6rnyezet, a csal\u00e1d, a szoci\u00e1lis beilleszked\u00e9s probl\u00e9m\u00e1ira. A szakk\u00f6nyvt\u00e1ri \u00e1llom\u00e1nynak \u2013 k\u00f6zel 6000 k\u00f6t &#8211; \u00bc-e a rehabilit\u00e1ci\u00f3 t\u00e9mak\u00f6r\u00e9be tartozik. Az \u00faj \u00e9p\u00fcletbe k\u00f6lt\u00f6z\u00e9s ut\u00e1n is c\u00e9lszer\u0171nek tartottuk az \u00e1llom\u00e1ny nagy r\u00e9sz\u00e9nek szabadpolcos elrendez\u00e9s\u00e9t. A rehabilit\u00e1ci\u00f3s anyag saj\u00e1tos &#8211; a rehabilit\u00e1ci\u00f3s tev\u00e9kenys\u00e9get t\u00fckr\u00f6z\u0151 &#8211; szakrendi elhelyez\u00e9sben \u00e1ll az olvas\u00f3k rendelkez\u00e9s\u00e9re. Teljess\u00e9gre t\u00f6rekv\u0151en gy\u0171jtj\u00fck a magyarnyelv\u0171 mozg\u00e1sszervi rehabilit\u00e1ci\u00f3 szakirodalm\u00e1t. Az \u00faj feladatok felv\u00e1llal\u00e1s\u00e1val (rehabilit\u00e1ci\u00f3s szakemberk\u00e9pz\u00e9s) v\u00e1logatva gy\u0171jtj\u00fck a nem mozg\u00e1sszervi rehabilit\u00e1ci\u00f3ra vonatkoz\u00f3 szakirodalmat. V\u00e1logatva gy\u0171jtj\u00fck az idegen nyelv\u0171 rehabilit\u00e1ci\u00f3s szakirodalmat, ennek sor\u00e1n figyelembe vessz\u00fck az EU-s rehabilit\u00e1ci\u00f3s szakvizsga k\u00f6vetelm\u00e9nyeket. K\u00fcl\u00f6n\u00f6s figyelmet szentel\u00fcnk a m\u00e1r megl\u00e9v\u0151, vagy bevezet\u00e9sre ker\u00fcl\u0151 k\u00fcl\u00f6nb\u00f6z\u0151 rehabilit\u00e1ci\u00f3s m\u00e9r\u00e9si m\u00f3dszereknek (\u00e9letmin\u0151s\u00e9g-vizsg\u00e1latok, biometriai vizsg\u00e1latok, ICF ill. FNO stb.). A nyomtatott dokumentumok mellett kezdetekt\u0151l gy\u0171jtj\u00fck azokat a nem hagyom\u00e1nyos dokumentumokat (fot\u00f3k, videofelv\u00e9telek) amelyek az int\u00e9zetben foly\u00f3 team-munk\u00e1t \u00f6r\u00f6k\u00edtett\u00e9k meg (sportter\u00e1pia, gy\u00f3gytorna, foglalkoztat\u00f3 ter\u00e1pia stb.)<\/p>\n<p><img loading=\"lazy\" decoding=\"async\" class=\"size-full wp-image-2259 alignright\" src=\"https:\/\/semmelweis.hu\/rehabilitaciosklinika\/files\/2024\/10\/kvt07.jpg\" alt=\"\" width=\"400\" height=\"267\" srcset=\"https:\/\/semmelweis.hu\/rehabilitaciosklinika\/files\/2024\/10\/kvt07.jpg 400w, https:\/\/semmelweis.hu\/rehabilitaciosklinika\/files\/2024\/10\/kvt07-203x135.jpg 203w\" sizes=\"auto, (max-width: 400px) 100vw, 400px\" \/><\/p>\n<p>A k\u00fclf\u00f6ldi foly\u00f3iratok megrendel\u00e9se sor\u00e1n szem el\u0151tt tartjuk az olvasotts\u00e1g mellett a k\u00f6vetkez\u0151 elv \u00e9rv\u00e9nyes\u00edt\u00e9s\u00e9t: lehet\u0151leg Medline \u00e1ltal feldolgozott foly\u00f3iratot rendelj\u00fcnk, Impact faktorral rendelkezzen \u00e9s lehet\u0151leg olyan idegen nyelv\u0171 foly\u00f3irataink legyenek, amelyek nem j\u00e1rnak m\u00e1shova az orsz\u00e1gba. A t\u00f6bb \u00e9vtizede fenn\u00e1ll\u00f3 \u00e1tgondolt \u00e1llom\u00e1ny\u00e9p\u00edt\u00e9snek k\u00f6sz\u00f6nhet\u0151en olvas\u00f3ink k\u00f6z\u00f6tt sz\u00e9p sz\u00e1mmal vannak int\u00e9zeten k\u00edv\u00fcliek is, mindemellett a rehabilit\u00e1ci\u00f3s team tagjai is (fizio-terapeut\u00e1k, pszichol\u00f3gusok, logop\u00e9dusok, szoci\u00e1lis munk\u00e1sok, foglalkoz\u00e1sterapeut\u00e1k, eg\u00e9szs\u00e9g\u00fcgyi szakdolgoz\u00f3k) megtal\u00e1lj\u00e1k az ig\u00e9ny\u00fcknek megfelel\u0151 szakirodalmat. Az \u00faj \u00e9p\u00fcletbe val\u00f3 bek\u00f6lt\u00f6z\u00e9s megsz\u0171ntette a rakt\u00e1roz\u00e1si neh\u00e9zs\u00e9geket, a kellemes t\u00e1jol\u00e1s, <strong>t\u00e1gas t\u00e9r<\/strong> j\u00f3 k\u00f6z\u00e9rzetet ny\u00fajt a bet\u00e9r\u0151 olvas\u00f3 sz\u00e1m\u00e1ra.<\/p>\n<p>az \u00f6ssze\u00e1ll\u00edt\u00e1s k\u00e9sz\u00edtette: <strong>Alm\u00e1syn\u00e9 Kov\u00e1cs \u00c9va<\/strong><\/p>\n","protected":false},"excerpt":{"rendered":"<p>Az Orvosi Szakk\u00f6nyvt\u00e1r k\u00f6zel egyid\u0151s int\u00e9zm\u00e9ny\u00fcnkkel, l\u00e9trej\u00f6tte \u00f6sszef\u00fcgg az egykori int\u00e9zet profilv\u00e1lt\u00e1s\u00e1val, a rehabilit\u00e1ci\u00f3 felv\u00e1llal\u00e1s\u00e1val. T\u00f6bb \u00e9vtizedig a k\u00f6nyvt\u00e1r a k\u00e1poln\u00e1b\u00f3l k\u00f6nyvt\u00e1rr\u00e1 \u00e1talak\u00edtott k\u00e9tszintes \u00e9p\u00fcletben kapott helyet, az 50 f\u00e9r\u0151helyes el\u0151ad\u00f3teremmel, ill. rakt\u00e1rral egy\u00fctt. A kis olvas\u00f3, &#8211; a k\u00f6nyvek szabadpolcos elhelyez\u00e9se, a csal\u00e1dias k\u00f6rnyezet kellemes helyet ny\u00fajtott a bet\u00e9r\u0151 olvas\u00f3knak, helyet adva a rendszeress\u00e9 &hellip;<\/p>\n","protected":false},"author":102388,"featured_media":0,"parent":1435,"menu_order":1,"comment_status":"closed","ping_status":"closed","template":"template-fullwidth.php","meta":{"_acf_changed":false,"footnotes":""},"categories":[],"tags":[],"class_list":["post-2254","page","type-page","status-publish","hentry"],"acf":[],"_links":{"self":[{"href":"https:\/\/semmelweis.hu\/rehabilitaciosklinika\/wp-json\/wp\/v2\/pages\/2254","targetHints":{"allow":["GET"]}}],"collection":[{"href":"https:\/\/semmelweis.hu\/rehabilitaciosklinika\/wp-json\/wp\/v2\/pages"}],"about":[{"href":"https:\/\/semmelweis.hu\/rehabilitaciosklinika\/wp-json\/wp\/v2\/types\/page"}],"author":[{"embeddable":true,"href":"https:\/\/semmelweis.hu\/rehabilitaciosklinika\/wp-json\/wp\/v2\/users\/102388"}],"replies":[{"embeddable":true,"href":"https:\/\/semmelweis.hu\/rehabilitaciosklinika\/wp-json\/wp\/v2\/comments?post=2254"}],"version-history":[{"count":6,"href":"https:\/\/semmelweis.hu\/rehabilitaciosklinika\/wp-json\/wp\/v2\/pages\/2254\/revisions"}],"predecessor-version":[{"id":2450,"href":"https:\/\/semmelweis.hu\/rehabilitaciosklinika\/wp-json\/wp\/v2\/pages\/2254\/revisions\/2450"}],"up":[{"embeddable":true,"href":"https:\/\/semmelweis.hu\/rehabilitaciosklinika\/wp-json\/wp\/v2\/pages\/1435"}],"wp:attachment":[{"href":"https:\/\/semmelweis.hu\/rehabilitaciosklinika\/wp-json\/wp\/v2\/media?parent=2254"}],"wp:term":[{"taxonomy":"category","embeddable":true,"href":"https:\/\/semmelweis.hu\/rehabilitaciosklinika\/wp-json\/wp\/v2\/categories?post=2254"},{"taxonomy":"post_tag","embeddable":true,"href":"https:\/\/semmelweis.hu\/rehabilitaciosklinika\/wp-json\/wp\/v2\/tags?post=2254"}],"curies":[{"name":"wp","href":"https:\/\/api.w.org\/{rel}","templated":true}]}}