{"id":2056,"date":"2024-10-09T12:09:11","date_gmt":"2024-10-09T10:09:11","guid":{"rendered":"https:\/\/semmelweis.hu\/rehabilitaciosklinika\/?page_id=2056"},"modified":"2024-11-28T10:16:24","modified_gmt":"2024-11-28T09:16:24","slug":"vallasgyakorlas","status":"publish","type":"page","link":"https:\/\/semmelweis.hu\/rehabilitaciosklinika\/betegellatas\/vallasgyakorlas\/","title":{"rendered":"Vall\u00e1sgyakorl\u00e1s"},"content":{"rendered":"<h5>Kalkuttai Szent Ter\u00e9z Anya K\u00e1polna<img loading=\"lazy\" decoding=\"async\" class=\"size-medium wp-image-1905 alignright\" src=\"https:\/\/semmelweis.hu\/rehabilitaciosklinika\/files\/2024\/10\/szent-terez-159x400.jpg\" alt=\"\" width=\"159\" height=\"400\" srcset=\"https:\/\/semmelweis.hu\/rehabilitaciosklinika\/files\/2024\/10\/szent-terez-159x400.jpg 159w, https:\/\/semmelweis.hu\/rehabilitaciosklinika\/files\/2024\/10\/szent-terez.jpg 290w\" sizes=\"auto, (max-width: 159px) 100vw, 159px\" \/><\/h5>\n<p><strong>Helye:<\/strong> F\u0151\u00e9p\u00fclet, D Sz\u00e1rny, III. emelet, a f\u0151 liftekkel szemben<\/p>\n<p>Klinik\u00e1nk k\u00e1poln\u00e1ja a katolikus szentmise \u00e9s a protest\u00e1ns istentiszteletek helysz\u00edne valamint a lelki csendess\u00e9g tere.<\/p>\n<h5>Lelkip\u00e1sztori szolg\u00e1lat<\/h5>\n<p>Klinik\u00e1nkon lelkip\u00e1sztori szolg\u00e1lat is el\u00e9rhet\u0151.<\/p>\n<p><strong>r\u00f3mai katolikus szentmise:<\/strong><br \/>\nminden cs\u00fct\u00f6rt\u00f6k\u00f6n 15.00-kor<\/p>\n<p><strong>protest\u00e1ns istentisztelet:<\/strong><br \/>\nminden szerd\u00e1n 16.00-kor\u00a0<\/p>\n<p><strong>A Klinik\u00e1n szolg\u00e1lnak:<\/strong><br \/>\nKampfm\u00fcller S\u00e1ndor katolikus k\u00f3rh\u00e1zlelk\u00e9sz +36 1 224-86-40<br \/>\nSepsi Krisztina reform\u00e1tus k\u00f3rh\u00e1zlelk\u00e9sz +36 30\/790-39-28<br \/>\nKecsk\u00e9s Anita evang\u00e9likus lelkigondoz\u00f3 +36 20\/824-64-11<\/p>\n<hr \/>\n<p><span style=\"font-size: 12pt\">Budapesti Katolikus K\u00f3rh\u00e1zlelk\u00e9szs\u00e9g<\/span><br \/>\n<span style=\"font-size: 12pt\">1122 Budapest, R\u00e1th Gy\u00f6rgy u. 7-9.<\/span><br \/>\n<span style=\"font-size: 12pt\">Tel.: 224-86-40; e-mail: <a href=\"mailto:korlelk@gmail.com\">korlelk@gmail.com\u00a0<\/a><\/span><\/p>\n","protected":false},"excerpt":{"rendered":"<p>Kalkuttai Szent Ter\u00e9z Anya K\u00e1polna Helye: F\u0151\u00e9p\u00fclet, D Sz\u00e1rny, III. emelet, a f\u0151 liftekkel szemben Klinik\u00e1nk k\u00e1poln\u00e1ja a katolikus szentmise \u00e9s a protest\u00e1ns istentiszteletek helysz\u00edne valamint a lelki csendess\u00e9g tere. Lelkip\u00e1sztori szolg\u00e1lat Klinik\u00e1nkon lelkip\u00e1sztori szolg\u00e1lat is el\u00e9rhet\u0151. r\u00f3mai katolikus szentmise: minden cs\u00fct\u00f6rt\u00f6k\u00f6n 15.00-kor protest\u00e1ns istentisztelet: minden szerd\u00e1n 16.00-kor\u00a0 A Klinik\u00e1n szolg\u00e1lnak: Kampfm\u00fcller S\u00e1ndor katolikus k\u00f3rh\u00e1zlelk\u00e9sz &hellip;<\/p>\n","protected":false},"author":102387,"featured_media":0,"parent":30,"menu_order":7,"comment_status":"closed","ping_status":"closed","template":"","meta":{"_acf_changed":false,"footnotes":""},"categories":[],"tags":[],"class_list":["post-2056","page","type-page","status-publish","hentry"],"acf":[],"_links":{"self":[{"href":"https:\/\/semmelweis.hu\/rehabilitaciosklinika\/wp-json\/wp\/v2\/pages\/2056","targetHints":{"allow":["GET"]}}],"collection":[{"href":"https:\/\/semmelweis.hu\/rehabilitaciosklinika\/wp-json\/wp\/v2\/pages"}],"about":[{"href":"https:\/\/semmelweis.hu\/rehabilitaciosklinika\/wp-json\/wp\/v2\/types\/page"}],"author":[{"embeddable":true,"href":"https:\/\/semmelweis.hu\/rehabilitaciosklinika\/wp-json\/wp\/v2\/users\/102387"}],"replies":[{"embeddable":true,"href":"https:\/\/semmelweis.hu\/rehabilitaciosklinika\/wp-json\/wp\/v2\/comments?post=2056"}],"version-history":[{"count":1,"href":"https:\/\/semmelweis.hu\/rehabilitaciosklinika\/wp-json\/wp\/v2\/pages\/2056\/revisions"}],"predecessor-version":[{"id":2057,"href":"https:\/\/semmelweis.hu\/rehabilitaciosklinika\/wp-json\/wp\/v2\/pages\/2056\/revisions\/2057"}],"up":[{"embeddable":true,"href":"https:\/\/semmelweis.hu\/rehabilitaciosklinika\/wp-json\/wp\/v2\/pages\/30"}],"wp:attachment":[{"href":"https:\/\/semmelweis.hu\/rehabilitaciosklinika\/wp-json\/wp\/v2\/media?parent=2056"}],"wp:term":[{"taxonomy":"category","embeddable":true,"href":"https:\/\/semmelweis.hu\/rehabilitaciosklinika\/wp-json\/wp\/v2\/categories?post=2056"},{"taxonomy":"post_tag","embeddable":true,"href":"https:\/\/semmelweis.hu\/rehabilitaciosklinika\/wp-json\/wp\/v2\/tags?post=2056"}],"curies":[{"name":"wp","href":"https:\/\/api.w.org\/{rel}","templated":true}]}}