{"id":1996,"date":"2024-10-09T09:42:17","date_gmt":"2024-10-09T07:42:17","guid":{"rendered":"https:\/\/semmelweis.hu\/rehabilitaciosklinika\/?page_id=1996"},"modified":"2024-11-28T15:01:49","modified_gmt":"2024-11-28T14:01:49","slug":"betegjogi-kepviselo","status":"publish","type":"page","link":"https:\/\/semmelweis.hu\/rehabilitaciosklinika\/betegellatas\/betegjogi-kepviselo\/","title":{"rendered":"Betegjogi k\u00e9pvisel\u0151"},"content":{"rendered":"<div class=\"hidden-content\">\n<div class=\"keretes w-100\">\n<h6 class=\"hiddenContentp\" style=\"text-align: center;\"><strong>A Klinik\u00e1n az \u00d6n ter\u00fcletileg illet\u00e9kes betegjogi k\u00e9pvisel\u0151je:<br \/>\n<\/strong>Megl\u00e9czn\u00e9 Ocsen\u00e1s M\u00e1ria<\/h6>\n<p class=\"hiddenContentp\"><strong><span style=\"font-size: 1rem;\">Telefonsz\u00e1ma: <br \/>\n<\/span><\/strong>+36 20 4899 658<\/p>\n<p class=\"hiddenContentp\"><span style=\"font-size: 1rem;\"><strong>H\u00edvhat\u00f3 id\u0151szakok:<\/strong><br \/>\nh\u00e9tf\u0151t\u0151l cs\u00fct\u00f6rt\u00f6kig 8:00-16:30 k\u00f6z\u00f6tt<br \/>\n<\/span><span style=\"font-size: 1rem;\">p\u00e9nteken 8:00-14:00 \u00f3ra k\u00f6z\u00f6tt<\/span><\/p>\n<p class=\"hiddenContentp\"><strong><span style=\"font-size: 1rem;\">E-mail c\u00edm:<\/span><\/strong> <a href=\"mailto:maria.ocsenas@ijsz.bm.gov.hu\">maria.ocsenas@ijsz.bm.gov.hu\u00a0<\/a><\/p>\n<p><strong>Fogad\u00f3\u00f3ra:<\/strong> telefonon el\u0151re egyeztetett id\u0151pontban<br \/>\n<strong>Fogad\u00f3\u00f3ra helye:<\/strong> F\u0151\u00e9p\u00fclet, D \u00e9p\u00fcletsz\u00e1rny 234. szoba<\/p>\n<\/div>\n<\/div>\n<div>\n<h6>A jogv\u00e9delmi k\u00e9pvisel\u0151 az <strong>Integr\u00e1lt Jogv\u00e9delmi Szolg\u00e1lat (IJSZ)<\/strong> munkat\u00e1rsa, az eg\u00e9szs\u00e9g\u00fcgyi ell\u00e1t\u00f3 int\u00e9zm\u00e9nyt\u0151l f\u00fcggetlen szem\u00e9ly.<\/h6>\n<p><strong>A betegjogi k\u00e9pvisel\u0151 tev\u00e9kenys\u00e9ge k\u00fcl\u00f6n\u00f6sen az al\u00e1bbiakat foglalja mag\u00e1ban:<\/strong><\/p>\n<ul>\n<li>seg\u00edti a beteget\u00a0az eg\u00e9szs\u00e9g\u00fcgyi dokument\u00e1ci\u00f3hoz val\u00f3 hozz\u00e1jut\u00e1sban, azzal kapcsolatos megjegyz\u00e9sek, k\u00e9rd\u00e9sek felt\u00e9tel\u00e9ben,<\/li>\n<li>seg\u00edt a betegnek\u00a0panasza megfogalmaz\u00e1s\u00e1ban, kezdem\u00e9nyezheti annak kivizsg\u00e1l\u00e1s\u00e1t,<\/li>\n<li>a beteg \u00edr\u00e1sbeli meghatalmaz\u00e1sa alapj\u00e1n\u00a0panaszt tehet az eg\u00e9szs\u00e9g\u00fcgyi szolg\u00e1ltat\u00f3 vezet\u0151j\u00e9n\u00e9l, fenntart\u00f3j\u00e1n\u00e1l, illetve \u2013\u00a0a beteg gy\u00f3gykezel\u00e9s\u00e9vel \u00f6sszef\u00fcgg\u0151 \u00fcgyekben elj\u00e1r\u00a0az arra hat\u00e1sk\u00f6rrel \u00e9s illet\u00e9kess\u00e9ggel rendelkez\u0151\u00a0hat\u00f3s\u00e1gn\u00e1l, \u00e9s\u00a0ennek sor\u00e1n k\u00e9pviseli\u00a0a beteget.<\/li>\n<\/ul>\n<\/div>\n<p>&nbsp;<\/p>\n","protected":false},"excerpt":{"rendered":"<p>A Klinik\u00e1n az \u00d6n ter\u00fcletileg illet\u00e9kes betegjogi k\u00e9pvisel\u0151je: Megl\u00e9czn\u00e9 Ocsen\u00e1s M\u00e1ria Telefonsz\u00e1ma: +36 20 4899 658 H\u00edvhat\u00f3 id\u0151szakok: h\u00e9tf\u0151t\u0151l cs\u00fct\u00f6rt\u00f6kig 8:00-16:30 k\u00f6z\u00f6tt p\u00e9nteken 8:00-14:00 \u00f3ra k\u00f6z\u00f6tt E-mail c\u00edm: <a href=\"mailto:maria.ocsenas@ijsz.bm.gov.hu\">maria.ocsenas@ijsz.bm.gov.hu\u00a0<\/a> Fogad\u00f3\u00f3ra: telefonon el\u0151re egyeztetett id\u0151pontban Fogad\u00f3\u00f3ra helye: F\u0151\u00e9p\u00fclet, D \u00e9p\u00fcletsz\u00e1rny 234. szoba A jogv\u00e9delmi k\u00e9pvisel\u0151 az Integr\u00e1lt Jogv\u00e9delmi Szolg\u00e1lat (IJSZ) munkat\u00e1rsa, az eg\u00e9szs\u00e9g\u00fcgyi ell\u00e1t\u00f3 int\u00e9zm\u00e9nyt\u0151l f\u00fcggetlen szem\u00e9ly. &hellip;<\/p>\n","protected":false},"author":102387,"featured_media":0,"parent":30,"menu_order":8,"comment_status":"closed","ping_status":"closed","template":"","meta":{"_acf_changed":false,"footnotes":""},"categories":[],"tags":[],"class_list":["post-1996","page","type-page","status-publish","hentry"],"acf":[],"_links":{"self":[{"href":"https:\/\/semmelweis.hu\/rehabilitaciosklinika\/wp-json\/wp\/v2\/pages\/1996","targetHints":{"allow":["GET"]}}],"collection":[{"href":"https:\/\/semmelweis.hu\/rehabilitaciosklinika\/wp-json\/wp\/v2\/pages"}],"about":[{"href":"https:\/\/semmelweis.hu\/rehabilitaciosklinika\/wp-json\/wp\/v2\/types\/page"}],"author":[{"embeddable":true,"href":"https:\/\/semmelweis.hu\/rehabilitaciosklinika\/wp-json\/wp\/v2\/users\/102387"}],"replies":[{"embeddable":true,"href":"https:\/\/semmelweis.hu\/rehabilitaciosklinika\/wp-json\/wp\/v2\/comments?post=1996"}],"version-history":[{"count":10,"href":"https:\/\/semmelweis.hu\/rehabilitaciosklinika\/wp-json\/wp\/v2\/pages\/1996\/revisions"}],"predecessor-version":[{"id":2585,"href":"https:\/\/semmelweis.hu\/rehabilitaciosklinika\/wp-json\/wp\/v2\/pages\/1996\/revisions\/2585"}],"up":[{"embeddable":true,"href":"https:\/\/semmelweis.hu\/rehabilitaciosklinika\/wp-json\/wp\/v2\/pages\/30"}],"wp:attachment":[{"href":"https:\/\/semmelweis.hu\/rehabilitaciosklinika\/wp-json\/wp\/v2\/media?parent=1996"}],"wp:term":[{"taxonomy":"category","embeddable":true,"href":"https:\/\/semmelweis.hu\/rehabilitaciosklinika\/wp-json\/wp\/v2\/categories?post=1996"},{"taxonomy":"post_tag","embeddable":true,"href":"https:\/\/semmelweis.hu\/rehabilitaciosklinika\/wp-json\/wp\/v2\/tags?post=1996"}],"curies":[{"name":"wp","href":"https:\/\/api.w.org\/{rel}","templated":true}]}}