{"id":1902,"date":"2024-10-03T16:49:17","date_gmt":"2024-10-03T14:49:17","guid":{"rendered":"https:\/\/semmelweis.hu\/rehabilitaciosklinika\/?page_id=1902"},"modified":"2025-11-14T11:49:49","modified_gmt":"2025-11-14T10:49:49","slug":"posta-bufe-bolt-szepsegapolas","status":"publish","type":"page","link":"https:\/\/semmelweis.hu\/rehabilitaciosklinika\/szolgaltatasok\/posta-bufe-bolt-szepsegapolas\/","title":{"rendered":"Posta, b\u00fcf\u00e9, \u00fczletek, sz\u00e9ps\u00e9g\u00e1pol\u00e1s"},"content":{"rendered":"<div class=\"keretes\" style=\"border-left: 6px solid #4D9DE0 !important; border-right: 1px solid lightgray !important; border-top: 1px solid lightgray !important; background-color: #ffff !important; border-bottom: 1px solid lightgray;\">\n<h3>B\u00fcf\u00e9<\/h3>\n<h6>F\u0151\u00e9p\u00fclet, F\u00f6ldszint<br \/>\nTelefon : +36 1 391-1900\/1280 mell\u00e9k<\/h6>\n<\/div>\n<div class=\"keretes\" style=\"float: left !important; border-left: 6px solid #4D9DE0 !important; border-right: 1px solid lightgray !important; border-top: 1px solid lightgray !important; background-color: #ffff !important; border-bottom: 1px solid lightgray;\">\n<h3>Posta<\/h3>\n<h6>F\u0151\u00e9p\u00fclet, f\u00f6ldszint,<br \/>\nNyitva tart\u00e1s: h\u00e9tf\u0151-p\u00e9ntek, 12.00-13.00<\/h6>\n<\/div>\n<div class=\"keretes\" style=\"border-left: 6px solid #4D9DE0 !important; border-right: 1px solid lightgray !important; border-top: 1px solid lightgray !important; background-color: #ffff !important; border-bottom: 1px solid lightgray;\">\n<h3>Fodr\u00e1szat-Kozmetika<\/h3>\n<h6>F\u0151\u00e9p\u00fclet, F\u00f6ldszint<br \/>\nTelefon : +36 1 391-1900\/1308 mell\u00e9k<\/h6>\n<\/div>\n<div class=\"keretes\" style=\"float: left !important; border-left: 6px solid #4D9DE0 !important; border-right: 1px solid lightgray !important; border-top: 1px solid lightgray !important; background-color: #ffff !important; border-bottom: 1px solid lightgray;\">\n<h3>H\u00edrlap, K\u00f6nyv- \u00e9s Aj\u00e1nd\u00e9kbolt<\/h3>\n<h6>F\u0151\u00e9p\u00fclet, F\u00f6ldszint<br \/>\nTelefon : +36 1 391-1900\/1119 mell\u00e9k<\/h6>\n<\/div>\n<div class=\"keretes\" style=\"border-left: 6px solid #4D9DE0 !important; border-right: 1px solid lightgray !important; border-top: 1px solid lightgray !important; background-color: #ffff !important; border-bottom: 1px solid lightgray;\">\n<h3>Seg\u00e9deszk\u00f6z-forgalmaz\u00f3 \u00fczletek<\/h3>\n<h6>F\u0151\u00e9p\u00fclet, F\u00f6ldszint<\/h6>\n<\/div>\n<div class=\"keretes\" style=\"float: left !important; border-left: 6px solid #4D9DE0 !important; border-right: 1px solid lightgray !important; border-top: 1px solid lightgray !important; background-color: #ffff !important; border-bottom: 1px solid lightgray;\">\n<h3>Pedik\u0171r<\/h3>\n<h6>Ig\u00e9ny eset\u00e9n jelentkez\u00e9s az oszt\u00e1lyos vezet\u0151 \u00e1pol\u00f3kn\u00e1l<\/h6>\n<\/div>\n","protected":false},"excerpt":{"rendered":"<p>B\u00fcf\u00e9<br \/>\nF\u0151\u00e9p\u00fclet, F\u00f6ldszint<br \/>\nTelefon : +36 1 391-1900\/1280 mell\u00e9k<\/p>\n<p>Posta<br \/>\nF\u0151\u00e9p\u00fclet, f\u00f6ldszint,<br \/>\nNyitva tart\u00e1s: h\u00e9tf\u0151-p\u00e9ntek, 12.00-13.00<\/p>\n<p>Fodr\u00e1szat-Kozmetika<br \/>\nF\u0151\u00e9p\u00fclet, F\u00f6ldszint<br \/>\nTelefon : +36 1 391-1900\/1308 mell\u00e9k<\/p>\n<p>H\u00edrlap, K\u00f6nyv- \u00e9s Aj\u00e1nd\u00e9kbolt<br \/>\nF\u0151\u00e9p\u00fclet, F\u00f6ldszint<br \/>\nTelefon : +36 1 391-1900\/1119 mell\u00e9k<\/p>\n<p>Seg\u00e9deszk\u00f6z-forgalmaz\u00f3 \u00fczletek<br \/>\nF\u0151\u00e9p\u00fclet, F\u00f6ldszint<\/p>\n<p>Pedik\u0171r<br \/>\nIg\u00e9ny eset\u00e9n jelentkez\u00e9s az oszt\u00e1lyos vezet\u0151 \u00e1pol\u00f3kn\u00e1l<\/p>\n","protected":false},"author":12,"featured_media":2047,"parent":766,"menu_order":3,"comment_status":"closed","ping_status":"closed","template":"template-fullwidth.php","meta":{"_acf_changed":false,"footnotes":""},"categories":[],"tags":[],"class_list":["post-1902","page","type-page","status-publish","has-post-thumbnail","hentry"],"acf":[],"_links":{"self":[{"href":"https:\/\/semmelweis.hu\/rehabilitaciosklinika\/wp-json\/wp\/v2\/pages\/1902","targetHints":{"allow":["GET"]}}],"collection":[{"href":"https:\/\/semmelweis.hu\/rehabilitaciosklinika\/wp-json\/wp\/v2\/pages"}],"about":[{"href":"https:\/\/semmelweis.hu\/rehabilitaciosklinika\/wp-json\/wp\/v2\/types\/page"}],"author":[{"embeddable":true,"href":"https:\/\/semmelweis.hu\/rehabilitaciosklinika\/wp-json\/wp\/v2\/users\/12"}],"replies":[{"embeddable":true,"href":"https:\/\/semmelweis.hu\/rehabilitaciosklinika\/wp-json\/wp\/v2\/comments?post=1902"}],"version-history":[{"count":7,"href":"https:\/\/semmelweis.hu\/rehabilitaciosklinika\/wp-json\/wp\/v2\/pages\/1902\/revisions"}],"predecessor-version":[{"id":3640,"href":"https:\/\/semmelweis.hu\/rehabilitaciosklinika\/wp-json\/wp\/v2\/pages\/1902\/revisions\/3640"}],"up":[{"embeddable":true,"href":"https:\/\/semmelweis.hu\/rehabilitaciosklinika\/wp-json\/wp\/v2\/pages\/766"}],"wp:featuredmedia":[{"embeddable":true,"href":"https:\/\/semmelweis.hu\/rehabilitaciosklinika\/wp-json\/wp\/v2\/media\/2047"}],"wp:attachment":[{"href":"https:\/\/semmelweis.hu\/rehabilitaciosklinika\/wp-json\/wp\/v2\/media?parent=1902"}],"wp:term":[{"taxonomy":"category","embeddable":true,"href":"https:\/\/semmelweis.hu\/rehabilitaciosklinika\/wp-json\/wp\/v2\/categories?post=1902"},{"taxonomy":"post_tag","embeddable":true,"href":"https:\/\/semmelweis.hu\/rehabilitaciosklinika\/wp-json\/wp\/v2\/tags?post=1902"}],"curies":[{"name":"wp","href":"https:\/\/api.w.org\/{rel}","templated":true}]}}