{"id":1899,"date":"2024-10-03T16:44:25","date_gmt":"2024-10-03T14:44:25","guid":{"rendered":"https:\/\/semmelweis.hu\/rehabilitaciosklinika\/?page_id=1899"},"modified":"2025-01-31T16:16:58","modified_gmt":"2025-01-31T15:16:58","slug":"egyeb-terapiak-orarendje","status":"publish","type":"page","link":"https:\/\/semmelweis.hu\/rehabilitaciosklinika\/betegellatas\/egyeb-terapiak-orarendje\/","title":{"rendered":"Egy\u00e9b ter\u00e1pi\u00e1k \u00f3rarendje"},"content":{"rendered":"<div class=\"keretes w-100\">\n<p>Betegeinknek \u00e1llapotukt\u00f3l f\u00fcgg\u0151en oszt\u00e1lyos kezel\u0151orvosai \u00e9s terapeut\u00e1i javasolhatj\u00e1k a r\u00e9szv\u00e9telt az egyes ter\u00e1pi\u00e1s foglalkoz\u00e1sokon. <strong>Egy\u00e9ni \u00e9rdekl\u0151d\u00e9s eset\u00e9n<\/strong> is <strong>k\u00e9rj\u00fck, hogy az adott csoportba jelentkez\u00e9s el\u0151tt egyeztessen az \u00d6nt kezel\u0151 munkat\u00e1rsainkkal<\/strong>.<\/p>\n<\/div>\n<h4><strong>H\u00e9tf\u0151<\/strong><\/h4>\n<table id=\"tablepress-2\" class=\"tablepress tablepress-id-2\" style=\"width: 100%\">\n<caption style=\"caption-side: bottom;text-align: left;border: none;background: none;margin: 0;padding: 0\">\u00a0<\/caption>\n<thead>\n<tr class=\"row-1 odd\">\n<th class=\"column-1\" style=\"width: 30%\">Id\u0151pont<\/th>\n<th class=\"column-2\">\u00d3rat\u00edpus \u00e9s helysz\u00edn<\/th>\n<\/tr>\n<\/thead>\n<tbody class=\"row-hover\">\n<tr class=\"row-2 even\">\n<td class=\"column-1\">12:30-13:15<\/td>\n<td class=\"column-2\">Zeneter\u00e1pia \u2013 GRO<\/td>\n<\/tr>\n<tr class=\"row-3 odd\">\n<td class=\"column-1\">12:45-13:30<\/td>\n<td class=\"column-2\">N\u0151i csoport \u2013 ARO<\/td>\n<\/tr>\n<tr class=\"row-4 even\">\n<td class=\"column-1\">13:00-14:30<\/td>\n<td class=\"column-2\">Mantra zeneter\u00e1pi\u00e1s csoport \u2013 VEMO<\/td>\n<\/tr>\n<tr class=\"row-5 odd\">\n<td class=\"column-1\">14 \u00f3r\u00e1t\u00f3l<\/td>\n<td class=\"column-2\">\u00c1llatassziszt\u00e1lt ter\u00e1pia \u2013 III emeleti terem<\/td>\n<\/tr>\n<tr class=\"row-6 even\">\n<td class=\"column-1\">13:00-15:00<\/td>\n<td class=\"column-2\">Kreat\u00edv alkot\u00f3 m\u0171hely \u2013 ABRO ergoter\u00e1pia<\/td>\n<\/tr>\n<tr class=\"row-7 odd\">\n<td class=\"column-1\">15:00-16:00 Minden h\u00f3nap utols\u00f3 h\u00e9tf\u0151n<\/td>\n<td class=\"column-2\">Betegeduk\u00e1ci\u00f3s Csoport \u2013 GRO<\/td>\n<\/tr>\n<\/tbody>\n<\/table>\n<h4><strong>Kedd<\/strong><\/h4>\n<table id=\"tablepress-2\" class=\"tablepress tablepress-id-2\" style=\"width: 100%\">\n<caption style=\"caption-side: bottom;text-align: left;border: none;background: none;margin: 0;padding: 0\">\u00a0<\/caption>\n<thead>\n<tr class=\"row-1 odd\">\n<th class=\"column-3\" style=\"width: 30%\">Id\u0151pont<\/th>\n<th class=\"column-4\">\u00d3rat\u00edpus \u00e9s helysz\u00edn<\/th>\n<\/tr>\n<\/thead>\n<tbody class=\"row-hover\">\n<tr class=\"row-2 even\">\n<td class=\"column-3\">8:30-9:15<\/td>\n<td class=\"column-4\">Int\u00e9zeti relax\u00e1ci\u00f3s csoport \u2013 III emelet<\/td>\n<\/tr>\n<tr class=\"row-3 odd\">\n<td class=\"column-3\">12:45-13:30<\/td>\n<td class=\"column-4\">Mem\u00f3ria csoport \u2013 ARO<\/td>\n<\/tr>\n<tr class=\"row-4 even\">\n<td class=\"column-3\">14:00-15:00<\/td>\n<td class=\"column-4\">Kerekessz\u00e9kes foglalkoz\u00e1s \u2013 GRO-Sportter\u00e1pia<\/td>\n<\/tr>\n<tr class=\"row-5 odd\">\n<td class=\"column-3\">15:00-16:00<\/td>\n<td class=\"column-4\">M\u0171v\u00e9szetter\u00e1pia \u2013 OTRO<\/td>\n<\/tr>\n<tr class=\"row-6 even\">\n<td class=\"column-3\">14:45-16:00<\/td>\n<td class=\"column-4\">Visszat\u00e9r\u00e9s a munk\u00e1ba, csoportos munkapszichol\u00f3giai foglalkoz\u00e1s<\/td>\n<\/tr>\n<\/tbody>\n<\/table>\n<h4><strong>Szerda<\/strong><\/h4>\n<table id=\"tablepress-2\" class=\"tablepress tablepress-id-2\" style=\"width: 100%;height: 187px\">\n<caption style=\"caption-side: bottom;text-align: left;border: none;background: none;margin: 0;padding: 0\">\u00a0<\/caption>\n<thead>\n<tr class=\"row-1 odd\" style=\"height: 25px\">\n<th class=\"column-5\" style=\"width: 30%;height: 25px\">Id\u0151pont<\/th>\n<th class=\"column-6\" style=\"height: 25px\">\u00d3rat\u00edpus \u00e9s helysz\u00edn<\/th>\n<\/tr>\n<\/thead>\n<tbody class=\"row-hover\">\n<tr class=\"row-2 even\" style=\"height: 27px\">\n<td class=\"column-5\" style=\"height: 27px\">11 \u00f3r\u00e1t\u00f3l<\/td>\n<td class=\"column-6\" style=\"height: 27px\">Kommunik\u00e1ci\u00f3s csoport \u2013 ARO<\/td>\n<\/tr>\n<tr class=\"row-3 odd\" style=\"height: 27px\">\n<td class=\"column-5\" style=\"height: 27px\">11:30 \u00f3r\u00e1t\u00f3l<\/td>\n<td class=\"column-6\" style=\"height: 27px\">Relax\u00e1ci\u00f3s csoport \u2013 Nappali K\u00f3rh\u00e1z<\/td>\n<\/tr>\n<tr class=\"row-4 even\" style=\"height: 27px\">\n<td class=\"column-5\" style=\"height: 27px\">13:00-15:00<\/td>\n<td class=\"column-6\" style=\"height: 27px\">Kreat\u00edv alkot\u00f3m\u0171hely \u2013 ABRO-ergoter\u00e1pia<\/td>\n<\/tr>\n<tr>\n<td>13:00 &#8211; 14:00<\/td>\n<td>Rehabilit\u00e1ci\u00f3s ritmus- \u00e9s t\u00e1ncter\u00e1pia &#8211; ergoter\u00e1pia<\/td>\n<\/tr>\n<tr class=\"row-5 odd\" style=\"height: 27px\">\n<td class=\"column-5\" style=\"height: 27px\">9:00-10:00 Minden h\u00f3nap els\u0151 szerd\u00e1n<\/td>\n<td class=\"column-6\" style=\"height: 27px\">Akad\u00e1lymentes otthon \u2013 ergoter\u00e1pia<\/td>\n<\/tr>\n<tr class=\"row-6 even\" style=\"height: 27px\">\n<td class=\"column-5\" style=\"height: 27px\">9:00-12:00 Minden h\u00f3nap utols\u00f3 szerd\u00e1n<\/td>\n<td class=\"column-6\" style=\"height: 27px\">Reform konyha \u2013 ergoter\u00e1pia<\/td>\n<\/tr>\n<tr class=\"row-7 odd\" style=\"height: 27px\">\n<td class=\"column-5\" style=\"height: 27px\">Havonta 1 alkalom: 15 \u00f3r\u00e1t\u00f3l<\/td>\n<td class=\"column-6\" style=\"height: 27px\">Sorst\u00e1rsseg\u00edt\u0151i csoport \u2013 OTRO<\/td>\n<\/tr>\n<\/tbody>\n<\/table>\n<h4><strong>Cs\u00fct\u00f6rt\u00f6k<\/strong><\/h4>\n<table id=\"tablepress-2\" class=\"tablepress tablepress-id-2\" style=\"width: 100.104%\">\n<caption style=\"caption-side: bottom;text-align: left;border: none;background: none;margin: 0;padding: 0\">\u00a0<\/caption>\n<thead>\n<tr class=\"row-1 odd\">\n<th class=\"column-7\" style=\"width: 30%\">Id\u0151pont<\/th>\n<th class=\"column-8\">\u00d3rat\u00edpus \u00e9s helysz\u00edn<\/th>\n<\/tr>\n<\/thead>\n<tbody class=\"row-hover\">\n<tr class=\"row-2 even\">\n<td class=\"column-7\">8:30-9:15<\/td>\n<td class=\"column-8\">Int\u00e9zeti relax\u00e1ci\u00f3s csoport \u2013 III.emeleti terem<\/td>\n<\/tr>\n<tr class=\"row-3 odd\">\n<td class=\"column-7\">13:00-14:00<\/td>\n<td class=\"column-8\">Zeneter\u00e1pia \u2013 ARO<\/td>\n<\/tr>\n<tr class=\"row-4 even\">\n<td class=\"column-7\">13:30 \u00f3r\u00e1t\u00f3l<\/td>\n<td class=\"column-8\">Cukorbeteg Eduk\u00e1ci\u00f3s Csoport \u2013 SZMRO<\/td>\n<\/tr>\n<tr class=\"row-5 odd\">\n<td class=\"column-7\">14:00-15:00<\/td>\n<td class=\"column-8\">Zeneter\u00e1pia \u2013 SRO<\/td>\n<\/tr>\n<tr class=\"row-6 even\">\n<td class=\"column-7\">14:30-15:30<\/td>\n<td class=\"column-8\">Kreat\u00edv Klub \u2013 ergoter\u00e1pia<\/td>\n<\/tr>\n<tr class=\"row-7 odd\">\n<td class=\"column-7\">14:00-15:00<\/td>\n<td class=\"column-8\">Kerekessz\u00e9kes foglalkoz\u00e1s \u2013 GRO-Sportter\u00e1pia<\/td>\n<\/tr>\n<\/tbody>\n<\/table>\n","protected":false},"excerpt":{"rendered":"<p>Betegeinknek \u00e1llapotukt\u00f3l f\u00fcgg\u0151en oszt\u00e1lyos kezel\u0151orvosai \u00e9s terapeut\u00e1i javasolhatj\u00e1k a r\u00e9szv\u00e9telt az egyes ter\u00e1pi\u00e1s foglalkoz\u00e1sokon. Egy\u00e9ni \u00e9rdekl\u0151d\u00e9s eset\u00e9n is k\u00e9rj\u00fck, hogy az adott csoportba jelentkez\u00e9s el\u0151tt egyeztessen az \u00d6nt kezel\u0151 munkat\u00e1rsainkkal. H\u00e9tf\u0151 \u00a0 Id\u0151pont \u00d3rat\u00edpus \u00e9s helysz\u00edn 12:30-13:15 Zeneter\u00e1pia \u2013 GRO 12:45-13:30 N\u0151i csoport \u2013 ARO 13:00-14:30 Mantra zeneter\u00e1pi\u00e1s csoport \u2013 VEMO 14 \u00f3r\u00e1t\u00f3l \u00c1llatassziszt\u00e1lt ter\u00e1pia &hellip;<\/p>\n","protected":false},"author":12,"featured_media":0,"parent":30,"menu_order":5,"comment_status":"closed","ping_status":"closed","template":"template-fullwidth.php","meta":{"_acf_changed":false,"footnotes":""},"categories":[],"tags":[],"class_list":["post-1899","page","type-page","status-publish","hentry"],"acf":[],"_links":{"self":[{"href":"https:\/\/semmelweis.hu\/rehabilitaciosklinika\/wp-json\/wp\/v2\/pages\/1899","targetHints":{"allow":["GET"]}}],"collection":[{"href":"https:\/\/semmelweis.hu\/rehabilitaciosklinika\/wp-json\/wp\/v2\/pages"}],"about":[{"href":"https:\/\/semmelweis.hu\/rehabilitaciosklinika\/wp-json\/wp\/v2\/types\/page"}],"author":[{"embeddable":true,"href":"https:\/\/semmelweis.hu\/rehabilitaciosklinika\/wp-json\/wp\/v2\/users\/12"}],"replies":[{"embeddable":true,"href":"https:\/\/semmelweis.hu\/rehabilitaciosklinika\/wp-json\/wp\/v2\/comments?post=1899"}],"version-history":[{"count":10,"href":"https:\/\/semmelweis.hu\/rehabilitaciosklinika\/wp-json\/wp\/v2\/pages\/1899\/revisions"}],"predecessor-version":[{"id":3040,"href":"https:\/\/semmelweis.hu\/rehabilitaciosklinika\/wp-json\/wp\/v2\/pages\/1899\/revisions\/3040"}],"up":[{"embeddable":true,"href":"https:\/\/semmelweis.hu\/rehabilitaciosklinika\/wp-json\/wp\/v2\/pages\/30"}],"wp:attachment":[{"href":"https:\/\/semmelweis.hu\/rehabilitaciosklinika\/wp-json\/wp\/v2\/media?parent=1899"}],"wp:term":[{"taxonomy":"category","embeddable":true,"href":"https:\/\/semmelweis.hu\/rehabilitaciosklinika\/wp-json\/wp\/v2\/categories?post=1899"},{"taxonomy":"post_tag","embeddable":true,"href":"https:\/\/semmelweis.hu\/rehabilitaciosklinika\/wp-json\/wp\/v2\/tags?post=1899"}],"curies":[{"name":"wp","href":"https:\/\/api.w.org\/{rel}","templated":true}]}}