{"id":1864,"date":"2024-10-03T12:59:31","date_gmt":"2024-10-03T10:59:31","guid":{"rendered":"https:\/\/semmelweis.hu\/rehabilitaciosklinika\/?page_id=1864"},"modified":"2024-10-03T12:59:31","modified_gmt":"2024-10-03T10:59:31","slug":"2016-eu-ia-0096","status":"publish","type":"page","link":"https:\/\/semmelweis.hu\/rehabilitaciosklinika\/a-klinikarol\/elnyert-palyazatok\/2016-eu-ia-0096\/","title":{"rendered":"2016-EU-IA-0096"},"content":{"rendered":"<p><img loading=\"lazy\" decoding=\"async\" class=\"alignnone size-medium wp-image-1865\" src=\"https:\/\/semmelweis.hu\/rehabilitaciosklinika\/files\/2024\/10\/2016_eu_ia_0096-400x64.png\" alt=\"\" width=\"400\" height=\"64\" srcset=\"https:\/\/semmelweis.hu\/rehabilitaciosklinika\/files\/2024\/10\/2016_eu_ia_0096-400x64.png 400w, https:\/\/semmelweis.hu\/rehabilitaciosklinika\/files\/2024\/10\/2016_eu_ia_0096-768x123.png 768w, https:\/\/semmelweis.hu\/rehabilitaciosklinika\/files\/2024\/10\/2016_eu_ia_0096-753x120.png 753w, https:\/\/semmelweis.hu\/rehabilitaciosklinika\/files\/2024\/10\/2016_eu_ia_0096.png 994w\" sizes=\"auto, (max-width: 400px) 100vw, 400px\" \/><\/p>\n<p>Az Orsz\u00e1gos Orvosi Rehabilit\u00e1ci\u00f3s Int\u00e9zet a 2016-EU-IA-0096-os szerz\u0151d\u00e9ssz\u00e1m\u00fa, \u201eAz Eur\u00f3pai Uni\u00f3 orsz\u00e1gaiban m\u0171k\u00f6d\u0151 k\u00f3rh\u00e1zak felk\u00e9sz\u00edt\u00e9se az eur\u00f3pai norma szerinti e-sz\u00e1ml\u00e1z\u00e1sra \u2013 GOV2EU\u201dc\u00edm\u0171 int\u00e9zked\u00e9shez ny\u00fajtott t\u00e1mogat\u00e1si meg\u00e1llapod\u00e1s kedvezm\u00e9nyezettjek\u00e9nt r\u00e9szt vesz a projektben.<\/p>\n","protected":false},"excerpt":{"rendered":"<p>Az Orsz\u00e1gos Orvosi Rehabilit\u00e1ci\u00f3s Int\u00e9zet a 2016-EU-IA-0096-os szerz\u0151d\u00e9ssz\u00e1m\u00fa, \u201eAz Eur\u00f3pai Uni\u00f3 orsz\u00e1gaiban m\u0171k\u00f6d\u0151 k\u00f3rh\u00e1zak felk\u00e9sz\u00edt\u00e9se az eur\u00f3pai norma szerinti e-sz\u00e1ml\u00e1z\u00e1sra \u2013 GOV2EU\u201dc\u00edm\u0171 int\u00e9zked\u00e9shez ny\u00fajtott t\u00e1mogat\u00e1si meg\u00e1llapod\u00e1s kedvezm\u00e9nyezettjek\u00e9nt r\u00e9szt vesz a projektben.<\/p>\n","protected":false},"author":102388,"featured_media":0,"parent":1831,"menu_order":0,"comment_status":"closed","ping_status":"closed","template":"","meta":{"_acf_changed":false,"footnotes":""},"categories":[],"tags":[],"class_list":["post-1864","page","type-page","status-publish","hentry"],"acf":[],"_links":{"self":[{"href":"https:\/\/semmelweis.hu\/rehabilitaciosklinika\/wp-json\/wp\/v2\/pages\/1864","targetHints":{"allow":["GET"]}}],"collection":[{"href":"https:\/\/semmelweis.hu\/rehabilitaciosklinika\/wp-json\/wp\/v2\/pages"}],"about":[{"href":"https:\/\/semmelweis.hu\/rehabilitaciosklinika\/wp-json\/wp\/v2\/types\/page"}],"author":[{"embeddable":true,"href":"https:\/\/semmelweis.hu\/rehabilitaciosklinika\/wp-json\/wp\/v2\/users\/102388"}],"replies":[{"embeddable":true,"href":"https:\/\/semmelweis.hu\/rehabilitaciosklinika\/wp-json\/wp\/v2\/comments?post=1864"}],"version-history":[{"count":1,"href":"https:\/\/semmelweis.hu\/rehabilitaciosklinika\/wp-json\/wp\/v2\/pages\/1864\/revisions"}],"predecessor-version":[{"id":1866,"href":"https:\/\/semmelweis.hu\/rehabilitaciosklinika\/wp-json\/wp\/v2\/pages\/1864\/revisions\/1866"}],"up":[{"embeddable":true,"href":"https:\/\/semmelweis.hu\/rehabilitaciosklinika\/wp-json\/wp\/v2\/pages\/1831"}],"wp:attachment":[{"href":"https:\/\/semmelweis.hu\/rehabilitaciosklinika\/wp-json\/wp\/v2\/media?parent=1864"}],"wp:term":[{"taxonomy":"category","embeddable":true,"href":"https:\/\/semmelweis.hu\/rehabilitaciosklinika\/wp-json\/wp\/v2\/categories?post=1864"},{"taxonomy":"post_tag","embeddable":true,"href":"https:\/\/semmelweis.hu\/rehabilitaciosklinika\/wp-json\/wp\/v2\/tags?post=1864"}],"curies":[{"name":"wp","href":"https:\/\/api.w.org\/{rel}","templated":true}]}}