{"id":1859,"date":"2024-10-03T12:57:31","date_gmt":"2024-10-03T10:57:31","guid":{"rendered":"https:\/\/semmelweis.hu\/rehabilitaciosklinika\/?page_id=1859"},"modified":"2024-10-03T12:57:31","modified_gmt":"2024-10-03T10:57:31","slug":"tamop-6-2-2","status":"publish","type":"page","link":"https:\/\/semmelweis.hu\/rehabilitaciosklinika\/a-klinikarol\/elnyert-palyazatok\/tamop-6-2-2\/","title":{"rendered":"T\u00c1MOP-6.2.2"},"content":{"rendered":"<div class=\"keretes w-100\">\n<p>SAJT\u00d3K\u00d6ZLEM\u00c9NY<br \/>\n\u201eK\u00c9PZ\u00c9SEK T\u00c1MOGAT\u00c1SA AZ ORSZ\u00c1GOS ORVOSI REHABILIT\u00c1CI\u00d3S INT\u00c9ZET DOLGOZ\u00d3I K\u00d6R\u00c9BEN, K\u00dcL\u00d6N\u00d6S TEKINTETTEL AZ \u00c1POL\u00d3I TEV\u00c9KENYS\u00c9GEK FEJLESZT\u00c9SE \u00c9RDEK\u00c9BEN.\u201d<\/p>\n<\/div>\n<p><strong>2012 \/ 09 \/ 01<\/strong><\/p>\n<p>T\u00c1MOP-6.2.2.A-KMR\/11-1-2012-0003 Az Orsz\u00e1gos Orvosi Rehabilit\u00e1ci\u00f3s Int\u00e9zet f\u0151 profilja a komplex orvosi mozg\u00e1sszervi rehabilit\u00e1ci\u00f3. Az int\u00e9zm\u00e9ny\u00fcnkben foglalkoztatott mintegy 500 f\u0151 munkav\u00e1llal\u00f3 fele szakdolgoz\u00f3, akik k\u00f6z\u00fcl 150 f\u0151 \u00e1pol\u00f3\/asszisztens munkak\u00f6rben foglalkoztatott. Dolgoz\u00f3ink nagy r\u00e9sze k\u00f6z\u00e9pfok\u00fa szakk\u00e9pes\u00edt\u00e9ssel rendelkezik, akik k\u00f6z\u00fcl n\u00e9h\u00e1nyan \u00f6ner\u0151b\u0151l pr\u00f3b\u00e1lnak meg a feln\u0151ttk\u00e9pz\u00e9sben r\u00e9szt venni, ami a mindennapi l\u00e9tfenntart\u00e1s mellett nem k\u00f6nny\u0171. A p\u00e1ly\u00e1zattal 9 szakdolgoz\u00f3nk sz\u00e1m\u00e1ra \u00faj, megfelel\u0151 szakmai kompetenci\u00e1kat biztos\u00edt\u00f3 k\u00e9pz\u00e9sek val\u00f3sulhatnak meg \u00fagy, hogy nemcsak a k\u00e9pz\u00e9s k\u00f6lts\u00e9ge, hanem valamennyi j\u00e1rul\u00e9kos k\u00f6lts\u00e9g is a rendelkez\u00e9s\u00fcnkre \u00e1ll.<\/p>\n<p><a href=\"https:\/\/semmelweis.hu\/rehabilitaciosklinika\/files\/2024\/10\/Sajtokozlemeny_T622_OORI_v1.pdf\" target=\"_blank\" rel=\"noopener\">A teljes k\u00f6zlem\u00e9ny itt olvashat\u00f3<\/a><\/p>\n<p><a href=\"http:\/\/www.nfu.hu\/\" target=\"_blank\" rel=\"noopener\">Nemzeti Fejleszt\u00e9si \u00dcgyn\u00f6ks\u00e9g<\/a><\/p>\n<p><img loading=\"lazy\" decoding=\"async\" class=\"alignnone size-full wp-image-1861\" src=\"https:\/\/semmelweis.hu\/rehabilitaciosklinika\/files\/2024\/10\/eu_logo_szines.jpg\" alt=\"\" width=\"200\" height=\"133\" \/><\/p>\n","protected":false},"excerpt":{"rendered":"<p>SAJT\u00d3K\u00d6ZLEM\u00c9NY \u201eK\u00c9PZ\u00c9SEK T\u00c1MOGAT\u00c1SA AZ ORSZ\u00c1GOS ORVOSI REHABILIT\u00c1CI\u00d3S INT\u00c9ZET DOLGOZ\u00d3I K\u00d6R\u00c9BEN, K\u00dcL\u00d6N\u00d6S TEKINTETTEL AZ \u00c1POL\u00d3I TEV\u00c9KENYS\u00c9GEK FEJLESZT\u00c9SE \u00c9RDEK\u00c9BEN.\u201d 2012 \/ 09 \/ 01 T\u00c1MOP-6.2.2.A-KMR\/11-1-2012-0003 Az Orsz\u00e1gos Orvosi Rehabilit\u00e1ci\u00f3s Int\u00e9zet f\u0151 profilja a komplex orvosi mozg\u00e1sszervi rehabilit\u00e1ci\u00f3. Az int\u00e9zm\u00e9ny\u00fcnkben foglalkoztatott mintegy 500 f\u0151 munkav\u00e1llal\u00f3 fele szakdolgoz\u00f3, akik k\u00f6z\u00fcl 150 f\u0151 \u00e1pol\u00f3\/asszisztens munkak\u00f6rben foglalkoztatott. Dolgoz\u00f3ink nagy r\u00e9sze k\u00f6z\u00e9pfok\u00fa &hellip;<\/p>\n","protected":false},"author":102388,"featured_media":0,"parent":1831,"menu_order":0,"comment_status":"closed","ping_status":"closed","template":"","meta":{"_acf_changed":false,"footnotes":""},"categories":[],"tags":[],"class_list":["post-1859","page","type-page","status-publish","hentry"],"acf":[],"_links":{"self":[{"href":"https:\/\/semmelweis.hu\/rehabilitaciosklinika\/wp-json\/wp\/v2\/pages\/1859","targetHints":{"allow":["GET"]}}],"collection":[{"href":"https:\/\/semmelweis.hu\/rehabilitaciosklinika\/wp-json\/wp\/v2\/pages"}],"about":[{"href":"https:\/\/semmelweis.hu\/rehabilitaciosklinika\/wp-json\/wp\/v2\/types\/page"}],"author":[{"embeddable":true,"href":"https:\/\/semmelweis.hu\/rehabilitaciosklinika\/wp-json\/wp\/v2\/users\/102388"}],"replies":[{"embeddable":true,"href":"https:\/\/semmelweis.hu\/rehabilitaciosklinika\/wp-json\/wp\/v2\/comments?post=1859"}],"version-history":[{"count":1,"href":"https:\/\/semmelweis.hu\/rehabilitaciosklinika\/wp-json\/wp\/v2\/pages\/1859\/revisions"}],"predecessor-version":[{"id":1862,"href":"https:\/\/semmelweis.hu\/rehabilitaciosklinika\/wp-json\/wp\/v2\/pages\/1859\/revisions\/1862"}],"up":[{"embeddable":true,"href":"https:\/\/semmelweis.hu\/rehabilitaciosklinika\/wp-json\/wp\/v2\/pages\/1831"}],"wp:attachment":[{"href":"https:\/\/semmelweis.hu\/rehabilitaciosklinika\/wp-json\/wp\/v2\/media?parent=1859"}],"wp:term":[{"taxonomy":"category","embeddable":true,"href":"https:\/\/semmelweis.hu\/rehabilitaciosklinika\/wp-json\/wp\/v2\/categories?post=1859"},{"taxonomy":"post_tag","embeddable":true,"href":"https:\/\/semmelweis.hu\/rehabilitaciosklinika\/wp-json\/wp\/v2\/tags?post=1859"}],"curies":[{"name":"wp","href":"https:\/\/api.w.org\/{rel}","templated":true}]}}