{"id":1853,"date":"2024-10-03T12:52:27","date_gmt":"2024-10-03T10:52:27","guid":{"rendered":"https:\/\/semmelweis.hu\/rehabilitaciosklinika\/?page_id=1853"},"modified":"2024-10-03T15:52:27","modified_gmt":"2024-10-03T13:52:27","slug":"keop-5-6-0","status":"publish","type":"page","link":"https:\/\/semmelweis.hu\/rehabilitaciosklinika\/a-klinikarol\/elnyert-palyazatok\/keop-5-6-0\/","title":{"rendered":"KEOP 5.6.0"},"content":{"rendered":"<div class=\"w-100 keretes\">\u00c9p\u00fcletek energetikai korszer\u0171s\u00edt\u00e9se \u00e9s meg\u00fajul\u00f3 energia hasznos\u00edt\u00e1sa az Orsz\u00e1gos Orvosi Rehabilit\u00e1ci\u00f3s Int\u00e9zetben<\/div>\n<p><img loading=\"lazy\" decoding=\"async\" class=\"size-medium wp-image-1854 alignright\" src=\"https:\/\/semmelweis.hu\/rehabilitaciosklinika\/files\/2024\/10\/KEOP_Energetikai-korszerusites_InfoBlokk-400x277.jpg\" alt=\"\" width=\"400\" height=\"277\" srcset=\"https:\/\/semmelweis.hu\/rehabilitaciosklinika\/files\/2024\/10\/KEOP_Energetikai-korszerusites_InfoBlokk-400x277.jpg 400w, https:\/\/semmelweis.hu\/rehabilitaciosklinika\/files\/2024\/10\/KEOP_Energetikai-korszerusites_InfoBlokk-768x531.jpg 768w, https:\/\/semmelweis.hu\/rehabilitaciosklinika\/files\/2024\/10\/KEOP_Energetikai-korszerusites_InfoBlokk-175x120.jpg 175w, https:\/\/semmelweis.hu\/rehabilitaciosklinika\/files\/2024\/10\/KEOP_Energetikai-korszerusites_InfoBlokk-753x521.jpg 753w, https:\/\/semmelweis.hu\/rehabilitaciosklinika\/files\/2024\/10\/KEOP_Energetikai-korszerusites_InfoBlokk.jpg 800w\" sizes=\"auto, (max-width: 400px) 100vw, 400px\" \/><\/p>\n<p><strong>A kedvezm\u00e9nyezett neve:<\/strong> Orsz\u00e1gos Orvosi Rehabilit\u00e1ci\u00f3s Int\u00e9zet<\/p>\n<p><strong>A projekt c\u00edme:<\/strong> \u00c9p\u00fcletek energetikai korszer\u0171s\u00edt\u00e9se \u00e9s meg\u00fajul\u00f3 energia hasznos\u00edt\u00e1sa az Orsz\u00e1gos Orvosi Rehabilit\u00e1ci\u00f3s Int\u00e9zetben<\/p>\n<p><strong>A projekt azonos\u00edt\u00f3 sz\u00e1ma:<\/strong> KEOP-5.6.0\/12-2014-0018<\/p>\n<p><strong>A szerz\u0151d\u00f6tt t\u00e1mogat\u00e1s \u00f6sszege:<\/strong> 697.637.414 Ft<\/p>\n<p><strong>A t\u00e1mogat\u00e1s m\u00e9rt\u00e9ke (%-ban):<\/strong> 100%<\/p>\n<p><strong>A projekt tartalma:<\/strong><\/p>\n<p>Az Orsz\u00e1gos Orvosi Rehabilit\u00e1ci\u00f3s Int\u00e9zet (OORI) KEOP-5.6.0\/12-2014-0018 p\u00e1ly\u00e1zati azonos\u00edt\u00f3 jellel,&#8221;\u00c9p\u00fcletek energetikai korszer\u0171s\u00edt\u00e9se \u00e9s meg\u00fajul\u00f3 energia hasznos\u00edt\u00e1sa az Orsz\u00e1gos Orvosi Rehabilit\u00e1ci\u00f3s Int\u00e9zetben&#8221; c\u00edmmel \u00e9p\u00fcletenergetikai korszer\u0171s\u00edt\u00e9si projektet hajt v\u00e9gre.<br \/>\nA projekt c\u00e9lja, hogy az int\u00e9zm\u00e9ny ter\u00fclet\u00e9n tal\u00e1lhat\u00f3 h\u00e1rom r\u00e9gi pavilon\u00e9p\u00fclet az energetikai korszer\u0171s\u00edt\u00e9st k\u00f6vet\u0151en megfelel\u0151 k\u00f6r\u00fclm\u00e9nyeket tudjon biztos\u00edtani egyes speci\u00e1lis betegell\u00e1t\u00e1si feladatok ell\u00e1t\u00e1s\u00e1hoz.<\/p>\n<p>A meg\u00fajul\u00f3 energiaforr\u00e1ssal kieg\u00e9sz\u00edtett energetikai fejleszt\u00e9s c\u00e9lja, hogy az OORI h\u00e1rom \u00e9p\u00fclet\u00e9ben (1., 2. \u00e9s 3. sz\u00e1m\u00fa \u00e9p\u00fcletek) cs\u00f6kkenjen az energiafelhaszn\u00e1l\u00e1s, meg\u00fajul\u00f3 energiaforr\u00e1s (napenergia) v\u00e1ltsa ki a fosszilis energiahordoz\u00f3 alap\u00fa energia (g\u00e1z, villamos energia) jelent\u0151s r\u00e9sz\u00e9t. Az energiatakar\u00e9kos f\u0171t\u00e9si \u00e9s vil\u00e1g\u00edt\u00e1si rendszerek, az \u00e9p\u00fclet szigetel\u00e9se \u00e9s a ny\u00edl\u00e1sz\u00e1r\u00f3k cser\u00e9je \u00f6sszess\u00e9g\u00e9ben lehet\u0151v\u00e9 teszi az energiafogyaszt\u00e1s \u00e9s ez\u00e1ltal az energiak\u00f6lts\u00e9gek cs\u00f6kkent\u00e9s\u00e9t.<\/p>\n<h5>\nA projekt keret\u00e9ben az al\u00e1bbi projektelemek val\u00f3sulnak meg:<\/h5>\n<p><strong>1. Az \u00e9p\u00fcletek h\u0151technikai adotts\u00e1gainak, h\u0151v\u00e9delm\u00e9nek jav\u00edt\u00e1s\u00e1t szolg\u00e1l\u00f3 \u00e9p\u00edt\u00e9szeti fejleszt\u00e9sek:<\/strong><\/p>\n<p>homlokzati falak ut\u00f3lagos h\u0151szigetel\u00e9se,<br \/>\npadl\u00e1sf\u00f6d\u00e9mek\/lapostet\u0151 h\u0151szigetel\u00e9se,<br \/>\nny\u00edl\u00e1sz\u00e1r\u00f3k cser\u00e9je.<\/p>\n<p><strong>2. Az \u00e9p\u00fcletek g\u00e9p\u00e9szeti korszer\u0171s\u00edt\u00e9se:<\/strong><\/p>\n<p>f\u0171t\u00e9si \u00e9s haszn\u00e1lati melegv\u00edz rendszerek korszer\u0171s\u00edt\u00e9se,<br \/>\nh\u0151lead\u00f3k cser\u00e9je, termosztatikus radi\u00e1torszelepek be\u00e9p\u00edt\u00e9se,<br \/>\nkaz\u00e1ncsere.<\/p>\n<p><strong>3. Vil\u00e1g\u00edt\u00e1s korszer\u0171s\u00edt\u00e9se.<\/strong><\/p>\n<p><strong>4. Meg\u00fajul\u00f3 energiaforr\u00e1s rendszerintegr\u00e1ci\u00f3ja:<\/strong><\/p>\n<p>haszn\u00e1lati melegv\u00edz el\u0151\u00e1ll\u00edt\u00e1sa napkollektorokkal,<br \/>\nvillamosenergia-termel\u00e9s napelemekkel.<\/p>\n<p><strong>A projekt tervezett befejez\u00e9si d\u00e1tuma:<\/strong> 2015.05.31.<\/p>\n<p><strong>Sajt\u00f3anyagok:<\/strong><\/p>\n<p><a href=\"https:\/\/semmelweis.hu\/rehabilitaciosklinika\/files\/2024\/10\/KEOP_Energetikai-korszerusites_indito.docx\">KEOP_Energetikai-korszerusites.docx<\/a><\/p>\n<p><a href=\"https:\/\/semmelweis.hu\/rehabilitaciosklinika\/files\/2024\/10\/KEOP_Energetikai-korszerusites_indito.pdf\">KEOP_Energetikai-korszerusites.pdf<\/a><\/p>\n","protected":false},"excerpt":{"rendered":"<p>\u00c9p\u00fcletek energetikai korszer\u0171s\u00edt\u00e9se \u00e9s meg\u00fajul\u00f3 energia hasznos\u00edt\u00e1sa az Orsz\u00e1gos Orvosi Rehabilit\u00e1ci\u00f3s Int\u00e9zetben A kedvezm\u00e9nyezett neve: Orsz\u00e1gos Orvosi Rehabilit\u00e1ci\u00f3s Int\u00e9zet A projekt c\u00edme: \u00c9p\u00fcletek energetikai korszer\u0171s\u00edt\u00e9se \u00e9s meg\u00fajul\u00f3 energia hasznos\u00edt\u00e1sa az Orsz\u00e1gos Orvosi Rehabilit\u00e1ci\u00f3s Int\u00e9zetben A projekt azonos\u00edt\u00f3 sz\u00e1ma: KEOP-5.6.0\/12-2014-0018 A szerz\u0151d\u00f6tt t\u00e1mogat\u00e1s \u00f6sszege: 697.637.414 Ft A t\u00e1mogat\u00e1s m\u00e9rt\u00e9ke (%-ban): 100% A projekt tartalma: Az Orsz\u00e1gos &hellip;<\/p>\n","protected":false},"author":102388,"featured_media":0,"parent":1831,"menu_order":0,"comment_status":"closed","ping_status":"closed","template":"","meta":{"_acf_changed":false,"footnotes":""},"categories":[],"tags":[],"class_list":["post-1853","page","type-page","status-publish","hentry"],"acf":[],"_links":{"self":[{"href":"https:\/\/semmelweis.hu\/rehabilitaciosklinika\/wp-json\/wp\/v2\/pages\/1853","targetHints":{"allow":["GET"]}}],"collection":[{"href":"https:\/\/semmelweis.hu\/rehabilitaciosklinika\/wp-json\/wp\/v2\/pages"}],"about":[{"href":"https:\/\/semmelweis.hu\/rehabilitaciosklinika\/wp-json\/wp\/v2\/types\/page"}],"author":[{"embeddable":true,"href":"https:\/\/semmelweis.hu\/rehabilitaciosklinika\/wp-json\/wp\/v2\/users\/102388"}],"replies":[{"embeddable":true,"href":"https:\/\/semmelweis.hu\/rehabilitaciosklinika\/wp-json\/wp\/v2\/comments?post=1853"}],"version-history":[{"count":3,"href":"https:\/\/semmelweis.hu\/rehabilitaciosklinika\/wp-json\/wp\/v2\/pages\/1853\/revisions"}],"predecessor-version":[{"id":1884,"href":"https:\/\/semmelweis.hu\/rehabilitaciosklinika\/wp-json\/wp\/v2\/pages\/1853\/revisions\/1884"}],"up":[{"embeddable":true,"href":"https:\/\/semmelweis.hu\/rehabilitaciosklinika\/wp-json\/wp\/v2\/pages\/1831"}],"wp:attachment":[{"href":"https:\/\/semmelweis.hu\/rehabilitaciosklinika\/wp-json\/wp\/v2\/media?parent=1853"}],"wp:term":[{"taxonomy":"category","embeddable":true,"href":"https:\/\/semmelweis.hu\/rehabilitaciosklinika\/wp-json\/wp\/v2\/categories?post=1853"},{"taxonomy":"post_tag","embeddable":true,"href":"https:\/\/semmelweis.hu\/rehabilitaciosklinika\/wp-json\/wp\/v2\/tags?post=1853"}],"curies":[{"name":"wp","href":"https:\/\/api.w.org\/{rel}","templated":true}]}}