{"id":1833,"date":"2024-10-03T12:25:22","date_gmt":"2024-10-03T10:25:22","guid":{"rendered":"https:\/\/semmelweis.hu\/rehabilitaciosklinika\/?page_id=1833"},"modified":"2025-09-02T16:06:10","modified_gmt":"2025-09-02T14:06:10","slug":"kehop-5-2-10","status":"publish","type":"page","link":"https:\/\/semmelweis.hu\/rehabilitaciosklinika\/a-klinikarol\/elnyert-palyazatok\/kehop-5-2-10\/","title":{"rendered":"KEHOP-5.2.10"},"content":{"rendered":"<p><img loading=\"lazy\" decoding=\"async\" class=\" wp-image-1834 alignright\" src=\"https:\/\/semmelweis.hu\/rehabilitaciosklinika\/files\/2024\/10\/kohezio-400x276.jpg\" alt=\"\" width=\"274\" height=\"189\" srcset=\"https:\/\/semmelweis.hu\/rehabilitaciosklinika\/files\/2024\/10\/kohezio-400x276.jpg 400w, https:\/\/semmelweis.hu\/rehabilitaciosklinika\/files\/2024\/10\/kohezio-1024x708.jpg 1024w, https:\/\/semmelweis.hu\/rehabilitaciosklinika\/files\/2024\/10\/kohezio-768x531.jpg 768w, https:\/\/semmelweis.hu\/rehabilitaciosklinika\/files\/2024\/10\/kohezio-175x120.jpg 175w, https:\/\/semmelweis.hu\/rehabilitaciosklinika\/files\/2024\/10\/kohezio-753x520.jpg 753w, https:\/\/semmelweis.hu\/rehabilitaciosklinika\/files\/2024\/10\/kohezio.jpg 1162w\" sizes=\"auto, (max-width: 274px) 100vw, 274px\" \/><\/p>\n<p><strong>Az Orsz\u00e1gos Orvosi Rehabilit\u00e1ci\u00f3s Int\u00e9zet n\u0151v\u00e9rsz\u00e1ll\u00f3ja az \u00e9p\u00fcletenergetikai fel\u00faj\u00edt\u00e1s eredm\u00e9nyek\u00e9nt meg\u00fajult, energiahasznos\u00edt\u00e1si szempontb\u00f3l a kor k\u00f6vetelm\u00e9nyeinek megfelel\u0151 \u00e1llapotba ker\u00fclt. A projekt megval\u00f3sul\u00e1s\u00e1val az \u00e9p\u00fclet m\u0171k\u00f6dtet\u00e9si k\u00f6lts\u00e9gei sz\u00e1mottev\u0151en cs\u00f6kkennek, az \u00e9p\u00fclet energiafelhaszn\u00e1l\u00e1s\u00e1t a j\u00f6v\u0151ben r\u00e9szben napenergia fedezi.<\/strong><\/p>\n<p>Az Orsz\u00e1gos Orvosi Rehabilit\u00e1ci\u00f3s Int\u00e9zet dolgoz\u00f3i sz\u00e1ll\u00e1shely\u00e9nek \u00e9p\u00fclete energetikailag rossz \u00e1llapotban volt, besorol\u00e1sa &#8222;HH&#8221; kateg\u00f3ri\u00e1ba esett. A KEHOP-5.2.10-16-2016-00010 azonos\u00edt\u00f3 sz\u00e1m\u00fa projekt sor\u00e1n v\u00e9grehajtott munk\u00e1latoknak k\u00f6sz\u00f6nhet\u0151en az \u00e9p\u00fclet \u00f6t kateg\u00f3ri\u00e1val jobb, &#8222;CC&#8221; energetikai oszt\u00e1lyba ker\u00fclt.<\/p>\n<p>Az energetikai tulajdons\u00e1gok jav\u00edt\u00e1sa \u00e9rdek\u00e9ben h\u0151szigetel\u00e9s ker\u00fclt az \u00e9p\u00fclet homlokzat\u00e1ra \u00e9s a padl\u00e1sf\u00f6d\u00e9mre, a r\u00e9gi ny\u00edl\u00e1sz\u00e1r\u00f3kat korszer\u0171ekre cser\u00e9lt\u00e9k.<\/p>\n<p>A meg\u00fajul\u00f3 energia hasznos\u00edt\u00e1sa \u00e9rdek\u00e9ben a magastet\u0151re napkollektorok ker\u00fcltek, amelyek az \u00e9p\u00fclet haszn\u00e1lati melegv\u00edz-ell\u00e1t\u00e1s\u00e1t seg\u00edtik.<\/p>\n<p>A kor\u00e1bbi, korszer\u0171tlen kaz\u00e1n helyett mostant\u00f3l a n\u0151v\u00e9rsz\u00e1ll\u00f3 \u00e9p\u00fclete az Int\u00e9zet k\u00f6zponti kaz\u00e1nj\u00e1r\u00f3l t\u00e1vh\u0151vezet\u00e9ken kereszt\u00fcl kapja a f\u0171t\u00e9st. Az \u00e9p\u00fcletben a f\u0171t\u0151testeket \u00faj, korszer\u0171 h\u0151szab\u00e1lyz\u00f3 szelepekkel l\u00e1tt\u00e1k el az energiahat\u00e9konys\u00e1g \u00e9s a telep\u00edtett napkollektorok hat\u00e1sfok\u00e1nak maxim\u00e1lis kihaszn\u00e1l\u00e1sa \u00e9rdek\u00e9ben. A beruh\u00e1z\u00e1s f\u0151 elemeit a melegv\u00edz cirkul\u00e1ci\u00f3s h\u00e1l\u00f3zata \u00e9s a korszer\u0171 szell\u0151ztet\u0151 rendszer eg\u00e9sz\u00edtik ki.<\/p>\n<p>A fejleszt\u00e9ssel az \u00e9p\u00fclet energiaig\u00e9nye &#8211; egy\u00fattal az \u00fcvegh\u00e1zhat\u00e1st okoz\u00f3 g\u00e1zok kibocs\u00e1t\u00e1sa &#8211; jelent\u0151sen cs\u00f6kken.<\/p>\n<p>A 103,12 milli\u00f3 Ft \u00f6sszk\u00f6lts\u00e9gvet\u00e9s\u0171 projekt 83,72 milli\u00f3 Ft Eur\u00f3pai Uni\u00f3s t\u00e1mogat\u00e1s seg\u00edts\u00e9g\u00e9vel val\u00f3sult meg.<\/p>\n<ul>\n<li><a href=\"https:\/\/semmelweis.hu\/rehabilitaciosklinika\/files\/2024\/10\/noverszallo_felujitas.pdf\" target=\"_blank\" rel=\"noopener\">Sajt\u00f3k\u00f6zlem\u00e9ny<\/a><\/li>\n<\/ul>\n\r\n        [slb_exclude]\r\n        <div class=\"row galeria-wrapper mx-0 h-auto\">\r\n            <div class=\"col-9 pl-0 pr-2\">\r\n            <span class=\"gallery-item frame\">\r\n\t\t\t\t<div class=\"galeria-left-img\"><a href=\"https:\/\/semmelweis.hu\/rehabilitaciosklinika\/files\/2025\/09\/1000002385p.jpg\"><img src=https:\/\/semmelweis.hu\/rehabilitaciosklinika\/files\/2025\/09\/1000002385p.jpg  \r\n                            alt=\"\" \r\n                            class=\"attachment-sote-gallery-big size-sote-gallery-big\" \r\n                            srcset=\"https:\/\/semmelweis.hu\/rehabilitaciosklinika\/files\/2025\/09\/1000002385p-400x300.jpg 400w, https:\/\/semmelweis.hu\/rehabilitaciosklinika\/files\/2025\/09\/1000002385p-1024x768.jpg 1024w, https:\/\/semmelweis.hu\/rehabilitaciosklinika\/files\/2025\/09\/1000002385p-768x576.jpg 768w, https:\/\/semmelweis.hu\/rehabilitaciosklinika\/files\/2025\/09\/1000002385p-1536x1152.jpg 1536w, https:\/\/semmelweis.hu\/rehabilitaciosklinika\/files\/2025\/09\/1000002385p-753x565.jpg 753w, https:\/\/semmelweis.hu\/rehabilitaciosklinika\/files\/2025\/09\/1000002385p.jpg 1632w\" ><\/a><\/div>\r\n            <\/span>\r\n\r\n            <\/div>\r\n\r\n\t\t\t<div class=\"col-3 pl-0 pr-0\">\r\n\t\t\t\t<div class=\"galeria-right-img d-flex justify-content-between flex-column h-100 w-100 px-0 mx-0 \">\r\n                <div class=\"galeria-box\">\r\n\t\t\t\t\t<h3 class=\"galeria-title\">Gal\u00e9ria<\/h3>\r\n\t\t\t\t\t<div class=\"galeria-subtitle\">\r\n\r\n\t\t\t\t\t\t<div class=\"galeria-page-counter\"><span>15<\/span>k\u00e9p<\/div>\r\n                    <\/div> <\/div>\r\n                    <span class=\"gallery-item frame d-none d-md-flex\">\r\n\t\t\t\t\t<div class=\"galeria-small-img mt-0\"><a href=\"https:\/\/semmelweis.hu\/rehabilitaciosklinika\/files\/2025\/09\/1000002383p-scaled.jpg\"><img src=https:\/\/semmelweis.hu\/rehabilitaciosklinika\/files\/2025\/09\/1000002383p-scaled.jpg \r\n                                alt=\"\"  \r\n                                class=\"attachment-sote-gallery-small size-sote-gallery-small\" \r\n                                srcset=\"https:\/\/semmelweis.hu\/rehabilitaciosklinika\/files\/2025\/09\/1000002383p-400x300.jpg 400w, https:\/\/semmelweis.hu\/rehabilitaciosklinika\/files\/2025\/09\/1000002383p-1024x768.jpg 1024w, https:\/\/semmelweis.hu\/rehabilitaciosklinika\/files\/2025\/09\/1000002383p-768x576.jpg 768w, https:\/\/semmelweis.hu\/rehabilitaciosklinika\/files\/2025\/09\/1000002383p-1536x1152.jpg 1536w, https:\/\/semmelweis.hu\/rehabilitaciosklinika\/files\/2025\/09\/1000002383p-2048x1536.jpg 2048w, https:\/\/semmelweis.hu\/rehabilitaciosklinika\/files\/2025\/09\/1000002383p-753x565.jpg 753w\" ><\/a><\/div>\r\n                    <\/span>\r\n                    <span class=\"gallery-item frame d-none d-md-flex\">\r\n\t\t\t\t\t<div class=\"galeria-small-img mt-0\"><a href=\"https:\/\/semmelweis.hu\/rehabilitaciosklinika\/files\/2024\/10\/epulet_total.jpg\"><img src=https:\/\/semmelweis.hu\/rehabilitaciosklinika\/files\/2024\/10\/epulet_total.jpg \r\n                                alt=\"\" \r\n                                class=\"attachment-sote-gallery-small size-sote-gallery-small\" \r\n                                srcset=\"https:\/\/semmelweis.hu\/rehabilitaciosklinika\/files\/2024\/10\/epulet_total-400x300.jpg 400w, https:\/\/semmelweis.hu\/rehabilitaciosklinika\/files\/2024\/10\/epulet_total-768x576.jpg 768w, https:\/\/semmelweis.hu\/rehabilitaciosklinika\/files\/2024\/10\/epulet_total-753x565.jpg 753w, https:\/\/semmelweis.hu\/rehabilitaciosklinika\/files\/2024\/10\/epulet_total.jpg 800w\" ><\/a><\/div>\r\n                    <\/span>\r\n\r\n                <\/div>\r\n\r\n            <\/div>\r\n\r\n            <span class=\"gallery-item\"><div class=\"hidden\"><a href=\"https:\/\/semmelweis.hu\/rehabilitaciosklinika\/files\/2024\/10\/kulso_szigeteles1.jpg\">\r\n        <img src=https:\/\/semmelweis.hu\/rehabilitaciosklinika\/files\/2024\/10\/kulso_szigeteles1.jpg alt=\"\" class=\"attachment-sote-gallery-big size-sote-gallery-big\" srcset=\"https:\/\/semmelweis.hu\/rehabilitaciosklinika\/files\/2024\/10\/kulso_szigeteles1-300x400.jpg 300w, https:\/\/semmelweis.hu\/rehabilitaciosklinika\/files\/2024\/10\/kulso_szigeteles1.jpg 450w\" >\r\n        <\/a><\/div><\/span><span class=\"gallery-item\"><div class=\"hidden\"><a href=\"https:\/\/semmelweis.hu\/rehabilitaciosklinika\/files\/2024\/10\/kulso_szigeteles2.jpg\">\r\n        <img src=https:\/\/semmelweis.hu\/rehabilitaciosklinika\/files\/2024\/10\/kulso_szigeteles2.jpg alt=\"\" class=\"attachment-sote-gallery-big size-sote-gallery-big\" srcset=\"https:\/\/semmelweis.hu\/rehabilitaciosklinika\/files\/2024\/10\/kulso_szigeteles2-300x400.jpg 300w, https:\/\/semmelweis.hu\/rehabilitaciosklinika\/files\/2024\/10\/kulso_szigeteles2.jpg 450w\" >\r\n        <\/a><\/div><\/span><span class=\"gallery-item\"><div class=\"hidden\"><a href=\"https:\/\/semmelweis.hu\/rehabilitaciosklinika\/files\/2024\/10\/kulso_szigeteles3.jpg\">\r\n        <img src=https:\/\/semmelweis.hu\/rehabilitaciosklinika\/files\/2024\/10\/kulso_szigeteles3.jpg alt=\"\" class=\"attachment-sote-gallery-big size-sote-gallery-big\" srcset=\"https:\/\/semmelweis.hu\/rehabilitaciosklinika\/files\/2024\/10\/kulso_szigeteles3-300x400.jpg 300w, https:\/\/semmelweis.hu\/rehabilitaciosklinika\/files\/2024\/10\/kulso_szigeteles3.jpg 450w\" >\r\n        <\/a><\/div><\/span><span class=\"gallery-item\"><div class=\"hidden\"><a href=\"https:\/\/semmelweis.hu\/rehabilitaciosklinika\/files\/2024\/10\/napkollektor_gepeszet.jpg\">\r\n        <img src=https:\/\/semmelweis.hu\/rehabilitaciosklinika\/files\/2024\/10\/napkollektor_gepeszet.jpg alt=\"\" class=\"attachment-sote-gallery-big size-sote-gallery-big\" srcset=\"https:\/\/semmelweis.hu\/rehabilitaciosklinika\/files\/2024\/10\/napkollektor_gepeszet-240x400.jpg 240w, https:\/\/semmelweis.hu\/rehabilitaciosklinika\/files\/2024\/10\/napkollektor_gepeszet.jpg 360w\" >\r\n        <\/a><\/div><\/span><span class=\"gallery-item\"><div class=\"hidden\"><a href=\"https:\/\/semmelweis.hu\/rehabilitaciosklinika\/files\/2024\/10\/napkollektor1.jpg\">\r\n        <img src=https:\/\/semmelweis.hu\/rehabilitaciosklinika\/files\/2024\/10\/napkollektor1.jpg alt=\"\" class=\"attachment-sote-gallery-big size-sote-gallery-big\" srcset=\"https:\/\/semmelweis.hu\/rehabilitaciosklinika\/files\/2024\/10\/napkollektor1-240x400.jpg 240w, https:\/\/semmelweis.hu\/rehabilitaciosklinika\/files\/2024\/10\/napkollektor1.jpg 360w\" >\r\n        <\/a><\/div><\/span><span class=\"gallery-item\"><div class=\"hidden\"><a href=\"https:\/\/semmelweis.hu\/rehabilitaciosklinika\/files\/2024\/10\/napkollektor3.jpg\">\r\n        <img src=https:\/\/semmelweis.hu\/rehabilitaciosklinika\/files\/2024\/10\/napkollektor3.jpg alt=\"\" class=\"attachment-sote-gallery-big size-sote-gallery-big\" srcset=\"https:\/\/semmelweis.hu\/rehabilitaciosklinika\/files\/2024\/10\/napkollektor3-240x400.jpg 240w, https:\/\/semmelweis.hu\/rehabilitaciosklinika\/files\/2024\/10\/napkollektor3.jpg 360w\" >\r\n        <\/a><\/div><\/span><span class=\"gallery-item\"><div class=\"hidden\"><a href=\"https:\/\/semmelweis.hu\/rehabilitaciosklinika\/files\/2024\/10\/nyilaszaro1.jpg\">\r\n        <img src=https:\/\/semmelweis.hu\/rehabilitaciosklinika\/files\/2024\/10\/nyilaszaro1.jpg alt=\"\" class=\"attachment-sote-gallery-big size-sote-gallery-big\" srcset=\"https:\/\/semmelweis.hu\/rehabilitaciosklinika\/files\/2024\/10\/nyilaszaro1-300x400.jpg 300w, https:\/\/semmelweis.hu\/rehabilitaciosklinika\/files\/2024\/10\/nyilaszaro1.jpg 450w\" >\r\n        <\/a><\/div><\/span><span class=\"gallery-item\"><div class=\"hidden\"><a href=\"https:\/\/semmelweis.hu\/rehabilitaciosklinika\/files\/2024\/10\/nyilaszaro2.jpg\">\r\n        <img src=https:\/\/semmelweis.hu\/rehabilitaciosklinika\/files\/2024\/10\/nyilaszaro2.jpg alt=\"\" class=\"attachment-sote-gallery-big size-sote-gallery-big\" srcset=\"https:\/\/semmelweis.hu\/rehabilitaciosklinika\/files\/2024\/10\/nyilaszaro2-300x400.jpg 300w, https:\/\/semmelweis.hu\/rehabilitaciosklinika\/files\/2024\/10\/nyilaszaro2.jpg 450w\" >\r\n        <\/a><\/div><\/span><span class=\"gallery-item\"><div class=\"hidden\"><a href=\"https:\/\/semmelweis.hu\/rehabilitaciosklinika\/files\/2024\/10\/nyilaszaro4.jpg\">\r\n        <img src=https:\/\/semmelweis.hu\/rehabilitaciosklinika\/files\/2024\/10\/nyilaszaro4.jpg alt=\"\" class=\"attachment-sote-gallery-big size-sote-gallery-big\" srcset=\"https:\/\/semmelweis.hu\/rehabilitaciosklinika\/files\/2024\/10\/nyilaszaro4-300x400.jpg 300w, https:\/\/semmelweis.hu\/rehabilitaciosklinika\/files\/2024\/10\/nyilaszaro4.jpg 450w\" >\r\n        <\/a><\/div><\/span><span class=\"gallery-item\"><div class=\"hidden\"><a href=\"https:\/\/semmelweis.hu\/rehabilitaciosklinika\/files\/2024\/10\/nyilaszaro5.jpg\">\r\n        <img src=https:\/\/semmelweis.hu\/rehabilitaciosklinika\/files\/2024\/10\/nyilaszaro5.jpg alt=\"\" class=\"attachment-sote-gallery-big size-sote-gallery-big\" srcset=\"https:\/\/semmelweis.hu\/rehabilitaciosklinika\/files\/2024\/10\/nyilaszaro5-300x400.jpg 300w, https:\/\/semmelweis.hu\/rehabilitaciosklinika\/files\/2024\/10\/nyilaszaro5.jpg 450w\" >\r\n        <\/a><\/div><\/span><span class=\"gallery-item\"><div class=\"hidden\"><a href=\"https:\/\/semmelweis.hu\/rehabilitaciosklinika\/files\/2024\/10\/szelep1.jpg\">\r\n        <img src=https:\/\/semmelweis.hu\/rehabilitaciosklinika\/files\/2024\/10\/szelep1.jpg alt=\"\" class=\"attachment-sote-gallery-big size-sote-gallery-big\" srcset=\"https:\/\/semmelweis.hu\/rehabilitaciosklinika\/files\/2024\/10\/szelep1-400x300.jpg 400w, https:\/\/semmelweis.hu\/rehabilitaciosklinika\/files\/2024\/10\/szelep1-768x576.jpg 768w, https:\/\/semmelweis.hu\/rehabilitaciosklinika\/files\/2024\/10\/szelep1-753x565.jpg 753w, https:\/\/semmelweis.hu\/rehabilitaciosklinika\/files\/2024\/10\/szelep1.jpg 800w\" >\r\n        <\/a><\/div><\/span><span class=\"gallery-item\"><div class=\"hidden\"><a href=\"https:\/\/semmelweis.hu\/rehabilitaciosklinika\/files\/2024\/10\/szelep2.jpg\">\r\n        <img src=https:\/\/semmelweis.hu\/rehabilitaciosklinika\/files\/2024\/10\/szelep2.jpg alt=\"\" class=\"attachment-sote-gallery-big size-sote-gallery-big\" srcset=\"https:\/\/semmelweis.hu\/rehabilitaciosklinika\/files\/2024\/10\/szelep2-400x300.jpg 400w, https:\/\/semmelweis.hu\/rehabilitaciosklinika\/files\/2024\/10\/szelep2-768x576.jpg 768w, https:\/\/semmelweis.hu\/rehabilitaciosklinika\/files\/2024\/10\/szelep2-753x565.jpg 753w, https:\/\/semmelweis.hu\/rehabilitaciosklinika\/files\/2024\/10\/szelep2.jpg 800w\" >\r\n        <\/a><\/div><\/span>\r\n            <\/div>\r\n\r\n            [\/slb_exclude]\r\n\t\n","protected":false},"excerpt":{"rendered":"<p>Az Orsz\u00e1gos Orvosi Rehabilit\u00e1ci\u00f3s Int\u00e9zet n\u0151v\u00e9rsz\u00e1ll\u00f3ja az \u00e9p\u00fcletenergetikai fel\u00faj\u00edt\u00e1s eredm\u00e9nyek\u00e9nt meg\u00fajult, energiahasznos\u00edt\u00e1si szempontb\u00f3l a kor k\u00f6vetelm\u00e9nyeinek megfelel\u0151 \u00e1llapotba ker\u00fclt. A projekt megval\u00f3sul\u00e1s\u00e1val az \u00e9p\u00fclet m\u0171k\u00f6dtet\u00e9si k\u00f6lts\u00e9gei sz\u00e1mottev\u0151en cs\u00f6kkennek, az \u00e9p\u00fclet energiafelhaszn\u00e1l\u00e1s\u00e1t a j\u00f6v\u0151ben r\u00e9szben napenergia fedezi. Az Orsz\u00e1gos Orvosi Rehabilit\u00e1ci\u00f3s Int\u00e9zet dolgoz\u00f3i sz\u00e1ll\u00e1shely\u00e9nek \u00e9p\u00fclete energetikailag rossz \u00e1llapotban volt, besorol\u00e1sa &#8222;HH&#8221; kateg\u00f3ri\u00e1ba esett. A KEHOP-5.2.10-16-2016-00010 azonos\u00edt\u00f3 &hellip;<\/p>\n","protected":false},"author":102388,"featured_media":0,"parent":1831,"menu_order":0,"comment_status":"closed","ping_status":"closed","template":"","meta":{"_acf_changed":false,"footnotes":""},"categories":[],"tags":[],"class_list":["post-1833","page","type-page","status-publish","hentry"],"acf":[],"_links":{"self":[{"href":"https:\/\/semmelweis.hu\/rehabilitaciosklinika\/wp-json\/wp\/v2\/pages\/1833","targetHints":{"allow":["GET"]}}],"collection":[{"href":"https:\/\/semmelweis.hu\/rehabilitaciosklinika\/wp-json\/wp\/v2\/pages"}],"about":[{"href":"https:\/\/semmelweis.hu\/rehabilitaciosklinika\/wp-json\/wp\/v2\/types\/page"}],"author":[{"embeddable":true,"href":"https:\/\/semmelweis.hu\/rehabilitaciosklinika\/wp-json\/wp\/v2\/users\/102388"}],"replies":[{"embeddable":true,"href":"https:\/\/semmelweis.hu\/rehabilitaciosklinika\/wp-json\/wp\/v2\/comments?post=1833"}],"version-history":[{"count":5,"href":"https:\/\/semmelweis.hu\/rehabilitaciosklinika\/wp-json\/wp\/v2\/pages\/1833\/revisions"}],"predecessor-version":[{"id":3457,"href":"https:\/\/semmelweis.hu\/rehabilitaciosklinika\/wp-json\/wp\/v2\/pages\/1833\/revisions\/3457"}],"up":[{"embeddable":true,"href":"https:\/\/semmelweis.hu\/rehabilitaciosklinika\/wp-json\/wp\/v2\/pages\/1831"}],"wp:attachment":[{"href":"https:\/\/semmelweis.hu\/rehabilitaciosklinika\/wp-json\/wp\/v2\/media?parent=1833"}],"wp:term":[{"taxonomy":"category","embeddable":true,"href":"https:\/\/semmelweis.hu\/rehabilitaciosklinika\/wp-json\/wp\/v2\/categories?post=1833"},{"taxonomy":"post_tag","embeddable":true,"href":"https:\/\/semmelweis.hu\/rehabilitaciosklinika\/wp-json\/wp\/v2\/tags?post=1833"}],"curies":[{"name":"wp","href":"https:\/\/api.w.org\/{rel}","templated":true}]}}