{"id":1820,"date":"2024-10-03T11:44:24","date_gmt":"2024-10-03T09:44:24","guid":{"rendered":"https:\/\/semmelweis.hu\/rehabilitaciosklinika\/?page_id=1820"},"modified":"2026-02-18T10:17:48","modified_gmt":"2026-02-18T09:17:48","slug":"minosegpolitika","status":"publish","type":"page","link":"https:\/\/semmelweis.hu\/rehabilitaciosklinika\/a-klinikarol\/minosegpolitika\/","title":{"rendered":"Min\u0151s\u00e9g\u00fcgy"},"content":{"rendered":"<h4 style=\"text-align: center\"><strong>SEMMELWEIS EGYETEM REHABILIT\u00c1CI\u00d3S KLINIKA<\/strong><\/h4>\n<h4 style=\"text-align: center\"><strong>Min\u0151s\u00e9gpolitika<\/strong><\/h4>\n<p style=\"text-align: justify\">A Semmelweis Egyetem Rehabilit\u00e1ci\u00f3s Klinik\u00e1ja legf\u0151bb min\u0151s\u00e9gpolitikai c\u00e9lk\u00e9nt fogalmazta meg, hogy &#8211; team munka keret\u00e9ben &#8211; <strong>a lehet\u0151 legmagasabb szint\u0171, hum\u00e1nus, betegk\u00f6zpont\u00fa, specializ\u00e1lt, egy\u00e9nre szabott orvosi rehabilit\u00e1ci\u00f3s ell\u00e1t\u00e1st ny\u00fajtson<\/strong> olyan szem\u00e9lyek sz\u00e1m\u00e1ra, akiket betegs\u00e9g vagy baleset k\u00f6vetkezt\u00e9ben k\u00fcl\u00f6nb\u00f6z\u0151 funkci\u00f3zavarok jellemeznek, \u00f6nmaguk ell\u00e1t\u00e1s\u00e1ra nem k\u00e9pesek \u00e9s a t\u00e1rsadalmi \u00e9letben val\u00f3 r\u00e9szv\u00e9tel\u00fck korl\u00e1tozott.<\/p>\n<p style=\"text-align: justify\">A Klinika kutat\u00e1si, m\u00f3dszertani, valamint k\u00f6z\u00e9leti tev\u00e9kenys\u00e9get fejt ki az orvosi rehabilit\u00e1ci\u00f3 \u00e9s a gy\u00f3gy\u00e1szati seg\u00e9deszk\u00f6z ell\u00e1t\u00e1s szakmai fejleszt\u00e9se, illetve a k\u00f6rnyezeti akad\u00e1lymentess\u00e9g valamint az akad\u00e1lyozott\u00e1 v\u00e1lt emberek t\u00e1rsadalmi reintegr\u00e1ci\u00f3j\u00e1nak jav\u00edt\u00e1sa \u00e9rdek\u00e9ben. Egyetemi Klinikak\u00e9nt, orsz\u00e1gos m\u00f3dszertani k\u00f6zpontk\u00e9nt kutat\u00e1si-, adatgy\u0171jt\u00e9si tev\u00e9kenys\u00e9ggel, szakmapolitikai \u00e9s m\u00f3dszertani aj\u00e1nl\u00e1sokkal seg\u00edti az orvosi rehabilit\u00e1ci\u00f3 fejleszt\u00e9s\u00e9t szolg\u00e1l\u00f3 eg\u00e9szs\u00e9gpolitikai c\u00e9lkit\u0171z\u00e9sek tervez\u00e9s\u00e9t, megval\u00f3s\u00edt\u00e1s\u00e1t.<\/p>\n<p style=\"text-align: justify\">A Klinika vezet\u00e9se kiemelt fontoss\u00e1g\u00fanak tartja munkat\u00e1rsainak folyamatos k\u00e9pz\u00e9s\u00e9t &#8211; ezen bel\u00fcl kiemelten a fels\u0151fok\u00fa \u00e9s szakk\u00e9pz\u00e9sben r\u00e9sztvev\u0151k tov\u00e1bbk\u00e9pz\u00e9s\u00e9t, a k\u00e9pz\u00e9sek t\u00e1mogat\u00e1s\u00e1t. <span style=\"text-decoration: line-through\">A<\/span> nemzetk\u00f6zi \u00e9s hazai tudom\u00e1nyos kutat\u00e1sok eredm\u00e9nyeit, az eredm\u00e9nyek felhaszn\u00e1l\u00e1s\u00e1t, \u00faj m\u00f3dszerek alkalmaz\u00e1s\u00e1t folyamatosan figyelemmel k\u00eds\u00e9ri. Nagy hangs\u00falyt fektet a szakmai ir\u00e1nyelvek, protokollok betart\u00e1s\u00e1ra, betartat\u00e1s\u00e1ra.<\/p>\n<p style=\"text-align: justify\">A Klinika el\u0151dje (Orsz\u00e1gos Orvosi Rehabilit\u00e1ci\u00f3s Int\u00e9zet) 2003 \u00f3ta Min\u0151s\u00e9g\u00fcgyi \u00e9s Betegbiztons\u00e1gi Bizotts\u00e1got m\u0171k\u00f6dtet, mely biztos\u00edtja a folyamatos min\u0151s\u00e9gfejleszt\u00e9st, a szakmai \u00e9s m\u0171k\u00f6d\u00e9si folyamatokban rejl\u0151 kock\u00e1zatok felm\u00e9r\u00e9s\u00e9t, a nemk\u00edv\u00e1natos esem\u00e9nyek cs\u00f6kkent\u00e9s\u00e9re ir\u00e1nyul\u00f3 vezet\u0151i d\u00f6nt\u00e9sek megalapoz\u00e1s\u00e1t, \u00e9s a beteg- illetve dolgoz\u00f3i biztons\u00e1got szolg\u00e1l\u00f3 programok siker\u00e9t. Az ell\u00e1t\u00e1s min\u0151s\u00e9g\u00e9nek jav\u00edt\u00e1sa \u00e9rdek\u00e9ben a Min\u0151s\u00e9g\u00fcgyi \u00e9s Betegbiztons\u00e1gi Bizotts\u00e1g c\u00e9lzott szakmai auditok v\u00e9gz\u00e9s\u00e9t koordin\u00e1lja, beteg- \u00e9s dolgoz\u00f3i el\u00e9gedetts\u00e9gi vizsg\u00e1latokat v\u00e9gez.<\/p>\n<p style=\"text-align: justify\">A Klinika vezet\u00e9se mindent megtesz annak \u00e9rdek\u00e9ben, hogy az int\u00e9zm\u00e9ny magas min\u0151s\u00e9g\u0171 tev\u00e9kenys\u00e9get v\u00e9gezzen \u2013 \u00e9s ehhez minden felt\u00e9telt biztos\u00edtani k\u00edv\u00e1n. Ezek:<\/p>\n<ul style=\"text-align: justify\">\n<li>az eg\u00e9szs\u00e9g\u00fcggyel kapcsolatos jogszab\u00e1lyok, m\u00f3dszertani levelek folyamatos hozz\u00e1f\u00e9r\u00e9se, gyakorlati alkalmaz\u00e1suk megalapoz\u00e1sa, k\u00fcl\u00f6n\u00f6s tekintettel a betegjogokra, a betegbiztons\u00e1gra \u00e9s az infekci\u00f3kontrollra,<\/li>\n<li>a betegek sz\u00e1m\u00e1ra a gy\u00f3gy\u00edt\u00f3 \u00e9s rehabilit\u00e1ci\u00f3s tev\u00e9kenys\u00e9gek, valamint az aktiviz\u00e1l\u00f3 \u00e1pol\u00e1s v\u00e9gz\u00e9s\u00e9hez sz\u00fcks\u00e9ges lehet\u0151s\u00e9g szerinti legmodernebb technikai eszk\u00f6z\u00f6k \u00e9s megfelel\u0151 hum\u00e1ner\u0151forr\u00e1s,<\/li>\n<li>a betegek \u00e9s dolgoz\u00f3k sz\u00e1m\u00e1ra csal\u00e1dbar\u00e1t k\u00f6rnyezet,<\/li>\n<li>lelki seg\u00edts\u00e9g ny\u00fajt\u00e1s lehet\u0151s\u00e9ge,<\/li>\n<li>az ell\u00e1t\u00e1sban r\u00e9sztvev\u0151k, az egyes ell\u00e1t\u00f3-szintek k\u00f6z\u00f6tti hat\u00e9kony \u00e9s interakt\u00edv kommunik\u00e1ci\u00f3 t\u00e1mogat\u00e1sa, mely lehet\u0151v\u00e9 teszi a megfelel\u0151 inform\u00e1ci\u00f3cser\u00e9t,<\/li>\n<li>a min\u0151s\u00e9gir\u00e1ny\u00edt\u00e1si rendszer folyamatos fejleszt\u00e9s\u00e9nek szem\u00e9lyi \u00e9s t\u00e1rgyi felt\u00e9telei.<\/li>\n<\/ul>\n<p style=\"text-align: justify\">A Klinika vezet\u0151s\u00e9g\u00e9nek sz\u00e1nd\u00e9ka, hogy a Magyar Eg\u00e9szs\u00e9g\u00fcgyi Ell\u00e1t\u00e1si Standardok 2.0 el\u0151\u00edr\u00e1sain alapul\u00f3 integr\u00e1lt min\u0151s\u00e9gir\u00e1ny\u00edt\u00e1si rendszer \u00e9s az MSZ EN ISO 9001:2015 szabv\u00e1ny alkalmazhat\u00f3 k\u00f6vetelm\u00e9nyeit teljes\u00edti.<\/p>\n<p><a class=\"btn btn-secondary\" href=\"https:\/\/semmelweis.hu\/rehabilitaciosklinika\/files\/2026\/02\/Kuldetesi-Nyilatkozat-2026.02.15.pdf\" target=\"_blank\" rel=\"noopener\">K\u00fcldet\u00e9s Nyilatkozat megtekint\u00e9se \/ let\u00f6lt\u00e9se (pdf)<\/a><\/p>\n<p><a class=\"btn btn-secondary\" href=\"https:\/\/semmelweis.hu\/rehabilitaciosklinika\/files\/2026\/01\/Hazirend_20260114.pdf\" target=\"_blank\" rel=\"noopener\">H\u00e1zirend megtekint\u00e9se \/ let\u00f6lt\u00e9se (pdf)<\/a><\/p>\n","protected":false},"excerpt":{"rendered":"<p>SEMMELWEIS EGYETEM REHABILIT\u00c1CI\u00d3S KLINIKA Min\u0151s\u00e9gpolitika A Semmelweis Egyetem Rehabilit\u00e1ci\u00f3s Klinik\u00e1ja legf\u0151bb min\u0151s\u00e9gpolitikai c\u00e9lk\u00e9nt fogalmazta meg, hogy &#8211; team munka keret\u00e9ben &#8211; a lehet\u0151 legmagasabb szint\u0171, hum\u00e1nus, betegk\u00f6zpont\u00fa, specializ\u00e1lt, egy\u00e9nre szabott orvosi rehabilit\u00e1ci\u00f3s ell\u00e1t\u00e1st ny\u00fajtson olyan szem\u00e9lyek sz\u00e1m\u00e1ra, akiket betegs\u00e9g vagy baleset k\u00f6vetkezt\u00e9ben k\u00fcl\u00f6nb\u00f6z\u0151 funkci\u00f3zavarok jellemeznek, \u00f6nmaguk ell\u00e1t\u00e1s\u00e1ra nem k\u00e9pesek \u00e9s a t\u00e1rsadalmi \u00e9letben val\u00f3 r\u00e9szv\u00e9tel\u00fck &hellip;<\/p>\n","protected":false},"author":12,"featured_media":0,"parent":7,"menu_order":2,"comment_status":"closed","ping_status":"closed","template":"","meta":{"_acf_changed":false,"footnotes":""},"categories":[],"tags":[],"class_list":["post-1820","page","type-page","status-publish","hentry"],"acf":[],"_links":{"self":[{"href":"https:\/\/semmelweis.hu\/rehabilitaciosklinika\/wp-json\/wp\/v2\/pages\/1820","targetHints":{"allow":["GET"]}}],"collection":[{"href":"https:\/\/semmelweis.hu\/rehabilitaciosklinika\/wp-json\/wp\/v2\/pages"}],"about":[{"href":"https:\/\/semmelweis.hu\/rehabilitaciosklinika\/wp-json\/wp\/v2\/types\/page"}],"author":[{"embeddable":true,"href":"https:\/\/semmelweis.hu\/rehabilitaciosklinika\/wp-json\/wp\/v2\/users\/12"}],"replies":[{"embeddable":true,"href":"https:\/\/semmelweis.hu\/rehabilitaciosklinika\/wp-json\/wp\/v2\/comments?post=1820"}],"version-history":[{"count":11,"href":"https:\/\/semmelweis.hu\/rehabilitaciosklinika\/wp-json\/wp\/v2\/pages\/1820\/revisions"}],"predecessor-version":[{"id":3388,"href":"https:\/\/semmelweis.hu\/rehabilitaciosklinika\/wp-json\/wp\/v2\/pages\/1820\/revisions\/3388"}],"up":[{"embeddable":true,"href":"https:\/\/semmelweis.hu\/rehabilitaciosklinika\/wp-json\/wp\/v2\/pages\/7"}],"wp:attachment":[{"href":"https:\/\/semmelweis.hu\/rehabilitaciosklinika\/wp-json\/wp\/v2\/media?parent=1820"}],"wp:term":[{"taxonomy":"category","embeddable":true,"href":"https:\/\/semmelweis.hu\/rehabilitaciosklinika\/wp-json\/wp\/v2\/categories?post=1820"},{"taxonomy":"post_tag","embeddable":true,"href":"https:\/\/semmelweis.hu\/rehabilitaciosklinika\/wp-json\/wp\/v2\/tags?post=1820"}],"curies":[{"name":"wp","href":"https:\/\/api.w.org\/{rel}","templated":true}]}}