{"id":1778,"date":"2024-10-02T21:54:54","date_gmt":"2024-10-02T19:54:54","guid":{"rendered":"https:\/\/semmelweis.hu\/rehabilitaciosklinika\/?page_id=1778"},"modified":"2025-09-12T13:27:59","modified_gmt":"2025-09-12T11:27:59","slug":"uszoda","status":"publish","type":"page","link":"https:\/\/semmelweis.hu\/rehabilitaciosklinika\/szolgaltatasok\/uszoda\/","title":{"rendered":"Uszoda"},"content":{"rendered":"<div class=\"keretes w-100\">\n<p><strong>Helye:<\/strong> F\u0151\u00e9p\u00fclet, E sz\u00e1rny, f\u00f6ldszint<\/p>\n<p><strong>Nyitvatart\u00e1s:<\/strong><\/p>\n<ul>\n<li><strong>H\u00e9tk\u00f6znapokon: <\/strong>06.00-08.00<\/li>\n<li><strong>\u00dasz\u00f3iskol\u00e1k sz\u00e1m\u00e1ra:<\/strong> a b\u00e9rleti szerz\u0151d\u00e9sben meghat\u00e1rozott id\u0151s\u00e1vokban<\/li>\n<li><strong>Szombaton:<\/strong> 08:00-16:00<\/li>\n<li><strong>Vas\u00e1rnap<\/strong> az uszoda z\u00e1rva tart.<\/li>\n<\/ul>\n<\/div>\n<p style=\"text-align: left\">A Klinik\u00e1nk f\u0151\u00e9p\u00fclet\u00e9ben tal\u00e1lhat\u00f3 \u00fasz\u00f3medence els\u0151sorban betegeink r\u00e9sz\u00e9re fenntartott, azonban \u00fasz\u00f3iskol\u00e1k sz\u00e1m\u00e1ra is tudunk \u00fasz\u00f3fel\u00fcletet biztos\u00edtani.<\/p>\n<p><strong>Hasznos inform\u00e1ci\u00f3k:<\/strong><\/p>\n<p><strong>2025. m\u00e1rcius 1-\u00e9t\u0151l<\/strong> az uszodai t\u00e9r\u00edt\u00e9si d\u00edjak az al\u00e1bbiak szerint v\u00e1ltoznak:<br \/>\n(A t\u00e9r\u00edt\u00e9si d\u00edjak a 27 % -os \u00e1f\u00e1-t tartalmazz\u00e1k)<\/p>\n<p>Semmelweis Egyetem dolgoz\u00f3i \u00e9s csal\u00e1dtagjaik sz\u00e1m\u00e1ra*:<\/p>\n<p>1 alkalom : 600.- Ft<br \/>\n10 alkalom: 4.500.- Ft<br \/>\n30 alkalom: 12.000.- Ft<\/p>\n<p>M\u00e1s vend\u00e9gek sz\u00e1m\u00e1ra:<br \/>\n1 alkalom: 2.500.- Ft<br \/>\n10 alkalom: 20.000.- Ft<br \/>\n30 alkalom: 55.000.- Ft<\/p>\n<p>Uszoda nyitvatart\u00e1si ideje:<br \/>\nH\u00e9tf\u0151t\u0151l p\u00e9ntekig reggeli \u00fasz\u00e1s 6-8 \u00f3ra k\u00f6z\u00f6tt, beteg terapeut\u00e1val \u00fasz\u00e1sa 8-9 \u00f3ra k\u00f6z\u00f6tt.<br \/>\nH\u00e9tv\u00e9g\u00e9n az uszoda z\u00e1rva tart.<\/p>\n<p>*Dolgoz\u00f3: A Semmelweis Egyetemmel szolg\u00e1lati jogviszonyban vagy munkaviszonyban \u00e1ll\u00f3 szem\u00e9ly<br \/>\nCsal\u00e1dtag, k\u00f6zeli hozz\u00e1tartoz\u00f3: a h\u00e1zast\u00e1rs, az egyenes\u00e1gbeli rokon, az \u00f6r\u00f6kbefogadott, a mostoha -\u00e9s a nevelt gyermek, az \u00f6r\u00f6kbefogad\u00f3, a mostoha, \u00e9s a nevel\u0151sz\u00fcl\u0151, valamint a testv\u00e9r.\u00a0<\/p>\n<p><a href=\"https:\/\/semmelweis.hu\/rehabilitaciosklinika\/files\/2024\/08\/201803_hazirend_uszoda2.pdf\" target=\"_blank\" rel=\"noopener\">Uszoda h\u00e1zirendje<\/a><\/p>\n<p style=\"text-align: left\">\u00dasz\u00f3fel\u00fclet b\u00e9rl\u00e9se, valamint k\u00e1rtya \u00fcgyint\u00e9z\u00e9se kapcs\u00e1n Jakab Tam\u00e1sn\u00e1l (1. emelet, 106-os szoba) tud \u00e9rdekl\u0151dni a <a href=\"mailto:jakab.tamas@semmelweis.hu\">jakab.tamas@semmelweis.hu<\/a> email c\u00edmen.\u00a0 \u00a0<\/p>\n\r\n        [slb_exclude]\r\n        <div class=\"row galeria-wrapper mx-0 h-auto\">\r\n            <div class=\"col-9 pl-0 pr-2\">\r\n            <span class=\"gallery-item frame\">\r\n\t\t\t\t<div class=\"galeria-left-img\"><a href=\"https:\/\/semmelweis.hu\/rehabilitaciosklinika\/files\/2024\/10\/RS195816__19A8935-scr.jpg\"><img src=https:\/\/semmelweis.hu\/rehabilitaciosklinika\/files\/2024\/10\/RS195816__19A8935-scr.jpg  \r\n                            alt=\"\" \r\n                            class=\"attachment-sote-gallery-big size-sote-gallery-big\" \r\n                            srcset=\"https:\/\/semmelweis.hu\/rehabilitaciosklinika\/files\/2024\/10\/RS195816__19A8935-scr-400x267.jpg 400w, https:\/\/semmelweis.hu\/rehabilitaciosklinika\/files\/2024\/10\/RS195816__19A8935-scr-1024x683.jpg 1024w, https:\/\/semmelweis.hu\/rehabilitaciosklinika\/files\/2024\/10\/RS195816__19A8935-scr-768x512.jpg 768w, https:\/\/semmelweis.hu\/rehabilitaciosklinika\/files\/2024\/10\/RS195816__19A8935-scr-753x502.jpg 753w, https:\/\/semmelweis.hu\/rehabilitaciosklinika\/files\/2024\/10\/RS195816__19A8935-scr-203x135.jpg 203w, https:\/\/semmelweis.hu\/rehabilitaciosklinika\/files\/2024\/10\/RS195816__19A8935-scr.jpg 1200w\" ><\/a><\/div>\r\n            <\/span>\r\n\r\n            <\/div>\r\n\r\n\t\t\t<div class=\"col-3 pl-0 pr-0\">\r\n\t\t\t\t<div class=\"galeria-right-img d-flex justify-content-between flex-column h-100 w-100 px-0 mx-0 \">\r\n                <div class=\"galeria-box\">\r\n\t\t\t\t\t<h3 class=\"galeria-title\">Gal\u00e9ria<\/h3>\r\n\t\t\t\t\t<div class=\"galeria-subtitle\">\r\n\r\n\t\t\t\t\t\t<div class=\"galeria-page-counter\"><span>4<\/span>k\u00e9p<\/div>\r\n                    <\/div> <\/div>\r\n                    <span class=\"gallery-item frame d-none d-md-flex\">\r\n\t\t\t\t\t<div class=\"galeria-small-img mt-0\"><a href=\"https:\/\/semmelweis.hu\/rehabilitaciosklinika\/files\/2024\/10\/RS196363__19A8940-scr.jpg\"><img src=https:\/\/semmelweis.hu\/rehabilitaciosklinika\/files\/2024\/10\/RS196363__19A8940-scr.jpg \r\n                                alt=\"\"  \r\n                                class=\"attachment-sote-gallery-small size-sote-gallery-small\" \r\n                                srcset=\"https:\/\/semmelweis.hu\/rehabilitaciosklinika\/files\/2024\/10\/RS196363__19A8940-scr-400x267.jpg 400w, https:\/\/semmelweis.hu\/rehabilitaciosklinika\/files\/2024\/10\/RS196363__19A8940-scr-1024x683.jpg 1024w, https:\/\/semmelweis.hu\/rehabilitaciosklinika\/files\/2024\/10\/RS196363__19A8940-scr-768x512.jpg 768w, https:\/\/semmelweis.hu\/rehabilitaciosklinika\/files\/2024\/10\/RS196363__19A8940-scr-753x502.jpg 753w, https:\/\/semmelweis.hu\/rehabilitaciosklinika\/files\/2024\/10\/RS196363__19A8940-scr-203x135.jpg 203w, https:\/\/semmelweis.hu\/rehabilitaciosklinika\/files\/2024\/10\/RS196363__19A8940-scr.jpg 1200w\" ><\/a><\/div>\r\n                    <\/span>\r\n                    <span class=\"gallery-item frame d-none d-md-flex\">\r\n\t\t\t\t\t<div class=\"galeria-small-img mt-0\"><a href=\"https:\/\/semmelweis.hu\/rehabilitaciosklinika\/files\/2024\/10\/RS196376__19A8950-scr.jpg\"><img src=https:\/\/semmelweis.hu\/rehabilitaciosklinika\/files\/2024\/10\/RS196376__19A8950-scr.jpg \r\n                                alt=\"\" \r\n                                class=\"attachment-sote-gallery-small size-sote-gallery-small\" \r\n                                srcset=\"https:\/\/semmelweis.hu\/rehabilitaciosklinika\/files\/2024\/10\/RS196376__19A8950-scr-400x267.jpg 400w, https:\/\/semmelweis.hu\/rehabilitaciosklinika\/files\/2024\/10\/RS196376__19A8950-scr-1024x683.jpg 1024w, https:\/\/semmelweis.hu\/rehabilitaciosklinika\/files\/2024\/10\/RS196376__19A8950-scr-768x512.jpg 768w, https:\/\/semmelweis.hu\/rehabilitaciosklinika\/files\/2024\/10\/RS196376__19A8950-scr-753x502.jpg 753w, https:\/\/semmelweis.hu\/rehabilitaciosklinika\/files\/2024\/10\/RS196376__19A8950-scr-203x135.jpg 203w, https:\/\/semmelweis.hu\/rehabilitaciosklinika\/files\/2024\/10\/RS196376__19A8950-scr.jpg 1200w\" ><\/a><\/div>\r\n                    <\/span>\r\n\r\n                <\/div>\r\n\r\n            <\/div>\r\n\r\n            <span class=\"gallery-item\"><div class=\"hidden\"><a href=\"https:\/\/semmelweis.hu\/rehabilitaciosklinika\/files\/2024\/10\/RS196375__19A8946-scr.jpg\">\r\n        <img src=https:\/\/semmelweis.hu\/rehabilitaciosklinika\/files\/2024\/10\/RS196375__19A8946-scr.jpg alt=\"\" class=\"attachment-sote-gallery-big size-sote-gallery-big\" srcset=\"https:\/\/semmelweis.hu\/rehabilitaciosklinika\/files\/2024\/10\/RS196375__19A8946-scr-400x267.jpg 400w, https:\/\/semmelweis.hu\/rehabilitaciosklinika\/files\/2024\/10\/RS196375__19A8946-scr-1024x683.jpg 1024w, https:\/\/semmelweis.hu\/rehabilitaciosklinika\/files\/2024\/10\/RS196375__19A8946-scr-768x512.jpg 768w, https:\/\/semmelweis.hu\/rehabilitaciosklinika\/files\/2024\/10\/RS196375__19A8946-scr-753x502.jpg 753w, https:\/\/semmelweis.hu\/rehabilitaciosklinika\/files\/2024\/10\/RS196375__19A8946-scr-203x135.jpg 203w, https:\/\/semmelweis.hu\/rehabilitaciosklinika\/files\/2024\/10\/RS196375__19A8946-scr.jpg 1200w\" >\r\n        <\/a><\/div><\/span>\r\n            <\/div>\r\n\r\n            [\/slb_exclude]\r\n\t\n","protected":false},"excerpt":{"rendered":"<p>Betegek, egyetemi dolgoz\u00f3k \u00e9s szerz\u0151d\u00f6tt \u00fasz\u00f3iskol\u00e1k sz\u00e1m\u00e1ra<\/p>\n","protected":false},"author":102387,"featured_media":1784,"parent":766,"menu_order":0,"comment_status":"closed","ping_status":"closed","template":"template-fullwidth.php","meta":{"_acf_changed":false,"footnotes":""},"categories":[],"tags":[],"class_list":["post-1778","page","type-page","status-publish","has-post-thumbnail","hentry"],"acf":[],"_links":{"self":[{"href":"https:\/\/semmelweis.hu\/rehabilitaciosklinika\/wp-json\/wp\/v2\/pages\/1778","targetHints":{"allow":["GET"]}}],"collection":[{"href":"https:\/\/semmelweis.hu\/rehabilitaciosklinika\/wp-json\/wp\/v2\/pages"}],"about":[{"href":"https:\/\/semmelweis.hu\/rehabilitaciosklinika\/wp-json\/wp\/v2\/types\/page"}],"author":[{"embeddable":true,"href":"https:\/\/semmelweis.hu\/rehabilitaciosklinika\/wp-json\/wp\/v2\/users\/102387"}],"replies":[{"embeddable":true,"href":"https:\/\/semmelweis.hu\/rehabilitaciosklinika\/wp-json\/wp\/v2\/comments?post=1778"}],"version-history":[{"count":12,"href":"https:\/\/semmelweis.hu\/rehabilitaciosklinika\/wp-json\/wp\/v2\/pages\/1778\/revisions"}],"predecessor-version":[{"id":3458,"href":"https:\/\/semmelweis.hu\/rehabilitaciosklinika\/wp-json\/wp\/v2\/pages\/1778\/revisions\/3458"}],"up":[{"embeddable":true,"href":"https:\/\/semmelweis.hu\/rehabilitaciosklinika\/wp-json\/wp\/v2\/pages\/766"}],"wp:featuredmedia":[{"embeddable":true,"href":"https:\/\/semmelweis.hu\/rehabilitaciosklinika\/wp-json\/wp\/v2\/media\/1784"}],"wp:attachment":[{"href":"https:\/\/semmelweis.hu\/rehabilitaciosklinika\/wp-json\/wp\/v2\/media?parent=1778"}],"wp:term":[{"taxonomy":"category","embeddable":true,"href":"https:\/\/semmelweis.hu\/rehabilitaciosklinika\/wp-json\/wp\/v2\/categories?post=1778"},{"taxonomy":"post_tag","embeddable":true,"href":"https:\/\/semmelweis.hu\/rehabilitaciosklinika\/wp-json\/wp\/v2\/tags?post=1778"}],"curies":[{"name":"wp","href":"https:\/\/api.w.org\/{rel}","templated":true}]}}