{"id":1435,"date":"2024-09-18T08:35:43","date_gmt":"2024-09-18T06:35:43","guid":{"rendered":"https:\/\/semmelweis.hu\/rehabilitaciosklinika\/?page_id=1435"},"modified":"2025-04-17T08:10:32","modified_gmt":"2025-04-17T06:10:32","slug":"konyvtar","status":"publish","type":"page","link":"https:\/\/semmelweis.hu\/rehabilitaciosklinika\/konyvtar\/","title":{"rendered":"K\u00f6nyvt\u00e1r"},"content":{"rendered":"<div class=\"keretes w-100\">\n<p><strong>Helye: F\u0151\u00e9p\u00fclet, D sz\u00e1rny, els\u0151 emelet<\/strong><\/p>\n<p>Szakemberek \u00e9s betegek sz\u00e1m\u00e1ra egyar\u00e1nt ig\u00e9nybe vehet\u0151 k\u00f6nyvt\u00e1r nyitvatart\u00e1si id\u0151ben.<\/p>\n<p><strong>Email c\u00edm:<\/strong>\u00a0 <a href=\"mailto:rehab.konyvtar@semmelweis.hu\">konyvtar.rehabklinika@semmelweis.hu<\/a><\/p>\n<h5>K\u00f6nyvt\u00e1ri nyitvatart\u00e1s:<\/h5>\n<p>h\u00e9tf\u0151t\u0151l \u2013 cs\u00fct\u00f6rt\u00f6kig:\u00a0 \u00a09:00\u201315:30<br \/>\np\u00e9ntek:\u00a0 \u00a09:00\u201314:00<\/p>\n<p><strong>Telefon:<\/strong> <br \/>\n+ 36 1 391 1979<br \/>\n+ 36 1 391 1900\/1249 mell\u00e9k\u00a0 \/1243 mell\u00e9k\u00a0<\/p>\n<\/div>\n<p><strong>A Rehabilit\u00e1ci\u00f3s Klinika k\u00f6nyvt\u00e1ra jellemz\u0151en k\u00e9t olvas\u00f3t\u00e1bor ig\u00e9nyeinek kiszolg\u00e1l\u00e1s\u00e1t v\u00e1llalja fel.<\/strong><\/p>\n<ul style=\"list-style-type: square\">\n<li>\n<p>A Rehabilit\u00e1ci\u00f3s Szakk\u00f6nyvt\u00e1r r\u00e9szlege egyfel\u0151l <strong>a rehabilit\u00e1ci\u00f3s szakemberek<\/strong> szakirodalmaz\u00e1si ig\u00e9nyeihez igazodva korszer\u0171 k\u00f6nyvt\u00e1r\u00e1val, szolg\u00e1ltat\u00e1saival seg\u00edti a kutat\u00f3munk\u00e1t, egy\u00e9ni szakmai fejl\u0151d\u00e9st.<\/p>\n<\/li>\n<li>\n<p>A K\u00f6z\u00f6ss\u00e9gi K\u00f6nyvt\u00e1r r\u00e9szlege m\u00e1sfel\u0151l <strong>a hosszas rehabilit\u00e1ci\u00f3s kezel\u00e9sen a Rehabilit\u00e1ci\u00f3s Klinik\u00e1n tart\u00f3zkod\u00f3 betegek<\/strong> sz\u00e1m\u00e1ra k\u00edv\u00e1n sz\u00e9pirodalmi, sz\u00f3rakoztat\u00f3-, ismeretterjeszt\u0151 k\u00f6nyveivel hozz\u00e1j\u00e1rulni a szabadid\u0151 tartalmas elt\u00f6lt\u00e9s\u00e9hez. Emellett az OORI-ban rehabilit\u00e1lt betegs\u00e9gekkel kapcsolatos ismeretterjeszt\u0151, megk\u00fczd\u00e9st seg\u00edt\u0151, betegeduk\u00e1ci\u00f3s anyagokkal \u00e1ll a rehabilit\u00e1ci\u00f3ban r\u00e9sztvev\u0151 betegek \u00e9s hozz\u00e1tartoz\u00f3ik rendelkez\u00e9s\u00e9re.<\/p>\n<\/li>\n<\/ul>\n<h5>K\u00f6nyvt\u00e1rvezet\u0151:<\/h5>\n<p>Grimmn\u00e9 \u00c1cs Ildik\u00f3<br \/>\n<a href=\"mailto:grimmne.acs.ildiko@semmelweis.hu\"><span style=\"font-size: 1rem\">grimmne.acs.ildiko@semmelweis.hu<\/span><\/a><\/p>\n<h5>MTMT koordin\u00e1tor:<\/h5>\n<p>Bal\u00e1zsn\u00e9 Balogh Ildik\u00f3<br \/>\n+ 36 70 932 3287<br \/>\n<a href=\"mailto:babail2@gmail.com\">babail2@gmail.com<\/a><\/p>\n<style>\n           #page-grid .card-body > .line-clamp-box.excerpt{\n        width: inherit;\n        max-width: inherit;\n        display:flex;\n        min-height: 2.4em;\n        flex-direction: column;\n        justify-content: space-around;\n        background-color: #D6E4EA;\n        min-height: 3.4rem;\n        font-family: \"Montserrat\", sans-serif;\n    }\n\n    #page-grid a:hover .card-body > .line-clamp-box.excerpt {\n        background-color: #fff;\n        color: #313B40;\n    }\n\n    #page-grid .card-body .line-clamp-box.excerpt section{\n        max-width: inherit;\n        display: -webkit-box;\n        -webkit-line-clamp: 2;\n        -webkit-box-orient: vertical;\n        overflow: hidden;\n        text-overflow: ellipsis;\n        hyphens: auto;\n        margin: auto;\n        \n    }\n    .line-clamp-box.excerpt section, .line-clamp-box.excerpt section p{\n        font-size:0.8em;\n    }\n    \n<\/style>\n    <section id=\"page-grid\">\n        <section class=\"d-block d-md-flex title-row my-3 ml-0 ml-md-1\">\n<div class=\"section-title  mb-1 \">\n<h2>\n    Kapcsol\u00f3d\u00f3 oldalak\n<\/h2>\n<\/div>\n<\/section>\n        <div class=\"row row-cols-1 row-cols-md-2 row-cols-lg-2 no-gutters mx-0 \">    <div class =\"col  mb-2 card-wrapper\">\n        <a class=\"d-flex flex-fill card-link-warapper m-md-1\" href=\"https:\/\/semmelweis.hu\/rehabilitaciosklinika\/konyvtar\/szakkonyvtari-szolgaltatasok\/\">\n            <div class=\"card border border-secondary se-border flex-fill\">\n                <div class=\"row no-gutters mx-0 d-flex flex-nowrap flex-md-wrap align-items-center\">\n                    <div class =\"  col-5 col-md-12  d-none  d-md-none d-md-none  bg-image  card-image justify-content-center\">\n                        <img class='wp-post-image img-fluid landscape' src='https:\/\/semmelweis.hu\/rehabilitaciosklinika\/wp-content\/themes\/se18\/dist\/images\/svg\/bg-image.svg' \/>\n                    <\/div>\n                    <div class=\"card-body  col flex-column  col-md-12 p-0\">\n                        <div class=\"line-clamp-box p-3\">\n                            <h5 class=\"ml-0 ml-sm-1 mt-2 align-items-center\"  >Szakk\u00f6nyvt\u00e1ri szolg\u00e1ltat\u00e1sok<\/h5>\n                        <\/div>\n                        \n                    <\/div>\n                <\/div>\n\n            <\/div>\n        <\/a>\n    <\/div>    <div class =\"col  mb-2 card-wrapper\">\n        <a class=\"d-flex flex-fill card-link-warapper m-md-1\" href=\"https:\/\/semmelweis.hu\/rehabilitaciosklinika\/konyvtar\/szakkonyvtar-multjarol\/\">\n            <div class=\"card border border-secondary se-border flex-fill\">\n                <div class=\"row no-gutters mx-0 d-flex flex-nowrap flex-md-wrap align-items-center\">\n                    <div class =\"  col-5 col-md-12  d-none  d-md-none d-md-none  bg-image  card-image justify-content-center\">\n                        <img class='wp-post-image img-fluid landscape' src='https:\/\/semmelweis.hu\/rehabilitaciosklinika\/wp-content\/themes\/se18\/dist\/images\/svg\/bg-image.svg' \/>\n                    <\/div>\n                    <div class=\"card-body  col flex-column  col-md-12 p-0\">\n                        <div class=\"line-clamp-box p-3\">\n                            <h5 class=\"ml-0 ml-sm-1 mt-2 align-items-center\"  >Szakk\u00f6nyvt\u00e1r m\u00faltj\u00e1r\u00f3l<\/h5>\n                        <\/div>\n                        \n                    <\/div>\n                <\/div>\n\n            <\/div>\n        <\/a>\n    <\/div>        <\/div>\n    <\/section>\n\r\n        [slb_exclude]\r\n        <div class=\"row galeria-wrapper mx-0 h-auto\">\r\n            <div class=\"col-9 pl-0 pr-2\">\r\n            <span class=\"gallery-item frame\">\r\n\t\t\t\t<div class=\"galeria-left-img\"><a href=\"https:\/\/semmelweis.hu\/rehabilitaciosklinika\/files\/2024\/10\/RS195847__19A9720-scr.jpg\"><img src=https:\/\/semmelweis.hu\/rehabilitaciosklinika\/files\/2024\/10\/RS195847__19A9720-scr.jpg  \r\n                            alt=\"\" \r\n                            class=\"attachment-sote-gallery-big size-sote-gallery-big\" \r\n                            srcset=\"https:\/\/semmelweis.hu\/rehabilitaciosklinika\/files\/2024\/10\/RS195847__19A9720-scr-400x267.jpg 400w, https:\/\/semmelweis.hu\/rehabilitaciosklinika\/files\/2024\/10\/RS195847__19A9720-scr-1024x683.jpg 1024w, https:\/\/semmelweis.hu\/rehabilitaciosklinika\/files\/2024\/10\/RS195847__19A9720-scr-768x512.jpg 768w, https:\/\/semmelweis.hu\/rehabilitaciosklinika\/files\/2024\/10\/RS195847__19A9720-scr-753x502.jpg 753w, https:\/\/semmelweis.hu\/rehabilitaciosklinika\/files\/2024\/10\/RS195847__19A9720-scr-203x135.jpg 203w, https:\/\/semmelweis.hu\/rehabilitaciosklinika\/files\/2024\/10\/RS195847__19A9720-scr.jpg 1200w\" ><\/a><\/div>\r\n            <\/span>\r\n\r\n            <\/div>\r\n\r\n\t\t\t<div class=\"col-3 pl-0 pr-0\">\r\n\t\t\t\t<div class=\"galeria-right-img d-flex justify-content-between flex-column h-100 w-100 px-0 mx-0 \">\r\n                <div class=\"galeria-box\">\r\n\t\t\t\t\t<h3 class=\"galeria-title\">Gal\u00e9ria<\/h3>\r\n\t\t\t\t\t<div class=\"galeria-subtitle\">\r\n\r\n\t\t\t\t\t\t<div class=\"galeria-page-counter\"><span>4<\/span>k\u00e9p<\/div>\r\n                    <\/div> <\/div>\r\n                    <span class=\"gallery-item frame d-none d-md-flex\">\r\n\t\t\t\t\t<div class=\"galeria-small-img mt-0\"><a href=\"https:\/\/semmelweis.hu\/rehabilitaciosklinika\/files\/2024\/10\/RS195849__19A9724-scr.jpg\"><img src=https:\/\/semmelweis.hu\/rehabilitaciosklinika\/files\/2024\/10\/RS195849__19A9724-scr.jpg \r\n                                alt=\"\"  \r\n                                class=\"attachment-sote-gallery-small size-sote-gallery-small\" \r\n                                srcset=\"https:\/\/semmelweis.hu\/rehabilitaciosklinika\/files\/2024\/10\/RS195849__19A9724-scr-400x267.jpg 400w, https:\/\/semmelweis.hu\/rehabilitaciosklinika\/files\/2024\/10\/RS195849__19A9724-scr-1024x683.jpg 1024w, https:\/\/semmelweis.hu\/rehabilitaciosklinika\/files\/2024\/10\/RS195849__19A9724-scr-768x512.jpg 768w, https:\/\/semmelweis.hu\/rehabilitaciosklinika\/files\/2024\/10\/RS195849__19A9724-scr-753x502.jpg 753w, https:\/\/semmelweis.hu\/rehabilitaciosklinika\/files\/2024\/10\/RS195849__19A9724-scr-203x135.jpg 203w, https:\/\/semmelweis.hu\/rehabilitaciosklinika\/files\/2024\/10\/RS195849__19A9724-scr.jpg 1200w\" ><\/a><\/div>\r\n                    <\/span>\r\n                    <span class=\"gallery-item frame d-none d-md-flex\">\r\n\t\t\t\t\t<div class=\"galeria-small-img mt-0\"><a href=\"https:\/\/semmelweis.hu\/rehabilitaciosklinika\/files\/2024\/10\/RS195848__19A9723-scr.jpg\"><img src=https:\/\/semmelweis.hu\/rehabilitaciosklinika\/files\/2024\/10\/RS195848__19A9723-scr.jpg \r\n                                alt=\"\" \r\n                                class=\"attachment-sote-gallery-small size-sote-gallery-small\" \r\n                                srcset=\"https:\/\/semmelweis.hu\/rehabilitaciosklinika\/files\/2024\/10\/RS195848__19A9723-scr-400x267.jpg 400w, https:\/\/semmelweis.hu\/rehabilitaciosklinika\/files\/2024\/10\/RS195848__19A9723-scr-1024x683.jpg 1024w, https:\/\/semmelweis.hu\/rehabilitaciosklinika\/files\/2024\/10\/RS195848__19A9723-scr-768x512.jpg 768w, https:\/\/semmelweis.hu\/rehabilitaciosklinika\/files\/2024\/10\/RS195848__19A9723-scr-753x502.jpg 753w, https:\/\/semmelweis.hu\/rehabilitaciosklinika\/files\/2024\/10\/RS195848__19A9723-scr-203x135.jpg 203w, https:\/\/semmelweis.hu\/rehabilitaciosklinika\/files\/2024\/10\/RS195848__19A9723-scr.jpg 1200w\" ><\/a><\/div>\r\n                    <\/span>\r\n\r\n                <\/div>\r\n\r\n            <\/div>\r\n\r\n            <span class=\"gallery-item\"><div class=\"hidden\"><a href=\"https:\/\/semmelweis.hu\/rehabilitaciosklinika\/files\/2024\/10\/RS195846__19A9718-scr.jpg\">\r\n        <img src=https:\/\/semmelweis.hu\/rehabilitaciosklinika\/files\/2024\/10\/RS195846__19A9718-scr.jpg alt=\"\" class=\"attachment-sote-gallery-big size-sote-gallery-big\" srcset=\"https:\/\/semmelweis.hu\/rehabilitaciosklinika\/files\/2024\/10\/RS195846__19A9718-scr-400x267.jpg 400w, https:\/\/semmelweis.hu\/rehabilitaciosklinika\/files\/2024\/10\/RS195846__19A9718-scr-1024x683.jpg 1024w, https:\/\/semmelweis.hu\/rehabilitaciosklinika\/files\/2024\/10\/RS195846__19A9718-scr-768x512.jpg 768w, https:\/\/semmelweis.hu\/rehabilitaciosklinika\/files\/2024\/10\/RS195846__19A9718-scr-753x502.jpg 753w, https:\/\/semmelweis.hu\/rehabilitaciosklinika\/files\/2024\/10\/RS195846__19A9718-scr-203x135.jpg 203w, https:\/\/semmelweis.hu\/rehabilitaciosklinika\/files\/2024\/10\/RS195846__19A9718-scr.jpg 1200w\" >\r\n        <\/a><\/div><\/span>\r\n            <\/div>\r\n\r\n            [\/slb_exclude]\r\n\t\n<div>\u00a0<\/div>\n","protected":false},"excerpt":{"rendered":"<p>Helye: F\u0151\u00e9p\u00fclet, D sz\u00e1rny, els\u0151 emelet Szakemberek \u00e9s betegek sz\u00e1m\u00e1ra egyar\u00e1nt ig\u00e9nybe vehet\u0151 k\u00f6nyvt\u00e1r nyitvatart\u00e1si id\u0151ben. Email c\u00edm:\u00a0 <a href=\"mailto:rehab.konyvtar@semmelweis.hu\">konyvtar.rehabklinika@semmelweis.hu<\/a> K\u00f6nyvt\u00e1ri nyitvatart\u00e1s: h\u00e9tf\u0151t\u0151l \u2013 cs\u00fct\u00f6rt\u00f6kig:\u00a0 \u00a09:00\u201315:30 p\u00e9ntek:\u00a0 \u00a09:00\u201314:00 Telefon: + 36 1 391 1979 + 36 1 391 1900\/1249 mell\u00e9k\u00a0 \/1243 mell\u00e9k\u00a0 A Rehabilit\u00e1ci\u00f3s Klinika k\u00f6nyvt\u00e1ra jellemz\u0151en k\u00e9t olvas\u00f3t\u00e1bor ig\u00e9nyeinek kiszolg\u00e1l\u00e1s\u00e1t v\u00e1llalja fel. A Rehabilit\u00e1ci\u00f3s Szakk\u00f6nyvt\u00e1r r\u00e9szlege &hellip;<\/p>\n","protected":false},"author":102388,"featured_media":0,"parent":0,"menu_order":4,"comment_status":"closed","ping_status":"closed","template":"template-fullwidth.php","meta":{"_acf_changed":false,"footnotes":""},"categories":[],"tags":[],"class_list":["post-1435","page","type-page","status-publish","hentry"],"acf":[],"_links":{"self":[{"href":"https:\/\/semmelweis.hu\/rehabilitaciosklinika\/wp-json\/wp\/v2\/pages\/1435","targetHints":{"allow":["GET"]}}],"collection":[{"href":"https:\/\/semmelweis.hu\/rehabilitaciosklinika\/wp-json\/wp\/v2\/pages"}],"about":[{"href":"https:\/\/semmelweis.hu\/rehabilitaciosklinika\/wp-json\/wp\/v2\/types\/page"}],"author":[{"embeddable":true,"href":"https:\/\/semmelweis.hu\/rehabilitaciosklinika\/wp-json\/wp\/v2\/users\/102388"}],"replies":[{"embeddable":true,"href":"https:\/\/semmelweis.hu\/rehabilitaciosklinika\/wp-json\/wp\/v2\/comments?post=1435"}],"version-history":[{"count":10,"href":"https:\/\/semmelweis.hu\/rehabilitaciosklinika\/wp-json\/wp\/v2\/pages\/1435\/revisions"}],"predecessor-version":[{"id":3250,"href":"https:\/\/semmelweis.hu\/rehabilitaciosklinika\/wp-json\/wp\/v2\/pages\/1435\/revisions\/3250"}],"wp:attachment":[{"href":"https:\/\/semmelweis.hu\/rehabilitaciosklinika\/wp-json\/wp\/v2\/media?parent=1435"}],"wp:term":[{"taxonomy":"category","embeddable":true,"href":"https:\/\/semmelweis.hu\/rehabilitaciosklinika\/wp-json\/wp\/v2\/categories?post=1435"},{"taxonomy":"post_tag","embeddable":true,"href":"https:\/\/semmelweis.hu\/rehabilitaciosklinika\/wp-json\/wp\/v2\/tags?post=1435"}],"curies":[{"name":"wp","href":"https:\/\/api.w.org\/{rel}","templated":true}]}}