{"id":1430,"date":"2024-09-18T08:28:35","date_gmt":"2024-09-18T06:28:35","guid":{"rendered":"https:\/\/semmelweis.hu\/rehabilitaciosklinika\/?page_id=1430"},"modified":"2024-11-22T09:54:50","modified_gmt":"2024-11-22T08:54:50","slug":"a-gerincveloserultek-eletminoseg-vizsgalata","status":"publish","type":"page","link":"https:\/\/semmelweis.hu\/rehabilitaciosklinika\/tudomany\/kutataskereso\/a-gerincveloserultek-eletminoseg-vizsgalata\/","title":{"rendered":"A komplex rehabilit\u00e1ci\u00f3 hat\u00e1sa a gerincvel\u0151s\u00e9r\u00fcltek \u00e9letmin\u0151s\u00e9g\u00e9re"},"content":{"rendered":"<p><strong>A kutat\u00e1s elnevez\u00e9se :<\/strong><\/p>\n<p>A komplex rehabilit\u00e1ci\u00f3 hat\u00e1sa a gerincvel\u0151s\u00e9r\u00fcltek \u00e9letmin\u0151s\u00e9g\u00e9re<\/p>\n<p><strong>A kutat\u00e1s futamideje:<\/strong><\/p>\n<p>2021.01.09 &#8211; 2021.12.23.<\/p>\n<p><strong>A kutat\u00e1s vezet\u0151je:<\/strong><\/p>\n<p>Dr. Cserh\u00e1ti P\u00e9ter PhD<\/p>\n<p><strong>R\u00e9sztvev\u0151 kutat\u00f3k az OORI-b\u00f3l:<\/strong><\/p>\n<ul>\n<li>Erd\u0151si Petra,<\/li>\n<li>Dr. Cserh\u00e1ti P\u00e9ter PhD<\/li>\n<\/ul>\n<p><strong>K\u00fcls\u0151 partnerek<\/strong><\/p>\n<ul>\n<li>Dr. Zempl\u00e9nyi Antal<\/li>\n<li>Dr. Endrei N\u00f3ra<\/li>\n<\/ul>\n<p><strong>A kutat\u00e1s f\u0151bb c\u00e9lkit\u0171z\u00e9sei:<\/strong><\/p>\n<ul>\n<li>a komplex rehabilit\u00e1ci\u00f3 hat\u00e1s\u00e1nak vizsg\u00e1lata a gerincvel\u0151s\u00e9r\u00fcltek \u00e9letmin\u0151s\u00e9g\u00e9re EQ-5D-5L (+EQ-VAS) eg\u00e9szs\u00e9gi \u00e1llapotot felm\u00e9r\u0151 k\u00e9rd\u0151\u00edvvel<\/li>\n<li>felt\u00e1rni, hogy milyen t\u00e9nyez\u0151k (\u00e9letkor, nem, s\u00e9r\u00fcl\u00e9s eredete (traum\u00e1s \u2013 nem traum\u00e1s), ASIA: AIS szerinti beoszt\u00e1s, int\u00e9zetben elt\u00f6lt\u00f6tt napok sz\u00e1ma, s\u00e9r\u00fcl\u00e9st\u0151l a rehabilit\u00e1ci\u00f3 megkezd\u00e9s\u00e9ig eltelt id\u0151, egy\u00e9b t\u00e1rss\u00e9r\u00fcl\u00e9sek jelenl\u00e9te, nyom\u00e1si s\u00e9r\u00fcl\u00e9s jelenl\u00e9te, s\u00e9r\u00fcl\u00e9s szintje alatti izomt\u00f3nus, esetleges sz\u00f6v\u0151dm\u00e9nyek kialakul\u00e1sa, oszt\u00e1lyos fizioter\u00e1pia mellett alkalmazott ter\u00e1pi\u00e1k) vannak hat\u00e1ssal a v\u00e1ltoz\u00e1s m\u00e9rt\u00e9k\u00e9re<\/li>\n<li>vizsg\u00e1lni, hogy az \u00e9letmin\u0151s\u00e9gben bek\u00f6vetkezett javul\u00e1s korrel\u00e1l-e a FIM (Functional Independence Measurement) sk\u00e1l\u00e1n m\u00e9rt f\u00fcggetlens\u00e9gi \u00e9rt\u00e9k javul\u00e1s\u00e1val<\/li>\n<\/ul>\n<p><strong>A kutat\u00e1s f\u0151bb eredm\u00e9nyei:<\/strong><\/p>\n<ul>\n<li>a rehabilit\u00e1ci\u00f3 v\u00e9g\u00e9re mind a FIM, mind az EQ-5D-5L (+EQ-VAS) indexpontsz\u00e1mok jelent\u0151sen javultak (p&lt;0,001)<\/li>\n<li>rosszabb AIS st\u00e1tusz (A vagy B a D-hez k\u00e9pest) \u00e9s a nyom\u00e1si s\u00e9r\u00fcl\u00e9s (PI) jelenl\u00e9te a felv\u00e9telkor szignifik\u00e1nsan rosszabb FIM pontsz\u00e1mokkal j\u00e1rt egy\u00fctt<\/li>\n<li>t\u00e1voz\u00e1skor a FIM pontsz\u00e1mok 60,2%-ban hat\u00e1rozt\u00e1k meg az \u00e9letmin\u0151s\u00e9get az EQ-5D-5L hasznoss\u00e1gi pontsz\u00e1mok \u00e9rt\u00e9kei alapj\u00e1n (r\u00b2=0,602)<\/li>\n<li>a rehabilit\u00e1ci\u00f3 alatt a FIM pontsz\u00e1mok javul\u00e1s\u00e1nak m\u00e9rt\u00e9ke az EQ-5D-5L hasznoss\u00e1gi pontsz\u00e1mok javul\u00e1s\u00e1nak 24%-\u00e1t magyar\u00e1zta (r\u00b2=0,240)<\/li>\n<\/ul>\n","protected":false},"excerpt":{"rendered":"<p>A kutat\u00e1s elnevez\u00e9se : A komplex rehabilit\u00e1ci\u00f3 hat\u00e1sa a gerincvel\u0151s\u00e9r\u00fcltek \u00e9letmin\u0151s\u00e9g\u00e9re A kutat\u00e1s futamideje: 2021.01.09 &#8211; 2021.12.23. A kutat\u00e1s vezet\u0151je: Dr. Cserh\u00e1ti P\u00e9ter PhD R\u00e9sztvev\u0151 kutat\u00f3k az OORI-b\u00f3l: Erd\u0151si Petra, Dr. Cserh\u00e1ti P\u00e9ter PhD K\u00fcls\u0151 partnerek Dr. Zempl\u00e9nyi Antal Dr. Endrei N\u00f3ra A kutat\u00e1s f\u0151bb c\u00e9lkit\u0171z\u00e9sei: a komplex rehabilit\u00e1ci\u00f3 hat\u00e1s\u00e1nak vizsg\u00e1lata a gerincvel\u0151s\u00e9r\u00fcltek \u00e9letmin\u0151s\u00e9g\u00e9re EQ-5D-5L &hellip;<\/p>\n","protected":false},"author":102388,"featured_media":2414,"parent":2407,"menu_order":2,"comment_status":"closed","ping_status":"closed","template":"","meta":{"_acf_changed":false,"footnotes":""},"categories":[15],"tags":[11],"class_list":["post-1430","page","type-page","status-publish","has-post-thumbnail","hentry","category-lezarult-kutatas","tag-orvosi-kutatasok"],"acf":[],"_links":{"self":[{"href":"https:\/\/semmelweis.hu\/rehabilitaciosklinika\/wp-json\/wp\/v2\/pages\/1430","targetHints":{"allow":["GET"]}}],"collection":[{"href":"https:\/\/semmelweis.hu\/rehabilitaciosklinika\/wp-json\/wp\/v2\/pages"}],"about":[{"href":"https:\/\/semmelweis.hu\/rehabilitaciosklinika\/wp-json\/wp\/v2\/types\/page"}],"author":[{"embeddable":true,"href":"https:\/\/semmelweis.hu\/rehabilitaciosklinika\/wp-json\/wp\/v2\/users\/102388"}],"replies":[{"embeddable":true,"href":"https:\/\/semmelweis.hu\/rehabilitaciosklinika\/wp-json\/wp\/v2\/comments?post=1430"}],"version-history":[{"count":5,"href":"https:\/\/semmelweis.hu\/rehabilitaciosklinika\/wp-json\/wp\/v2\/pages\/1430\/revisions"}],"predecessor-version":[{"id":2490,"href":"https:\/\/semmelweis.hu\/rehabilitaciosklinika\/wp-json\/wp\/v2\/pages\/1430\/revisions\/2490"}],"up":[{"embeddable":true,"href":"https:\/\/semmelweis.hu\/rehabilitaciosklinika\/wp-json\/wp\/v2\/pages\/2407"}],"wp:featuredmedia":[{"embeddable":true,"href":"https:\/\/semmelweis.hu\/rehabilitaciosklinika\/wp-json\/wp\/v2\/media\/2414"}],"wp:attachment":[{"href":"https:\/\/semmelweis.hu\/rehabilitaciosklinika\/wp-json\/wp\/v2\/media?parent=1430"}],"wp:term":[{"taxonomy":"category","embeddable":true,"href":"https:\/\/semmelweis.hu\/rehabilitaciosklinika\/wp-json\/wp\/v2\/categories?post=1430"},{"taxonomy":"post_tag","embeddable":true,"href":"https:\/\/semmelweis.hu\/rehabilitaciosklinika\/wp-json\/wp\/v2\/tags?post=1430"}],"curies":[{"name":"wp","href":"https:\/\/api.w.org\/{rel}","templated":true}]}}