{"id":1428,"date":"2024-09-18T08:28:03","date_gmt":"2024-09-18T06:28:03","guid":{"rendered":"https:\/\/semmelweis.hu\/rehabilitaciosklinika\/?page_id=1428"},"modified":"2024-12-04T11:32:55","modified_gmt":"2024-12-04T10:32:55","slug":"az-emlekezet-egeszseges-es-serult-mukodesenek-eletszeru-megkozelitese","status":"publish","type":"page","link":"https:\/\/semmelweis.hu\/rehabilitaciosklinika\/tudomany\/kutataskereso\/az-emlekezet-egeszseges-es-serult-mukodesenek-eletszeru-megkozelitese\/","title":{"rendered":"Az Eml\u00e9kezet Eg\u00e9szs\u00e9ges \u00e9s S\u00e9r\u00fclt M\u0171k\u00f6d\u00e9s\u00e9nek \u00c9letszer\u0171 Megk\u00f6zel\u00edt\u00e9se"},"content":{"rendered":"<p><strong>A kutat\u00e1s elnevez\u00e9se\u00a0\u00a0\u00a0\u00a0<\/strong><\/p>\n<p>Az Eml\u00e9kezet Eg\u00e9szs\u00e9ges \u00e9s S\u00e9r\u00fclt M\u0171k\u00f6d\u00e9s\u00e9nek \u00c9letszer\u0171 Megk\u00f6zel\u00edt\u00e9se \/ Realistic approach to memory: healthy and impaired memory functions<\/p>\n<p><strong>A kutat\u00e1s futamideje\u00a0\u00a0\u00a0\u00a0<\/strong><\/p>\n<p>2010-2013<\/p>\n<p><strong>A kutat\u00e1s t\u00e1mogat\u00f3ja\u00a0\u00a0\u00a0<\/strong><\/p>\n<p>OTKA kutat\u00e1s nyilv\u00e1ntart\u00e1si sz\u00e1m: K-81641)<\/p>\n<p><strong>A kutat\u00e1s vezet\u0151je\u00a0\u00a0\u00a0\u00a0\u00a0\u00a0\u00a0\u00a0<\/strong><\/p>\n<p>K\u00f3nya Anik\u00f3<\/p>\n<p><strong>R\u00e9sztvev\u0151 kutat\u00f3k az OORI-b\u00f3l<\/strong><\/p>\n<ul>\n<li>Dr. Verseghi Anna<\/li>\n<li>Dr. S. Nagy Zita<\/li>\n<\/ul>\n<p><strong>K\u00fcls\u0151 partnerek\u00a0\u00a0\u00a0\u00a0\u00a0\u00a0\u00a0\u00a0\u00a0\u00a0\u00a0\u00a0\u00a0<\/strong><\/p>\n<p>ELTE<\/p>\n<p><strong>A kutat\u00e1s f\u0151bb c\u00e9lkit\u0171z\u00e9sei\u00a0\u00a0\u00a0\u00a0\u00a0\u00a0\u00a0\u00a0<\/strong><\/p>\n<p>Az eml\u00e9kezet \u00e9letszer\u0171 megk\u00f6zel\u00edt\u00e9s\u00e9nek a kognit\u00edv pszichol\u00f3gi\u00e1n bel\u00fcl tekintve is jelent\u0151s m\u00faltja van. A kutat\u00e1si ter\u00fclet alapvet\u0151en az eg\u00e9szs\u00e9ges ember eml\u00e9kezeti k\u00e9pess\u00e9geit vizsg\u00e1lja olyan \u00f6sszetett m\u00f3don, hogy az alapvet\u0151 folyamatokt\u00f3l eljut az \u201eeml\u00e9kez\u0151 emberig\u201d. Fokozott hangs\u00falyt kap ennek sor\u00e1n az eml\u00e9kez\u00e9s elbesz\u00e9l\u0151 szintje: ennek introspekt\u00edv (fenomenol\u00f3giai) \u00e9s t\u00f6rt\u00e9netmes\u00e9l\u0151 (narrat\u00edv) aspektusa. M\u00e1sfel\u0151l tekintve, az \u00e9letszer\u0171 megk\u00f6zel\u00edt\u00e9s term\u00e9szetszer\u0171leg tal\u00e1lkozik az eml\u00e9kezet s\u00e9r\u00fcl\u00e9s\u00e9re \u00f6sszpontos\u00edt\u00f3 neuropszichol\u00f3giai kutat\u00e1sokkal.<\/p>\n<p>Kutat\u00e1sainkban az eg\u00e9szs\u00e9ges \u00e9s s\u00e9r\u00fclt eml\u00e9kezet egym\u00e1sra vet\u00edt\u00e9s\u00e9re t\u00f6reksz\u00fcnk saj\u00e1tosan emberi k\u00e9pess\u00e9geket hangs\u00falyoz\u00f3 \u00e9letszer\u0171 helyzetekben. K\u00e9t f\u0151 ter\u00fcletet emel\u00fcnk ki, amelyek a szem\u00e9lyes \u00e9s \u00e9lm\u00e9nyszer\u0171 eml\u00e9kezetet k\u00e9pviselik:<\/p>\n<p style=\"padding-left: 40px;\"><em>(1) Az egyedi eml\u00e9kek megjelen\u00e9se az \u00f6n\u00e9letrajzi elbesz\u00e9l\u00e9sben<\/em><\/p>\n<p style=\"padding-left: 40px;\">H\u00edv\u00f3szavas \u00e9s interj\u00fa helyzetek \u00e1ltal vizsg\u00e1ljuk az eml\u00e9kezeti rekollekci\u00f3 sokszoros term\u00e9szet\u00e9t, eg\u00e9szs\u00e9ges \u00e9s s\u00e9r\u00fclt m\u0171k\u00f6d\u00e9s\u00e9t. Az elemz\u00e9s az egyedi eml\u00e9ket t\u00e9ri szituat\u00edv modellbe helyezi, \u00e9s felt\u00e1rja a tud\u00e1ssal val\u00f3 funkcion\u00e1lis kapcsolat\u00e1t. Kategoriz\u00e1ci\u00f3s k\u00eds\u00e9rletekben foglalkozunk a tud\u00e1s \u00e9s az eml\u00e9k \u00e1tj\u00e1rhat\u00f3s\u00e1g\u00e1val.<\/p>\n<p style=\"padding-left: 40px;\"><em>(2) T\u00e9ri szervez\u0151d\u00e9s szerepe az eml\u00e9kezeti felid\u00e9z\u00e9sben<\/em><\/p>\n<p style=\"padding-left: 40px;\">A k\u00eds\u00e9rleti \u00e9s teszthelyzetek a t\u00e9ri eml\u00e9kezetet elt\u00e9r\u0151 vonatkoz\u00e1saiban vizsg\u00e1lj\u00e1k. \u00daj szempontot jelent a szem\u00e9ly saj\u00e1t aktivit\u00e1sa \u00e9s tests\u00e9m\u00e1ja az eml\u00e9kezeti-t\u00e9r megszervez\u00e9s\u00e9ben. A szubjekt\u00edv szervez\u0151d\u00e9s a cselekv\u0151 embert \u00e1ll\u00edtja a t\u00e9ri t\u00e1j\u00e9koz\u00f3d\u00e1s el\u0151ter\u00e9be. A neuropszichol\u00f3giai vizsg\u00e1latok a s\u00e9r\u00fcl\u00e9sek lateralit\u00e1s\u00e1t veszik els\u0151dlegesen figyelembe.<\/p>\n<p>A k\u00e9t kiemelt ter\u00fclet \u00e1ltal feltett elm\u00e9leti k\u00e9rd\u00e9s: az emberi eml\u00e9kezet nyelvi \u00e9s t\u00e9rileg\/ment\u00e1lisan modell\u00e1lt \u00e9lm\u00e9nyterm\u00e9szet\u00e9nek kapcsolata, a nyelvi \u00e9s t\u00e9ri epizodikus eml\u00e9kezet viselked\u00e9ses megfelel\u00e9se.<\/p>\n<p>Egyetemi \u00e9s klinikai int\u00e9zm\u00e9nyek (ELTE PPK, GYPK, Orsz\u00e1gos Orvosi Rehabilit\u00e1ci\u00f3s Int\u00e9zet, Budai Gyermekk\u00f3rh\u00e1z Epilepszia K\u00f6zpont, Vadaskert Gyermek \u00e9s Ifj\u00fas\u00e1gpszichi\u00e1triai K\u00f3rh\u00e1z \u00e9s Szakambulancia) k\u00f6z\u00f6s kutat\u00e1sa seg\u00edti az eg\u00e9szs\u00e9ges \u00e9s s\u00e9r\u00fclt eml\u00e9kezet egym\u00e1sra vet\u00edt\u00e9s\u00e9t.<\/p>\n<p><strong>A kutat\u00e1s eredm\u00e9nyeib\u0151l sz\u00fcletett publik\u00e1ci\u00f3k\u00a0<\/strong><\/p>\n<ul>\n<li>S. Nagy Z. (2016). Egyens\u00faly testben \u00e9s l\u00e9lekben: <strong>Az egyens\u00faly h\u00e1rom aspektus\u00e1nak vizsg\u00e1lata.<\/strong> Magyar Pszichol\u00f3giai T\u00e1rsas\u00e1g XXV. Orsz\u00e1gos Tudom\u00e1nyos Nagygy\u0171l\u00e9se, Budapest. Poszter. Let\u00f6lt\u00e9s<\/li>\n<li>Verseghi A., B\u00e1lint B., S. Nagy Z. (2013) <strong>A \u201e Keret\u201d Feladat, mint tapasztal\u00e1s eszk\u00f6ze az \u00f6nmegismer\u00e9s folyamat\u00e1ban agys\u00e9r\u00fclt szem\u00e9lyekn\u00e9l.<\/strong> Magyar Pszichol\u00f3giai T\u00e1rsas\u00e1g XXI. Orsz\u00e1gos Tudom\u00e1nyos Nagygy\u0171l\u00e9se, 2013. j\u00fanius 5-7. Budapest. Kapcsolataink vil\u00e1ga, Kivonatk\u00f6tet, 53. o. Absztrakt let\u00f6lt\u00e9se<\/li>\n<li>Nagy Z. (2013) <strong>A testlek\u00e9pez\u0151d\u00e9s t\u00f6bbsz\u00f6r\u00f6s s\u00e9r\u00fcl\u00e9se neglektben.<\/strong> Magyar Pszichol\u00f3giai T\u00e1rsas\u00e1g XXI. Orsz\u00e1gos Tudom\u00e1nyos Nagygy\u0171l\u00e9se, 2013. j\u00fanius 5-7. Budapest. Kapcsolataink vil\u00e1ga, Kivonatk\u00f6tet. 53-54.o. Let\u00f6lt\u00e9s<\/li>\n<li>Verseghi A., S. Nagy Z (2012) <strong>A G\u00f6mb Komplex \u00c1bra \u2013 A t\u00e9rbeli szervez(\u0151d)\u00e9s folyamat\u00e1nak vizsg\u00e1lata.<\/strong> Magyar Pszichol\u00f3giai T\u00e1rsas\u00e1g XXI. Orsz\u00e1gos Tudom\u00e1nyos Nagygy\u0171l\u00e9se, 2012. m\u00e1jus 30 &#8211; j\u00fanius 1. Szombathely, poszter. A tudom\u00e1ny emberi arca, Kivonatk\u00f6tet, 301. o. Absztrakt let\u00f6lt\u00e9se<\/li>\n<li>Verseghi A., Donauer N., R\u00e1k\u00f3czi B., Urbanics I. (2012) <strong>T\u00e9ri elrendez\u00e9s tanul\u00e1s\u00e1nak vizsg\u00e1lata eg\u00e9szs\u00e9ges \u00e9s agys\u00e9r\u00fclt szem\u00e9lyekn\u00e9l.<\/strong> Magyar Pszichol\u00f3giai T\u00e1rsas\u00e1g XXI. Orsz\u00e1gos Tudom\u00e1nyos Nagygy\u0171l\u00e9se, 2012. m\u00e1jus 30 &#8211; j\u00fanius 01. Budapest, poszter. A tudom\u00e1ny emberi arca, Kivonatk\u00f6tet, 301. o. Absztrakt let\u00f6lt\u00e9se<\/li>\n<li>Nagy, Z. (2012). <strong>Testlek\u00e9pz\u0151d\u00e9s \u00e9s mozg\u00e1s<\/strong>. Magyar Pszichol\u00f3giai T\u00e1rsas\u00e1g XXI. Orsz\u00e1gos Tudom\u00e1nyos Nagygy\u0171l\u00e9se, Szombathely. Poszter. Let\u00f6lt\u00e9s<\/li>\n<li>Verseghi, A., S. Nagy, Z., R\u00e1k\u00f3czi, B. (2011) <strong>A t\u00e9ri-vizu\u00e1lis eml\u00e9kezet folyamatszint\u0171 megk\u00f6zel\u00edt\u00e9se agys\u00e9r\u00fclt szem\u00e9lyekn\u00e9l.<\/strong> Magyar Pszichol\u00f3giai T\u00e1rsas\u00e1g XX. Jubileumi Orsz\u00e1gos Tudom\u00e1nyos Nagygy\u0171l\u00e9se, Budapest. El\u0151ad\u00e1s. Let\u00f6lt\u00e9s<\/li>\n<li>Nagy, Z. (2011) <strong>A testlek\u00e9pez\u0151d\u00e9s elm\u00e9leti \u00e9s gyakorlati vonatkoz\u00e1sai.<\/strong> Orvosi Rehabilit\u00e1ci\u00f3 \u00e9s Fizik\u00e1lis Medicina Magyarorsz\u00e1gi T\u00e1rsas\u00e1ga XXIX. Orsz\u00e1gos V\u00e1ndorgy\u0171l\u00e9se, Ny\u00edregyh\u00e1za. El\u0151ad\u00e1s. Let\u00f6lt\u00e9s<\/li>\n<li>Nagy, Z. (2013). <strong>A dinamikus posztur\u00e1lis kontroll kapcsolata a perszon\u00e1lis t\u00e9r lek\u00e9pez\u00e9s\u00e9vel.<\/strong> K\u00e9zirat. Let\u00f6lt\u00e9s<\/li>\n<li>Nagy, Z., Verseghi, A., V. Koml\u00f3si, A., R\u00e1k\u00f3czi, B., Boros, E. (2013). <strong>Multiple disruption of bodyrepresentation in neglect. Clinical Neurosciense<\/strong> (Ideggy\u00f3gy\u00e1szai Szemle), elfogad\u00e1s: 2013. 01. 11. IF: 0,488 Let\u00f6lt\u00e9s<\/li>\n<li>Nagy Z. (2013) \u00c9nk\u00e9p, testk\u00e9p, \u00f6n\u00e9rt\u00e9kel\u00e9s. <strong>A testlek\u00e9pez\u0151d\u00e9s neuropszichol\u00f3giai vonatkoz\u00e1sai.<\/strong> Doktori disszert\u00e1ci\u00f3 (ELTE Budapest). V\u00e9d\u00e9s el\u0151tt. Let\u00f6lt\u00e9s<\/li>\n<li>Nagy, Z., Horv\u00e1th, L., Sz\u0151ll\u0151si, \u00c1., Bajnai, N., Donauer, N., K\u00f3nya, A. (2011) <strong>K\u00e9pzeleti \u00e9s eml\u00e9kezeti helyzet a reprezent\u00e1ci\u00f3s neglekt kimutat\u00e1s\u00e1ra.<\/strong> K\u00e9zirat.<\/li>\n<li>Nagy Zita \u00e9s Donauer N\u00e1ndor: <strong>Stabilom\u00e9teres vizsg\u00e1latok. Statikus \u00e9s dinamikus egyens\u00falyoz\u00e1si k\u00e9pess\u00e9g vizsg\u00e1lata.<\/strong> (ELTE, OORI, Budai Gyermekk\u00f3rh\u00e1z) Let\u00f6lt\u00e9s<\/li>\n<li>Somogyi Eszter \u00e9s Donauer N\u00e1ndor: <strong>Motoros \u00fcgyess\u00e9g t\u00e9ri dinamikus feladatokban.<\/strong> (ELTE, Budai Gyermekk\u00f3rh\u00e1z, Vadaskert) Let\u00f6lt\u00e9s<\/li>\n<li>Verseghi Anna, S. Nagy Zita: <strong>T\u00e9rbeli strat\u00e9gia alkot\u00e1s folyamatk\u00f6vet\u00e9se<\/strong>. (ELTE, OORI)<\/li>\n<\/ul>\n","protected":false},"excerpt":{"rendered":"<p>A kutat\u00e1s elnevez\u00e9se\u00a0\u00a0\u00a0\u00a0 Az Eml\u00e9kezet Eg\u00e9szs\u00e9ges \u00e9s S\u00e9r\u00fclt M\u0171k\u00f6d\u00e9s\u00e9nek \u00c9letszer\u0171 Megk\u00f6zel\u00edt\u00e9se \/ Realistic approach to memory: healthy and impaired memory functions A kutat\u00e1s futamideje\u00a0\u00a0\u00a0\u00a0 2010-2013 A kutat\u00e1s t\u00e1mogat\u00f3ja\u00a0\u00a0\u00a0 OTKA kutat\u00e1s nyilv\u00e1ntart\u00e1si sz\u00e1m: K-81641) A kutat\u00e1s vezet\u0151je\u00a0\u00a0\u00a0\u00a0\u00a0\u00a0\u00a0\u00a0 K\u00f3nya Anik\u00f3 R\u00e9sztvev\u0151 kutat\u00f3k az OORI-b\u00f3l Dr. Verseghi Anna Dr. S. Nagy Zita K\u00fcls\u0151 partnerek\u00a0\u00a0\u00a0\u00a0\u00a0\u00a0\u00a0\u00a0\u00a0\u00a0\u00a0\u00a0\u00a0 ELTE A kutat\u00e1s f\u0151bb &hellip;<\/p>\n","protected":false},"author":102388,"featured_media":2624,"parent":2407,"menu_order":0,"comment_status":"closed","ping_status":"closed","template":"","meta":{"_acf_changed":false,"footnotes":""},"categories":[15],"tags":[21,25],"class_list":["post-1428","page","type-page","status-publish","has-post-thumbnail","hentry","category-lezarult-kutatas","tag-neuropszichologiai-kutatasok","tag-pszichologiai-kutatasok"],"acf":[],"_links":{"self":[{"href":"https:\/\/semmelweis.hu\/rehabilitaciosklinika\/wp-json\/wp\/v2\/pages\/1428","targetHints":{"allow":["GET"]}}],"collection":[{"href":"https:\/\/semmelweis.hu\/rehabilitaciosklinika\/wp-json\/wp\/v2\/pages"}],"about":[{"href":"https:\/\/semmelweis.hu\/rehabilitaciosklinika\/wp-json\/wp\/v2\/types\/page"}],"author":[{"embeddable":true,"href":"https:\/\/semmelweis.hu\/rehabilitaciosklinika\/wp-json\/wp\/v2\/users\/102388"}],"replies":[{"embeddable":true,"href":"https:\/\/semmelweis.hu\/rehabilitaciosklinika\/wp-json\/wp\/v2\/comments?post=1428"}],"version-history":[{"count":6,"href":"https:\/\/semmelweis.hu\/rehabilitaciosklinika\/wp-json\/wp\/v2\/pages\/1428\/revisions"}],"predecessor-version":[{"id":2500,"href":"https:\/\/semmelweis.hu\/rehabilitaciosklinika\/wp-json\/wp\/v2\/pages\/1428\/revisions\/2500"}],"up":[{"embeddable":true,"href":"https:\/\/semmelweis.hu\/rehabilitaciosklinika\/wp-json\/wp\/v2\/pages\/2407"}],"wp:featuredmedia":[{"embeddable":true,"href":"https:\/\/semmelweis.hu\/rehabilitaciosklinika\/wp-json\/wp\/v2\/media\/2624"}],"wp:attachment":[{"href":"https:\/\/semmelweis.hu\/rehabilitaciosklinika\/wp-json\/wp\/v2\/media?parent=1428"}],"wp:term":[{"taxonomy":"category","embeddable":true,"href":"https:\/\/semmelweis.hu\/rehabilitaciosklinika\/wp-json\/wp\/v2\/categories?post=1428"},{"taxonomy":"post_tag","embeddable":true,"href":"https:\/\/semmelweis.hu\/rehabilitaciosklinika\/wp-json\/wp\/v2\/tags?post=1428"}],"curies":[{"name":"wp","href":"https:\/\/api.w.org\/{rel}","templated":true}]}}