{"id":1426,"date":"2024-09-18T08:27:35","date_gmt":"2024-09-18T06:27:35","guid":{"rendered":"https:\/\/semmelweis.hu\/rehabilitaciosklinika\/?page_id=1426"},"modified":"2024-11-22T10:14:17","modified_gmt":"2024-11-22T09:14:17","slug":"entwicklung-von-rehabilitationsprotokollen-fur-ruckenmarkeverletzte","status":"publish","type":"page","link":"https:\/\/semmelweis.hu\/rehabilitaciosklinika\/tudomany\/kutataskereso\/entwicklung-von-rehabilitationsprotokollen-fur-ruckenmarkeverletzte\/","title":{"rendered":"Entwicklung von Rehabilitationsprotokollen f\u00fcr R\u00fcckenmarkeverletzte"},"content":{"rendered":"<p><strong>A kutat\u00e1s elnevez\u00e9se\u00a0\u00a0\u00a0\u00a0<\/strong><\/p>\n<p>Entwicklung von Rehabilitationsprotokollen f\u00fcr R\u00fcckenmarkeverletzte<\/p>\n<p><strong>A kutat\u00e1s futamideje\u00a0\u00a0\u00a0\u00a0<\/strong><\/p>\n<p>2016.09.01 \u2013 2017.12.31<\/p>\n<p><strong>A kutat\u00e1s t\u00e1mogat\u00f3ja\u00a0\u00a0\u00a0<\/strong><\/p>\n<p>Osztr\u00e1k-Magyar Akci\u00f3 Alap\u00edtv\u00e1ny<\/p>\n<p><strong>A kutat\u00e1s vezet\u0151je\u00a0\u00a0\u00a0\u00a0\u00a0\u00a0\u00a0\u00a0<\/strong><\/p>\n<p>Dr. Laczk\u00f3 J\u00f3zsef\u00a0\u00a0 \u00e9s Dr. Winfried Mayr<\/p>\n<p><strong>R\u00e9sztvev\u0151 kutat\u00f3k az OORI-b\u00f3l<\/strong><\/p>\n<ul>\n<li>Dr. Klauber Andr\u00e1s<\/li>\n<li>Dr. Putz Mikl\u00f3s<\/li>\n<\/ul>\n<p><strong>K\u00fcls\u0151 partnerek\u00a0\u00a0\u00a0\u00a0\u00a0\u00a0\u00a0\u00a0\u00a0\u00a0\u00a0\u00a0\u00a0<\/strong><\/p>\n<ul>\n<li>B\u00e9csi Orvosi Egyetem<\/li>\n<li>P\u00e9csi Tudom\u00e1nyegyetem<\/li>\n<li>MTA Wigner Fizikai Kutat\u00f3k\u00f6zpont<\/li>\n<\/ul>\n<p><strong>A kutat\u00e1s f\u0151bb c\u00e9lkit\u0171z\u00e9sei<\/strong><\/p>\n<p>A funkcion\u00e1lis elektromos izomingerl\u00e9s ter\u00fclet\u00e9n szerzett tapasztalatok \u00e9s egym\u00e1st kieg\u00e9sz\u00edt\u0151 szak\u00e9rtelmek cser\u00e9je a B\u00e9csi Orvosi Egyetem Orvosi Fizika \u00e9s Eg\u00e9szs\u00e9g\u00fcgyi M\u00e9rn\u00f6k Centrum\u00e1nak kutat\u00f3i \u00e9s magyar kutat\u00f3k k\u00f6z\u00f6tt.<\/p>\n<p>Gerincvel\u0151s\u00e9r\u00fcltek ker\u00e9kp\u00e1roz\u00f3 v\u00e9gtagmozg\u00e1s\u00e1nak szab\u00e1lyoz\u00e1sa, \u00e9s teljes\u00edtm\u00e9ny\u00fck monitoroz\u00e1sa.<\/p>\n<p><strong>A kutat\u00e1s f\u0151bb eredm\u00e9nyei<\/strong><\/p>\n<p>K\u00f6lcs\u00f6n\u00f6s l\u00e1togat\u00e1sok egym\u00e1s int\u00e9zeteiben. Az osztr\u00e1k partner bemutatott egy m\u00f3dszert az OORI-ban annak felm\u00e9r\u00e9s\u00e9re, hogy hogyan befoly\u00e1solja az izom szpaszticit\u00e1st a funkcion\u00e1lis ideg-izom elektromos stimul\u00e1ci\u00f3 gerincvel\u0151s\u00e9r\u00fcltekn\u00e9l. E mellet a h\u00e1ts\u00f3 \u00e1gy\u00e9ki ideggy\u00f6k\u00f6kn\u00e9l alkalmazott neminvaz\u00edv elektromos gerincvel\u0151i stimul\u00e1ci\u00f3 hat\u00e1s\u00e1t is megvizsg\u00e1ltuk.\u00a0 Tov\u00e1bb\u00e1 petyh\u00fcdt izmok aktiv\u00e1l\u00e1s\u00e1nak speci\u00e1lis m\u00f3dszereit mutatt\u00e1k be, flaccid paraplegia eset\u00e9n.<\/p>\n<p>Az osztr\u00e1k partner k\u00f6lcs\u00f6n adott az OORI-nak egy 4-csatorn\u00e1s elektromos stimul\u00e1torralfelszerel speci\u00e1lis triciklit, ami denerv\u00e1lt izmok ingerl\u00e9s\u00e9hez alkalmazhat\u00f3. Ezt folyamatosan haszn\u00e1ljuk.Magyarorsz\u00e1gr\u00f3l a B\u00e9csi Orvosi Egyetemre tett l\u00e1togat\u00e1saink sor\u00e1n r\u00e9szt vett\u00fcnk olyan m\u00e9r\u00e9sekben, amelyek a neminvaz\u00edv gerincvel\u0151i ideggy\u00f6k stimul\u00e1ci\u00f3 hat\u00e1s\u00e1t vizsg\u00e1lta az izomg\u00f6rcs\u00f6k modul\u00e1ci\u00f3j\u00e1ra.<\/p>\n<p>Az osztr\u00e1k \u00e9s magyar projektvezet\u0151 k\u00f6z\u00f6sen szervezett egy speci\u00e1lis szekci\u00f3t az Eg\u00e9szs\u00e9g\u00fcgyi Fizikai \u00e9s Orvoseg\u00e9szs\u00e9g\u00fcgyi M\u00e9rn\u00f6ki Vil\u00e1gkongresszusra <em>\u201eMozg\u00e1s-rehabilit\u00e1ci\u00f3 t\u00e1mogat\u00e1sa FES-el: Jelenlegi lehet\u0151s\u00e9gek \u00e9s korl\u00e1tok a fejlett technol\u00f3gia \u00e9s \u00e9lettani val\u00f3s\u00e1g k\u00f6lcs\u00f6nhat\u00e1s\u00e1ban\u201d<\/em> c\u00edmmel.<\/p>\n<p><strong>A kutat\u00e1s eredm\u00e9nyeib\u0151l sz\u00fcletett publik\u00e1ci\u00f3k\u00a0<\/strong><\/p>\n<ul>\n<li>Mravcsik M, Kast Ch, Malik Sz, Laczko J. Mayr W. (2018)\u00a0<strong>Cycling speed during Functional Electrical Stimulation (FES) assisted tricycling.<\/strong>\u00a0Accepted for oral presentation at the World Congress on Medical Physics &amp; Biomedical Engineering, Pargue 2018.<\/li>\n<li>MravcsikM, Kaluber A, Laczko J. (2017): <strong>FES driven cycling: increased crank resistance in the case of lower level of injury \u2013 comparison of case studies.<\/strong> IFESS 2017, 21st Annual Meeting of the International Functional Electrical Stimulation Society, Conference proceedings, p. 87., Rehabweek 2017, London, UK.\u00a0<\/li>\n<li>Malik Sz, Mravcsik M, Botzheim L, Laczko J (2017): <strong>Muscle synergies during arm cycling by dominant and non-dominant arms.<\/strong> In: Annual Meeting of the Society for the Neural Control of Movement, Poster Abstracts 1-G-134. p. 99-100.<\/li>\n<li>Laczko J. (2017): <strong>Mozg\u00e1s \u2013 Rehabilit\u00e1ci\u00f3<\/strong>. Magyar Sporttudom\u00e1nyi Szemle, 2017\/2 18. \u00e9vf. 70. sz\u00e1m. pp. 56-57.<\/li>\n<\/ul>\n","protected":false},"excerpt":{"rendered":"<p>A kutat\u00e1s elnevez\u00e9se\u00a0\u00a0\u00a0\u00a0 Entwicklung von Rehabilitationsprotokollen f\u00fcr R\u00fcckenmarkeverletzte A kutat\u00e1s futamideje\u00a0\u00a0\u00a0\u00a0 2016.09.01 \u2013 2017.12.31 A kutat\u00e1s t\u00e1mogat\u00f3ja\u00a0\u00a0\u00a0 Osztr\u00e1k-Magyar Akci\u00f3 Alap\u00edtv\u00e1ny A kutat\u00e1s vezet\u0151je\u00a0\u00a0\u00a0\u00a0\u00a0\u00a0\u00a0\u00a0 Dr. Laczk\u00f3 J\u00f3zsef\u00a0\u00a0 \u00e9s Dr. Winfried Mayr R\u00e9sztvev\u0151 kutat\u00f3k az OORI-b\u00f3l Dr. Klauber Andr\u00e1s Dr. Putz Mikl\u00f3s K\u00fcls\u0151 partnerek\u00a0\u00a0\u00a0\u00a0\u00a0\u00a0\u00a0\u00a0\u00a0\u00a0\u00a0\u00a0\u00a0 B\u00e9csi Orvosi Egyetem P\u00e9csi Tudom\u00e1nyegyetem MTA Wigner Fizikai Kutat\u00f3k\u00f6zpont A kutat\u00e1s f\u0151bb c\u00e9lkit\u0171z\u00e9sei &hellip;<\/p>\n","protected":false},"author":102388,"featured_media":2419,"parent":2407,"menu_order":0,"comment_status":"closed","ping_status":"closed","template":"","meta":{"_acf_changed":false,"footnotes":""},"categories":[15],"tags":[20],"class_list":["post-1426","page","type-page","status-publish","has-post-thumbnail","hentry","category-lezarult-kutatas","tag-fes-kutatasok"],"acf":[],"_links":{"self":[{"href":"https:\/\/semmelweis.hu\/rehabilitaciosklinika\/wp-json\/wp\/v2\/pages\/1426","targetHints":{"allow":["GET"]}}],"collection":[{"href":"https:\/\/semmelweis.hu\/rehabilitaciosklinika\/wp-json\/wp\/v2\/pages"}],"about":[{"href":"https:\/\/semmelweis.hu\/rehabilitaciosklinika\/wp-json\/wp\/v2\/types\/page"}],"author":[{"embeddable":true,"href":"https:\/\/semmelweis.hu\/rehabilitaciosklinika\/wp-json\/wp\/v2\/users\/102388"}],"replies":[{"embeddable":true,"href":"https:\/\/semmelweis.hu\/rehabilitaciosklinika\/wp-json\/wp\/v2\/comments?post=1426"}],"version-history":[{"count":6,"href":"https:\/\/semmelweis.hu\/rehabilitaciosklinika\/wp-json\/wp\/v2\/pages\/1426\/revisions"}],"predecessor-version":[{"id":2499,"href":"https:\/\/semmelweis.hu\/rehabilitaciosklinika\/wp-json\/wp\/v2\/pages\/1426\/revisions\/2499"}],"up":[{"embeddable":true,"href":"https:\/\/semmelweis.hu\/rehabilitaciosklinika\/wp-json\/wp\/v2\/pages\/2407"}],"wp:featuredmedia":[{"embeddable":true,"href":"https:\/\/semmelweis.hu\/rehabilitaciosklinika\/wp-json\/wp\/v2\/media\/2419"}],"wp:attachment":[{"href":"https:\/\/semmelweis.hu\/rehabilitaciosklinika\/wp-json\/wp\/v2\/media?parent=1426"}],"wp:term":[{"taxonomy":"category","embeddable":true,"href":"https:\/\/semmelweis.hu\/rehabilitaciosklinika\/wp-json\/wp\/v2\/categories?post=1426"},{"taxonomy":"post_tag","embeddable":true,"href":"https:\/\/semmelweis.hu\/rehabilitaciosklinika\/wp-json\/wp\/v2\/tags?post=1426"}],"curies":[{"name":"wp","href":"https:\/\/api.w.org\/{rel}","templated":true}]}}