{"id":1424,"date":"2024-09-18T08:27:06","date_gmt":"2024-09-18T06:27:06","guid":{"rendered":"https:\/\/semmelweis.hu\/rehabilitaciosklinika\/?page_id=1424"},"modified":"2024-11-22T09:46:13","modified_gmt":"2024-11-22T08:46:13","slug":"itoilet","status":"publish","type":"page","link":"https:\/\/semmelweis.hu\/rehabilitaciosklinika\/tudomany\/kutataskereso\/itoilet\/","title":{"rendered":"iToilet: Infokommunik\u00e1ci\u00f3s eszk\u00f6z\u00f6kkel kieg\u00e9sz\u00edtett mell\u00e9khelyis\u00e9g az akt\u00edv \u00e9letm\u00f3d t\u00e1mogat\u00e1s\u00e1ra"},"content":{"rendered":"<p><strong>A kutat\u00e1s elnevez\u00e9se\u00a0\u00a0\u00a0\u00a0<\/strong><\/p>\n<p>iToilet: Infokommunik\u00e1ci\u00f3s eszk\u00f6z\u00f6kkel kieg\u00e9sz\u00edtett mell\u00e9khelyis\u00e9g az akt\u00edv \u00e9letm\u00f3d t\u00e1mogat\u00e1s\u00e1ra<\/p>\n<p><a class=\"btn btn-secondary\" href=\"https:\/\/www.aat.tuwien.ac.at\/itoilet\/\" target=\"_blank\" rel=\"noopener\">Information in English<\/a><\/p>\n<p><strong>A kutat\u00e1s futamideje\u00a0\u00a0\u00a0\u00a0<\/strong><\/p>\n<p>2016.04.01. \u2013 2018.09.30.<\/p>\n<p><strong>A kutat\u00e1s t\u00e1mogat\u00f3ja\u00a0\u00a0\u00a0<\/strong><\/p>\n<p>NKFIH \u00e9s Eur\u00f3pai Uni\u00f3 Active and Assisted Living Joint Programme (AAL)<\/p>\n<p><strong>A kutat\u00e1s vezet\u0151je\u00a0\u00a0\u00a0\u00a0\u00a0\u00a0\u00a0\u00a0<\/strong><\/p>\n<p>Dr. Fazekas G\u00e1bor Ph.D.<\/p>\n<p><strong>Ismertet\u0151 &#8211; A kutat\u00e1s f\u0151bb c\u00e9lkit\u0171z\u00e9sei\u00a0\u00a0\u00a0<\/strong><\/p>\n<p><img loading=\"lazy\" decoding=\"async\" class=\"alignright size-thumbnail wp-image-2471\" src=\"https:\/\/semmelweis.hu\/rehabilitaciosklinika\/files\/2024\/11\/iToilet-logo-150x150.png\" alt=\"\" width=\"150\" height=\"150\" srcset=\"https:\/\/semmelweis.hu\/rehabilitaciosklinika\/files\/2024\/11\/iToilet-logo-150x150.png 150w, https:\/\/semmelweis.hu\/rehabilitaciosklinika\/files\/2024\/11\/iToilet-logo.png 300w\" sizes=\"auto, (max-width: 150px) 100vw, 150px\" \/>Az iToilet projekt c\u00e9lja olyan WC-rendszer fejleszt\u00e9se, mely az id\u0151s vagy mozg\u00e1sukban korl\u00e1tozott szem\u00e9lyeknek teheti biztons\u00e1gosabb\u00e1 \u00e9s egyszer\u0171bb\u00e9 a WC-haszn\u00e1latot. Az alap t\u00edpus egy fel\u00e1ll\u00e1st seg\u00edt\u0151 eszk\u00f6z, mellyel az \u00fcl\u0151lap magass\u00e1g\u00e1t \u00e9s d\u0151l\u00e9ssz\u00f6g\u00e9t lehet be\u00e1ll\u00edtani. Ezt az alapt\u00edpust a projekt keretein bel\u00fcl olyan infokommunik\u00e1ci\u00f3s modulokkal kieg\u00e9sz\u00edteni, mint a felhaszn\u00e1l\u00f3 azonos\u00edt\u00e1sa \u00e9s egy\u00e9ni be\u00e1ll\u00edt\u00e1sainak alkalmaz\u00e1sa, az egyens\u00falyveszt\u00e9s illetve az eles\u00e9s \u00e9rz\u00e9kel\u00e9se vagy a besz\u00e9ddel val\u00f3 ir\u00e1ny\u00edthat\u00f3s\u00e1g.<\/p>\n<p>Az Orsz\u00e1gos Orvosi Rehabilit\u00e1ci\u00f3s Int\u00e9zet a projektben a felhaszn\u00e1l\u00f3i \u00e9s gondoz\u00f3i oldalt k\u00e9pviseli, ennek megfelel\u0151en feladatai k\u00f6z\u00f6tt szerepel a felhaszn\u00e1l\u00f3i ig\u00e9nyek felm\u00e9r\u00e9se, a protopt\u00edpusok laborat\u00f3riumi \u00e9s helysz\u00edni kipr\u00f3b\u00e1l\u00e1sa \u00e9s a tapasztalatok tov\u00e1bb\u00edt\u00e1sa a technikai partnerek fel\u00e9 valamint nem utols\u00f3 sorban az etikai vonatkoz\u00e1sok szem el\u0151tt tart\u00e1sa.<\/p>\n<p><strong>K\u00f6zrem\u0171k\u00f6d\u0151k az OORI r\u00e9sz\u00e9r\u0151l:<\/strong><\/p>\n<p>A kutat\u00e1s vezet\u0151je: Dr. Fazekas G\u00e1bor Ph.D. orvos<br \/>\nMunkat\u00e1rsak: Pilissy Tam\u00e1s MSc informatikus, e\u00fc. m\u00e9rn\u00f6k<br \/>\nT\u00f3th Andr\u00e1s MSc, g\u00e9p\u00e9szm\u00e9rn\u00f6k<br \/>\nSobj\u00e1k Anna, gy\u00f3gytorn\u00e1sz<br \/>\nM\u00e9sz\u00e1ros Edit BA<br \/>\nR\u00e9vay Edit Ph.D.<br \/>\nKozma Blanka<br \/>\ntov\u00e1bb\u00e1 egy-egy feladatra bekapcsol\u00f3d\u00f3 munkat\u00e1rsak:<\/p>\n<p><strong>K\u00fcls\u0151 partnerek\u00a0\u00a0\u00a0\u00a0\u00a0\u00a0\u00a0\u00a0\u00a0\u00a0\u00a0\u00a0\u00a0<\/strong><\/p>\n<ul>\n<li><a href=\"https:\/\/www.tuwien.at\/\" target=\"_blank\" rel=\"noopener\">Technische Universit\u00e4t Wien<\/a> (koordin\u00e1tor, Ausztria)<\/li>\n<li><a href=\"https:\/\/www.cs.at\/\" target=\"_blank\" rel=\"noopener\">Caritas Socialis<\/a> (Ausztria)<\/li>\n<li><a href=\"https:\/\/www.myneva.eu\/de-at\/produkt\/myneva.carecenter\" target=\"_blank\" rel=\"noopener\">Carecenter Software<\/a> (Ausztria)<\/li>\n<li>Santis Kft (Magyarorsz\u00e1g)<\/li>\n<li><a href=\"https:\/\/www.smart-com.si\/\" target=\"_blank\" rel=\"noopener\">Smart Com<\/a> (Szlov\u00e9nia)<\/li>\n<li>Synthema (Olaszorsz\u00e1g)<\/li>\n<\/ul>\n<p><strong>A kutat\u00e1s f\u0151bb eredm\u00e9nyei\u00a0\u00a0\u00a0\u00a0\u00a0\u00a0\u00a0<\/strong><\/p>\n<ul>\n<li>Mozg\u00e1skorl\u00e1tozott szem\u00e9lyek, laikus \u00e9s hivat\u00e1sos gondoz\u00f3ik, ilyen betegek ell\u00e1t\u00e1s\u00e1val foglalkoz\u00f3 int\u00e9zm\u00e9nyek vezet\u0151inek bevon\u00e1s\u00e1val a felhaszn\u00e1l\u00f3i ig\u00e9nyek felm\u00e9r\u00e9se<\/li>\n<li>K\u00e9t k\u00f6zb\u00fcls\u0151, mobil protot\u00edpus fejleszt\u00e9se \u00e9s tesztel\u00e9se<\/li>\n<li>Egy, a projekt v\u00e9gterm\u00e9k\u00e9nek tekinthet\u0151, fix (be\u00e9p\u00edtett) protot\u00edpus elk\u00e9sz\u00edt\u00e9se \u00e9s tesztel\u00e9se val\u00f3 haszn\u00e1lat sor\u00e1n, \u201eterepvizsg\u00e1lat\u201d keret\u00e9ben<\/li>\n<\/ul>\n\r\n        [slb_exclude]\r\n        <div class=\"row galeria-wrapper mx-0 h-auto\">\r\n            <div class=\"col-9 pl-0 pr-2\">\r\n            <span class=\"gallery-item frame\">\r\n\t\t\t\t<div class=\"galeria-left-img\"><a href=\"https:\/\/semmelweis.hu\/rehabilitaciosklinika\/files\/2024\/11\/itoilalet-rehabint-kutatas.jpg\"><img src=https:\/\/semmelweis.hu\/rehabilitaciosklinika\/files\/2024\/11\/itoilalet-rehabint-kutatas.jpg  \r\n                            alt=\"\" \r\n                            class=\"attachment-sote-gallery-big size-sote-gallery-big\" \r\n                            srcset=\"https:\/\/semmelweis.hu\/rehabilitaciosklinika\/files\/2024\/11\/itoilalet-rehabint-kutatas-400x280.jpg 400w, https:\/\/semmelweis.hu\/rehabilitaciosklinika\/files\/2024\/11\/itoilalet-rehabint-kutatas-768x538.jpg 768w, https:\/\/semmelweis.hu\/rehabilitaciosklinika\/files\/2024\/11\/itoilalet-rehabint-kutatas-753x528.jpg 753w, https:\/\/semmelweis.hu\/rehabilitaciosklinika\/files\/2024\/11\/itoilalet-rehabint-kutatas.jpg 903w\" ><\/a><\/div>\r\n            <\/span>\r\n\r\n            <\/div>\r\n\r\n\t\t\t<div class=\"col-3 pl-0 pr-0\">\r\n\t\t\t\t<div class=\"galeria-right-img d-flex justify-content-between flex-column h-100 w-100 px-0 mx-0 \">\r\n                <div class=\"galeria-box\">\r\n\t\t\t\t\t<h3 class=\"galeria-title\">Gal\u00e9ria<\/h3>\r\n\t\t\t\t\t<div class=\"galeria-subtitle\">\r\n\r\n\t\t\t\t\t\t<div class=\"galeria-page-counter\"><span>6<\/span>k\u00e9p<\/div>\r\n                    <\/div> <\/div>\r\n                    <span class=\"gallery-item frame d-none d-md-flex\">\r\n\t\t\t\t\t<div class=\"galeria-small-img mt-0\"><a href=\"https:\/\/semmelweis.hu\/rehabilitaciosklinika\/files\/2024\/11\/itoilet-rehabklinika-1.jpg\"><img src=https:\/\/semmelweis.hu\/rehabilitaciosklinika\/files\/2024\/11\/itoilet-rehabklinika-1.jpg \r\n                                alt=\"iToilet modulok tesztel\u00e9se \u00e9s v\u00e9lem\u00e9nyez\u00e9se mozg\u00e1ss\u00e9r\u00fclt szem\u00e9lyekkel - 2017. tavasz\"  \r\n                                class=\"attachment-sote-gallery-small size-sote-gallery-small\" \r\n                                srcset=\"https:\/\/semmelweis.hu\/rehabilitaciosklinika\/files\/2024\/11\/itoilet-rehabklinika-1-400x225.jpg 400w, https:\/\/semmelweis.hu\/rehabilitaciosklinika\/files\/2024\/11\/itoilet-rehabklinika-1-768x432.jpg 768w, https:\/\/semmelweis.hu\/rehabilitaciosklinika\/files\/2024\/11\/itoilet-rehabklinika-1-753x424.jpg 753w, https:\/\/semmelweis.hu\/rehabilitaciosklinika\/files\/2024\/11\/itoilet-rehabklinika-1.jpg 800w\" ><\/a><\/div>\r\n                    <\/span>\r\n                    <span class=\"gallery-item frame d-none d-md-flex\">\r\n\t\t\t\t\t<div class=\"galeria-small-img mt-0\"><a href=\"https:\/\/semmelweis.hu\/rehabilitaciosklinika\/files\/2024\/11\/itoilet-rehabklinika.png\"><img src=https:\/\/semmelweis.hu\/rehabilitaciosklinika\/files\/2024\/11\/itoilet-rehabklinika.png \r\n                                alt=\"Az iToilet projekt v\u00edzi\u00f3ja\" \r\n                                class=\"attachment-sote-gallery-small size-sote-gallery-small\" \r\n                                srcset=\"https:\/\/semmelweis.hu\/rehabilitaciosklinika\/files\/2024\/11\/itoilet-rehabklinika-400x171.png 400w, https:\/\/semmelweis.hu\/rehabilitaciosklinika\/files\/2024\/11\/itoilet-rehabklinika-1024x438.png 1024w, https:\/\/semmelweis.hu\/rehabilitaciosklinika\/files\/2024\/11\/itoilet-rehabklinika-768x328.png 768w, https:\/\/semmelweis.hu\/rehabilitaciosklinika\/files\/2024\/11\/itoilet-rehabklinika-753x322.png 753w, https:\/\/semmelweis.hu\/rehabilitaciosklinika\/files\/2024\/11\/itoilet-rehabklinika.png 1200w\" ><\/a><\/div>\r\n                    <\/span>\r\n\r\n                <\/div>\r\n\r\n            <\/div>\r\n\r\n            <span class=\"gallery-item\"><div class=\"hidden\"><a href=\"https:\/\/semmelweis.hu\/rehabilitaciosklinika\/files\/2024\/11\/iToilet_presentation_OORI.jpg\">\r\n        <img src=https:\/\/semmelweis.hu\/rehabilitaciosklinika\/files\/2024\/11\/iToilet_presentation_OORI.jpg alt=\"R\u00e9sztvev\u0151k t\u00e1j\u00e9koztat\u00e1sa a felhaszn\u00e1l\u00f3i ig\u00e9nyek felm\u00e9r\u00e9se el\u0151tt - 2016.05.25.\" class=\"attachment-sote-gallery-big size-sote-gallery-big\" srcset=\"https:\/\/semmelweis.hu\/rehabilitaciosklinika\/files\/2024\/11\/iToilet_presentation_OORI-400x300.jpg 400w, https:\/\/semmelweis.hu\/rehabilitaciosklinika\/files\/2024\/11\/iToilet_presentation_OORI-1024x768.jpg 1024w, https:\/\/semmelweis.hu\/rehabilitaciosklinika\/files\/2024\/11\/iToilet_presentation_OORI-768x576.jpg 768w, https:\/\/semmelweis.hu\/rehabilitaciosklinika\/files\/2024\/11\/iToilet_presentation_OORI-753x565.jpg 753w, https:\/\/semmelweis.hu\/rehabilitaciosklinika\/files\/2024\/11\/iToilet_presentation_OORI.jpg 1365w\" >\r\n        <\/a><\/div><\/span><span class=\"gallery-item\"><div class=\"hidden\"><a href=\"https:\/\/semmelweis.hu\/rehabilitaciosklinika\/files\/2024\/11\/itoilet-usertest-rehabklinika.jpg\">\r\n        <img src=https:\/\/semmelweis.hu\/rehabilitaciosklinika\/files\/2024\/11\/itoilet-usertest-rehabklinika.jpg alt=\"Az els\u0151 protot\u00edpus tesztel\u00e9se mozg\u00e1ss\u00e9r\u00fclt szem\u00e9lyekkel - 2017. ny\u00e1r\" class=\"attachment-sote-gallery-big size-sote-gallery-big\" srcset=\"https:\/\/semmelweis.hu\/rehabilitaciosklinika\/files\/2024\/11\/itoilet-usertest-rehabklinika-400x344.jpg 400w, https:\/\/semmelweis.hu\/rehabilitaciosklinika\/files\/2024\/11\/itoilet-usertest-rehabklinika.jpg 640w\" >\r\n        <\/a><\/div><\/span><span class=\"gallery-item\"><div class=\"hidden\"><a href=\"https:\/\/semmelweis.hu\/rehabilitaciosklinika\/files\/2024\/11\/itoilet_animated.gif\">\r\n        <img src=https:\/\/semmelweis.hu\/rehabilitaciosklinika\/files\/2024\/11\/itoilet_animated.gif alt=\"Az els\u0151 protot\u00edpus tesztel\u00e9se eg\u00e9szs\u00e9gesekkel - 2017. ny\u00e1r\" class=\"attachment-sote-gallery-big size-sote-gallery-big\" srcset=\"\" >\r\n        <\/a><\/div><\/span>\r\n            <\/div>\r\n\r\n            [\/slb_exclude]\r\n\t\n<p><iframe loading=\"lazy\" title=\"iToilet r\u00f6vid bemutat\u00f3\" width=\"753\" height=\"424\" src=\"https:\/\/www.youtube.com\/embed\/gyTR1Piutbw?feature=oembed\" frameborder=\"0\" allow=\"accelerometer; autoplay; clipboard-write; encrypted-media; gyroscope; picture-in-picture; web-share\" referrerpolicy=\"strict-origin-when-cross-origin\" allowfullscreen><\/iframe><\/p>\n<p><strong>T\u00e1mogat\u00f3 \u00e9s a t\u00e1mogat\u00e1s \u00f6sszege:<\/strong><\/p>\n<p><a href=\"https:\/\/www.aal-europe.eu\/\" target=\"_blank\" rel=\"noopener\"><img loading=\"lazy\" decoding=\"async\" class=\"wp-image-2469 size-full alignleft\" src=\"https:\/\/semmelweis.hu\/rehabilitaciosklinika\/files\/2024\/11\/AAL-rehabklinika-itoilet.png\" alt=\"\" width=\"295\" height=\"175\" \/><\/a>Eur\u00f3pai Uni\u00f3 Active and Assisted Living (AAL) Programme<\/p>\n<p>24 808 830 Ft<\/p>\n<p>&nbsp;<\/p>\n<hr \/>\n<p><a href=\"https:\/\/nkfih.gov.hu\/palyazoknak\" target=\"_blank\" rel=\"noopener\"><img loading=\"lazy\" decoding=\"async\" class=\"wp-image-2468 size-full alignleft\" src=\"https:\/\/semmelweis.hu\/rehabilitaciosklinika\/files\/2024\/11\/NKFIH-rehabklinika.jpg\" alt=\"\" width=\"295\" height=\"175\" \/><\/a>Nemzeti Kutat\u00e1si, Fejleszt\u00e9si \u00e9s Innov\u00e1ci\u00f3s Hivatal (NKFIH)<\/p>\n<p>27 310 560 Ft<\/p>\n<hr \/>\n<p><strong>Publik\u00e1ci\u00f3k \u00e9s jelent\u0151sebb prezent\u00e1ci\u00f3k<\/strong><\/p>\n<ul>\n<li>Fazekas G, T\u00f3th A, Sobj\u00e1k A, Pilissy T, M\u00e9sz\u00e1ros E, Rosenthal R, L\u00fcftenegger T (2017) <strong>Felhaszn\u00e1l\u00f3i ig\u00e9nyek felm\u00e9r\u00e9se mozg\u00e1skorl\u00e1tozott szem\u00e9lyek \u00e9s gondoz\u00f3ik k\u00f6r\u00e9ben a toalett haszn\u00e1lat neh\u00e9zs\u00e9geinek \u00e9s vesz\u00e9lyeinek szempontj\u00e1b\u00f3l<\/strong>, Orvosi Rehabilit\u00e1ci\u00f3 \u00e9s Fizik\u00e1lis Medicina Magyarorsz\u00e1gi T\u00e1rsas\u00e1ga XXXVI. V\u00e1ndorgy\u0171l\u00e9se, 2017. augusztus 31 &#8211; szeptember 2, Gy\u0151r<\/li>\n<li>Stefanik Gy, Sobj\u00e1k A, Pilissy T, T\u00f3th A, Fazekas G (2017) <strong>A toalett haszn\u00e1lat neh\u00e9zs\u00e9geinek \u00e9s seg\u00edt\u0151 megold\u00e1sinak vizsg\u00e1lata hemiparetikus felhaszn\u00e1l\u00f3k bevon\u00e1s\u00e1val v\u00e9gzett k\u00f6z\u00f6ss\u00e9gi r\u00e9szv\u00e9telen alapul\u00f3 tervez\u00e9ssel<\/strong>, Orvosi Rehabilit\u00e1ci\u00f3 \u00e9s Fizik\u00e1lis Medicina Magyarorsz\u00e1gi T\u00e1rsas\u00e1ga XXXVI. V\u00e1ndorgy\u0171l\u00e9se, 2017. augusztus 31 &#8211; szeptember 2, Gy\u0151r<\/li>\n<li>Pilissy T, Toth A, Fazekas G, Sobjak A, Rosenthal R, Luftenegger T, Panek P, Mayer P (2017) <strong>Towards a Situation-and-user-aware Multi-modal Motorized Toilet System to Assist Older Adults with Disabilities: a User Requirements Study<\/strong>, 15th IEEE Intern Conf on Rehabilitation Robotics (ICORR), 17-20 July 2017, London, UK, pp. 959-964, DOI: 10.1109\/ICORR.2017.8009373 <a href=\"https:\/\/manufbmehu-my.sharepoint.com\/personal\/pilissy_manuf_bme_hu\/Documents\/t%C3%B6r%C3%B6lhet%C5%91_backup\/!PROJEKT\/iToilet\/publik%C3%A1ci%C3%B3k\/08009373.pdf\">PDF<\/a><\/li>\n<li>Fazekas G, Pilissy T, Toth A, Sobjak A, Rosenthal R, Luftenegger T, Panek P, Mayer P (2017) <strong>Assessing technical difficulties and their potential assistive solutions in toilet use of elderlies and people with disabilities<\/strong> (el\u0151ad\u00e1s), 14th Congress of the European Forum for Research in Rehabilitation (EFRR), 24-27 May 2017, Glasgow Caledonian University, Glasgow, Scotland, UK.<\/li>\n<li>Panek P, Fazekas G, Lueftenegger T, Mayer P, Pilissy T, Raffaelli M, Rist A, Rosenthal R, Savanovic A, Sobjak A, Sonntag F, Toth A, Unger B (2017) <strong>On the Prototyping of an ICT-Enhanced Toilet System for Assisting Older Persons Living Independently and Safely at Home<\/strong>, in: D. Hayn and G. Schreier (Eds.) Health Informatics Meets eHealth, Proc of the 11th eHealth2017 Conf, 23-24 May 2017, Vienna, Austria, Studies in Health Technology and Informatics, Vol. 236, IOS press, DOI 10.3233\/978-1-61499-759-7-176, pp. 176 \u2013 183. <a href=\"https:\/\/ebooks.iospress.nl\/volumearticle\/46475\" target=\"_blank\" rel=\"noopener\">PDF<\/a><\/li>\n<li>Fazekas G, Pilissy T, Toth A, Sobjak A, Rosenthal R, Sonntag F, Mayer P, Panek P (2018) <strong>User involvement in the development of an intelligent assistive toilet system for people with disabilities<\/strong> (poszter), 21st European Congress of Physical and Rehabilitation Medicine, Vilnius, Litv\u00e1nia, 2018.05.01-2018.05.06. Abstract book: 2018. p. 433. 1 p.<\/li>\n<li>Fazekas G, Sobj\u00e1k A, Pilissy T, Stefanik Gy, T\u00f3th A. <strong>Felhaszn\u00e1l\u00f3k bevon\u00e1sa a fejleszt\u00e9sbe &#8211; az iToilet projekt eredm\u00e9nyei \u00e9s tapasztalatai.<\/strong> Magyar Rehabilit\u00e1ci\u00f3s T\u00e1rsas\u00e1g XXXVII. V\u00e1ndorgy\u0171l\u00e9se, Eger, 2018. szeptember 13-15. Az absztrakt megjelent: Rehabilit\u00e1ci\u00f3 2018;28(2-3):64. <a href=\"https:\/\/semmelweis.hu\/rehabilitaciosklinika\/files\/2024\/11\/iToilet_Rehab_abstract.pdf\" target=\"_blank\" rel=\"noopener\">PDF<\/a><\/li>\n<li><a href=\"https:\/\/manufbmehu-my.sharepoint.com\/personal\/pilissy_manuf_bme_hu\/_layouts\/15\/guestaccess.aspx?guestaccesstoken=RLAKu3xxCaioGf5e5U8QIi4SBJ%2fow9l07I36%2fkbRcBY%3d&amp;docid=05356d2886b7e4225a25946b6ab08347c&amp;rev=1\" target=\"_blank\" rel=\"noopener\"><strong>A felhaszn\u00e1l\u00f3i ig\u00e9nyek felm\u00e9r\u00e9s\u00e9n r\u00e9sztvev\u0151knek tartott prezent\u00e1ci\u00f3<\/strong><\/a> &#8211; 2016.05.25.<\/li>\n<\/ul>\n<p class=\"style_top\" align=\"left\"><strong>Sajt\u00f3megjelen\u00e9sek<\/strong><\/p>\n<div>\n<ul>\n<li>N\u0150K LAPJA &#8211; 2016.06.22. (76. oldal) &#8211;\u00a0<a href=\"http:\/\/nkfih.gov.hu\/hivatal\/nyomtatott-sajto\/2016\/ne-legyen-tabu\" target=\"_blank\" rel=\"noopener\">Ne legyen tabu!<\/a><\/li>\n<li>HUMANIT\u00c1S &#8211; 2016. november (mell\u00e9klet) &#8211;\u00a0<a href=\"https:\/\/manufbmehu-my.sharepoint.com\/personal\/pilissy_manuf_bme_hu\/_layouts\/15\/guestaccess.aspx?docid=0c966a98c7ec448309f9bb55155e59218&amp;authkey=AcbVYkmkdqG0ppIvMaFK4SY\">Rehabilit\u00e1ci\u00f3s t\u00e1rsas\u00e1g: indul\u00e1st\u00f3l a nemzetk\u00f6zi elismer\u00e9sig<\/a><\/li>\n<li>REHAB H\u00cdRMOND\u00d3 &#8211; 2018. szeptember (7. oldal) &#8211;\u00a0<a href=\"https:\/\/semmelweis.hu\/rehabilitaciosklinika\/files\/2024\/11\/iToilet_Rehab2018_hirmondo.pdf\" target=\"_blank\" rel=\"noopener\">Felhaszn\u00e1l\u00f3k bevon\u00e1sa a fejleszt\u00e9sbe<\/a><\/li>\n<\/ul>\n<\/div>\n<p>&nbsp;<\/p>\n","protected":false},"excerpt":{"rendered":"<p>A kutat\u00e1s elnevez\u00e9se\u00a0\u00a0\u00a0\u00a0 iToilet: Infokommunik\u00e1ci\u00f3s eszk\u00f6z\u00f6kkel kieg\u00e9sz\u00edtett mell\u00e9khelyis\u00e9g az akt\u00edv \u00e9letm\u00f3d t\u00e1mogat\u00e1s\u00e1ra <a class=\"btn btn-secondary\" href=\"https:\/\/www.aat.tuwien.ac.at\/itoilet\/\" target=\"_blank\" rel=\"noopener\">Information in English<\/a> A kutat\u00e1s futamideje\u00a0\u00a0\u00a0\u00a0 2016.04.01. \u2013 2018.09.30. A kutat\u00e1s t\u00e1mogat\u00f3ja\u00a0\u00a0\u00a0 NKFIH \u00e9s Eur\u00f3pai Uni\u00f3 Active and Assisted Living Joint Programme (AAL) A kutat\u00e1s vezet\u0151je\u00a0\u00a0\u00a0\u00a0\u00a0\u00a0\u00a0\u00a0 Dr. Fazekas G\u00e1bor Ph.D. Ismertet\u0151 &#8211; A kutat\u00e1s f\u0151bb c\u00e9lkit\u0171z\u00e9sei\u00a0\u00a0\u00a0 Az iToilet projekt c\u00e9lja olyan WC-rendszer fejleszt\u00e9se, mely az id\u0151s &hellip;<\/p>\n","protected":false},"author":102388,"featured_media":2418,"parent":2407,"menu_order":4,"comment_status":"closed","ping_status":"closed","template":"","meta":{"_acf_changed":false,"footnotes":""},"categories":[15],"tags":[17],"class_list":["post-1424","page","type-page","status-publish","has-post-thumbnail","hentry","category-lezarult-kutatas","tag-orvos-mernok-kutatasok"],"acf":[],"_links":{"self":[{"href":"https:\/\/semmelweis.hu\/rehabilitaciosklinika\/wp-json\/wp\/v2\/pages\/1424","targetHints":{"allow":["GET"]}}],"collection":[{"href":"https:\/\/semmelweis.hu\/rehabilitaciosklinika\/wp-json\/wp\/v2\/pages"}],"about":[{"href":"https:\/\/semmelweis.hu\/rehabilitaciosklinika\/wp-json\/wp\/v2\/types\/page"}],"author":[{"embeddable":true,"href":"https:\/\/semmelweis.hu\/rehabilitaciosklinika\/wp-json\/wp\/v2\/users\/102388"}],"replies":[{"embeddable":true,"href":"https:\/\/semmelweis.hu\/rehabilitaciosklinika\/wp-json\/wp\/v2\/comments?post=1424"}],"version-history":[{"count":7,"href":"https:\/\/semmelweis.hu\/rehabilitaciosklinika\/wp-json\/wp\/v2\/pages\/1424\/revisions"}],"predecessor-version":[{"id":2479,"href":"https:\/\/semmelweis.hu\/rehabilitaciosklinika\/wp-json\/wp\/v2\/pages\/1424\/revisions\/2479"}],"up":[{"embeddable":true,"href":"https:\/\/semmelweis.hu\/rehabilitaciosklinika\/wp-json\/wp\/v2\/pages\/2407"}],"wp:featuredmedia":[{"embeddable":true,"href":"https:\/\/semmelweis.hu\/rehabilitaciosklinika\/wp-json\/wp\/v2\/media\/2418"}],"wp:attachment":[{"href":"https:\/\/semmelweis.hu\/rehabilitaciosklinika\/wp-json\/wp\/v2\/media?parent=1424"}],"wp:term":[{"taxonomy":"category","embeddable":true,"href":"https:\/\/semmelweis.hu\/rehabilitaciosklinika\/wp-json\/wp\/v2\/categories?post=1424"},{"taxonomy":"post_tag","embeddable":true,"href":"https:\/\/semmelweis.hu\/rehabilitaciosklinika\/wp-json\/wp\/v2\/tags?post=1424"}],"curies":[{"name":"wp","href":"https:\/\/api.w.org\/{rel}","templated":true}]}}