{"id":1414,"date":"2024-09-18T07:52:06","date_gmt":"2024-09-18T05:52:06","guid":{"rendered":"https:\/\/semmelweis.hu\/rehabilitaciosklinika\/?page_id=1414"},"modified":"2024-12-04T08:38:45","modified_gmt":"2024-12-04T07:38:45","slug":"zeneterapia-lehetosegei-a-neurorehabilitacioban","status":"publish","type":"page","link":"https:\/\/semmelweis.hu\/rehabilitaciosklinika\/tudomany\/kutataskereso\/zeneterapia-lehetosegei-a-neurorehabilitacioban\/","title":{"rendered":"Zeneter\u00e1pia lehet\u0151s\u00e9gei a neurorehabilit\u00e1ci\u00f3ban"},"content":{"rendered":"<p><strong>A kutat\u00e1s elnevez\u00e9se\u00a0\u00a0\u00a0\u00a0<\/strong><\/p>\n<ul>\n<li>Zeneter\u00e1pia lehet\u0151s\u00e9gei a neurorehabilit\u00e1ci\u00f3ban<\/li>\n<li>Af\u00e1zi\u00e1sok zeneter\u00e1pi\u00e1s lehet\u0151s\u00e9gei (MIT, dalok \u00e9nekl\u00e9se)<\/li>\n<li>Minim\u00e1l tudatos \u00e1llapot zeneter\u00e1pi\u00e1s lehet\u0151s\u00e9gei<\/li>\n<li>Zeneter\u00e1pia \u00e9s a neurorehabilit\u00e1ci\u00f3s team<\/li>\n<li>\u00c9nekkar lehet\u0151s\u00e9gei az af\u00e1zi\u00e1s szem\u00e9lyek rehabilit\u00e1ci\u00f3j\u00e1ban<\/li>\n<\/ul>\n<p><strong>A kutat\u00e1s futamideje\u00a0\u00a0\u00a0\u00a0<\/strong><\/p>\n<p>Folyamatos<\/p>\n<p><strong>A kutat\u00e1s vezet\u0151je\u00a0\u00a0\u00a0\u00a0\u00a0\u00a0\u00a0\u00a0<\/strong><\/p>\n<p>Dr. Fekete Zs\u00f3fia PhD<\/p>\n<p><strong>R\u00e9sztvev\u0151 kutat\u00f3k az OORI-b\u00f3l<\/strong><\/p>\n<ul>\n<li>Cselen\u00e1k Zsolt<\/li>\n<li>Eckhardt Fanni<\/li>\n<\/ul>\n<p><strong>K\u00fcls\u0151 partnerek\u00a0\u00a0\u00a0\u00a0\u00a0\u00a0\u00a0\u00a0\u00a0\u00a0\u00a0\u00a0\u00a0<\/strong><\/p>\n<p>Af\u00e1zia Egyes\u00fclet<\/p>\n<p><strong>A kutat\u00e1s f\u0151bb c\u00e9lkit\u0171z\u00e9sei\u00a0\u00a0\u00a0\u00a0\u00a0\u00a0\u00a0\u00a0<\/strong><\/p>\n<ul>\n<li>A zeneter\u00e1pia neurorehabilit\u00e1ci\u00f3s jelent\u0151s\u00e9g\u00e9nek hangs\u00falyoz\u00e1sa<\/li>\n<li>K\u00f6zismertebb\u00e9, elfogadottabb\u00e1 tenni az af\u00e1zi\u00e1sok zeneter\u00e1pi\u00e1s lehet\u0151s\u00e9geit<\/li>\n<li>Af\u00e1zi\u00e1s szem\u00e9lyekb\u0151l alap\u00edtott Hangad\u00f3 \u00c9nekegy\u00fcttes vezet\u00e9se, esettanulm\u00e1nyok k\u00f6zismertt\u00e9 t\u00e9tele.<\/li>\n<li>Az agys\u00e9r\u00fcltek rehabilit\u00e1ci\u00f3j\u00e1nak korai szakasz\u00e1ban a zeneter\u00e1pia fontoss\u00e1g\u00e1nak, immanens lehet\u0151s\u00e9g\u00e9nek megismertet\u00e9se.<\/li>\n<\/ul>\n<p><strong>A kutat\u00e1s f\u0151bb eredm\u00e9nyei\u00a0\u00a0\u00a0\u00a0\u00a0\u00a0\u00a0<\/strong><\/p>\n<ul>\n<li>A minim\u00e1l tudatos \u00e1llapotban esettanulm\u00e1nyok alapj\u00e1n megfigyelhet\u0151 a zeneter\u00e1pia aktiviz\u00e1l\u00f3 szerepe a neurorehabilit\u00e1ci\u00f3 korai szakasz\u00e1ban.<\/li>\n<li>A s\u00falyos af\u00e1zi\u00e1s szem\u00e9ly eset\u00e9ben a dalsz\u00f6veg automatizmusokban tapasztalhat\u00f3 adekv\u00e1t hangtal\u00e1lat n\u00f6velhet\u0151 a rendszeres \u00e9nekl\u00e9ssel<\/li>\n<li>\u00a0A hossz\u00fa t\u00e1von af\u00e1zi\u00e1val \u00e9l\u0151 szem\u00e9lyek sz\u00e1m\u00e1ra a k\u00f6z\u00f6ss\u00e9gi \u00e9nekl\u00e9s, az \u00e9nekkarban val\u00f3 r\u00e9szv\u00e9tel oldja a t\u00e1rsadalmi izol\u00e1lts\u00e1g \u00e9rz\u00e9s\u00e9t, seg\u00edt az integr\u00e1ci\u00f3ban.<\/li>\n<\/ul>\n<p><strong>A kutat\u00e1s eredm\u00e9nyeib\u0151l sz\u00fcletett publik\u00e1ci\u00f3k\u00a0<\/strong><\/p>\n<ul>\n<li>Fekete, Zs., (2018). A Zene mindenki\u00e9? Gy\u00f3gypedag\u00f3giai Szemle http:\/\/aphasie.hu\/fekete-zsofia-zeneterapeuta-a-zene-mindenkie\/<\/li>\n<li>Fekete Zs. (2017): A zene \u00e9s a fluktu\u00e1l\u00f3 tudat\u00e1llapot. Rehabilit\u00e1ci\u00f3<\/li>\n<li>Eckhardt, F., Fekete Zs. (2017): \u00c9nek \u00e9s zene jelent\u0151s\u00e9ge s\u00falyos agys\u00e9r\u00fcl\u00e9st k\u00f6vet\u0151 zeneter\u00e1pi\u00e1ban. Fejleszt\u0151 Pedag\u00f3gia. 28.\u00e9vfolyam. 2017\/1-2.\u00a0 Pp.59.<\/li>\n<li>Fekete Zs. (2016): Zeneter\u00e1pia a neurorehabilit\u00e1ci\u00f3ban. in Zene \u00e9s eg\u00e9szs\u00e9g. Falus Andr\u00e1s szerk. Kossuth Kiad\u00f3, Budapest.<\/li>\n<\/ul>\n","protected":false},"excerpt":{"rendered":"<p>A kutat\u00e1s elnevez\u00e9se\u00a0\u00a0\u00a0\u00a0 Zeneter\u00e1pia lehet\u0151s\u00e9gei a neurorehabilit\u00e1ci\u00f3ban Af\u00e1zi\u00e1sok zeneter\u00e1pi\u00e1s lehet\u0151s\u00e9gei (MIT, dalok \u00e9nekl\u00e9se) Minim\u00e1l tudatos \u00e1llapot zeneter\u00e1pi\u00e1s lehet\u0151s\u00e9gei Zeneter\u00e1pia \u00e9s a neurorehabilit\u00e1ci\u00f3s team \u00c9nekkar lehet\u0151s\u00e9gei az af\u00e1zi\u00e1s szem\u00e9lyek rehabilit\u00e1ci\u00f3j\u00e1ban A kutat\u00e1s futamideje\u00a0\u00a0\u00a0\u00a0 Folyamatos A kutat\u00e1s vezet\u0151je\u00a0\u00a0\u00a0\u00a0\u00a0\u00a0\u00a0\u00a0 Dr. Fekete Zs\u00f3fia PhD R\u00e9sztvev\u0151 kutat\u00f3k az OORI-b\u00f3l Cselen\u00e1k Zsolt Eckhardt Fanni K\u00fcls\u0151 partnerek\u00a0\u00a0\u00a0\u00a0\u00a0\u00a0\u00a0\u00a0\u00a0\u00a0\u00a0\u00a0\u00a0 Af\u00e1zia Egyes\u00fclet A kutat\u00e1s f\u0151bb &hellip;<\/p>\n","protected":false},"author":102388,"featured_media":2622,"parent":2407,"menu_order":0,"comment_status":"closed","ping_status":"closed","template":"","meta":{"_acf_changed":false,"footnotes":""},"categories":[9],"tags":[19],"class_list":["post-1414","page","type-page","status-publish","has-post-thumbnail","hentry","category-aktiv-kutatas","tag-zeneterapias-kutatasok"],"acf":[],"_links":{"self":[{"href":"https:\/\/semmelweis.hu\/rehabilitaciosklinika\/wp-json\/wp\/v2\/pages\/1414","targetHints":{"allow":["GET"]}}],"collection":[{"href":"https:\/\/semmelweis.hu\/rehabilitaciosklinika\/wp-json\/wp\/v2\/pages"}],"about":[{"href":"https:\/\/semmelweis.hu\/rehabilitaciosklinika\/wp-json\/wp\/v2\/types\/page"}],"author":[{"embeddable":true,"href":"https:\/\/semmelweis.hu\/rehabilitaciosklinika\/wp-json\/wp\/v2\/users\/102388"}],"replies":[{"embeddable":true,"href":"https:\/\/semmelweis.hu\/rehabilitaciosklinika\/wp-json\/wp\/v2\/comments?post=1414"}],"version-history":[{"count":5,"href":"https:\/\/semmelweis.hu\/rehabilitaciosklinika\/wp-json\/wp\/v2\/pages\/1414\/revisions"}],"predecessor-version":[{"id":2396,"href":"https:\/\/semmelweis.hu\/rehabilitaciosklinika\/wp-json\/wp\/v2\/pages\/1414\/revisions\/2396"}],"up":[{"embeddable":true,"href":"https:\/\/semmelweis.hu\/rehabilitaciosklinika\/wp-json\/wp\/v2\/pages\/2407"}],"wp:featuredmedia":[{"embeddable":true,"href":"https:\/\/semmelweis.hu\/rehabilitaciosklinika\/wp-json\/wp\/v2\/media\/2622"}],"wp:attachment":[{"href":"https:\/\/semmelweis.hu\/rehabilitaciosklinika\/wp-json\/wp\/v2\/media?parent=1414"}],"wp:term":[{"taxonomy":"category","embeddable":true,"href":"https:\/\/semmelweis.hu\/rehabilitaciosklinika\/wp-json\/wp\/v2\/categories?post=1414"},{"taxonomy":"post_tag","embeddable":true,"href":"https:\/\/semmelweis.hu\/rehabilitaciosklinika\/wp-json\/wp\/v2\/tags?post=1414"}],"curies":[{"name":"wp","href":"https:\/\/api.w.org\/{rel}","templated":true}]}}