{"id":1412,"date":"2024-09-18T07:51:34","date_gmt":"2024-09-18T05:51:34","guid":{"rendered":"https:\/\/semmelweis.hu\/rehabilitaciosklinika\/?page_id=1412"},"modified":"2024-12-04T08:29:12","modified_gmt":"2024-12-04T07:29:12","slug":"ritmus-es-tancterapias-foglalkozas-fejleszto-hatasa-a-stroke-vagy-agyserules-miatt-karosodott-motoros-es-kognitiv-keszsegekre","status":"publish","type":"page","link":"https:\/\/semmelweis.hu\/rehabilitaciosklinika\/tudomany\/kutataskereso\/ritmus-es-tancterapias-foglalkozas-fejleszto-hatasa-a-stroke-vagy-agyserules-miatt-karosodott-motoros-es-kognitiv-keszsegekre\/","title":{"rendered":"Ritmus- \u00e9s t\u00e1ncter\u00e1pi\u00e1s foglalkoz\u00e1s fejleszt\u0151 hat\u00e1sa a stroke vagy agys\u00e9r\u00fcl\u00e9s miatt k\u00e1rosodott motoros \u00e9s kognit\u00edv k\u00e9szs\u00e9gekre"},"content":{"rendered":"<p><strong>A kutat\u00e1s elnevez\u00e9se\u00a0\u00a0\u00a0\u00a0<\/strong><\/p>\n<p>Ritmus- \u00e9s t\u00e1ncter\u00e1pi\u00e1nak a stroke vagy agys\u00e9r\u00fcl\u00e9s miatt k\u00e1rosodott motoros \u00e9s kognit\u00edv k\u00e9szs\u00e9gekre gyakorolt fejleszt\u0151 hat\u00e1sa<\/p>\n<p><strong>A kutat\u00e1s futamideje\u00a0\u00a0\u00a0\u00a0<\/strong><\/p>\n<p>2014-t\u0151l folyamatosan<\/p>\n<p><strong>A kutat\u00e1s vezet\u0151je\u00a0\u00a0\u00a0\u00a0\u00a0\u00a0\u00a0\u00a0<\/strong><\/p>\n<p>Dr. Mas\u00e1t Orsolya<\/p>\n<p><strong>A kutat\u00e1s f\u0151bb c\u00e9lkit\u0171z\u00e9sei\u00a0\u00a0\u00a0\u00a0\u00a0\u00a0\u00a0\u00a0<\/strong><\/p>\n<p>Vizsg\u00e1latunkkal a ter\u00e1pia fogadtat\u00e1s\u00e1t, k\u00f6z\u00e9rzetre, hangulatra gyakorolt hat\u00e1s\u00e1t, meg\u00edt\u00e9l\u00e9s\u00e9t m\u00e9rj\u00fck fel a r\u00e9sztvev\u0151k k\u00f6r\u00e9ben, k\u00e9rd\u0151\u00edv seg\u00edts\u00e9g\u00e9vel.<\/p>\n","protected":false},"excerpt":{"rendered":"<p>A kutat\u00e1s elnevez\u00e9se\u00a0\u00a0\u00a0\u00a0<br \/>\nRitmus- \u00e9s t\u00e1ncter\u00e1pi\u00e1nak a stroke vagy agys\u00e9r\u00fcl\u00e9s miatt k\u00e1rosodott motoros \u00e9s kognit\u00edv k\u00e9szs\u00e9gekre gyakorolt fejleszt\u0151 hat\u00e1sa<br \/>\nA kutat\u00e1s futamideje\u00a0\u00a0\u00a0\u00a0<br \/>\n2014-t\u0151l folyamatosan<br \/>\nA kutat\u00e1s vezet\u0151je\u00a0\u00a0\u00a0\u00a0\u00a0\u00a0\u00a0\u00a0<br \/>\nDr. Mas\u00e1t Orsolya<br \/>\nA kutat\u00e1s f\u0151bb c\u00e9lkit\u0171z\u00e9sei\u00a0\u00a0\u00a0\u00a0\u00a0\u00a0\u00a0\u00a0<br \/>\nVizsg\u00e1latunkkal a ter\u00e1pia fogadtat\u00e1s\u00e1t, k\u00f6z\u00e9rzetre, hangulatra gyakorolt hat\u00e1s\u00e1t, meg\u00edt\u00e9l\u00e9s\u00e9t m\u00e9rj\u00fck fel a r\u00e9sztvev\u0151k k\u00f6r\u00e9ben, k\u00e9rd\u0151\u00edv seg\u00edts\u00e9g\u00e9vel.<\/p>\n","protected":false},"author":102388,"featured_media":2621,"parent":2407,"menu_order":0,"comment_status":"closed","ping_status":"closed","template":"","meta":{"_acf_changed":false,"footnotes":""},"categories":[9],"tags":[18],"class_list":["post-1412","page","type-page","status-publish","has-post-thumbnail","hentry","category-aktiv-kutatas","tag-ritmus-es-tancterapias-kutatasok"],"acf":[],"_links":{"self":[{"href":"https:\/\/semmelweis.hu\/rehabilitaciosklinika\/wp-json\/wp\/v2\/pages\/1412","targetHints":{"allow":["GET"]}}],"collection":[{"href":"https:\/\/semmelweis.hu\/rehabilitaciosklinika\/wp-json\/wp\/v2\/pages"}],"about":[{"href":"https:\/\/semmelweis.hu\/rehabilitaciosklinika\/wp-json\/wp\/v2\/types\/page"}],"author":[{"embeddable":true,"href":"https:\/\/semmelweis.hu\/rehabilitaciosklinika\/wp-json\/wp\/v2\/users\/102388"}],"replies":[{"embeddable":true,"href":"https:\/\/semmelweis.hu\/rehabilitaciosklinika\/wp-json\/wp\/v2\/comments?post=1412"}],"version-history":[{"count":4,"href":"https:\/\/semmelweis.hu\/rehabilitaciosklinika\/wp-json\/wp\/v2\/pages\/1412\/revisions"}],"predecessor-version":[{"id":2395,"href":"https:\/\/semmelweis.hu\/rehabilitaciosklinika\/wp-json\/wp\/v2\/pages\/1412\/revisions\/2395"}],"up":[{"embeddable":true,"href":"https:\/\/semmelweis.hu\/rehabilitaciosklinika\/wp-json\/wp\/v2\/pages\/2407"}],"wp:featuredmedia":[{"embeddable":true,"href":"https:\/\/semmelweis.hu\/rehabilitaciosklinika\/wp-json\/wp\/v2\/media\/2621"}],"wp:attachment":[{"href":"https:\/\/semmelweis.hu\/rehabilitaciosklinika\/wp-json\/wp\/v2\/media?parent=1412"}],"wp:term":[{"taxonomy":"category","embeddable":true,"href":"https:\/\/semmelweis.hu\/rehabilitaciosklinika\/wp-json\/wp\/v2\/categories?post=1412"},{"taxonomy":"post_tag","embeddable":true,"href":"https:\/\/semmelweis.hu\/rehabilitaciosklinika\/wp-json\/wp\/v2\/tags?post=1412"}],"curies":[{"name":"wp","href":"https:\/\/api.w.org\/{rel}","templated":true}]}}