{"id":1410,"date":"2024-09-18T07:49:45","date_gmt":"2024-09-18T05:49:45","guid":{"rendered":"https:\/\/semmelweis.hu\/rehabilitaciosklinika\/?page_id=1410"},"modified":"2024-12-04T15:20:54","modified_gmt":"2024-12-04T14:20:54","slug":"fejleszto-foglalkoztatassal-kapcsolatos-alkalmassagi-vizsgalatok-uj-rendszerenek-kidolgozasa","status":"publish","type":"page","link":"https:\/\/semmelweis.hu\/rehabilitaciosklinika\/tudomany\/kutataskereso\/fejleszto-foglalkoztatassal-kapcsolatos-alkalmassagi-vizsgalatok-uj-rendszerenek-kidolgozasa\/","title":{"rendered":"Fejleszt\u0151 Foglalkoztat\u00e1ssal kapcsolatos alkalmass\u00e1gi vizsg\u00e1latok \u00faj rendszer\u00e9nek kidolgoz\u00e1sa"},"content":{"rendered":"<p><strong>A kutat\u00e1s elnevez\u00e9se\u00a0\u00a0\u00a0\u00a0<\/strong><\/p>\n<p>Fejleszt\u0151 Foglalkoztat\u00e1ssal kapcsolatos alkalmass\u00e1gi vizsg\u00e1latok \u00faj rendszer\u00e9nek kidolgoz\u00e1sa<\/p>\n<p><strong>A kutat\u00e1s futamideje\u00a0\u00a0\u00a0\u00a0<\/strong><\/p>\n<p>2018.01.01.- 2018.03.31, illetve a publik\u00e1ci\u00f3 megsz\u00fclet\u00e9s\u00e9ig<\/p>\n<p><strong>A kutat\u00e1s t\u00e1mogat\u00f3ja\u00a0\u00a0\u00a0<\/strong><\/p>\n<p>EMMI Foglalkoztat\u00e1si \u00e9s Rehabilit\u00e1ci\u00f3s F\u0151oszt\u00e1ly 62249-6\/2017-REHAB projekt<\/p>\n<p><strong>A kutat\u00e1s vezet\u0151je\u00a0\u00a0\u00a0\u00a0\u00a0\u00a0\u00a0\u00a0<\/strong><\/p>\n<p>Pord\u00e1n \u00c1kos K\u00e9zenfogva Alap\u00edtv\u00e1ny \u00fcgyvezet\u0151je<\/p>\n<p><strong>R\u00e9sztvev\u0151 kutat\u00f3k az OORI-b\u00f3l<\/strong><\/p>\n<p>M\u00e9sz\u00e1ros Gabriella<\/p>\n<p><strong>K\u00fcls\u0151 partnerek\u00a0\u00a0\u00a0\u00a0\u00a0\u00a0\u00a0\u00a0\u00a0\u00a0\u00a0\u00a0\u00a0<\/strong><\/p>\n<ul>\n<li>dr. Gazsi Adrienn (K\u00e9zenfogva Alap\u00edtv\u00e1ny)<\/li>\n<li>Jakubinyi L\u00e1szl\u00f3 (Szimbi\u00f3zis Alap\u00edtv\u00e1ny)<\/li>\n<\/ul>\n<p><strong>A kutat\u00e1s f\u0151bb c\u00e9lkit\u0171z\u00e9sei\u00a0\u00a0\u00a0\u00a0\u00a0\u00a0\u00a0\u00a0<\/strong><\/p>\n<p>A Szoci\u00e1lis T\u00f6rv\u00e9ny szerint fejleszt\u0151 foglalkoztat\u00e1sban t\u00f6rt\u00e9n\u0151 r\u00e9szv\u00e9telhez vizsg\u00e1lati \u00e9s \u00e9rt\u00e9kel\u00e9si protokoll kidolgoz\u00e1sa<\/p>\n<p><strong>A kutat\u00e1s f\u0151bb eredm\u00e9nyei\u00a0\u00a0\u00a0\u00a0\u00a0\u00a0\u00a0<\/strong><\/p>\n<ul>\n<li>Jogszab\u00e1ly m\u00f3dos\u00edt\u00e1s keret\u00e9ben bevezet\u00e9sre ker\u00fcl egy egys\u00e9ges, haszn\u00e1lhat\u00f3 protokoll a fejleszt\u0151 foglalkoztat\u00e1sban val\u00f3 r\u00e9szv\u00e9telhez.<\/li>\n<li>A szakemberk\u00e9pz\u00e9sbe be\u00e9p\u00fcl a vizsg\u00e1lati m\u00f3dszerek ismertet\u00e9se.<\/li>\n<li>A foglalkoz\u00e1s-eg\u00e9szs\u00e9g\u00fcgyi vizsg\u00e1latok kiterjednek a fejleszt\u00e9si jogviszony keret\u00e9ben foglalkoztatott szem\u00e9lyekre is.<\/li>\n<\/ul>\n<p>&nbsp;<\/p>\n","protected":false},"excerpt":{"rendered":"<p>A kutat\u00e1s elnevez\u00e9se\u00a0\u00a0\u00a0\u00a0 Fejleszt\u0151 Foglalkoztat\u00e1ssal kapcsolatos alkalmass\u00e1gi vizsg\u00e1latok \u00faj rendszer\u00e9nek kidolgoz\u00e1sa A kutat\u00e1s futamideje\u00a0\u00a0\u00a0\u00a0 2018.01.01.- 2018.03.31, illetve a publik\u00e1ci\u00f3 megsz\u00fclet\u00e9s\u00e9ig A kutat\u00e1s t\u00e1mogat\u00f3ja\u00a0\u00a0\u00a0 EMMI Foglalkoztat\u00e1si \u00e9s Rehabilit\u00e1ci\u00f3s F\u0151oszt\u00e1ly 62249-6\/2017-REHAB projekt A kutat\u00e1s vezet\u0151je\u00a0\u00a0\u00a0\u00a0\u00a0\u00a0\u00a0\u00a0 Pord\u00e1n \u00c1kos K\u00e9zenfogva Alap\u00edtv\u00e1ny \u00fcgyvezet\u0151je R\u00e9sztvev\u0151 kutat\u00f3k az OORI-b\u00f3l M\u00e9sz\u00e1ros Gabriella K\u00fcls\u0151 partnerek\u00a0\u00a0\u00a0\u00a0\u00a0\u00a0\u00a0\u00a0\u00a0\u00a0\u00a0\u00a0\u00a0 dr. Gazsi Adrienn (K\u00e9zenfogva Alap\u00edtv\u00e1ny) Jakubinyi L\u00e1szl\u00f3 (Szimbi\u00f3zis Alap\u00edtv\u00e1ny) &hellip;<\/p>\n","protected":false},"author":102388,"featured_media":2640,"parent":2407,"menu_order":0,"comment_status":"closed","ping_status":"closed","template":"","meta":{"_acf_changed":false,"footnotes":""},"categories":[15],"tags":[22,25],"class_list":["post-1410","page","type-page","status-publish","has-post-thumbnail","hentry","category-lezarult-kutatas","tag-munkapszichologiai-kutatasok","tag-pszichologiai-kutatasok"],"acf":[],"_links":{"self":[{"href":"https:\/\/semmelweis.hu\/rehabilitaciosklinika\/wp-json\/wp\/v2\/pages\/1410","targetHints":{"allow":["GET"]}}],"collection":[{"href":"https:\/\/semmelweis.hu\/rehabilitaciosklinika\/wp-json\/wp\/v2\/pages"}],"about":[{"href":"https:\/\/semmelweis.hu\/rehabilitaciosklinika\/wp-json\/wp\/v2\/types\/page"}],"author":[{"embeddable":true,"href":"https:\/\/semmelweis.hu\/rehabilitaciosklinika\/wp-json\/wp\/v2\/users\/102388"}],"replies":[{"embeddable":true,"href":"https:\/\/semmelweis.hu\/rehabilitaciosklinika\/wp-json\/wp\/v2\/comments?post=1410"}],"version-history":[{"count":6,"href":"https:\/\/semmelweis.hu\/rehabilitaciosklinika\/wp-json\/wp\/v2\/pages\/1410\/revisions"}],"predecessor-version":[{"id":2498,"href":"https:\/\/semmelweis.hu\/rehabilitaciosklinika\/wp-json\/wp\/v2\/pages\/1410\/revisions\/2498"}],"up":[{"embeddable":true,"href":"https:\/\/semmelweis.hu\/rehabilitaciosklinika\/wp-json\/wp\/v2\/pages\/2407"}],"wp:featuredmedia":[{"embeddable":true,"href":"https:\/\/semmelweis.hu\/rehabilitaciosklinika\/wp-json\/wp\/v2\/media\/2640"}],"wp:attachment":[{"href":"https:\/\/semmelweis.hu\/rehabilitaciosklinika\/wp-json\/wp\/v2\/media?parent=1410"}],"wp:term":[{"taxonomy":"category","embeddable":true,"href":"https:\/\/semmelweis.hu\/rehabilitaciosklinika\/wp-json\/wp\/v2\/categories?post=1410"},{"taxonomy":"post_tag","embeddable":true,"href":"https:\/\/semmelweis.hu\/rehabilitaciosklinika\/wp-json\/wp\/v2\/tags?post=1410"}],"curies":[{"name":"wp","href":"https:\/\/api.w.org\/{rel}","templated":true}]}}