{"id":1407,"date":"2024-09-18T07:48:04","date_gmt":"2024-09-18T05:48:04","guid":{"rendered":"https:\/\/semmelweis.hu\/rehabilitaciosklinika\/?page_id=1407"},"modified":"2024-12-04T08:46:02","modified_gmt":"2024-12-04T07:46:02","slug":"fes-kerekpar","status":"publish","type":"page","link":"https:\/\/semmelweis.hu\/rehabilitaciosklinika\/tudomany\/kutataskereso\/fes-kerekpar\/","title":{"rendered":"Gerincvel\u0151s\u00e9r\u00fclt emberek \u00e9s \u00e9ptest\u0171 r\u00e9sztvev\u0151k ker\u00e9kp\u00e1roz\u00f3 mozg\u00e1s\u00e1nak vizsg\u00e1lata funkcion\u00e1lis elektromos izomingerl\u00e9shez megfelel\u0151 stimul\u00e1ci\u00f3s mint\u00e1zatok meghat\u00e1roz\u00e1sa \u00e9rdek\u00e9ben"},"content":{"rendered":"<p><strong>A kutat\u00e1s elnevez\u00e9se\u00a0\u00a0\u00a0\u00a0<\/strong><\/p>\n<p>Gerincvel\u0151s\u00e9r\u00fclt emberek \u00e9s \u00e9ptest\u0171 r\u00e9sztvev\u0151k ker\u00e9kp\u00e1roz\u00f3 mozg\u00e1s\u00e1nak vizsg\u00e1lata funkcion\u00e1lis elektromos izomingerl\u00e9shez megfelel\u0151 stimul\u00e1ci\u00f3s mint\u00e1zatok meghat\u00e1roz\u00e1sa \u00e9rdek\u00e9ben<\/p>\n<p><strong>A kutat\u00e1s futamideje\u00a0\u00a0\u00a0\u00a0<\/strong><\/p>\n<p>folyamatos<\/p>\n<p><strong>A kutat\u00e1s t\u00e1mogat\u00f3ja\u00a0\u00a0\u00a0<\/strong><\/p>\n<ul>\n<li>MTA Wigner Fizikai Kutat\u00f3k\u00f6zpont,<\/li>\n<li>P\u00e1zm\u00e1ny P\u00e9ter Katolikus Egyetem,<\/li>\n<li>P\u00e9csi Tudom\u00e1nyegyetem<\/li>\n<li>Magyar Testnevel\u00e9si Egyetem<\/li>\n<\/ul>\n<p><strong>A kutat\u00e1s vezet\u0151je\u00a0\u00a0\u00a0\u00a0\u00a0\u00a0\u00a0\u00a0<\/strong><\/p>\n<ul>\n<li>Dr. Laczk\u00f3 J\u00f3zsef<\/li>\n<li>Dr. Klauber Andr\u00e1s<\/li>\n<li>Dr. Cserh\u00e1ti P\u00e9ter<\/li>\n<\/ul>\n<p><strong>R\u00e9sztvev\u0151 kutat\u00f3k az OORI-b\u00f3l<\/strong><\/p>\n<p>Dr. Putz Mikl\u00f3s<\/p>\n<p><strong>K\u00fcls\u0151 partnerek\u00a0\u00a0\u00a0\u00a0\u00a0\u00a0\u00a0\u00a0\u00a0\u00a0\u00a0\u00a0\u00a0<\/strong><\/p>\n<ul>\n<li>MTA Wigner Fizikai Kutat\u00f3k\u00f6zpont, Budapest<\/li>\n<li>Testnevel\u00e9si Egyetem, Budapest<\/li>\n<li>P\u00e1zm\u00e1ny P\u00e9ter Katolikus Egyetem, Inform\u00e1ci\u00f3 Technol\u00f3giai \u00e9s Bionikai Kar, Budapest<\/li>\n<li>P\u00e9csi Tudom\u00e1nyegyetem, P\u00e9cs<\/li>\n<li>Medizinische Universit\u00e4t Wien, Zentrumf\u00fcrMedizinischePhysik und BiomedizinischeTechnik, B\u00e9cs, Ausztria,<\/li>\n<li>Ludwig-MaximiliansUiversitaet, M\u00fcnchen, N\u00e9metorsz\u00e1g<\/li>\n<\/ul>\n<p><strong>A kutat\u00e1s f\u0151bb c\u00e9lkit\u0171z\u00e9sei\u00a0\u00a0\u00a0\u00a0\u00a0\u00a0\u00a0\u00a0<\/strong><\/p>\n<p>A kutat\u00e1s c\u00e9lja, hogy para- \u00e9s tetraparetikus betegek funkcion\u00e1lis elektromos izomingerl\u00e9ssel szab\u00e1lyozott,ergom\u00e9teren \u00e9s triciklin v\u00e9grehajtott ped\u00e1loz\u00f3 v\u00e1gtagmozg\u00e1s\u00e1t, valamint eg\u00e9szs\u00e9ges emberek v\u00e9gtagmozg\u00e1s\u00e1nak saj\u00e1ts\u00e1gait vizsg\u00e1ljuk.<\/p>\n<p><strong>A kutat\u00e1s f\u0151bb eredm\u00e9nyei\u00a0\u00a0\u00a0\u00a0\u00a0\u00a0\u00a0<\/strong><\/p>\n<ul>\n<li>A Gerincvel\u0151s\u00e9r\u00fcltek Rehabilit\u00e1ci\u00f3s Oszt\u00e1ly\u00e1n, funkcion\u00e1lis elektromos izomingerl\u00e9ssel vez\u00e9relt ker\u00e9kp\u00e1roz\u00e1st v\u00e9gezhetnek a p\u00e1ciensek. Az elm\u00falt 10 \u00e9vben t\u00f6bb mint 50 parapleg p\u00e1ciens vett r\u00e9szt a ker\u00e9kp\u00e1roz\u00f3 &#8222;edz\u00e9seken&#8221; \u00e1ltal\u00e1ban mindegyik\u00fck rendszeresen, heti 2 alkalommal, t\u00f6bb h\u00f3napon \u00e1t, van aki \u00e9veken kereszt\u00fcl.<\/li>\n<li>A r\u00e9sztvev\u0151k teljes\u00edtm\u00e9nye nyomon k\u00f6vethet\u0151, jegyz\u0151k\u00f6nyvben r\u00f6gz\u00edtett.<\/li>\n<li>K\u00fcl\u00f6nb\u00f6z\u0151 stimul\u00e1ci\u00f3s param\u00e9terek \u00e9s stimul\u00e1ci\u00f3s mint\u00e1k hat\u00e1sa ker\u00fclt \u00f6sszehasonl\u00edt\u00e1sra.<\/li>\n<li>Konkr\u00e9t c\u00e9lok jel\u00f6lhet\u0151ek ki, mely motiv\u00e1ci\u00f3t jelent a kutat\u00e1s \u00e9s a r\u00e9sztvev\u0151 sz\u00e1m\u00e1ra egyar\u00e1nt.<\/li>\n<li>Folyamatos a tr\u00e9ning sor\u00e1n a v\u00e9rnyom\u00e1sm\u00e9r\u00e9s, az ergom\u00e9ter \u00e1ltal r\u00f6gz\u00edtett sebess\u00e9gm\u00e9r\u00e9s, illetve a megtett t\u00e1vols\u00e1g feljegyz\u00e9se.<\/li>\n<li>E projekt eredm\u00e9nyei \u00faj perspekt\u00edv\u00e1t nyitnak a annak meg\u00e9rt\u00e9s\u00e9ben, hogy milyen k\u00fcl\u00f6nb\u00f6z\u0151 mesters\u00e9gesen el\u0151\u00e1ll\u00edtott izomaktivit\u00e1si mint\u00e1zatok hogyan befoly\u00e1solj\u00e1k a paciens fizikai teljes\u00edtm\u00e9ny\u00e9t \u00e9s \u00e1ltal\u00e1nos fiziol\u00f3giai \u00e1llapot\u00e1t.<\/li>\n<li>\u00c9ptest\u0171 emberek, als\u00f3- \u00e9s fels\u0151 v\u00e9gtaggal v\u00e9gzett ker\u00e9kp\u00e1roz\u00e1sa sor\u00e1n kinematikai \u00e9s izomaktivit\u00e1si adatokat m\u00e9rt\u00fcnk. A sebess\u00e9g, a hajt\u00f3kar ellen\u00e1ll\u00e1s, a testhelyzet hat\u00e1s\u00e1t vizsg\u00e1ltuk a kinematikai \u00e9s izomaktivit\u00e1si jellemz\u0151kre.<\/li>\n<li>V\u00e9gtagmozg\u00e1sok v\u00e1ltozatoss\u00e1g\u00e1t \u00e9s stabilit\u00e1s\u00e1t vizsg\u00e1ljuk \u00e9s a term\u00e9szetes emberi mozg\u00e1s szab\u00e1lyoz\u00e1s tulajdons\u00e1gait elemezz\u00fck. A kinematikai \u00e9s izomaktivit\u00e1si adatok k\u00f6z\u00f6tti kapcsolat felt\u00e1r\u00e1sa seg\u00edti azidegrendszeri k\u00e1rosod\u00e1s miatt mozg\u00e1si funkci\u00f3ik egy r\u00e9sz\u00e9t elvesztett emberek sz\u00e1m\u00e1ra k\u00e9sz\u00fcl\u0151 mesters\u00e9ges ideg-izom ingerl\u00e9si mint\u00e1k kialak\u00edt\u00e1s\u00e1t.<\/li>\n<\/ul>\n<p><strong>A kutat\u00e1s eredm\u00e9nyeib\u0151l sz\u00fcletett publik\u00e1ci\u00f3k\u00a0<\/strong><\/p>\n<p>MravcsikM, Andras Kaluber, Jozsef Laczko (2017): FES drivencycling: increasedcrankresistanceinthecase of lowerlevel of injury \u2013 comparison of casestudies. IFESS 2017, 21stAnnual Meeting of the International FunctionalElectricalStimulation Society, Conferenceproceedings, p. 87., Rehabweek 2017, London.\u00a0<\/p>\n<p>Mravcsik, KlauberA,LaczkoJ. (2016): FES drivenlowerlimbcyclingbyfour and eightchannelstimulations \u2013 a comparisonin a casestudy. 12th Vienna International Workshopon FES, 2016. szeptember 08-09, B\u00e9cs, Ausztria, ProceedingsBook 89-93. oldal, ISBN: 978-3-900928-12-4<\/p>\n<p>Mravcsik M., Laczk\u00f3 J. (2015): Funkcion\u00e1lis elektromos izomingerl\u00e9ssel l\u00e9trehozott ker\u00e9kp\u00e1roz\u00e1s hat\u00e1sai, k\u00fcl\u00f6nb\u00f6z\u0151 mint\u00e1k alkalmaz\u00e1sa. Fiatal Sporttud\u00f3sok III. Orsz\u00e1gos Konferenci\u00e1ja. Szombathely, Magyarorsz\u00e1g: 2015.12.04 -2015.12.05., Magyar Sprttudom\u00e1nyi Szemle 16. \u00e9vf. 64. sz\u00e1m, 50. oldal.<\/p>\n<p>Mravcsik M, Klauber A, Laczko J. (2015): Power output of spinalcordinjuredindividualsduringfunctionalelectricalstimulationdrivenbicyclinglowerlimbmovement. Progressin Motor Control X. Conference, 2015.07.22-25. Budapest, Hungary, Program Book, p. 126., ISBN: 978-615-5187-07-0<\/p>\n<p>Mravcsik M, Laczko J (2015): Variances of jointconfiguration and muscleactivitypatternsduringarmcyclingagainstexternalresistances. Program Number 609.06, 2015 Neuroscience Meeting Planner. Soc. forNeuroscience, Chicago IL, USA, Online<\/p>\n<p>Mravcsik M., Klauber A., Laczk\u00f3 J.(2015): Funkcion\u00e1lis elektromos izomingerl\u00e9ssel v\u00e9gzett edz\u00e9s hat\u00e1sa a teljes\u00edtm\u00e9nyre. XII. Orsz\u00e1gos Sporttudom\u00e1nyi Kongresszus. 2015. 06. 04-06.. Eger, Magyar Sporttudom\u00e1nyi Szemle 15. \u00e9vf. 61. sz\u00e1m<\/p>\n<p>Malik Sz, Mravcsik M, Botzheim L, Klauber A, Zentai N, Laczko J (2017): Number and strength of musclesynergiesinbimanualarmcyclingas a function of crankresistance. Progress in Motor Control XI. Conference, 2017.07.22-22. Miami USA.<\/p>\n<p>Laczko J. (2017): Mozg\u00e1s \u2013 Rehabilit\u00e1ci\u00f3. Magyar Sporttudom\u00e1nyi Szemle, 2017\/2 18. \u00e9vf. 70. sz\u00e1m. pp. 56-57.<\/p>\n<p>Laczko J, Mravcsik M, Katona P. (2016): Control of CyclingLimbMovements: AspectsforRehabilitation. AdvancesinExperimentalMedicine and Biology V. 957 pp. 273-289.\u00a0 doi: 10.1007\/978-3-319-47313-0_15.<\/p>\n<p>Zentai N, Mravcsik M, Botzheim L, Malik Sz, Laczko J. (2016), Kinematicstability of armcyclingbythedominant and nondominantarm. 38th Annual International Conference of the IEEE Engineering in Medicine and Biology Society, 2016. augusztus 16-20., Orlando, FL, USA, Controlnumber: FrCT13.27.<\/p>\n<p>Uto K, Katona K, Trajer E, Bosnyak E, Protzner A, Laczko, Toth M (2015), The effect of FES-assistedcyclingonthecardiopulmonarysystemsystem of CNS injuredindividuals Progress in Motor Control X. Conference, 2015.07.22-25. Budapest, Hungary, Program Book p 158., ISBN: 978-615-5187-07-0<\/p>\n<p>Valy A, Laczko J, (2015) Timingcontrolincyclingagainstdifferentresistances. Progress in Motor Control X. Conference, 2015.07.22-25. Budapest, Hungary, Program Book p 160., ISBN: 978-615-5187-07-0<\/p>\n<p>Katona P, Pilissy T, Tihanyi A, Laczko J.\u00a0 (2014): The Combined Effect of Cycling Cadence and Crank Resistance on Hamstrings and Quadriceps Muscle Activities during Cycling. ActaPhysiologicaHungarica, Volume 101 (4), pp. 505\u2013516.<\/p>\n<p>Mravcsik M., Laczk\u00f3 J. (2014): Muscleco-activationduringarmcyclingagainstalteringcrankresistances. 7th World Congress of Biomechanics, ControlNumber 3864,<\/p>\n<p>Laczko J, Mravcsik M, Gyorffi Z. (2013): Controllingcyclicarmmovementswhilecyclingunderalteringexternalconditions. Program No. 651.13 2013 Neuroscience Meeting Planner. Soc. forNeuroscience<\/p>\n<p>Katona P, Pilissy T, Laczko J. (2013): Speed and crankresistanceaffectscoactivation of kneemusclesduringcyclingmovements. San Juan, Puerto Rico, Society fortheneuralcontrol of movement, 23rdAnnual Meeting Abstracts. p.1.<\/p>\n<p>Katona P, Laczko J.,Protzner A., Ramocsa G., Klauber A, Toth M. (2013): Terhel\u00e9sesvizsgalateredm\u00e9nyei gerincvel\u0151 s\u00e9ru\u0308lt szem\u00e9ly FES ker\u00e9kparozo edz\u00e9se sor\u00e1n. Magyar Sporttudom\u00e1nyi Szemle, 2013\/2 XIV. \u00e9vf.\u00a0 54. Sz. pp 33-34.<\/p>\n<p>Laczko J, Katona P. (2012): The effect of cyclingspeedoncontrol of kneeextensor and flexormusclesinbicycling. Program No. 886.08. 2012 Neuroscience Meeting Planner. New Orleans, LA: Soc. forNeuroscience, 2012. Online<\/p>\n<p>Laczko J.\u00a0 Katona P, Waszlavik E,Klauber A. (2012): Dependence of cycling performance ontrainingtime and stimulationfrequencyduring FES drivencycling. IFESS 2012, 17thAnnual Meeting \u2013 Intnl. FunctionalElectricalStimulation Society. pp. 448-451.<\/p>\n<p>Katona P. Laczko J, (2012): Efficiencyduringcycling: theeffect of altered pedalingspeedonmuscleactivities. International ScientificConference Motor Control 2012, FromTheoriestoClinicalApplications, Book of AbstractsEd K. Slomka and G. Juras. p.37.<\/p>\n<p>Laczk\u00f3 J. and Katona P. (2012): Reportfromthe IX. Motor ControlSummerSchool (Tihany 2012 j\u00fanius 14-18.) InHungarian: Magyar Sporttudom\u00e1nyi Szemle. 13.\u00e9vf. 51.sz. pp.66-67.<\/p>\n<p>Laczk\u00f3 J (2011): Modeling of Human movements, Neuroprostheses. ClinicalNeuroscience\/IdeggyogySzle. 64(7-8) pp. 162-167.<\/p>\n<p>Laczko J, Tibold R. (2011): Variances of jointtorques and muscleactivitiesduringarmmovementswithloads. Program No. 810.19. Neuroscience Meeting, Washington, DC: Society forNeuroscience, 2011. Online.<\/p>\n<p>Tibold R, Fazekas G, Laczko J (2011): Three-dimensionalmodeltopredictmuscleforces andtheirrelationtomotorvariancesinreachingarmmovements. Journal of AppliedBiomechanics, 27, pp. 362-374.<\/p>\n<p>Laczk\u00f3 J., Katona P., Klauber A. (2011): Rehabilit\u00e1ci\u00f3sEszk\u00f6z\u00f6kB\u00e9nultV\u00e9gtagokFunkcion\u00e1lisElektromosStimul\u00e1ci\u00f3valV\u00e9gzettEedz\u00e9s\u00e9hez; Magyar Sporttudom\u00e1nyiSzemle 2011\/2, pp. 53-54.<\/p>\n<p>Katona P., Klauber A., Laczk\u00f3 J. (2011): Gerincs\u00e9r\u00fcltekFunkcion\u00e1lisElektromosStimul\u00e1ci\u00f3sEdz\u00e9s\u00e9nekTapasztalatai; Magyar Sporttudom\u00e1nyiSzemle 2011\/2, pp. 44-45.<\/p>\n<p>Katona P, Laczko J (2011): Evaluation of maximalisometricmuscleforcesasfunction of lowerlimbconfiguration and crankangleduringcycling, ISB2011 Brussels, 2011. http:\/\/homepages.ulb.ac.be\/~labo\/ISB2011\/ISB2011_ScientificProgram_files\/1024.pdf<\/p>\n<p>Katona P, Pilissy T, Fazekas G, Klauber A, Laczk\u00f3 J. (2010): A non-invasivemethodfortheexamination of musclegeometrytotheexploration of thecontext of themuscleactivities and musclelengthchanges.BiomechanicaHungarica III. \u00e9vfolyam, 1. sz\u00e1m, pp. 101-105.<\/p>\n<p>Laczko J and Tibold R (2010): 3D analysistorevealmuscleactivitytiminginobjectreplacingarmmovements.\u00a0 Proc of theEleventh International Symposiumonthe 3D Analysis of Human Movement, pp. 90-93<\/p>\n<p>Laczko J, Pilissy T, Tibold R. (2009): Neuro-mechanicalModeling and Controlling of Human LimbMovements of SpinalCordInjuredPatients.\u00a0 Proc. of the2nd Intnl. SymposiumonAppliedSciencesinBiomedical and Communication Technologies.ISBN 978-80-227-3216-1.On CD Isabel 2009, File number: 285283,<\/p>\n<p>Laczko J, Tibold R., Fazekas G. (2009): Neuromuscularsynergyensureskinematicstabilityduring 3D reachingarmmovementswithload. Program No. 272.2 2009 Neuroscience Meeting. Chicago, IL: Soc. forNeuroscience, 2009. Online<\/p>\n<p>Laczk\u00f3 J.,Pilissy T.,Klauber A. (2008): Neuro-mechanicalfactorsincontrollingcyclingmovements of spinalcordinjuredpatientsthroughtfunctionalelectricalstimulation..Proc. of the 12th International ConferenceonCognitive and Neural Systems, Boston MA., p.104.<\/p>\n<p>Pilissy T, Klauber A, Fazekas G, Laczk\u00f3 J, Sz\u00e9csi J. (2008): Improvingfunctionalelectricalstimulationdrivencyclingbypropersynchronization of themuscles. ClinicalNeuroscience\/Ideggyogy Szle.61(5-6) pp. 162-167<\/p>\n<p>Laczko J, Walton K, Watanabe H, Llinas R (2007): Modeling of limbmovementstocompute and transferstimulationtrainstospinalmotoneuronpools. In: 12th annualConference of theIntnl. FES Society. Philadelphia PA. Session 10.<\/p>\n","protected":false},"excerpt":{"rendered":"<p>A kutat\u00e1s elnevez\u00e9se\u00a0\u00a0\u00a0\u00a0 Gerincvel\u0151s\u00e9r\u00fclt emberek \u00e9s \u00e9ptest\u0171 r\u00e9sztvev\u0151k ker\u00e9kp\u00e1roz\u00f3 mozg\u00e1s\u00e1nak vizsg\u00e1lata funkcion\u00e1lis elektromos izomingerl\u00e9shez megfelel\u0151 stimul\u00e1ci\u00f3s mint\u00e1zatok meghat\u00e1roz\u00e1sa \u00e9rdek\u00e9ben A kutat\u00e1s futamideje\u00a0\u00a0\u00a0\u00a0 folyamatos A kutat\u00e1s t\u00e1mogat\u00f3ja\u00a0\u00a0\u00a0 MTA Wigner Fizikai Kutat\u00f3k\u00f6zpont, P\u00e1zm\u00e1ny P\u00e9ter Katolikus Egyetem, P\u00e9csi Tudom\u00e1nyegyetem Magyar Testnevel\u00e9si Egyetem A kutat\u00e1s vezet\u0151je\u00a0\u00a0\u00a0\u00a0\u00a0\u00a0\u00a0\u00a0 Dr. Laczk\u00f3 J\u00f3zsef Dr. Klauber Andr\u00e1s Dr. Cserh\u00e1ti P\u00e9ter R\u00e9sztvev\u0151 kutat\u00f3k az OORI-b\u00f3l &hellip;<\/p>\n","protected":false},"author":102388,"featured_media":2623,"parent":2407,"menu_order":0,"comment_status":"closed","ping_status":"closed","template":"","meta":{"_acf_changed":false,"footnotes":""},"categories":[9],"tags":[17],"class_list":["post-1407","page","type-page","status-publish","has-post-thumbnail","hentry","category-aktiv-kutatas","tag-orvos-mernok-kutatasok"],"acf":[],"_links":{"self":[{"href":"https:\/\/semmelweis.hu\/rehabilitaciosklinika\/wp-json\/wp\/v2\/pages\/1407","targetHints":{"allow":["GET"]}}],"collection":[{"href":"https:\/\/semmelweis.hu\/rehabilitaciosklinika\/wp-json\/wp\/v2\/pages"}],"about":[{"href":"https:\/\/semmelweis.hu\/rehabilitaciosklinika\/wp-json\/wp\/v2\/types\/page"}],"author":[{"embeddable":true,"href":"https:\/\/semmelweis.hu\/rehabilitaciosklinika\/wp-json\/wp\/v2\/users\/102388"}],"replies":[{"embeddable":true,"href":"https:\/\/semmelweis.hu\/rehabilitaciosklinika\/wp-json\/wp\/v2\/comments?post=1407"}],"version-history":[{"count":5,"href":"https:\/\/semmelweis.hu\/rehabilitaciosklinika\/wp-json\/wp\/v2\/pages\/1407\/revisions"}],"predecessor-version":[{"id":2394,"href":"https:\/\/semmelweis.hu\/rehabilitaciosklinika\/wp-json\/wp\/v2\/pages\/1407\/revisions\/2394"}],"up":[{"embeddable":true,"href":"https:\/\/semmelweis.hu\/rehabilitaciosklinika\/wp-json\/wp\/v2\/pages\/2407"}],"wp:featuredmedia":[{"embeddable":true,"href":"https:\/\/semmelweis.hu\/rehabilitaciosklinika\/wp-json\/wp\/v2\/media\/2623"}],"wp:attachment":[{"href":"https:\/\/semmelweis.hu\/rehabilitaciosklinika\/wp-json\/wp\/v2\/media?parent=1407"}],"wp:term":[{"taxonomy":"category","embeddable":true,"href":"https:\/\/semmelweis.hu\/rehabilitaciosklinika\/wp-json\/wp\/v2\/categories?post=1407"},{"taxonomy":"post_tag","embeddable":true,"href":"https:\/\/semmelweis.hu\/rehabilitaciosklinika\/wp-json\/wp\/v2\/tags?post=1407"}],"curies":[{"name":"wp","href":"https:\/\/api.w.org\/{rel}","templated":true}]}}