{"id":1401,"date":"2024-09-18T07:45:32","date_gmt":"2024-09-18T05:45:32","guid":{"rendered":"https:\/\/semmelweis.hu\/rehabilitaciosklinika\/?page_id=1401"},"modified":"2024-11-22T09:46:00","modified_gmt":"2024-11-22T08:46:00","slug":"optireharob","status":"publish","type":"page","link":"https:\/\/semmelweis.hu\/rehabilitaciosklinika\/tudomany\/kutataskereso\/optireharob\/","title":{"rendered":"OptiReharob &#8211; Optim\u00e1lis param\u00e9terez\u00e9s\u0171 interakci\u00f3 strat\u00e9gi\u00e1k f\u00e9loldali b\u00e9nult fels\u0151 v\u00e9gtag robottal seg\u00edtett akt\u00edv-vezetett gy\u00f3gytorn\u00e1ztat\u00e1s\u00e1hoz"},"content":{"rendered":"<p><strong>A kutat\u00e1s elnevez\u00e9se\u00a0\u00a0\u00a0\u00a0<\/strong><\/p>\n<p>OptiReharob &#8211; Optim\u00e1lis param\u00e9terez\u00e9s\u0171 interakci\u00f3 strat\u00e9gi\u00e1k f\u00e9loldali b\u00e9nult fels\u0151 v\u00e9gtag robottal seg\u00edtett akt\u00edv-vezetett gy\u00f3gytorn\u00e1ztat\u00e1s\u00e1hoz<\/p>\n<p><strong>A kutat\u00e1s futamideje\u00a0\u00a0\u00a0\u00a0<\/strong><\/p>\n<p>2017.11.01. \u2013 2021.10.31.<\/p>\n<p><strong>A kutat\u00e1s t\u00e1mogat\u00f3ja\u00a0\u00a0\u00a0<\/strong><\/p>\n<p>NKFIH<\/p>\n<p><strong>A kutat\u00e1s vezet\u0151je\u00a0\u00a0\u00a0\u00a0\u00a0\u00a0\u00a0\u00a0<\/strong><\/p>\n<ul>\n<li>Dr. Fazekas G\u00e1bor Ph.D.<\/li>\n<li>T\u00f3th Andr\u00e1s, g\u00e9p\u00e9szm\u00e9rn\u00f6k (BME)<\/li>\n<\/ul>\n<p><strong>R\u00e9sztvev\u0151 kutat\u00f3k az OORI-b\u00f3l<\/strong><\/p>\n<ul>\n<li>Dr. D\u00e9nes Zolt\u00e1n Ph.D., orvos<\/li>\n<li>Dr. Tavaszi Ibolya, orvos<\/li>\n<li>Dr. Feh\u00e9r Melinda, orvos<\/li>\n<li>Agg Zs\u00f3fia, gy\u00f3gytorn\u00e1sz<\/li>\n<li>Farkas Eszter, gy\u00f3gytorn\u00e1sz<\/li>\n<li>tov\u00e1bb\u00e1 egy-egy feladatra bekapcsol\u00f3d\u00f3 gy\u00f3gytorn\u00e1szok \u00e9s hallgat\u00f3k<\/li>\n<\/ul>\n<p><strong>K\u00fcls\u0151 partnerek\u00a0\u00a0\u00a0\u00a0\u00a0\u00a0\u00a0\u00a0\u00a0\u00a0\u00a0\u00a0\u00a0<\/strong><\/p>\n<p>Budapesti M\u0171szaki \u00e9s Gazdas\u00e1gtudom\u00e1nyi Egyetem<\/p>\n<p>T\u00f3th Andr\u00e1s, g\u00e9p\u00e9szm\u00e9rn\u00f6k (BME)<br \/>\nMunkat\u00e1rsak: Dr. St\u00e9p\u00e1n G\u00e1bor, akad\u00e9mikus (BME)<br \/>\nJur\u00e1k Mih\u00e1ly, m\u00e9rn\u00f6k (BME)<br \/>\nPilissy Tam\u00e1s, informatikus, e\u00fc. m\u00e9rn\u00f6k (BME)<\/p>\n<p><strong>A kutat\u00e1s f\u0151bb c\u00e9lkit\u0171z\u00e9sei\u00a0\u00a0\u00a0\u00a0\u00a0\u00a0\u00a0\u00a0<\/strong><\/p>\n<p>A rehabilit\u00e1ci\u00f3s robotok ism\u00e9tl\u0151d\u0151 feladatokat tudnak gyakoroltatni nagyon k\u00f6vetkezetes \u00e9s ellen\u0151rizhet\u0151 m\u00f3don. Ha ezek a robotok nem csak a f\u00e1raszt\u00f3 \u00e9s unalmas feladatokat veszik \u00e1t a gy\u00f3gytorn\u00e1szt\u00f3l, de olyan feladatokat is gyakoroltatni tudn\u00e1nak, amelyek a neuronok \u00faj m\u00e1trix\u00e1nak kialakul\u00e1s\u00e1t seg\u00edten\u00e9k el\u0151, a ter\u00e1pi\u00e1s rehabilit\u00e1ci\u00f3s robotok gyorsan felbecs\u00fclhetetlen \u00e9rt\u00e9k\u0171v\u00e9 v\u00e1ln\u00e1nak az agyi motoros fogyat\u00e9kosok, k\u00f6zt\u00fck is a t\u00f6bbs\u00e9get kitev\u0151 stroke betegek sz\u00e1m\u00e1ra. Annak ellen\u00e9re, hogy a k\u00f6r\u00fclm\u00e9nyek ide\u00e1lisnak t\u0171nnek, a jelenlegi ter\u00e1pi\u00e1s robotok nem ny\u00fajtanak olyan hat\u00e9kony kezel\u00e9st, mint amilyenre k\u00e9peseknek kellene lenni\u00fck. Az OptiReharob projekt a versenyt\u00e1rsak\u00e9n\u00e1l nagyobb kock\u00e1zat\u00fa m\u00f3dszereket v\u00e1llal fel az \u00e1t\u00fct\u0151 eredm\u00e9ny el\u00e9r\u00e9s\u00e9nek \u00e9rdek\u00e9ben.<\/p>\n<p><strong>A kutat\u00e1s f\u0151bb eredm\u00e9nyei\u00a0\u00a0\u00a0\u00a0\u00a0\u00a0\u00a0<\/strong><\/p>\n<p>A projekt els\u0151 id\u0151szak\u00e1ban \u00e1tfog\u00f3 irodalomkutat\u00e1s k\u00e9sz\u00fclt az agyi plaszticit\u00e1s felm\u00e9r\u00e9s\u00e9nek lehet\u0151s\u00e9geir\u0151l.\u00a0<\/p>\n<p class=\"style_top\" align=\"left\"><strong>OptiRehaRob ismertet\u0151<\/strong><\/p>\n<div class=\"style1\">\n<p>A mozg\u00e1sszervi rehabilit\u00e1ci\u00f3 ter\u00fclet\u00e9n az 1990-es \u00e9vekt\u0151l fogva haszn\u00e1lnak gy\u00f3gytorn\u00e1ztat\u00f3 robotokat f\u00e9loldali b\u00e9nult betegek \u2013 f\u0151leg stroke ut\u00e1ni \u2013 gy\u00f3gytorn\u00e1ztat\u00e1s\u00e1nak a seg\u00edt\u00e9s\u00e9re. A gy\u00f3gytorn\u00e1ztat\u00f3 robotok kutat\u00e1si ter\u00fclet\u00e9nek negyedsz\u00e1zadnyi t\u00f6rt\u00e9nelme ellen\u00e9re a legjelent\u0151sebb klinikai eredm\u00e9ny m\u00e9g tov\u00e1bbra is v\u00e1rat mag\u00e1ra. Annak igazol\u00e1sa hi\u00e1nyzik, hogy a robotokkal v\u00e9gzett gy\u00f3gytorna (statisztikai szignifikanci\u00e1t tekintve) hat\u00e9konyabb-e a k\u00e9zzel v\u00e9gzett gy\u00f3gytorn\u00e1ztat\u00e1sn\u00e1l.<\/p>\n<p>Magyarorsz\u00e1gon a kutat\u00e1sok ezen a ter\u00fcleten 2000 \u00f3ta a REHAROB Gy\u00f3gytorn\u00e1ztat\u00f3 Berendez\u00e9s k\u00f6r\u00fcl \u00f6sszpontosulnak. Az Orsz\u00e1gos Orvosi Rehabilit\u00e1ci\u00f3s Int\u00e9zet (OORI) \u00e9s a Budapesti M\u0171szaki \u00e9s Gazdas\u00e1gtudom\u00e1nyi Egyetem (BME) kutat\u00f3i l\u00e9p\u00e9sr\u0151l l\u00e9p\u00e9sre fejlesztett\u00e9k a rendszert, amely most m\u00e1r k\u00e9sz a v\u00e1rt tudom\u00e1nyos \u00e1tt\u00f6r\u00e9s megval\u00f3s\u00edt\u00e1s\u00e1ra. Az evidencia alap\u00fa, robotokkal seg\u00edtett gy\u00f3gytorn\u00e1ztat\u00e1s ter\u00fclet\u00e9n a siker kulcsa a megfelel\u0151 metodol\u00f3giai kever\u00e9ken alapul, amely tartalmaz val\u00f3s objektumokkal v\u00e9gzett Mindennapi Tev\u00e9kenys\u00e9g Gyakorlatokat (ADL &#8211; Actitivities of daily Living), valamint fokozza a neuroplaszticit\u00e1st a ter\u00e1pia ciklusok sor\u00e1n alkalmazott extr\u00e9m admittancia be\u00e1ll\u00edt\u00e1sok seg\u00edts\u00e9g\u00e9vel.<\/p>\n\r\n        [slb_exclude]\r\n        <div class=\"row galeria-wrapper mx-0 h-auto\">\r\n            <div class=\"col-9 pl-0 pr-2\">\r\n            <span class=\"gallery-item frame\">\r\n\t\t\t\t<div class=\"galeria-left-img\"><a href=\"https:\/\/semmelweis.hu\/rehabilitaciosklinika\/files\/2024\/11\/REHAROBrobot.jpg\"><img src=https:\/\/semmelweis.hu\/rehabilitaciosklinika\/files\/2024\/11\/REHAROBrobot.jpg  \r\n                            alt=\"\" \r\n                            class=\"attachment-sote-gallery-big size-sote-gallery-big\" \r\n                            srcset=\"https:\/\/semmelweis.hu\/rehabilitaciosklinika\/files\/2024\/11\/REHAROBrobot-400x267.jpg 400w, https:\/\/semmelweis.hu\/rehabilitaciosklinika\/files\/2024\/11\/REHAROBrobot-203x135.jpg 203w, https:\/\/semmelweis.hu\/rehabilitaciosklinika\/files\/2024\/11\/REHAROBrobot.jpg 597w\" ><\/a><\/div>\r\n            <\/span>\r\n\r\n            <\/div>\r\n\r\n\t\t\t<div class=\"col-3 pl-0 pr-0\">\r\n\t\t\t\t<div class=\"galeria-right-img d-flex justify-content-between flex-column h-100 w-100 px-0 mx-0 \">\r\n                <div class=\"galeria-box\">\r\n\t\t\t\t\t<h3 class=\"galeria-title\">Gal\u00e9ria<\/h3>\r\n\t\t\t\t\t<div class=\"galeria-subtitle\">\r\n\r\n\t\t\t\t\t\t<div class=\"galeria-page-counter\"><span>5<\/span>k\u00e9p<\/div>\r\n                    <\/div> <\/div>\r\n                    <span class=\"gallery-item frame d-none d-md-flex\">\r\n\t\t\t\t\t<div class=\"galeria-small-img mt-0\"><a href=\"https:\/\/semmelweis.hu\/rehabilitaciosklinika\/files\/2024\/11\/reharob2.jpg\"><img src=https:\/\/semmelweis.hu\/rehabilitaciosklinika\/files\/2024\/11\/reharob2.jpg \r\n                                alt=\"\"  \r\n                                class=\"attachment-sote-gallery-small size-sote-gallery-small\" \r\n                                srcset=\"https:\/\/semmelweis.hu\/rehabilitaciosklinika\/files\/2024\/11\/reharob2-400x300.jpg 400w, https:\/\/semmelweis.hu\/rehabilitaciosklinika\/files\/2024\/11\/reharob2.jpg 640w\" ><\/a><\/div>\r\n                    <\/span>\r\n                    <span class=\"gallery-item frame d-none d-md-flex\">\r\n\t\t\t\t\t<div class=\"galeria-small-img mt-0\"><a href=\"https:\/\/semmelweis.hu\/rehabilitaciosklinika\/files\/2024\/11\/reharob1.jpg\"><img src=https:\/\/semmelweis.hu\/rehabilitaciosklinika\/files\/2024\/11\/reharob1.jpg \r\n                                alt=\"\" \r\n                                class=\"attachment-sote-gallery-small size-sote-gallery-small\" \r\n                                srcset=\"https:\/\/semmelweis.hu\/rehabilitaciosklinika\/files\/2024\/11\/reharob1-400x300.jpg 400w, https:\/\/semmelweis.hu\/rehabilitaciosklinika\/files\/2024\/11\/reharob1.jpg 640w\" ><\/a><\/div>\r\n                    <\/span>\r\n\r\n                <\/div>\r\n\r\n            <\/div>\r\n\r\n            <span class=\"gallery-item\"><div class=\"hidden\"><a href=\"https:\/\/semmelweis.hu\/rehabilitaciosklinika\/files\/2024\/11\/reharob3.jpg\">\r\n        <img src=https:\/\/semmelweis.hu\/rehabilitaciosklinika\/files\/2024\/11\/reharob3.jpg alt=\"\" class=\"attachment-sote-gallery-big size-sote-gallery-big\" srcset=\"https:\/\/semmelweis.hu\/rehabilitaciosklinika\/files\/2024\/11\/reharob3-300x400.jpg 300w, https:\/\/semmelweis.hu\/rehabilitaciosklinika\/files\/2024\/11\/reharob3.jpg 480w\" >\r\n        <\/a><\/div><\/span><span class=\"gallery-item\"><div class=\"hidden\"><a href=\"https:\/\/semmelweis.hu\/rehabilitaciosklinika\/files\/2024\/11\/reharob4.jpg\">\r\n        <img src=https:\/\/semmelweis.hu\/rehabilitaciosklinika\/files\/2024\/11\/reharob4.jpg alt=\"\" class=\"attachment-sote-gallery-big size-sote-gallery-big\" srcset=\"https:\/\/semmelweis.hu\/rehabilitaciosklinika\/files\/2024\/11\/reharob4-300x400.jpg 300w, https:\/\/semmelweis.hu\/rehabilitaciosklinika\/files\/2024\/11\/reharob4.jpg 480w\" >\r\n        <\/a><\/div><\/span>\r\n            <\/div>\r\n\r\n            [\/slb_exclude]\r\n\t\n<\/div>\n<p><strong>A kutat\u00e1s eredm\u00e9nyeib\u0151l sz\u00fcletett publik\u00e1ci\u00f3k\u00a0<\/strong><\/p>\n<p>Feh\u00e9r M, Agg Zs, Farkas E, Fazekas G. <strong>Az agyi plaszticit\u00e1s vizsg\u00e1lat\u00e1nak m\u00f3dszerei stroke ut\u00e1ni \u00e1llapotban.<\/strong> Magyar Rehabilit\u00e1ci\u00f3s T\u00e1rsas\u00e1g XXXVII. V\u00e1ndorgy\u0171l\u00e9se, Eger, 2018. 09. 13-15. Az absztrakt megjelent: Rehabilit\u00e1ci\u00f3, 2018;28(2-3):99-100. <a href=\"https:\/\/semmelweis.hu\/rehabilitaciosklinika\/files\/2024\/11\/optireharob-plaszticitas_MRT2018.pdf\" target=\"_blank\" rel=\"noopener\">PDF<\/a><\/p>\n<p><strong>A kutat\u00e1s el\u0151zm\u00e9nye\u00a0\u00a0\u00a0\u00a0<\/strong><\/p>\n<p>REHAROB, ALLADIN, FizioRobot, Cosmosys<\/p>\n<p><strong>T\u00e1mogat\u00f3:<\/strong><\/p>\n<p><img loading=\"lazy\" decoding=\"async\" class=\"alignleft size-full wp-image-2468\" src=\"https:\/\/semmelweis.hu\/rehabilitaciosklinika\/files\/2024\/11\/NKFIH-rehabklinika.jpg\" alt=\"\" width=\"295\" height=\"175\" \/><\/p>\n<p>Nemzeti Kutat\u00e1si, Fejleszt\u00e9si \u00e9s Innov\u00e1ci\u00f3s Hivatal (NKFIH)<br \/>\nK_17 kutat\u00e1si t\u00e9map\u00e1ly\u00e1zat (kor\u00e1bban OTKA)<\/p>\n<p>A t\u00e1mogat\u00e1s \u00f6sszege: 46 979 000 Ft<\/p>\n","protected":false},"excerpt":{"rendered":"<p>A kutat\u00e1s elnevez\u00e9se\u00a0\u00a0\u00a0\u00a0 OptiReharob &#8211; Optim\u00e1lis param\u00e9terez\u00e9s\u0171 interakci\u00f3 strat\u00e9gi\u00e1k f\u00e9loldali b\u00e9nult fels\u0151 v\u00e9gtag robottal seg\u00edtett akt\u00edv-vezetett gy\u00f3gytorn\u00e1ztat\u00e1s\u00e1hoz A kutat\u00e1s futamideje\u00a0\u00a0\u00a0\u00a0 2017.11.01. \u2013 2021.10.31. A kutat\u00e1s t\u00e1mogat\u00f3ja\u00a0\u00a0\u00a0 NKFIH A kutat\u00e1s vezet\u0151je\u00a0\u00a0\u00a0\u00a0\u00a0\u00a0\u00a0\u00a0 Dr. Fazekas G\u00e1bor Ph.D. T\u00f3th Andr\u00e1s, g\u00e9p\u00e9szm\u00e9rn\u00f6k (BME) R\u00e9sztvev\u0151 kutat\u00f3k az OORI-b\u00f3l Dr. D\u00e9nes Zolt\u00e1n Ph.D., orvos Dr. Tavaszi Ibolya, orvos Dr. Feh\u00e9r Melinda, orvos &hellip;<\/p>\n","protected":false},"author":102388,"featured_media":2486,"parent":2407,"menu_order":0,"comment_status":"closed","ping_status":"closed","template":"","meta":{"_acf_changed":false,"footnotes":""},"categories":[15],"tags":[17],"class_list":["post-1401","page","type-page","status-publish","has-post-thumbnail","hentry","category-lezarult-kutatas","tag-orvos-mernok-kutatasok"],"acf":[],"_links":{"self":[{"href":"https:\/\/semmelweis.hu\/rehabilitaciosklinika\/wp-json\/wp\/v2\/pages\/1401","targetHints":{"allow":["GET"]}}],"collection":[{"href":"https:\/\/semmelweis.hu\/rehabilitaciosklinika\/wp-json\/wp\/v2\/pages"}],"about":[{"href":"https:\/\/semmelweis.hu\/rehabilitaciosklinika\/wp-json\/wp\/v2\/types\/page"}],"author":[{"embeddable":true,"href":"https:\/\/semmelweis.hu\/rehabilitaciosklinika\/wp-json\/wp\/v2\/users\/102388"}],"replies":[{"embeddable":true,"href":"https:\/\/semmelweis.hu\/rehabilitaciosklinika\/wp-json\/wp\/v2\/comments?post=1401"}],"version-history":[{"count":5,"href":"https:\/\/semmelweis.hu\/rehabilitaciosklinika\/wp-json\/wp\/v2\/pages\/1401\/revisions"}],"predecessor-version":[{"id":2487,"href":"https:\/\/semmelweis.hu\/rehabilitaciosklinika\/wp-json\/wp\/v2\/pages\/1401\/revisions\/2487"}],"up":[{"embeddable":true,"href":"https:\/\/semmelweis.hu\/rehabilitaciosklinika\/wp-json\/wp\/v2\/pages\/2407"}],"wp:featuredmedia":[{"embeddable":true,"href":"https:\/\/semmelweis.hu\/rehabilitaciosklinika\/wp-json\/wp\/v2\/media\/2486"}],"wp:attachment":[{"href":"https:\/\/semmelweis.hu\/rehabilitaciosklinika\/wp-json\/wp\/v2\/media?parent=1401"}],"wp:term":[{"taxonomy":"category","embeddable":true,"href":"https:\/\/semmelweis.hu\/rehabilitaciosklinika\/wp-json\/wp\/v2\/categories?post=1401"},{"taxonomy":"post_tag","embeddable":true,"href":"https:\/\/semmelweis.hu\/rehabilitaciosklinika\/wp-json\/wp\/v2\/tags?post=1401"}],"curies":[{"name":"wp","href":"https:\/\/api.w.org\/{rel}","templated":true}]}}