{"id":1399,"date":"2024-09-18T07:44:50","date_gmt":"2024-09-18T05:44:50","guid":{"rendered":"https:\/\/semmelweis.hu\/rehabilitaciosklinika\/?page_id=1399"},"modified":"2024-12-04T08:28:10","modified_gmt":"2024-12-04T07:28:10","slug":"a-tudatos-jelenlet-alapu-kognitiv-terapia-hatekonysaganak-vizsgalata-funkciokarosodassal-jaro-stroke-on-atesett-paciensek-koreben","status":"publish","type":"page","link":"https:\/\/semmelweis.hu\/rehabilitaciosklinika\/tudomany\/kutataskereso\/a-tudatos-jelenlet-alapu-kognitiv-terapia-hatekonysaganak-vizsgalata-funkciokarosodassal-jaro-stroke-on-atesett-paciensek-koreben\/","title":{"rendered":"A Tudatos Jelenl\u00e9t Alap\u00fa Kognit\u00edv Ter\u00e1pia hat\u00e9konys\u00e1g\u00e1nak vizsg\u00e1lata funkci\u00f3k\u00e1rosod\u00e1ssal j\u00e1r\u00f3 stroke-on \u00e1tesett p\u00e1ciensek k\u00f6r\u00e9ben"},"content":{"rendered":"<p><strong>A kutat\u00e1s elnevez\u00e9se\u00a0\u00a0\u00a0\u00a0<\/strong><\/p>\n<p>A Tudatos Jelenl\u00e9t Alap\u00fa Kognit\u00edv Ter\u00e1pia hat\u00e9konys\u00e1g\u00e1nak vizsg\u00e1lata funkci\u00f3k\u00e1rosod\u00e1ssal j\u00e1r\u00f3 stroke-on \u00e1tesett p\u00e1ciensek k\u00f6r\u00e9ben<\/p>\n<p><strong>A kutat\u00e1s futamideje\u00a0\u00a0\u00a0\u00a0<\/strong><\/p>\n<p>2019 \u2013 2021<\/p>\n<p><strong>A kutat\u00e1s vezet\u0151je\u00a0\u00a0\u00a0\u00a0\u00a0\u00a0\u00a0\u00a0<\/strong><\/p>\n<p>Dr habil Fazekas G\u00e1bor PhD, Dr Udvardi Veronika<\/p>\n<p><strong>R\u00e9sztvev\u0151 kutat\u00f3k az OORI-b\u00f3l<\/strong><\/p>\n<ul>\n<li>Szab\u00f3 G\u00e1bor<\/li>\n<li>Nagy Alexandra<\/li>\n<\/ul>\n<p><strong>A kutat\u00e1s f\u0151bb c\u00e9lkit\u0171z\u00e9sei\u00a0\u00a0\u00a0\u00a0\u00a0\u00a0\u00a0\u00a0<\/strong><\/p>\n<p>C\u00e9lkit\u0171z\u00e9s\u00fcnk, hogy k\u00fcl\u00f6nb\u00f6z\u0151 becsl\u0151sk\u00e1l\u00e1kkal, (neuro)pszichol\u00f3giai \u00e9s funkcion\u00e1lis tesztekkel felm\u00e9rj\u00fck a Tudatos Jelenl\u00e9t Alap\u00fa Kognit\u00edv Ter\u00e1pia hat\u00e9konys\u00e1g\u00e1t a funkci\u00f3k\u00e1rosod\u00e1ssal j\u00e1r\u00f3 stroke-on \u00e1tesett p\u00e1ciensek rehabilit\u00e1ci\u00f3ja sor\u00e1n.<\/p>\n","protected":false},"excerpt":{"rendered":"<p>A kutat\u00e1s elnevez\u00e9se\u00a0\u00a0\u00a0\u00a0 A Tudatos Jelenl\u00e9t Alap\u00fa Kognit\u00edv Ter\u00e1pia hat\u00e9konys\u00e1g\u00e1nak vizsg\u00e1lata funkci\u00f3k\u00e1rosod\u00e1ssal j\u00e1r\u00f3 stroke-on \u00e1tesett p\u00e1ciensek k\u00f6r\u00e9ben A kutat\u00e1s futamideje\u00a0\u00a0\u00a0\u00a0 2019 \u2013 2021 A kutat\u00e1s vezet\u0151je\u00a0\u00a0\u00a0\u00a0\u00a0\u00a0\u00a0\u00a0 Dr habil Fazekas G\u00e1bor PhD, Dr Udvardi Veronika R\u00e9sztvev\u0151 kutat\u00f3k az OORI-b\u00f3l Szab\u00f3 G\u00e1bor Nagy Alexandra A kutat\u00e1s f\u0151bb c\u00e9lkit\u0171z\u00e9sei\u00a0\u00a0\u00a0\u00a0\u00a0\u00a0\u00a0\u00a0 C\u00e9lkit\u0171z\u00e9s\u00fcnk, hogy k\u00fcl\u00f6nb\u00f6z\u0151 becsl\u0151sk\u00e1l\u00e1kkal, (neuro)pszichol\u00f3giai \u00e9s funkcion\u00e1lis tesztekkel felm\u00e9rj\u00fck &hellip;<\/p>\n","protected":false},"author":102388,"featured_media":2620,"parent":2407,"menu_order":1,"comment_status":"closed","ping_status":"closed","template":"","meta":{"_acf_changed":false,"footnotes":""},"categories":[15],"tags":[11],"class_list":["post-1399","page","type-page","status-publish","has-post-thumbnail","hentry","category-lezarult-kutatas","tag-orvosi-kutatasok"],"acf":[],"_links":{"self":[{"href":"https:\/\/semmelweis.hu\/rehabilitaciosklinika\/wp-json\/wp\/v2\/pages\/1399","targetHints":{"allow":["GET"]}}],"collection":[{"href":"https:\/\/semmelweis.hu\/rehabilitaciosklinika\/wp-json\/wp\/v2\/pages"}],"about":[{"href":"https:\/\/semmelweis.hu\/rehabilitaciosklinika\/wp-json\/wp\/v2\/types\/page"}],"author":[{"embeddable":true,"href":"https:\/\/semmelweis.hu\/rehabilitaciosklinika\/wp-json\/wp\/v2\/users\/102388"}],"replies":[{"embeddable":true,"href":"https:\/\/semmelweis.hu\/rehabilitaciosklinika\/wp-json\/wp\/v2\/comments?post=1399"}],"version-history":[{"count":3,"href":"https:\/\/semmelweis.hu\/rehabilitaciosklinika\/wp-json\/wp\/v2\/pages\/1399\/revisions"}],"predecessor-version":[{"id":2412,"href":"https:\/\/semmelweis.hu\/rehabilitaciosklinika\/wp-json\/wp\/v2\/pages\/1399\/revisions\/2412"}],"up":[{"embeddable":true,"href":"https:\/\/semmelweis.hu\/rehabilitaciosklinika\/wp-json\/wp\/v2\/pages\/2407"}],"wp:featuredmedia":[{"embeddable":true,"href":"https:\/\/semmelweis.hu\/rehabilitaciosklinika\/wp-json\/wp\/v2\/media\/2620"}],"wp:attachment":[{"href":"https:\/\/semmelweis.hu\/rehabilitaciosklinika\/wp-json\/wp\/v2\/media?parent=1399"}],"wp:term":[{"taxonomy":"category","embeddable":true,"href":"https:\/\/semmelweis.hu\/rehabilitaciosklinika\/wp-json\/wp\/v2\/categories?post=1399"},{"taxonomy":"post_tag","embeddable":true,"href":"https:\/\/semmelweis.hu\/rehabilitaciosklinika\/wp-json\/wp\/v2\/tags?post=1399"}],"curies":[{"name":"wp","href":"https:\/\/api.w.org\/{rel}","templated":true}]}}