{"id":1397,"date":"2024-09-18T07:44:25","date_gmt":"2024-09-18T05:44:25","guid":{"rendered":"https:\/\/semmelweis.hu\/rehabilitaciosklinika\/?page_id=1397"},"modified":"2024-12-04T14:49:16","modified_gmt":"2024-12-04T13:49:16","slug":"pszichoszocialis-tenyezok-szerepe-oszteoporotikus-csonttorest-szenvedett-betegek-rehabilitacioja-soran","status":"publish","type":"page","link":"https:\/\/semmelweis.hu\/rehabilitaciosklinika\/tudomany\/kutataskereso\/pszichoszocialis-tenyezok-szerepe-oszteoporotikus-csonttorest-szenvedett-betegek-rehabilitacioja-soran\/","title":{"rendered":"Pszichoszoci\u00e1lis t\u00e9nyez\u0151k szerepe oszteoporotikus csontt\u00f6r\u00e9st szenvedett betegek rehabilit\u00e1ci\u00f3ja sor\u00e1n"},"content":{"rendered":"<p><strong>A kutat\u00e1s elnevez\u00e9se\u00a0\u00a0\u00a0\u00a0<\/strong><\/p>\n<p>Pszichoszoci\u00e1lis t\u00e9nyez\u0151k szerepe oszteoporotikus csontt\u00f6r\u00e9st szenvedett betegek rehabilit\u00e1ci\u00f3ja sor\u00e1n<\/p>\n<p><strong>A kutat\u00e1s futamideje\u00a0\u00a0\u00a0\u00a0<\/strong><\/p>\n<p>2015.01.01. \u2013 2019.03.31.<\/p>\n<p><strong>A kutat\u00e1s vezet\u0151je\u00a0\u00a0\u00a0\u00a0\u00a0\u00a0\u00a0\u00a0<\/strong><\/p>\n<ul>\n<li>Dr. Cserh\u00e1ti P\u00e9ter PhD<\/li>\n<li>Kir\u00e1ly Edina<\/li>\n<\/ul>\n<p><strong>A kutat\u00e1s f\u0151bb c\u00e9lkit\u0171z\u00e9sei\u00a0\u00a0\u00a0\u00a0\u00a0\u00a0\u00a0\u00a0<\/strong><\/p>\n<ul>\n<li>coping strat\u00e9gi\u00e1k vizsg\u00e1lata<\/li>\n<li>pszichoneuro-immunol\u00f3giai \u00f6sszef\u00fcgg\u00e9sek meghat\u00e1roz\u00e1sa-<\/li>\n<\/ul>\n<p><strong>A kutat\u00e1s f\u0151bb eredm\u00e9nyei\u00a0\u00a0\u00a0\u00a0\u00a0\u00a0\u00a0<\/strong><\/p>\n<p>\u00e9rzelem f\u00f3kusz\u00fa coping strat\u00e9gi\u00e1k t\u00falnyom\u00f3 t\u00f6bbs\u00e9ge<\/p>\n<p><strong>A kutat\u00e1s eredm\u00e9nyeib\u0151l sz\u00fcletett publik\u00e1ci\u00f3k\u00a0<\/strong><\/p>\n<p>Kir\u00e1ly Edina, Cserh\u00e1ti P\u00e9ter, Fazekas G\u00e1bor,\u00a0Tr\u00f3cs\u00e1nyi M\u00e1rta: Cs\u00edp\u0151t\u00e1ji t\u00f6r\u00e9sek- megk\u00fczd\u00e9si mechanizmusok &#8211; Doktoranduszok a klinikai Kutat\u00e1sban 2017 Konferencia, PTE, 2017. 10.28.<\/p>\n<p><strong>A kutat\u00e1s el\u0151zm\u00e9nye\u00a0<\/strong><\/p>\n<p>Megk\u00fczd\u00e9si strat\u00e9gi\u00e1k vizsg\u00e1lata nyitott sz\u00edvm\u0171t\u00e9ten \u00e1tesett betegekn\u00e9l<\/p>\n","protected":false},"excerpt":{"rendered":"<p>A kutat\u00e1s elnevez\u00e9se\u00a0\u00a0\u00a0\u00a0 Pszichoszoci\u00e1lis t\u00e9nyez\u0151k szerepe oszteoporotikus csontt\u00f6r\u00e9st szenvedett betegek rehabilit\u00e1ci\u00f3ja sor\u00e1n A kutat\u00e1s futamideje\u00a0\u00a0\u00a0\u00a0 2015.01.01. \u2013 2019.03.31. A kutat\u00e1s vezet\u0151je\u00a0\u00a0\u00a0\u00a0\u00a0\u00a0\u00a0\u00a0 Dr. Cserh\u00e1ti P\u00e9ter PhD Kir\u00e1ly Edina A kutat\u00e1s f\u0151bb c\u00e9lkit\u0171z\u00e9sei\u00a0\u00a0\u00a0\u00a0\u00a0\u00a0\u00a0\u00a0 coping strat\u00e9gi\u00e1k vizsg\u00e1lata pszichoneuro-immunol\u00f3giai \u00f6sszef\u00fcgg\u00e9sek meghat\u00e1roz\u00e1sa- A kutat\u00e1s f\u0151bb eredm\u00e9nyei\u00a0\u00a0\u00a0\u00a0\u00a0\u00a0\u00a0 \u00e9rzelem f\u00f3kusz\u00fa coping strat\u00e9gi\u00e1k t\u00falnyom\u00f3 t\u00f6bbs\u00e9ge A kutat\u00e1s eredm\u00e9nyeib\u0151l sz\u00fcletett publik\u00e1ci\u00f3k\u00a0 Kir\u00e1ly Edina, Cserh\u00e1ti &hellip;<\/p>\n","protected":false},"author":102388,"featured_media":2634,"parent":2407,"menu_order":0,"comment_status":"closed","ping_status":"closed","template":"","meta":{"_acf_changed":false,"footnotes":""},"categories":[15],"tags":[11],"class_list":["post-1397","page","type-page","status-publish","has-post-thumbnail","hentry","category-lezarult-kutatas","tag-orvosi-kutatasok"],"acf":[],"_links":{"self":[{"href":"https:\/\/semmelweis.hu\/rehabilitaciosklinika\/wp-json\/wp\/v2\/pages\/1397","targetHints":{"allow":["GET"]}}],"collection":[{"href":"https:\/\/semmelweis.hu\/rehabilitaciosklinika\/wp-json\/wp\/v2\/pages"}],"about":[{"href":"https:\/\/semmelweis.hu\/rehabilitaciosklinika\/wp-json\/wp\/v2\/types\/page"}],"author":[{"embeddable":true,"href":"https:\/\/semmelweis.hu\/rehabilitaciosklinika\/wp-json\/wp\/v2\/users\/102388"}],"replies":[{"embeddable":true,"href":"https:\/\/semmelweis.hu\/rehabilitaciosklinika\/wp-json\/wp\/v2\/comments?post=1397"}],"version-history":[{"count":5,"href":"https:\/\/semmelweis.hu\/rehabilitaciosklinika\/wp-json\/wp\/v2\/pages\/1397\/revisions"}],"predecessor-version":[{"id":2495,"href":"https:\/\/semmelweis.hu\/rehabilitaciosklinika\/wp-json\/wp\/v2\/pages\/1397\/revisions\/2495"}],"up":[{"embeddable":true,"href":"https:\/\/semmelweis.hu\/rehabilitaciosklinika\/wp-json\/wp\/v2\/pages\/2407"}],"wp:featuredmedia":[{"embeddable":true,"href":"https:\/\/semmelweis.hu\/rehabilitaciosklinika\/wp-json\/wp\/v2\/media\/2634"}],"wp:attachment":[{"href":"https:\/\/semmelweis.hu\/rehabilitaciosklinika\/wp-json\/wp\/v2\/media?parent=1397"}],"wp:term":[{"taxonomy":"category","embeddable":true,"href":"https:\/\/semmelweis.hu\/rehabilitaciosklinika\/wp-json\/wp\/v2\/categories?post=1397"},{"taxonomy":"post_tag","embeddable":true,"href":"https:\/\/semmelweis.hu\/rehabilitaciosklinika\/wp-json\/wp\/v2\/tags?post=1397"}],"curies":[{"name":"wp","href":"https:\/\/api.w.org\/{rel}","templated":true}]}}