{"id":1395,"date":"2024-09-18T07:44:04","date_gmt":"2024-09-18T05:44:04","guid":{"rendered":"https:\/\/semmelweis.hu\/rehabilitaciosklinika\/?page_id=1395"},"modified":"2024-12-04T15:31:54","modified_gmt":"2024-12-04T14:31:54","slug":"oori-mozgasszervi-nappali-korhazi-betegek-allapotfelmerese","status":"publish","type":"page","link":"https:\/\/semmelweis.hu\/rehabilitaciosklinika\/tudomany\/kutataskereso\/oori-mozgasszervi-nappali-korhazi-betegek-allapotfelmerese\/","title":{"rendered":"OORI Mozg\u00e1sszervi Nappali k\u00f3rh\u00e1zi betegek \u00e1llapotfelm\u00e9r\u00e9se"},"content":{"rendered":"<p><strong>A kutat\u00e1s elnevez\u00e9se\u00a0\u00a0\u00a0\u00a0<\/strong><\/p>\n<p>OORI Mozg\u00e1sszervi Nappali k\u00f3rh\u00e1zi betegek \u00e1llapotfelm\u00e9r\u00e9se<\/p>\n<p><strong>A kutat\u00e1s futamideje\u00a0\u00a0\u00a0\u00a0<\/strong><\/p>\n<p>2016. m\u00e1jus 2.\u2013 folyamatosan<\/p>\n<p><strong>A kutat\u00e1s vezet\u0151je\u00a0\u00a0\u00a0\u00a0\u00a0\u00a0\u00a0\u00a0<\/strong><\/p>\n<p>Dr. Sz\u00f6gi Be\u00e1ta<\/p>\n<p><strong>R\u00e9sztvev\u0151 kutat\u00f3k az OORI-b\u00f3l<\/strong><\/p>\n<ul>\n<li>Szentirmai L\u00edvia,<\/li>\n<li>Dr. R\u00e9vay Edit PhD<\/li>\n<\/ul>\n<p><strong>A kutat\u00e1s f\u0151bb c\u00e9lkit\u0171z\u00e9sei\u00a0\u00a0\u00a0\u00a0\u00a0\u00a0\u00a0\u00a0<\/strong><\/p>\n<p>A mozg\u00e1sszervi nappali k\u00f3rh\u00e1zi ell\u00e1t\u00e1s eredm\u00e9nyess\u00e9g\u00e9nek vizsg\u00e1lata<\/p>\n<p><strong>A kutat\u00e1s f\u0151bb eredm\u00e9nyei\u00a0\u00a0\u00a0\u00a0\u00a0\u00a0\u00a0<\/strong><\/p>\n<p>az egy \u00e9ves r\u00e9szeredm\u00e9ny minden r\u00e9sztartom\u00e1nyban szignifik\u00e1ns javul\u00e1st mutatott<\/p>\n<p>&nbsp;<\/p>\n","protected":false},"excerpt":{"rendered":"<p>A kutat\u00e1s elnevez\u00e9se\u00a0\u00a0\u00a0\u00a0 OORI Mozg\u00e1sszervi Nappali k\u00f3rh\u00e1zi betegek \u00e1llapotfelm\u00e9r\u00e9se A kutat\u00e1s futamideje\u00a0\u00a0\u00a0\u00a0 2016. m\u00e1jus 2.\u2013 folyamatosan A kutat\u00e1s vezet\u0151je\u00a0\u00a0\u00a0\u00a0\u00a0\u00a0\u00a0\u00a0 Dr. Sz\u00f6gi Be\u00e1ta R\u00e9sztvev\u0151 kutat\u00f3k az OORI-b\u00f3l Szentirmai L\u00edvia, Dr. R\u00e9vay Edit PhD A kutat\u00e1s f\u0151bb c\u00e9lkit\u0171z\u00e9sei\u00a0\u00a0\u00a0\u00a0\u00a0\u00a0\u00a0\u00a0 A mozg\u00e1sszervi nappali k\u00f3rh\u00e1zi ell\u00e1t\u00e1s eredm\u00e9nyess\u00e9g\u00e9nek vizsg\u00e1lata A kutat\u00e1s f\u0151bb eredm\u00e9nyei\u00a0\u00a0\u00a0\u00a0\u00a0\u00a0\u00a0 az egy \u00e9ves r\u00e9szeredm\u00e9ny minden r\u00e9sztartom\u00e1nyban szignifik\u00e1ns javul\u00e1st &hellip;<\/p>\n","protected":false},"author":102388,"featured_media":2640,"parent":2407,"menu_order":1,"comment_status":"closed","ping_status":"closed","template":"","meta":{"_acf_changed":false,"footnotes":""},"categories":[9],"tags":[11],"class_list":["post-1395","page","type-page","status-publish","has-post-thumbnail","hentry","category-aktiv-kutatas","tag-orvosi-kutatasok"],"acf":[],"_links":{"self":[{"href":"https:\/\/semmelweis.hu\/rehabilitaciosklinika\/wp-json\/wp\/v2\/pages\/1395","targetHints":{"allow":["GET"]}}],"collection":[{"href":"https:\/\/semmelweis.hu\/rehabilitaciosklinika\/wp-json\/wp\/v2\/pages"}],"about":[{"href":"https:\/\/semmelweis.hu\/rehabilitaciosklinika\/wp-json\/wp\/v2\/types\/page"}],"author":[{"embeddable":true,"href":"https:\/\/semmelweis.hu\/rehabilitaciosklinika\/wp-json\/wp\/v2\/users\/102388"}],"replies":[{"embeddable":true,"href":"https:\/\/semmelweis.hu\/rehabilitaciosklinika\/wp-json\/wp\/v2\/comments?post=1395"}],"version-history":[{"count":6,"href":"https:\/\/semmelweis.hu\/rehabilitaciosklinika\/wp-json\/wp\/v2\/pages\/1395\/revisions"}],"predecessor-version":[{"id":2491,"href":"https:\/\/semmelweis.hu\/rehabilitaciosklinika\/wp-json\/wp\/v2\/pages\/1395\/revisions\/2491"}],"up":[{"embeddable":true,"href":"https:\/\/semmelweis.hu\/rehabilitaciosklinika\/wp-json\/wp\/v2\/pages\/2407"}],"wp:featuredmedia":[{"embeddable":true,"href":"https:\/\/semmelweis.hu\/rehabilitaciosklinika\/wp-json\/wp\/v2\/media\/2640"}],"wp:attachment":[{"href":"https:\/\/semmelweis.hu\/rehabilitaciosklinika\/wp-json\/wp\/v2\/media?parent=1395"}],"wp:term":[{"taxonomy":"category","embeddable":true,"href":"https:\/\/semmelweis.hu\/rehabilitaciosklinika\/wp-json\/wp\/v2\/categories?post=1395"},{"taxonomy":"post_tag","embeddable":true,"href":"https:\/\/semmelweis.hu\/rehabilitaciosklinika\/wp-json\/wp\/v2\/tags?post=1395"}],"curies":[{"name":"wp","href":"https:\/\/api.w.org\/{rel}","templated":true}]}}