{"id":1392,"date":"2024-09-18T07:43:43","date_gmt":"2024-09-18T05:43:43","guid":{"rendered":"https:\/\/semmelweis.hu\/rehabilitaciosklinika\/?page_id=1392"},"modified":"2024-11-22T09:53:58","modified_gmt":"2024-11-22T08:53:58","slug":"oralis-egeszsegi-allapotfelmeres","status":"publish","type":"page","link":"https:\/\/semmelweis.hu\/rehabilitaciosklinika\/tudomany\/kutataskereso\/oralis-egeszsegi-allapotfelmeres\/","title":{"rendered":"Az orvosi rehabilit\u00e1ci\u00f3s kezel\u00e9sben r\u00e9szes\u00fcl\u0151 betegek or\u00e1lis eg\u00e9szs\u00e9gi \u00e1llapot\u00e1nak felm\u00e9r\u00e9se"},"content":{"rendered":"<p><strong>A kutat\u00e1s elnevez\u00e9se\u00a0\u00a0\u00a0\u00a0<\/strong><\/p>\n<p>Az orvosi rehabilit\u00e1ci\u00f3s kezel\u00e9sben r\u00e9szes\u00fcl\u0151 betegek or\u00e1lis eg\u00e9szs\u00e9gi \u00e1llapot\u00e1nak felm\u00e9r\u00e9se<\/p>\n<p><strong>A kutat\u00e1s futamideje\u00a0\u00a0\u00a0\u00a0<\/strong><\/p>\n<p>2017.04.20- folyamatosan<\/p>\n<p><strong>A kutat\u00e1s vezet\u0151je\u00a0\u00a0\u00a0\u00a0\u00a0\u00a0\u00a0\u00a0<\/strong><\/p>\n<p>dr. N\u00e9meth Orsolya PhD<\/p>\n<p><strong>R\u00e9sztvev\u0151 kutat\u00f3k az OORI-b\u00f3l<\/strong><\/p>\n<ul>\n<li>dr. Putz Mikl\u00f3s<\/li>\n<li>dr. R\u00e9vay Edit PhD<\/li>\n<\/ul>\n<p><strong>K\u00fcls\u0151 partnerek\u00a0\u00a0\u00a0\u00a0\u00a0\u00a0\u00a0\u00a0\u00a0\u00a0\u00a0\u00a0\u00a0<\/strong><\/p>\n<ul>\n<li>SE &#8211; Fog\u00e1szati \u00e9s Sz\u00e1jseb\u00e9szeti Oktat\u00f3 Int\u00e9zet<\/li>\n<li>MTA Wigner Fizikai Kutat\u00f3k\u00f6zpont<\/li>\n<\/ul>\n<p><strong>A kutat\u00e1s f\u0151bb c\u00e9lkit\u0171z\u00e9sei\u00a0\u00a0\u00a0\u00a0\u00a0\u00a0\u00a0\u00a0<\/strong><\/p>\n<ul>\n<li>Az OORI-ban kezelt speci\u00e1lis ell\u00e1t\u00e1st ig\u00e9nyl\u0151 betegek sz\u00e1jhigi\u00e9ni\u00e1s \u00e1llapot\u00e1nak felm\u00e9r\u00e9se, dent\u00e1lis rehabilit\u00e1ci\u00f3ja, ell\u00e1t\u00e1sa \u00e9s gondoz\u00e1sa<\/li>\n<li>\u00d6sszef\u00fcgg\u00e9seket k\u00edv\u00e1nunk keresni az int\u00e9zeten bel\u00fcl kezel\u00e9s alatt \u00e1ll\u00f3 betegek alapbetegs\u00e9ge \u00e9s a sz\u00e1jhigi\u00e9ni\u00e1s, dent\u00e1lis \u00e1llapotuk k\u00f6z\u00f6tt.<\/li>\n<li>C\u00e9lunk adatok nyer\u00e9se egy olyan prevenci\u00f3s \u00e9s ell\u00e1t\u00e1si modell fel\u00e1ll\u00edt\u00e1s\u00e1hoz, mely lehet\u0151v\u00e9 teszi a mozg\u00e1skorl\u00e1tozott betegek sz\u00e1m\u00e1ra is a fog\u00e1szati ell\u00e1t\u00e1st.<\/li>\n<\/ul>\n<p><strong>A kutat\u00e1s f\u0151bb eredm\u00e9nyei\u00a0\u00a0\u00a0\u00a0\u00a0\u00a0\u00a0<\/strong><\/p>\n<ul>\n<li>1980 p\u00e1ciens fog\u00e1szati \u00e1llapot\u00e1nak felm\u00e9r\u00e9se t\u00f6rt\u00e9nt meg.<\/li>\n<li>A fogazat p\u00f3tolts\u00e1ga eleny\u00e9sz\u0151.<\/li>\n<li>Fog\u00e1szati \u00e9s sz\u00e1jny\u00e1lkah\u00e1rtya elv\u00e1ltoz\u00e1sok okozta f\u00e1jdalmak minim\u00e1lisak az \u00e1ltal\u00e1nos fog\u00e1szati \u00e1llapotukhoz k\u00e9pest.<\/li>\n<li>T\u00f6bbs\u00e9g\u00fck nem j\u00e1r rendszeresen fogorvosi sz\u0171r\u0151vizsg\u00e1latra.<\/li>\n<\/ul>\n<p>&nbsp;<\/p>\n","protected":false},"excerpt":{"rendered":"<p>A kutat\u00e1s elnevez\u00e9se\u00a0\u00a0\u00a0\u00a0 Az orvosi rehabilit\u00e1ci\u00f3s kezel\u00e9sben r\u00e9szes\u00fcl\u0151 betegek or\u00e1lis eg\u00e9szs\u00e9gi \u00e1llapot\u00e1nak felm\u00e9r\u00e9se A kutat\u00e1s futamideje\u00a0\u00a0\u00a0\u00a0 2017.04.20- folyamatosan A kutat\u00e1s vezet\u0151je\u00a0\u00a0\u00a0\u00a0\u00a0\u00a0\u00a0\u00a0 dr. N\u00e9meth Orsolya PhD R\u00e9sztvev\u0151 kutat\u00f3k az OORI-b\u00f3l dr. Putz Mikl\u00f3s dr. R\u00e9vay Edit PhD K\u00fcls\u0151 partnerek\u00a0\u00a0\u00a0\u00a0\u00a0\u00a0\u00a0\u00a0\u00a0\u00a0\u00a0\u00a0\u00a0 SE &#8211; Fog\u00e1szati \u00e9s Sz\u00e1jseb\u00e9szeti Oktat\u00f3 Int\u00e9zet MTA Wigner Fizikai Kutat\u00f3k\u00f6zpont A kutat\u00e1s f\u0151bb c\u00e9lkit\u0171z\u00e9sei\u00a0\u00a0\u00a0\u00a0\u00a0\u00a0\u00a0\u00a0 Az OORI-ban &hellip;<\/p>\n","protected":false},"author":102388,"featured_media":0,"parent":2407,"menu_order":2,"comment_status":"closed","ping_status":"closed","template":"","meta":{"_acf_changed":false,"footnotes":""},"categories":[9],"tags":[11],"class_list":["post-1392","page","type-page","status-publish","hentry","category-aktiv-kutatas","tag-orvosi-kutatasok"],"acf":[],"_links":{"self":[{"href":"https:\/\/semmelweis.hu\/rehabilitaciosklinika\/wp-json\/wp\/v2\/pages\/1392","targetHints":{"allow":["GET"]}}],"collection":[{"href":"https:\/\/semmelweis.hu\/rehabilitaciosklinika\/wp-json\/wp\/v2\/pages"}],"about":[{"href":"https:\/\/semmelweis.hu\/rehabilitaciosklinika\/wp-json\/wp\/v2\/types\/page"}],"author":[{"embeddable":true,"href":"https:\/\/semmelweis.hu\/rehabilitaciosklinika\/wp-json\/wp\/v2\/users\/102388"}],"replies":[{"embeddable":true,"href":"https:\/\/semmelweis.hu\/rehabilitaciosklinika\/wp-json\/wp\/v2\/comments?post=1392"}],"version-history":[{"count":5,"href":"https:\/\/semmelweis.hu\/rehabilitaciosklinika\/wp-json\/wp\/v2\/pages\/1392\/revisions"}],"predecessor-version":[{"id":2489,"href":"https:\/\/semmelweis.hu\/rehabilitaciosklinika\/wp-json\/wp\/v2\/pages\/1392\/revisions\/2489"}],"up":[{"embeddable":true,"href":"https:\/\/semmelweis.hu\/rehabilitaciosklinika\/wp-json\/wp\/v2\/pages\/2407"}],"wp:attachment":[{"href":"https:\/\/semmelweis.hu\/rehabilitaciosklinika\/wp-json\/wp\/v2\/media?parent=1392"}],"wp:term":[{"taxonomy":"category","embeddable":true,"href":"https:\/\/semmelweis.hu\/rehabilitaciosklinika\/wp-json\/wp\/v2\/categories?post=1392"},{"taxonomy":"post_tag","embeddable":true,"href":"https:\/\/semmelweis.hu\/rehabilitaciosklinika\/wp-json\/wp\/v2\/tags?post=1392"}],"curies":[{"name":"wp","href":"https:\/\/api.w.org\/{rel}","templated":true}]}}