{"id":1389,"date":"2024-09-18T07:43:18","date_gmt":"2024-09-18T05:43:18","guid":{"rendered":"https:\/\/semmelweis.hu\/rehabilitaciosklinika\/?page_id=1389"},"modified":"2024-12-04T14:56:47","modified_gmt":"2024-12-04T13:56:47","slug":"itb-terapia-hatekonysagvizsgalat","status":"publish","type":"page","link":"https:\/\/semmelweis.hu\/rehabilitaciosklinika\/tudomany\/kutataskereso\/itb-terapia-hatekonysagvizsgalat\/","title":{"rendered":"Intrathecalis Baclofen (ITB) ter\u00e1pia hat\u00e9konys\u00e1g\u00e1nak vizsg\u00e1lata a WHOQOL-BREF \u00e9letmin\u0151s\u00e9gi felm\u00e9r\u00e9s haszn\u00e1lat\u00e1val"},"content":{"rendered":"<p><strong>A kutat\u00e1s elnevez\u00e9se\u00a0\u00a0\u00a0\u00a0<\/strong><\/p>\n<p>Intrathecalis Baclofen (ITB) ter\u00e1pia hat\u00e9konys\u00e1g\u00e1nak vizsg\u00e1lata a WHOQOL-BREF \u00e9letmin\u0151s\u00e9gi felm\u00e9r\u00e9s haszn\u00e1lat\u00e1val<\/p>\n<p><strong>A kutat\u00e1s futamideje\u00a0\u00a0\u00a0\u00a0<\/strong><\/p>\n<p>2018.04.28-t\u00f3l folyamatosan<\/p>\n<p><strong>A kutat\u00e1s vezet\u0151je\u00a0\u00a0\u00a0\u00a0\u00a0\u00a0\u00a0\u00a0<\/strong><\/p>\n<p>dr. Both B\u00e9la<\/p>\n<p><strong>R\u00e9sztvev\u0151 kutat\u00f3k az OORI-b\u00f3l<\/strong><\/p>\n<p>dr. Both B\u00e9la<\/p>\n<p><strong>K\u00fcls\u0151 partnerek\u00a0\u00a0\u00a0\u00a0\u00a0\u00a0\u00a0\u00a0\u00a0\u00a0\u00a0\u00a0\u00a0<\/strong><\/p>\n<p>Prof. Dr. Kullmann Lajos<\/p>\n<p><strong>A kutat\u00e1s f\u0151bb c\u00e9lkit\u0171z\u00e9sei\u00a0\u00a0\u00a0\u00a0\u00a0\u00a0\u00a0\u00a0<\/strong><\/p>\n<p>Nemzetk\u00f6zi \u00e9s magyar f\u00f3rumokon konferencia el\u0151ad\u00e1s form\u00e1j\u00e1ban \u00e9s k\u00e9s\u0151bb tudom\u00e1nyos cikkek.<\/p>\n<p><strong>A kutat\u00e1s f\u0151bb eredm\u00e9nyei\u00a0\u00a0\u00a0\u00a0\u00a0\u00a0\u00a0<\/strong><\/p>\n<p>Az eddigi funkcion\u00e1lis tesztek az el\u00e9rhet\u0151 eredm\u00e9nyeknek a betegs\u00e9g s\u00falyoss\u00e1g\u00e1t\u00f3l val\u00f3 er\u0151s f\u00fcgg\u00e9s\u00e9t mutatj\u00e1k. Feltehet\u0151, hogy az \u00e9letmin\u0151s\u00e9gi teszt eredm\u00e9nye is a fogyat\u00e9koss\u00e1g s\u00falyoss\u00e1g\u00e1val szinkron hasonl\u00f3an er\u0151s f\u00fcgg\u00e9st mutat. A WHOQOL-BREF a DIS kieg\u00e9sz\u00edt\u00e9ssel ebben az esetben pontosabb v\u00e9geredm\u00e9nyt adhat.<\/p>\n<p>Az OORI Gerincvel\u0151s\u00e9r\u00fclt Rehabilit\u00e1ci\u00f3s Oszt\u00e1ly\u00e1n gondozott gerincvel\u0151s\u00e9r\u00fclt ITB ter\u00e1pi\u00e1ban r\u00e9szes\u00fcl\u0151 betegek \u00e9letmin\u0151s\u00e9g\u00e9ben okoz-e m\u00e9rhet\u0151 v\u00e1ltoz\u00e1st, \u00e9s ha igen, milyen ter\u00fcleteken a ter\u00e1pia alkalmaz\u00e1sa?<\/p>\n<p><strong>A kutat\u00e1s eredm\u00e9nyeib\u0151l sz\u00fcletett publik\u00e1ci\u00f3k<\/strong><\/p>\n<p>A kutat\u00e1s el\u0151zm\u00e9nye (ha valamelyik kor\u00e1bbi munk\u00e1ra \u00e9p\u00fclt)\u00a0\u00a0\u00a0\u00a0\u00a0 Paulik E, Tr\u00f3znai T, Kullmann L. Fizikai fogyat\u00e9koss\u00e1ggal \u00e9l\u0151 szem\u00e9lyek \u00e9letmin\u0151s\u00e9g\u00e9nek vizsg\u00e1lata: az Eg\u00e9szs\u00e9g\u00fcgyi Vil\u00e1gszervezet \u00e9letmin\u0151s\u00e9g-m\u00e9r\u0151 eszk\u00f6z\u00e9nek adapt\u00e1ci\u00f3ja. Rehabilit\u00e1ci\u00f3, 2010; 20(3): 134-141.<\/p>\n","protected":false},"excerpt":{"rendered":"<p>A kutat\u00e1s elnevez\u00e9se\u00a0\u00a0\u00a0\u00a0 Intrathecalis Baclofen (ITB) ter\u00e1pia hat\u00e9konys\u00e1g\u00e1nak vizsg\u00e1lata a WHOQOL-BREF \u00e9letmin\u0151s\u00e9gi felm\u00e9r\u00e9s haszn\u00e1lat\u00e1val A kutat\u00e1s futamideje\u00a0\u00a0\u00a0\u00a0 2018.04.28-t\u00f3l folyamatosan A kutat\u00e1s vezet\u0151je\u00a0\u00a0\u00a0\u00a0\u00a0\u00a0\u00a0\u00a0 dr. Both B\u00e9la R\u00e9sztvev\u0151 kutat\u00f3k az OORI-b\u00f3l dr. Both B\u00e9la K\u00fcls\u0151 partnerek\u00a0\u00a0\u00a0\u00a0\u00a0\u00a0\u00a0\u00a0\u00a0\u00a0\u00a0\u00a0\u00a0 Prof. Dr. Kullmann Lajos A kutat\u00e1s f\u0151bb c\u00e9lkit\u0171z\u00e9sei\u00a0\u00a0\u00a0\u00a0\u00a0\u00a0\u00a0\u00a0 Nemzetk\u00f6zi \u00e9s magyar f\u00f3rumokon konferencia el\u0151ad\u00e1s form\u00e1j\u00e1ban \u00e9s k\u00e9s\u0151bb tudom\u00e1nyos cikkek. A kutat\u00e1s &hellip;<\/p>\n","protected":false},"author":102388,"featured_media":2637,"parent":2407,"menu_order":0,"comment_status":"closed","ping_status":"closed","template":"","meta":{"_acf_changed":false,"footnotes":""},"categories":[9],"tags":[11],"class_list":["post-1389","page","type-page","status-publish","has-post-thumbnail","hentry","category-aktiv-kutatas","tag-orvosi-kutatasok"],"acf":[],"_links":{"self":[{"href":"https:\/\/semmelweis.hu\/rehabilitaciosklinika\/wp-json\/wp\/v2\/pages\/1389","targetHints":{"allow":["GET"]}}],"collection":[{"href":"https:\/\/semmelweis.hu\/rehabilitaciosklinika\/wp-json\/wp\/v2\/pages"}],"about":[{"href":"https:\/\/semmelweis.hu\/rehabilitaciosklinika\/wp-json\/wp\/v2\/types\/page"}],"author":[{"embeddable":true,"href":"https:\/\/semmelweis.hu\/rehabilitaciosklinika\/wp-json\/wp\/v2\/users\/102388"}],"replies":[{"embeddable":true,"href":"https:\/\/semmelweis.hu\/rehabilitaciosklinika\/wp-json\/wp\/v2\/comments?post=1389"}],"version-history":[{"count":6,"href":"https:\/\/semmelweis.hu\/rehabilitaciosklinika\/wp-json\/wp\/v2\/pages\/1389\/revisions"}],"predecessor-version":[{"id":2293,"href":"https:\/\/semmelweis.hu\/rehabilitaciosklinika\/wp-json\/wp\/v2\/pages\/1389\/revisions\/2293"}],"up":[{"embeddable":true,"href":"https:\/\/semmelweis.hu\/rehabilitaciosklinika\/wp-json\/wp\/v2\/pages\/2407"}],"wp:featuredmedia":[{"embeddable":true,"href":"https:\/\/semmelweis.hu\/rehabilitaciosklinika\/wp-json\/wp\/v2\/media\/2637"}],"wp:attachment":[{"href":"https:\/\/semmelweis.hu\/rehabilitaciosklinika\/wp-json\/wp\/v2\/media?parent=1389"}],"wp:term":[{"taxonomy":"category","embeddable":true,"href":"https:\/\/semmelweis.hu\/rehabilitaciosklinika\/wp-json\/wp\/v2\/categories?post=1389"},{"taxonomy":"post_tag","embeddable":true,"href":"https:\/\/semmelweis.hu\/rehabilitaciosklinika\/wp-json\/wp\/v2\/tags?post=1389"}],"curies":[{"name":"wp","href":"https:\/\/api.w.org\/{rel}","templated":true}]}}