{"id":1383,"date":"2024-09-18T07:40:58","date_gmt":"2024-09-18T05:40:58","guid":{"rendered":"https:\/\/semmelweis.hu\/rehabilitaciosklinika\/?page_id=1383"},"modified":"2024-12-04T14:39:56","modified_gmt":"2024-12-04T13:39:56","slug":"mondatfeldolgozas-viselkedeses-es-fmri-vizsgalata","status":"publish","type":"page","link":"https:\/\/semmelweis.hu\/rehabilitaciosklinika\/tudomany\/kutataskereso\/mondatfeldolgozas-viselkedeses-es-fmri-vizsgalata\/","title":{"rendered":"A szintaktikai f\u00f3kuszt tartalmaz\u00f3 mondatok feldolgoz\u00e1sa eg\u00e9szs\u00e9ges \u00e9s post-stroke af\u00e1zi\u00e1s szem\u00e9lyekn\u00e9l (Mondatfeldolgoz\u00e1s viselked\u00e9ses \u00e9s fMRI vizsg\u00e1lata)"},"content":{"rendered":"<p><strong>A kutat\u00e1s elnevez\u00e9se\u00a0\u00a0\u00a0\u00a0<\/strong><\/p>\n<p>A szintaktikai f\u00f3kuszt tartalmaz\u00f3 mondatok feldolgoz\u00e1sa eg\u00e9szs\u00e9ges \u00e9s post-stroke af\u00e1zi\u00e1s szem\u00e9lyekn\u00e9l (Mondatfeldolgoz\u00e1s viselked\u00e9ses \u00e9s fMRI vizsg\u00e1lata)<\/p>\n<p><strong>A kutat\u00e1s futamideje\u00a0\u00a0\u00a0\u00a0<\/strong><\/p>\n<p>2018. szeptember 15. \u2013 2021. december 31.<\/p>\n<p><strong>A kutat\u00e1s t\u00e1mogat\u00f3ja\u00a0\u00a0\u00a0<\/strong><\/p>\n<p>OORI &#8211; PTE<\/p>\n<p><strong>A kutat\u00e1s vezet\u0151je\u00a0\u00a0\u00a0\u00a0\u00a0\u00a0\u00a0\u00a0<\/strong><\/p>\n<p>Dr. Darnai Gergely &#8211; Dr. R\u00e9vay Edit<\/p>\n<p><strong>R\u00e9sztvev\u0151 kutat\u00f3k az OORI-b\u00f3l<\/strong><\/p>\n<p>Dr. M\u00e9sz\u00e1ros \u00c9va<br \/>\nDr. Nagy Helga<\/p>\n<p><strong>K\u00fcls\u0151 partnerek\u00a0\u00a0\u00a0\u00a0\u00a0\u00a0\u00a0\u00a0\u00a0\u00a0\u00a0\u00a0\u00a0<\/strong><\/p>\n<ul>\n<li>P\u00e9csi Tudom\u00e1nyegyetem KK &#8211; Neurol\u00f3giai Klinika<\/li>\n<li>Prof. Dr. D\u00f3czi Tam\u00e1s<\/li>\n<li>Dr. Darnai Gergely<\/li>\n<li>Dr. Perlaky G\u00e1bor<\/li>\n<li>Dr. P\u00e9ley Iv\u00e1n<\/li>\n<li>Dr. Orsi Gergely<\/li>\n<li>Zsid\u00f3 Andr\u00e1s<\/li>\n<\/ul>\n<p><strong>A kutat\u00e1s f\u0151bb c\u00e9lkit\u0171z\u00e9sei\u00a0\u00a0\u00a0\u00a0\u00a0\u00a0\u00a0\u00a0<\/strong><\/p>\n<p>Jelen kutat\u00e1sunk alapvet\u0151 c\u00e9lkit\u0171z\u00e9se a magyar neutr\u00e1lis \u00e9s az azonos\u00edt\u00f3\/szintaktikai\/preverb\u00e1lis f\u00f3kuszt tartalmaz\u00f3 egyszer\u0171 mondatok szemantikai interpret\u00e1ci\u00f3j\u00e1nak, azaz a kimer\u00edt\u0151\/kiz\u00e1r\u00f3 \u00e9s a nem kimer\u00edt\u0151\/kiz\u00e1r\u00f3 olvasat agyi korrel\u00e1tumainak vizsg\u00e1lata el\u0151bb eg\u00e9szs\u00e9ges, majd k\u00e9s\u0151bb post-stroke agrammatikus af\u00e1zi\u00e1s szem\u00e9lyekn\u00e9l. Tudom\u00e1sunk szerint ez ut\u00f3bbi csoportban ilyen ir\u00e1ny\u00fa k\u00e9palkot\u00f3 vizsg\u00e1latok eleddig nem t\u00f6rt\u00e9ntek, \u00edgy a tervezett vizsg\u00e1lat eredm\u00e9nyei adal\u00e9kul szolg\u00e1lhatnak az agrammatikus nyelvhaszn\u00e1lat jobb megismer\u00e9se tekintet\u00e9ben.<\/p>\n","protected":false},"excerpt":{"rendered":"<p>A kutat\u00e1s elnevez\u00e9se\u00a0\u00a0\u00a0\u00a0 A szintaktikai f\u00f3kuszt tartalmaz\u00f3 mondatok feldolgoz\u00e1sa eg\u00e9szs\u00e9ges \u00e9s post-stroke af\u00e1zi\u00e1s szem\u00e9lyekn\u00e9l (Mondatfeldolgoz\u00e1s viselked\u00e9ses \u00e9s fMRI vizsg\u00e1lata) A kutat\u00e1s futamideje\u00a0\u00a0\u00a0\u00a0 2018. szeptember 15. \u2013 2021. december 31. A kutat\u00e1s t\u00e1mogat\u00f3ja\u00a0\u00a0\u00a0 OORI &#8211; PTE A kutat\u00e1s vezet\u0151je\u00a0\u00a0\u00a0\u00a0\u00a0\u00a0\u00a0\u00a0 Dr. Darnai Gergely &#8211; Dr. R\u00e9vay Edit R\u00e9sztvev\u0151 kutat\u00f3k az OORI-b\u00f3l Dr. M\u00e9sz\u00e1ros \u00c9va Dr. Nagy Helga &hellip;<\/p>\n","protected":false},"author":102388,"featured_media":2628,"parent":2407,"menu_order":1,"comment_status":"closed","ping_status":"closed","template":"","meta":{"_acf_changed":false,"footnotes":""},"categories":[15],"tags":[13],"class_list":["post-1383","page","type-page","status-publish","has-post-thumbnail","hentry","category-lezarult-kutatas","tag-logopediai-es-nyelveszeti-kutatasok"],"acf":[],"_links":{"self":[{"href":"https:\/\/semmelweis.hu\/rehabilitaciosklinika\/wp-json\/wp\/v2\/pages\/1383","targetHints":{"allow":["GET"]}}],"collection":[{"href":"https:\/\/semmelweis.hu\/rehabilitaciosklinika\/wp-json\/wp\/v2\/pages"}],"about":[{"href":"https:\/\/semmelweis.hu\/rehabilitaciosklinika\/wp-json\/wp\/v2\/types\/page"}],"author":[{"embeddable":true,"href":"https:\/\/semmelweis.hu\/rehabilitaciosklinika\/wp-json\/wp\/v2\/users\/102388"}],"replies":[{"embeddable":true,"href":"https:\/\/semmelweis.hu\/rehabilitaciosklinika\/wp-json\/wp\/v2\/comments?post=1383"}],"version-history":[{"count":4,"href":"https:\/\/semmelweis.hu\/rehabilitaciosklinika\/wp-json\/wp\/v2\/pages\/1383\/revisions"}],"predecessor-version":[{"id":2383,"href":"https:\/\/semmelweis.hu\/rehabilitaciosklinika\/wp-json\/wp\/v2\/pages\/1383\/revisions\/2383"}],"up":[{"embeddable":true,"href":"https:\/\/semmelweis.hu\/rehabilitaciosklinika\/wp-json\/wp\/v2\/pages\/2407"}],"wp:featuredmedia":[{"embeddable":true,"href":"https:\/\/semmelweis.hu\/rehabilitaciosklinika\/wp-json\/wp\/v2\/media\/2628"}],"wp:attachment":[{"href":"https:\/\/semmelweis.hu\/rehabilitaciosklinika\/wp-json\/wp\/v2\/media?parent=1383"}],"wp:term":[{"taxonomy":"category","embeddable":true,"href":"https:\/\/semmelweis.hu\/rehabilitaciosklinika\/wp-json\/wp\/v2\/categories?post=1383"},{"taxonomy":"post_tag","embeddable":true,"href":"https:\/\/semmelweis.hu\/rehabilitaciosklinika\/wp-json\/wp\/v2\/tags?post=1383"}],"curies":[{"name":"wp","href":"https:\/\/api.w.org\/{rel}","templated":true}]}}