{"id":1381,"date":"2024-09-18T07:40:31","date_gmt":"2024-09-18T05:40:31","guid":{"rendered":"https:\/\/semmelweis.hu\/rehabilitaciosklinika\/?page_id=1381"},"modified":"2024-12-04T15:32:09","modified_gmt":"2024-12-04T14:32:09","slug":"intenziv-szemantikai-terapia-afazias-szemelyekkel-teleterapias-valamint-szemelyes-formaban","status":"publish","type":"page","link":"https:\/\/semmelweis.hu\/rehabilitaciosklinika\/tudomany\/kutataskereso\/intenziv-szemantikai-terapia-afazias-szemelyekkel-teleterapias-valamint-szemelyes-formaban\/","title":{"rendered":"Intenz\u00edv szemantikai ter\u00e1pia af\u00e1zi\u00e1s szem\u00e9lyekkel teleter\u00e1pi\u00e1s valamint szem\u00e9lyes form\u00e1ban"},"content":{"rendered":"<p><strong>A kutat\u00e1s elnevez\u00e9se\u00a0\u00a0\u00a0\u00a0<\/strong><\/p>\n<p>Intenz\u00edv szemantikai ter\u00e1pia af\u00e1zi\u00e1s szem\u00e9lyekkel teleter\u00e1pi\u00e1s valamint szem\u00e9lyes form\u00e1ban<\/p>\n<p><strong>A kutat\u00e1s futamideje\u00a0\u00a0\u00a0\u00a0<\/strong><\/p>\n<p>2017. j\u00falius 5. \u2013 2018. szeptember 30. , illetve a publik\u00e1ci\u00f3 megjelen\u00e9s\u00e9ig<\/p>\n<p><strong>A kutat\u00e1s vezet\u0151je\u00a0\u00a0\u00a0\u00a0\u00a0\u00a0\u00a0\u00a0<\/strong><\/p>\n<p>dr. M\u00e9sz\u00e1ros \u00c9va<br \/>\n\u0150rley Zita<\/p>\n<p><strong>R\u00e9sztvev\u0151 kutat\u00f3k az OORI-b\u00f3l<\/strong><\/p>\n<p>dr. M\u00e9sz\u00e1ros \u00c9va<br \/>\n\u0150rley Zita<\/p>\n<p><strong>A kutat\u00e1s f\u0151bb c\u00e9lkit\u0171z\u00e9sei\u00a0\u00a0\u00a0\u00a0\u00a0\u00a0\u00a0\u00a0<\/strong><\/p>\n<p>A kutat\u00e1s c\u00e9lja, hogy a nemzetk\u00f6zi szakirodalomban fellelhet\u0151 j\u00f3 tapasztalatokat k\u00f6vetve, haz\u00e1nkban is kipr\u00f3b\u00e1ljuk a teleter\u00e1pia haszn\u00e1lhat\u00f3s\u00e1g\u00e1t, eredm\u00e9nyess\u00e9g\u00e9t. A kutat\u00e1s c\u00e9lja a tapasztalatszerz\u00e9s \u00e9s annak tov\u00e1bbad\u00e1sa a klinikumban dolgoz\u00f3 koll\u00e9g\u00e1knak, \u00edgy egy olyan \u00fajabb ter\u00e1pi\u00e1s forma kialak\u00edt\u00e1sa, sz\u00e9lesk\u00f6r\u0171 elterjeszt\u00e9se, mely az af\u00e1zi\u00e1s szem\u00e9lyek t\u00e9rbeli, id\u0151beli \u00e9s fizikai korl\u00e1tait t\u00f6rekszik cs\u00f6kkenteni. \u00d3rasz\u00e1m\u00e1ban pedig alkalmazkodik az OEP \u00e1ltal meghat\u00e1rozott, otthon\u00e1pol\u00e1si keretek k\u00f6z\u00f6tt v\u00e9gezhet\u0151 ter\u00e1pi\u00e1s id\u0151vel.<\/p>\n<p><strong>A kutat\u00e1s eredm\u00e9nyeib\u0151l sz\u00fcletett publik\u00e1ci\u00f3k<\/strong><\/p>\n<ul>\n<li>\u0150rley Zita, M\u00e9sz\u00e1ros \u00c9va: <strong>Telelogop\u00e9dia a nyelvi rehabilit\u00e1ci\u00f3ban<\/strong>, a MRT Klinikai Logop\u00e9diai Szekci\u00f3 \u00e9s a SZTE Fejl\u0151d\u00e9ses Neuropragmatikai Kutat\u00f3csoportj\u00e1nak k\u00f6z\u00f6s szakmai konferenci\u00e1ja, Szeged, 2017. okt\u00f3ber 4.<\/li>\n<\/ul>\n<p><strong>Tudom\u00e1nyos el\u0151ad\u00e1s, absztrakt:<\/strong><\/p>\n<ul>\n<li>\u0150rley Zita, M\u00e9sz\u00e1ros \u00c9va: <strong>Telelogop\u00e9dia \u2013 az id\u0151beli \u00e9s t\u00e9rbeli akad\u00e1lyok lek\u00fczd\u00e9se (\u00daj m\u00f3dszer bemutat\u00e1sa)<\/strong> Rehabilit\u00e1ci\u00f3, 2016. 26. \u00e9vfolyam 3.sz\u00e1m, 212. oldal (el\u0151ad\u00e1skivonat)<\/li>\n<li>M\u00e9sz\u00e1ros \u00c9va, \u0150rley Zita: <strong>Telelogop\u00e9dia \u2013 intenz\u00edv nyelvi ter\u00e1pia<\/strong>, Rehabilit\u00e1ci\u00f3, 2016. 26. \u00e9vfolyam 3.sz\u00e1m, 211. oldal (el\u0151ad\u00e1skivonat)<\/li>\n<\/ul>\n","protected":false},"excerpt":{"rendered":"<p>A kutat\u00e1s elnevez\u00e9se\u00a0\u00a0\u00a0\u00a0 Intenz\u00edv szemantikai ter\u00e1pia af\u00e1zi\u00e1s szem\u00e9lyekkel teleter\u00e1pi\u00e1s valamint szem\u00e9lyes form\u00e1ban A kutat\u00e1s futamideje\u00a0\u00a0\u00a0\u00a0 2017. j\u00falius 5. \u2013 2018. szeptember 30. , illetve a publik\u00e1ci\u00f3 megjelen\u00e9s\u00e9ig A kutat\u00e1s vezet\u0151je\u00a0\u00a0\u00a0\u00a0\u00a0\u00a0\u00a0\u00a0 dr. M\u00e9sz\u00e1ros \u00c9va \u0150rley Zita R\u00e9sztvev\u0151 kutat\u00f3k az OORI-b\u00f3l dr. M\u00e9sz\u00e1ros \u00c9va \u0150rley Zita A kutat\u00e1s f\u0151bb c\u00e9lkit\u0171z\u00e9sei\u00a0\u00a0\u00a0\u00a0\u00a0\u00a0\u00a0\u00a0 A kutat\u00e1s c\u00e9lja, hogy a nemzetk\u00f6zi szakirodalomban &hellip;<\/p>\n","protected":false},"author":102388,"featured_media":2640,"parent":2407,"menu_order":0,"comment_status":"closed","ping_status":"closed","template":"","meta":{"_acf_changed":false,"footnotes":""},"categories":[15],"tags":[13],"class_list":["post-1381","page","type-page","status-publish","has-post-thumbnail","hentry","category-lezarult-kutatas","tag-logopediai-es-nyelveszeti-kutatasok"],"acf":[],"_links":{"self":[{"href":"https:\/\/semmelweis.hu\/rehabilitaciosklinika\/wp-json\/wp\/v2\/pages\/1381","targetHints":{"allow":["GET"]}}],"collection":[{"href":"https:\/\/semmelweis.hu\/rehabilitaciosklinika\/wp-json\/wp\/v2\/pages"}],"about":[{"href":"https:\/\/semmelweis.hu\/rehabilitaciosklinika\/wp-json\/wp\/v2\/types\/page"}],"author":[{"embeddable":true,"href":"https:\/\/semmelweis.hu\/rehabilitaciosklinika\/wp-json\/wp\/v2\/users\/102388"}],"replies":[{"embeddable":true,"href":"https:\/\/semmelweis.hu\/rehabilitaciosklinika\/wp-json\/wp\/v2\/comments?post=1381"}],"version-history":[{"count":6,"href":"https:\/\/semmelweis.hu\/rehabilitaciosklinika\/wp-json\/wp\/v2\/pages\/1381\/revisions"}],"predecessor-version":[{"id":2496,"href":"https:\/\/semmelweis.hu\/rehabilitaciosklinika\/wp-json\/wp\/v2\/pages\/1381\/revisions\/2496"}],"up":[{"embeddable":true,"href":"https:\/\/semmelweis.hu\/rehabilitaciosklinika\/wp-json\/wp\/v2\/pages\/2407"}],"wp:featuredmedia":[{"embeddable":true,"href":"https:\/\/semmelweis.hu\/rehabilitaciosklinika\/wp-json\/wp\/v2\/media\/2640"}],"wp:attachment":[{"href":"https:\/\/semmelweis.hu\/rehabilitaciosklinika\/wp-json\/wp\/v2\/media?parent=1381"}],"wp:term":[{"taxonomy":"category","embeddable":true,"href":"https:\/\/semmelweis.hu\/rehabilitaciosklinika\/wp-json\/wp\/v2\/categories?post=1381"},{"taxonomy":"post_tag","embeddable":true,"href":"https:\/\/semmelweis.hu\/rehabilitaciosklinika\/wp-json\/wp\/v2\/tags?post=1381"}],"curies":[{"name":"wp","href":"https:\/\/api.w.org\/{rel}","templated":true}]}}