{"id":1377,"date":"2024-09-18T07:38:56","date_gmt":"2024-09-18T05:38:56","guid":{"rendered":"https:\/\/semmelweis.hu\/rehabilitaciosklinika\/?page_id=1377"},"modified":"2024-11-22T09:48:01","modified_gmt":"2024-11-22T08:48:01","slug":"cmpt","status":"publish","type":"page","link":"https:\/\/semmelweis.hu\/rehabilitaciosklinika\/tudomany\/kutataskereso\/cmpt\/","title":{"rendered":"CMPT elj\u00e1r\u00e1s modellez\u00e9si lehet\u0151s\u00e9g\u00e9nek elemz\u00e9se, valid\u00e1l\u00e1si lehet\u0151s\u00e9gei, \u00e9rt\u00e9kel\u00e9si m\u00f3dszerek felt\u00e1r\u00e1sa"},"content":{"rendered":"<p><strong>A kutat\u00e1s elnevez\u00e9se<\/strong><\/p>\n<p>CMPT elj\u00e1r\u00e1s modellez\u00e9si lehet\u0151s\u00e9g\u00e9nek elemz\u00e9se, valid\u00e1l\u00e1si lehet\u0151s\u00e9gei, \u00e9rt\u00e9kel\u00e9si m\u00f3dszerek felt\u00e1r\u00e1sa<\/p>\n<p><strong>A kutat\u00e1s futamideje<\/strong><\/p>\n<p>2016.12.01. \u2013 2018.12.31.<\/p>\n<p><strong>A kutat\u00e1s t\u00e1mogat\u00f3ja<\/strong><\/p>\n<p>Multilogic EU t\u00e1mogat\u00e1s<\/p>\n<p><strong>A kutat\u00e1s vezet\u0151je<\/strong><\/p>\n<p>Makrai Ferenc<\/p>\n<p><strong>R\u00e9sztvev\u0151 kutat\u00f3k\u00a0<\/strong><\/p>\n<ul>\n<li>Dr Boros Erzs\u00e9bet<\/li>\n<li>\u00c1cs J\u00f3zsefn\u00e9<\/li>\n<li>Dr Tak\u00e1cs \u00c9va<\/li>\n<\/ul>\n<p><strong>K\u00fcls\u0151 partnerek<\/strong><\/p>\n<p>Tanfield Appliance Service Kft.<\/p>\n<p><strong>A kutat\u00e1s f\u0151bb c\u00e9lkit\u0171z\u00e9sei<\/strong><\/p>\n<p>Kombin\u00e1lt fizikoter\u00e1pi\u00e1s elj\u00e1r\u00e1s kutat\u00e1sa \u00e9s kombin\u00e1lt mulifunkci\u00f3s fizikoter\u00e1pi\u00e1s k\u00e9sz\u00fcl\u00e9k kifejleszt\u00e9se<\/p>\n<p>&nbsp;<\/p>\n","protected":false},"excerpt":{"rendered":"<p>A kutat\u00e1s elnevez\u00e9se CMPT elj\u00e1r\u00e1s modellez\u00e9si lehet\u0151s\u00e9g\u00e9nek elemz\u00e9se, valid\u00e1l\u00e1si lehet\u0151s\u00e9gei, \u00e9rt\u00e9kel\u00e9si m\u00f3dszerek felt\u00e1r\u00e1sa A kutat\u00e1s futamideje 2016.12.01. \u2013 2018.12.31. A kutat\u00e1s t\u00e1mogat\u00f3ja Multilogic EU t\u00e1mogat\u00e1s A kutat\u00e1s vezet\u0151je Makrai Ferenc R\u00e9sztvev\u0151 kutat\u00f3k\u00a0 Dr Boros Erzs\u00e9bet \u00c1cs J\u00f3zsefn\u00e9 Dr Tak\u00e1cs \u00c9va K\u00fcls\u0151 partnerek Tanfield Appliance Service Kft. A kutat\u00e1s f\u0151bb c\u00e9lkit\u0171z\u00e9sei Kombin\u00e1lt fizikoter\u00e1pi\u00e1s elj\u00e1r\u00e1s kutat\u00e1sa \u00e9s &hellip;<\/p>\n","protected":false},"author":102388,"featured_media":2422,"parent":2407,"menu_order":0,"comment_status":"closed","ping_status":"closed","template":"","meta":{"_acf_changed":false,"footnotes":""},"categories":[15],"tags":[24],"class_list":["post-1377","page","type-page","status-publish","has-post-thumbnail","hentry","category-lezarult-kutatas","tag-gyogyszervizsgalati-kutatasok"],"acf":[],"_links":{"self":[{"href":"https:\/\/semmelweis.hu\/rehabilitaciosklinika\/wp-json\/wp\/v2\/pages\/1377","targetHints":{"allow":["GET"]}}],"collection":[{"href":"https:\/\/semmelweis.hu\/rehabilitaciosklinika\/wp-json\/wp\/v2\/pages"}],"about":[{"href":"https:\/\/semmelweis.hu\/rehabilitaciosklinika\/wp-json\/wp\/v2\/types\/page"}],"author":[{"embeddable":true,"href":"https:\/\/semmelweis.hu\/rehabilitaciosklinika\/wp-json\/wp\/v2\/users\/102388"}],"replies":[{"embeddable":true,"href":"https:\/\/semmelweis.hu\/rehabilitaciosklinika\/wp-json\/wp\/v2\/comments?post=1377"}],"version-history":[{"count":5,"href":"https:\/\/semmelweis.hu\/rehabilitaciosklinika\/wp-json\/wp\/v2\/pages\/1377\/revisions"}],"predecessor-version":[{"id":2406,"href":"https:\/\/semmelweis.hu\/rehabilitaciosklinika\/wp-json\/wp\/v2\/pages\/1377\/revisions\/2406"}],"up":[{"embeddable":true,"href":"https:\/\/semmelweis.hu\/rehabilitaciosklinika\/wp-json\/wp\/v2\/pages\/2407"}],"wp:featuredmedia":[{"embeddable":true,"href":"https:\/\/semmelweis.hu\/rehabilitaciosklinika\/wp-json\/wp\/v2\/media\/2422"}],"wp:attachment":[{"href":"https:\/\/semmelweis.hu\/rehabilitaciosklinika\/wp-json\/wp\/v2\/media?parent=1377"}],"wp:term":[{"taxonomy":"category","embeddable":true,"href":"https:\/\/semmelweis.hu\/rehabilitaciosklinika\/wp-json\/wp\/v2\/categories?post=1377"},{"taxonomy":"post_tag","embeddable":true,"href":"https:\/\/semmelweis.hu\/rehabilitaciosklinika\/wp-json\/wp\/v2\/tags?post=1377"}],"curies":[{"name":"wp","href":"https:\/\/api.w.org\/{rel}","templated":true}]}}