{"id":1373,"date":"2024-09-18T07:37:11","date_gmt":"2024-09-18T05:37:11","guid":{"rendered":"https:\/\/semmelweis.hu\/rehabilitaciosklinika\/?page_id=1373"},"modified":"2024-12-04T14:41:35","modified_gmt":"2024-12-04T13:41:35","slug":"sulyos-agyserultek-taplalasterapiaja-a-korai-rehabilitacio-soran","status":"publish","type":"page","link":"https:\/\/semmelweis.hu\/rehabilitaciosklinika\/tudomany\/kutataskereso\/sulyos-agyserultek-taplalasterapiaja-a-korai-rehabilitacio-soran\/","title":{"rendered":"S\u00falyos agys\u00e9r\u00fcltek t\u00e1pl\u00e1l\u00e1ster\u00e1pi\u00e1ja a korai rehabilit\u00e1ci\u00f3 sor\u00e1n"},"content":{"rendered":"<p><strong>A kutat\u00e1s elnevez\u00e9se\u00a0\u00a0\u00a0\u00a0<\/strong><\/p>\n<p>S\u00falyos agys\u00e9r\u00fcltek t\u00e1pl\u00e1l\u00e1ster\u00e1pi\u00e1ja a korai rehabilit\u00e1ci\u00f3 sor\u00e1n<\/p>\n<p><strong>A kutat\u00e1s futamideje\u00a0\u00a0\u00a0\u00a0<\/strong><\/p>\n<p>2018.10.01. \u2013 2019.09.30.<\/p>\n<p><strong>A kutat\u00e1s vezet\u0151je\u00a0<\/strong><\/p>\n<p>T\u00f3th Babett<\/p>\n<p><strong>A kutat\u00e1s f\u0151bb c\u00e9lkit\u0171z\u00e9sei\u00a0\u00a0\u00a0\u00a0\u00a0\u00a0\u00a0\u00a0<\/strong><\/p>\n<p>Vizsg\u00e1lni a glutamin hat\u00f3anyag\u00fa, speci\u00e1lis gy\u00f3gy\u00e1szati t\u00e1pszer sebgy\u00f3gyul\u00e1st el\u0151seg\u00edt\u0151 hat\u00e1s\u00e1t amput\u00e1ci\u00f3s m\u0171t\u00e9tek eset\u00e9ben<\/p>\n<p><strong>A kutat\u00e1s f\u0151bb eredm\u00e9nyei\u00a0\u00a0\u00a0\u00a0\u00a0\u00a0\u00a0<\/strong><\/p>\n<ol>\n<li>S\u00falyos agys\u00e9r\u00fclt betegek t\u00e1pl\u00e1lts\u00e1gi \u00e1llapot\u00e1nak vizsg\u00e1lata a korai rehabilit\u00e1ci\u00f3s oszt\u00e1lyra t\u00f6rt\u00e9n\u0151 felv\u00e9telkor, \u00e9s az el\u00e9rt \u00e1llapot felm\u00e9r\u00e9se kibocs\u00e1jt\u00e1skor.<\/li>\n<li>A t\u00e1pl\u00e1lts\u00e1gi \u00e1llapot \u00e9s a tudat\u00e1llapot \u00f6sszef\u00fcgg\u00e9s\u00e9nek vizsg\u00e1lata.<\/li>\n<li>A t\u00e1pl\u00e1lts\u00e1gi \u00e1llapot \u00e9s a funkcion\u00e1lis \u00e1llapot \u00f6sszef\u00fcgg\u00e9s\u00e9nek vizsg\u00e1lata.<\/li>\n<li>S\u00falyos agys\u00e9r\u00fclt betegek t\u00e1pl\u00e1l\u00e1ster\u00e1pi\u00e1s gyakorlat\u00e1nak k\u00e9rd\u00e9ses pontjainak meghat\u00e1roz\u00e1sa a korai rehabilit\u00e1ci\u00f3 sor\u00e1n.<\/li>\n<li>Az ,,adekv\u00e1t\u201d energia \u00e9s t\u00e1panyag bevitel hat\u00e1s\u00e1nak vizsg\u00e1lata a rehabilit\u00e1ci\u00f3 hat\u00e1sfok\u00e1ra \u00e9s kimenetelre. A k\u00fcl\u00f6nb\u00f6z\u0151 t\u00e1pl\u00e1l\u00e1s adagol\u00e1si m\u00f3dok hat\u00e1s\u00e1nak vizsg\u00e1lata t\u00e1pl\u00e1lkoz\u00e1s \u00e9lettani szempontb\u00f3l.<\/li>\n<li>Az energia \u00e9s feh\u00e9rje c\u00e9lok sz\u00fcks\u00e9ges kalkul\u00e1l\u00e1si gyakoris\u00e1g\u00e1nak meghat\u00e1roz\u00e1sa.<\/li>\n<li>Az ,,adekv\u00e1t\u201d energia \u00e9s feh\u00e9rjebevitel biztos\u00edt\u00e1sa k\u00f6zben t\u00f6rt\u00e9n\u0151 nitrog\u00e9n-\u00fcr\u00edt\u00e9s, valamint a korai rehabilit\u00e1ci\u00f3s ter\u00e1pia alatt t\u00f6rt\u00e9n\u0151 kal\u00f3ria felhaszn\u00e1l\u00e1s vizsg\u00e1lata esettanulm\u00e1nyokon kereszt\u00fcl<\/li>\n<\/ol>\n<p>&nbsp;<\/p>\n","protected":false},"excerpt":{"rendered":"<p>A kutat\u00e1s elnevez\u00e9se\u00a0\u00a0\u00a0\u00a0 S\u00falyos agys\u00e9r\u00fcltek t\u00e1pl\u00e1l\u00e1ster\u00e1pi\u00e1ja a korai rehabilit\u00e1ci\u00f3 sor\u00e1n A kutat\u00e1s futamideje\u00a0\u00a0\u00a0\u00a0 2018.10.01. \u2013 2019.09.30. A kutat\u00e1s vezet\u0151je\u00a0 T\u00f3th Babett A kutat\u00e1s f\u0151bb c\u00e9lkit\u0171z\u00e9sei\u00a0\u00a0\u00a0\u00a0\u00a0\u00a0\u00a0\u00a0 Vizsg\u00e1lni a glutamin hat\u00f3anyag\u00fa, speci\u00e1lis gy\u00f3gy\u00e1szati t\u00e1pszer sebgy\u00f3gyul\u00e1st el\u0151seg\u00edt\u0151 hat\u00e1s\u00e1t amput\u00e1ci\u00f3s m\u0171t\u00e9tek eset\u00e9ben A kutat\u00e1s f\u0151bb eredm\u00e9nyei\u00a0\u00a0\u00a0\u00a0\u00a0\u00a0\u00a0 S\u00falyos agys\u00e9r\u00fclt betegek t\u00e1pl\u00e1lts\u00e1gi \u00e1llapot\u00e1nak vizsg\u00e1lata a korai rehabilit\u00e1ci\u00f3s oszt\u00e1lyra t\u00f6rt\u00e9n\u0151 felv\u00e9telkor, \u00e9s &hellip;<\/p>\n","protected":false},"author":102388,"featured_media":2629,"parent":2407,"menu_order":0,"comment_status":"closed","ping_status":"closed","template":"","meta":{"_acf_changed":false,"footnotes":""},"categories":[15],"tags":[10],"class_list":["post-1373","page","type-page","status-publish","has-post-thumbnail","hentry","category-lezarult-kutatas","tag-dietetikai-kutatasok"],"acf":[],"_links":{"self":[{"href":"https:\/\/semmelweis.hu\/rehabilitaciosklinika\/wp-json\/wp\/v2\/pages\/1373","targetHints":{"allow":["GET"]}}],"collection":[{"href":"https:\/\/semmelweis.hu\/rehabilitaciosklinika\/wp-json\/wp\/v2\/pages"}],"about":[{"href":"https:\/\/semmelweis.hu\/rehabilitaciosklinika\/wp-json\/wp\/v2\/types\/page"}],"author":[{"embeddable":true,"href":"https:\/\/semmelweis.hu\/rehabilitaciosklinika\/wp-json\/wp\/v2\/users\/102388"}],"replies":[{"embeddable":true,"href":"https:\/\/semmelweis.hu\/rehabilitaciosklinika\/wp-json\/wp\/v2\/comments?post=1373"}],"version-history":[{"count":10,"href":"https:\/\/semmelweis.hu\/rehabilitaciosklinika\/wp-json\/wp\/v2\/pages\/1373\/revisions"}],"predecessor-version":[{"id":2493,"href":"https:\/\/semmelweis.hu\/rehabilitaciosklinika\/wp-json\/wp\/v2\/pages\/1373\/revisions\/2493"}],"up":[{"embeddable":true,"href":"https:\/\/semmelweis.hu\/rehabilitaciosklinika\/wp-json\/wp\/v2\/pages\/2407"}],"wp:featuredmedia":[{"embeddable":true,"href":"https:\/\/semmelweis.hu\/rehabilitaciosklinika\/wp-json\/wp\/v2\/media\/2629"}],"wp:attachment":[{"href":"https:\/\/semmelweis.hu\/rehabilitaciosklinika\/wp-json\/wp\/v2\/media?parent=1373"}],"wp:term":[{"taxonomy":"category","embeddable":true,"href":"https:\/\/semmelweis.hu\/rehabilitaciosklinika\/wp-json\/wp\/v2\/categories?post=1373"},{"taxonomy":"post_tag","embeddable":true,"href":"https:\/\/semmelweis.hu\/rehabilitaciosklinika\/wp-json\/wp\/v2\/tags?post=1373"}],"curies":[{"name":"wp","href":"https:\/\/api.w.org\/{rel}","templated":true}]}}