{"id":1371,"date":"2018-07-18T07:36:46","date_gmt":"2018-07-18T05:36:46","guid":{"rendered":"https:\/\/semmelweis.hu\/rehabilitaciosklinika\/?page_id=1371"},"modified":"2024-12-04T14:51:18","modified_gmt":"2024-12-04T13:51:18","slug":"sebgyogyulas-elosegitese-dietoterapiaval","status":"publish","type":"page","link":"https:\/\/semmelweis.hu\/rehabilitaciosklinika\/tudomany\/kutataskereso\/sebgyogyulas-elosegitese-dietoterapiaval\/","title":{"rendered":"Sebgy\u00f3gyul\u00e1s el\u0151seg\u00edt\u00e9se dietoter\u00e1pi\u00e1val"},"content":{"rendered":"<p><strong>A kutat\u00e1s elnevez\u00e9se:<\/strong><\/p>\n<p>Sebgy\u00f3gyul\u00e1s el\u0151seg\u00edt\u00e9se dietoter\u00e1pi\u00e1val, glutamin tartalm\u00fa speci\u00e1lis, gy\u00f3gy\u00e1szati c\u00e9lra sz\u00e1nt t\u00e1pszer haszn\u00e1lat\u00e1val.<\/p>\n<p><strong>A kutat\u00e1s futamideje:<\/strong><\/p>\n<p>2018.07.07-t\u0151l folyamatosan<\/p>\n<p><strong>A kutat\u00e1s vezet\u0151je:<\/strong><\/p>\n<p>Kudron Emese Eszter, T\u00f3th Babett<\/p>\n<p><strong>R\u00e9sztvev\u0151 kutat\u00f3k az OORI-b\u00f3l:<\/strong><\/p>\n<ul>\n<li>Dr. Rembeczki L\u00e1szl\u00f3 Tam\u00e1s,<\/li>\n<li>Dr. Tolnai Tam\u00e1s Barnab\u00e1s<\/li>\n<li>Farkas-Kocsis Zita<\/li>\n<\/ul>\n<p><strong>A kutat\u00e1s f\u0151bb c\u00e9lkit\u0171z\u00e9sei:<\/strong><\/p>\n<p>Vizsg\u00e1lni a glutamin hat\u00f3anyag\u00fa, speci\u00e1lis gy\u00f3gy\u00e1szati t\u00e1pszer sebgy\u00f3gyul\u00e1st el\u0151seg\u00edt\u0151 hat\u00e1s\u00e1t amput\u00e1ci\u00f3s m\u0171t\u00e9tek eset\u00e9ben<\/p>\n","protected":false},"excerpt":{"rendered":"<p>A kutat\u00e1s elnevez\u00e9se: Sebgy\u00f3gyul\u00e1s el\u0151seg\u00edt\u00e9se dietoter\u00e1pi\u00e1val, glutamin tartalm\u00fa speci\u00e1lis, gy\u00f3gy\u00e1szati c\u00e9lra sz\u00e1nt t\u00e1pszer haszn\u00e1lat\u00e1val. A kutat\u00e1s futamideje: 2018.07.07-t\u0151l folyamatosan A kutat\u00e1s vezet\u0151je: Kudron Emese Eszter, T\u00f3th Babett R\u00e9sztvev\u0151 kutat\u00f3k az OORI-b\u00f3l: Dr. Rembeczki L\u00e1szl\u00f3 Tam\u00e1s, Dr. Tolnai Tam\u00e1s Barnab\u00e1s Farkas-Kocsis Zita A kutat\u00e1s f\u0151bb c\u00e9lkit\u0171z\u00e9sei: Vizsg\u00e1lni a glutamin hat\u00f3anyag\u00fa, speci\u00e1lis gy\u00f3gy\u00e1szati t\u00e1pszer sebgy\u00f3gyul\u00e1st el\u0151seg\u00edt\u0151 hat\u00e1s\u00e1t &hellip;<\/p>\n","protected":false},"author":102388,"featured_media":2629,"parent":2407,"menu_order":0,"comment_status":"closed","ping_status":"closed","template":"","meta":{"_acf_changed":false,"footnotes":""},"categories":[9],"tags":[10],"class_list":["post-1371","page","type-page","status-publish","has-post-thumbnail","hentry","category-aktiv-kutatas","tag-dietetikai-kutatasok"],"acf":[],"_links":{"self":[{"href":"https:\/\/semmelweis.hu\/rehabilitaciosklinika\/wp-json\/wp\/v2\/pages\/1371","targetHints":{"allow":["GET"]}}],"collection":[{"href":"https:\/\/semmelweis.hu\/rehabilitaciosklinika\/wp-json\/wp\/v2\/pages"}],"about":[{"href":"https:\/\/semmelweis.hu\/rehabilitaciosklinika\/wp-json\/wp\/v2\/types\/page"}],"author":[{"embeddable":true,"href":"https:\/\/semmelweis.hu\/rehabilitaciosklinika\/wp-json\/wp\/v2\/users\/102388"}],"replies":[{"embeddable":true,"href":"https:\/\/semmelweis.hu\/rehabilitaciosklinika\/wp-json\/wp\/v2\/comments?post=1371"}],"version-history":[{"count":4,"href":"https:\/\/semmelweis.hu\/rehabilitaciosklinika\/wp-json\/wp\/v2\/pages\/1371\/revisions"}],"predecessor-version":[{"id":2379,"href":"https:\/\/semmelweis.hu\/rehabilitaciosklinika\/wp-json\/wp\/v2\/pages\/1371\/revisions\/2379"}],"up":[{"embeddable":true,"href":"https:\/\/semmelweis.hu\/rehabilitaciosklinika\/wp-json\/wp\/v2\/pages\/2407"}],"wp:featuredmedia":[{"embeddable":true,"href":"https:\/\/semmelweis.hu\/rehabilitaciosklinika\/wp-json\/wp\/v2\/media\/2629"}],"wp:attachment":[{"href":"https:\/\/semmelweis.hu\/rehabilitaciosklinika\/wp-json\/wp\/v2\/media?parent=1371"}],"wp:term":[{"taxonomy":"category","embeddable":true,"href":"https:\/\/semmelweis.hu\/rehabilitaciosklinika\/wp-json\/wp\/v2\/categories?post=1371"},{"taxonomy":"post_tag","embeddable":true,"href":"https:\/\/semmelweis.hu\/rehabilitaciosklinika\/wp-json\/wp\/v2\/tags?post=1371"}],"curies":[{"name":"wp","href":"https:\/\/api.w.org\/{rel}","templated":true}]}}