{"id":1360,"date":"2024-09-18T07:24:17","date_gmt":"2024-09-18T05:24:17","guid":{"rendered":"https:\/\/semmelweis.hu\/rehabilitaciosklinika\/?page_id=1360"},"modified":"2025-01-10T11:31:41","modified_gmt":"2025-01-10T10:31:41","slug":"phd-es-tdk-temak","status":"publish","type":"page","link":"https:\/\/semmelweis.hu\/rehabilitaciosklinika\/oktatas\/phd-es-tdk-temak\/","title":{"rendered":"PhD \u00e9s TDK t\u00e9m\u00e1k"},"content":{"rendered":"<div class=\"keretes w-100\">\n<p>Orsz\u00e1gos int\u00e9zm\u00e9nyk\u00e9nt a Rehabilit\u00e1ci\u00f3s Klinika vezet\u0151 szerepet t\u00f6lt be a rehabilit\u00e1ci\u00f3 orsz\u00e1gos szint\u0171 fejleszt\u00e9s\u00e9ben \u00e9s a k\u00e9pz\u00e9sben.\u00a0<\/p>\n<\/div>\n<p>A Semmelweis Egyetem <a href=\"https:\/\/semmelweis.hu\/rehab\/\" target=\"_blank\" rel=\"noopener\">Fizik\u00e1lis Medicina \u00e9s Rehabilit\u00e1ci\u00f3 Tansz\u00e9k\u00e9nek<\/a> \u00e9s a P\u00e9csi Tudom\u00e1nyegyetem Rehabilit\u00e1ci\u00f3s Tansz\u00e9k\u00e9nek vezet\u0151it is munkat\u00e1rsaink k\u00f6r\u00e9b\u0151l v\u00e1lasztott\u00e1k. A Semmelweis Egyetem Doktori Iskol\u00e1j\u00e1nak egyes t\u00e9m\u00e1i Klinik\u00e1nkon folytatott vizsg\u00e1latokra \u00e9p\u00fclnek, melyek r\u00e9v\u00e9n az egyetemi diplom\u00e1val rendelkez\u0151 szakemberek a rehabilit\u00e1ci\u00f3 t\u00e1rgyk\u00f6r\u00e9ben szerezhetnek tudom\u00e1nyos fokozatot.\u00a0<\/p>\n<h5>Akkredit\u00e1lt doktori t\u00e9m\u00e1k:<\/h5>\n<ul>\n<li>\n<p><strong>Cs\u00edp\u0151t\u00e1ji combcsontt\u00f6r\u00e9sek r\u00f6gz\u00edt\u00e9s\u00e9nek k\u00eds\u00e9rlete \u00e9s klinikai elemz\u00e9se<br \/>\n<\/strong>Cserh\u00e1ti P\u00e9ter Ph.D. Dr\u00a0<\/p>\n<\/li>\n<li>\n<p><strong>A mozg\u00e1sszervi rehabilit\u00e1ci\u00f3 eredm\u00e9nyess\u00e9g\u00e9nek m\u00e9r\u00e9se <\/strong><\/p>\n<\/li>\n<\/ul>\n<p><span style=\"font-size: 1rem\">\u00a0 \u00a0 \u00a0 \u00a0 D\u00e9nes Zolt\u00e1n Ph.D. Dr<\/span><\/p>\n<ul>\n<li>\n<p><strong>A szekunder k\u00e1rosod\u00e1sok jelent\u0151s\u00e9ge a mozg\u00e1sszervi rehabilit\u00e1ci\u00f3 sor\u00e1n<\/strong><br \/>\n<span style=\"font-size: 1rem\">D\u00e9nes Zolt\u00e1n Ph.D. Dr<\/span><\/p>\n<\/li>\n<li><strong>Fejlett technol\u00f3gia alkalmaz\u00e1sa a rehabilit\u00e1ci\u00f3ban<\/strong>\n<p>Fazekas G\u00e1bor Ph.D. Dr. habil<\/p>\n<\/li>\n<\/ul>\n<p>Tov\u00e1bbi inform\u00e1ci\u00f3k az Orsz\u00e1gos Doktori Tan\u00e1cs illetve a <a href=\"https:\/\/semmelweis.hu\/phd\/doktori-tagozatok\/operativ-orvostudomanyi-tagozat\/\" target=\"_blank\" rel=\"noopener\">Semmelweis Egyetem Doktori Iskola<\/a> honlapj\u00e1n tal\u00e1lhat\u00f3k.<\/p>\n<h5>A fenti PhD t\u00e9m\u00e1kban lehet\u0151s\u00e9g van TDK kutat\u00e1st v\u00e9gezni.<\/h5>\n<p>A Tudom\u00e1nyos Di\u00e1kk\u00f6ri tev\u00e9kenys\u00e9gr\u0151l inform\u00e1ci\u00f3 a <a href=\"https:\/\/semmelweis.hu\/tdk\/\" target=\"_blank\" rel=\"noopener\">TDK honlapj\u00e1n<\/a> olvashat\u00f3.<\/p>\n","protected":false},"excerpt":{"rendered":"<p>Orsz\u00e1gos int\u00e9zm\u00e9nyk\u00e9nt a Rehabilit\u00e1ci\u00f3s Klinika vezet\u0151 szerepet t\u00f6lt be a rehabilit\u00e1ci\u00f3 orsz\u00e1gos szint\u0171 fejleszt\u00e9s\u00e9ben \u00e9s a k\u00e9pz\u00e9sben.\u00a0 A Semmelweis Egyetem <a href=\"https:\/\/semmelweis.hu\/rehab\/\" target=\"_blank\" rel=\"noopener\">Fizik\u00e1lis Medicina \u00e9s Rehabilit\u00e1ci\u00f3 Tansz\u00e9k\u00e9nek<\/a> \u00e9s a P\u00e9csi Tudom\u00e1nyegyetem Rehabilit\u00e1ci\u00f3s Tansz\u00e9k\u00e9nek vezet\u0151it is munkat\u00e1rsaink k\u00f6r\u00e9b\u0151l v\u00e1lasztott\u00e1k. A Semmelweis Egyetem Doktori Iskol\u00e1j\u00e1nak egyes t\u00e9m\u00e1i Klinik\u00e1nkon folytatott vizsg\u00e1latokra \u00e9p\u00fclnek, melyek r\u00e9v\u00e9n az egyetemi diplom\u00e1val rendelkez\u0151 szakemberek a rehabilit\u00e1ci\u00f3 t\u00e1rgyk\u00f6r\u00e9ben szerezhetnek tudom\u00e1nyos fokozatot.\u00a0 &hellip;<\/p>\n","protected":false},"author":102388,"featured_media":0,"parent":21,"menu_order":4,"comment_status":"closed","ping_status":"closed","template":"","meta":{"_acf_changed":false,"footnotes":""},"categories":[],"tags":[],"class_list":["post-1360","page","type-page","status-publish","hentry"],"acf":[],"_links":{"self":[{"href":"https:\/\/semmelweis.hu\/rehabilitaciosklinika\/wp-json\/wp\/v2\/pages\/1360","targetHints":{"allow":["GET"]}}],"collection":[{"href":"https:\/\/semmelweis.hu\/rehabilitaciosklinika\/wp-json\/wp\/v2\/pages"}],"about":[{"href":"https:\/\/semmelweis.hu\/rehabilitaciosklinika\/wp-json\/wp\/v2\/types\/page"}],"author":[{"embeddable":true,"href":"https:\/\/semmelweis.hu\/rehabilitaciosklinika\/wp-json\/wp\/v2\/users\/102388"}],"replies":[{"embeddable":true,"href":"https:\/\/semmelweis.hu\/rehabilitaciosklinika\/wp-json\/wp\/v2\/comments?post=1360"}],"version-history":[{"count":10,"href":"https:\/\/semmelweis.hu\/rehabilitaciosklinika\/wp-json\/wp\/v2\/pages\/1360\/revisions"}],"predecessor-version":[{"id":3000,"href":"https:\/\/semmelweis.hu\/rehabilitaciosklinika\/wp-json\/wp\/v2\/pages\/1360\/revisions\/3000"}],"up":[{"embeddable":true,"href":"https:\/\/semmelweis.hu\/rehabilitaciosklinika\/wp-json\/wp\/v2\/pages\/21"}],"wp:attachment":[{"href":"https:\/\/semmelweis.hu\/rehabilitaciosklinika\/wp-json\/wp\/v2\/media?parent=1360"}],"wp:term":[{"taxonomy":"category","embeddable":true,"href":"https:\/\/semmelweis.hu\/rehabilitaciosklinika\/wp-json\/wp\/v2\/categories?post=1360"},{"taxonomy":"post_tag","embeddable":true,"href":"https:\/\/semmelweis.hu\/rehabilitaciosklinika\/wp-json\/wp\/v2\/tags?post=1360"}],"curies":[{"name":"wp","href":"https:\/\/api.w.org\/{rel}","templated":true}]}}