{"id":1358,"date":"2024-09-18T07:23:24","date_gmt":"2024-09-18T05:23:24","guid":{"rendered":"https:\/\/semmelweis.hu\/rehabilitaciosklinika\/?page_id=1358"},"modified":"2026-03-02T11:16:54","modified_gmt":"2026-03-02T10:16:54","slug":"kutatas-engedelyezesi-eljaras","status":"publish","type":"page","link":"https:\/\/semmelweis.hu\/rehabilitaciosklinika\/tudomany\/kutatas-engedelyezesi-eljaras\/","title":{"rendered":"Kutat\u00e1s enged\u00e9lyez\u00e9si elj\u00e1r\u00e1s &#8211; Tudom\u00e1nyos bizotts\u00e1gok"},"content":{"rendered":"<div class=\"keretes w-100\">\n<p>B\u00e1rmilyen kutat\u00e1s, felm\u00e9r\u00e9s (szakdolgozathoz, TDK dolgozathoz, PhD disszert\u00e1ci\u00f3hoz, klinikai vizsg\u00e1lathoz, eszk\u00f6zbefogadtat\u00e1si elj\u00e1r\u00e1shoz v\u00e9gzend\u0151 vizsg\u00e1lat) int\u00e9zm\u00e9ny\u00fcnk keret\u00e9ben t\u00f6rt\u00e9n\u0151 lefolytat\u00e1s\u00e1hoz el\u0151zetesen az IKEB t\u00e1mogat\u00e1s\u00e1val egy\u00fctt a Klinika igazgat\u00f3j\u00e1nak befogad\u00e1si nyilatkozata sz\u00fcks\u00e9ges.<\/p>\n<\/div>\n<h3>Bizotts\u00e1gok<\/h3>\n<p>A tudom\u00e1nyos tev\u00e9kenys\u00e9g seg\u00edt\u00e9s\u00e9re, tudom\u00e1nnyal kapcsolatos int\u00e9zm\u00e9nyi vezet\u0151i d\u00f6nt\u00e9sek el\u0151k\u00e9sz\u00edt\u00e9s\u00e9re tan\u00e1csad\u00f3 szervk\u00e9nt m\u0171k\u00f6dik az <strong>Int\u00e9zm\u00e9nyi Tudom\u00e1nyos Bizotts\u00e1g (ITB)<\/strong> \u00e9s az int\u00e9zm\u00e9nyi <strong>Etikai \u00e9s Kutat\u00e1setikai Bizotts\u00e1g (IKEB)<\/strong>.<\/p>\n<ul>\n<li>Az ITB feladata a tudom\u00e1nyos munka kereteinek szervez\u00e9se.<\/li>\n<li>Az Etikai \u00e9s Kutat\u00e1setikai Bizotts\u00e1g (IKEB) feladata az egyes kutat\u00e1sok befogad\u00e1s\u00e1hoz sz\u00fcks\u00e9ges \u00e9rt\u00e9kel\u00e9sek elk\u00e9sz\u00edt\u00e9se \u00e9s a folyamatban l\u00e9v\u0151 kutat\u00e1sok ellen\u0151rz\u00e9se.<\/li>\n<\/ul>\n<p><a class=\"btn btn-secondary\" href=\"https:\/\/semmelweis.hu\/rehabilitaciosklinika\/files\/2025\/05\/Tud-biz-mkodesi-rend.doc\" target=\"_blank\" rel=\"noopener\">Tudom\u00e1nyos Bizotts\u00e1g M\u0171k\u00f6d\u00e9si Rend<\/a><\/p>\n<p style=\"text-align: justify\">A n\u00f6vekv\u0151 hazai \u00e9s k\u00fclhoni szakmai elv\u00e1r\u00e1sokra \u00e9s a munkat\u00e1rsakban er\u0151s\u00f6d\u0151 tudom\u00e1nyos \u00e9rdekl\u0151d\u00e9sre \u00e9s motiv\u00e1lts\u00e1gra is figyelve, a Klinika vezet\u00e9se a tudom\u00e1nyos kutat\u00e1sok \u00e9s a tudom\u00e1nyos \u00e9letben val\u00f3 r\u00e9szv\u00e9tel t\u00e1mogat\u00e1s\u00e1t kiemelked\u0151en fontosnak tartja a rehabilit\u00e1ci\u00f3s szakma fejleszt\u00e9s\u00e9ben, ez\u00e9rt a Klinika tudom\u00e1nyos \u00e9let\u00e9nek ir\u00e1ny\u00edt\u00e1s\u00e1val 2016-ban <strong>tudom\u00e1nyos f\u0151munkat\u00e1rsat<\/strong> b\u00edzott meg.<\/p>\n<p><strong>Tudom\u00e1nyos f\u0151munkat\u00e1rs: Dr. R\u00e9vay Edit PhD<\/strong><br \/>\nTelefon: +36 70 199 9770<br \/>\nE-mail: <a href=\"mailto:revay.edit@semmelweis.hu\">revay.edit@semmelweis.hu<\/a><\/p>\n<h5>Kutat\u00e1s enged\u00e9lyez\u00e9si elj\u00e1r\u00e1s menete:<\/h5>\n<p style=\"text-align: justify\">Ahhoz, hogy az IKEB adott havi \u00fcl\u00e9s\u00e9n t\u00e1rgyaljon egy kutat\u00e1si k\u00e9relmet, legk\u00e9s\u0151bb az al\u00e1bbiakban megadott <a href=\"#ikeb-ulesek\"><strong>bead\u00e1si hat\u00e1rid\u0151ig<\/strong><\/a> sz\u00fcks\u00e9ges <a href=\"#kerelem\">a k\u00e9relmet \u00e9s az \u00f6sszes mell\u00e9kletet<\/a> e-mailben megk\u00fcldeni <strong>Dr. R\u00e9vay Edit<\/strong> r\u00e9sz\u00e9re a <a href=\"mailto:revay.edit@semmelweis.hu\">revay.edit@semmelweis.hu<\/a> email c\u00edmre.<\/p>\n<p style=\"text-align: justify\">Az IKEB a soron k\u00f6vetkez\u0151 \u00fcl\u00e9s\u00e9n t\u00e1rgyalja a k\u00e9relmet, sz\u00fcks\u00e9g eset\u00e9n javaslatokat tesz m\u00f3dos\u00edt\u00e1sra. Apr\u00f3, formai, tartalmi pontos\u00edt\u00e1sok eset\u00e9ben, amint a k\u00e9relmez\u0151 megk\u00fcldi a jav\u00edtott v\u00e1ltozatot, az IKEB tov\u00e1bb\u00edtja azt a javaslat\u00e1val klinika igazgat\u00f3i j\u00f3v\u00e1hagy\u00e1sra, befogad\u00e1sra.<\/p>\n<p style=\"text-align: justify\">A klinika igazgat\u00f3i befogad\u00f3 nyilatkozat k\u00e9zhezv\u00e9tel\u00e9t k\u00f6vet\u0151en sz\u00fcks\u00e9g eset\u00e9n az <strong>Eg\u00e9szs\u00e9g\u00fcgyi Tudom\u00e1nyos Tan\u00e1cs &#8211; Tudom\u00e1nyos Kutat\u00e1setikai Bizotts\u00e1g (ETT-TUKEB)<\/strong> fel\u00e9 beny\u00fajtand\u00f3 a k\u00e9relem. Amennyiben nem sz\u00fcks\u00e9ges az ETT-TUKEB enged\u00e9lye, akkor megkezdhet\u0151 a vizsg\u00e1lat lefolytat\u00e1sa.<\/p>\n<p>Amennyiben\u00a0<span style=\"font-size: 1rem\">az IKEB <\/span><span style=\"font-size: 1rem\">nagyobb \u00e1tdolgoz\u00e1st javasol, \u00fagy a jav\u00edt\u00e1s megk\u00fcld\u00e9s\u00e9t soron k\u00f6vet\u0151 IKEB \u00fcl\u00e9sen a bizotts\u00e1g \u00fajra t\u00e1rgyalja a jav\u00edtott anyagot.<\/span><\/p>\n<div class=\"fontos_div\">\n<p>Sz\u00fcks\u00e9g eset\u00e9n a kutat\u00e1stervez\u00e9sben, kutat\u00e1s m\u00f3dszertani k\u00e9rd\u00e9sekben, a k\u00e9relem elk\u00e9sz\u00edt\u00e9s\u00e9ben szem\u00e9lyesen is sz\u00edvesen seg\u00edt: <strong>Dr. R\u00e9vay Edit tudom\u00e1nyos f\u0151munkat\u00e1rs<\/strong>.<a id=\"kerelem\"><\/a><\/p>\n<\/div>\n<h5>T\u00e1j\u00e9koztat\u00f3 \u00e9s kit\u00f6ltend\u0151 dokumentumok IKEB enged\u00e9lyk\u00e9r\u00e9shez:<\/h5>\n<p style=\"text-align: justify\">Els\u0151 l\u00e9p\u00e9sk\u00e9nt fontos, hogy az egyetemen a t\u00e9mavezet\u0151j\u00e9vel egyeztesse a kutat\u00e1si terv\u00e9t, majd keressen a SE-Rehabilit\u00e1ci\u00f3s Klinik\u00e1n t\u00e9mavezet\u0151t. A k\u00e9sz anyagot a t\u00e9mavezet\u0151k \u00e9s az oszt\u00e1lyvezet\u0151 f\u0151orvos j\u00f3v\u00e1hagy\u00e1sa ut\u00e1n tudja csak beadni a SE-RK-IKEB-hez. A t\u00e9mavezet\u0151 v\u00e1laszt\u00e1s\u00e1ban k\u00e9rem, forduljon seg\u00edts\u00e9g\u00e9rt Dr. R\u00e9vay Edit PhD tudom\u00e1nyos f\u0151munkat\u00e1rshoz, SERK IKEB eln\u00f6kh\u00f6z, e-mail c\u00edme: <a href=\"mailto:revay.edit@semmelweis.hu\">revay.edit@semmelweis.hu<\/a><\/p>\n<h5>Felt\u00e9tel a k\u00e9relem bead\u00e1s\u00e1hoz:<\/h5>\n<p style=\"text-align: justify\">&#8211; hogy az \u00e9rintett oszt\u00e1ly, oszt\u00e1lyok oszt\u00e1lyvezet\u0151 f\u0151orvos\u00e1t\u00f3l, ter\u00e1pi\u00e1s r\u00e9szlegvezet\u0151j\u00e9t\u0151l \u00e9s a SERK t\u00e9mavezet\u0151j\u00e9t\u0151l is \u00edr\u00e1sbeli befogad\u00f3 nyilatkozatot kell k\u00e9rnie ahhoz, hogy az oszt\u00e1ly\u00e1n l\u00e9v\u0151 betegekkel kapcsolatos vizsg\u00e1latot\/kutat\u00e1st\/felm\u00e9r\u00e9st az igazgat\u00f3i befogad\u00e1s ut\u00e1n elv\u00e9gezhesse!<\/p>\n<p style=\"text-align: justify\">&#8211; Ezeket a nyilatkozatokat mind eredeti Word dokumentumk\u00e9nt, mind PDF-ben is be kell ny\u00fajtani. A pdf- filenak az eredeti dokumentum nev\u00e9t k\u00e9rj\u00fck megadni.<\/p>\n<p>&#8211; K\u00e9pfile-okat nem \u00e1ll m\u00f3dunkban befogadni.<\/p>\n<p>&#8211; A t\u00f6bbi dokumentumot azok eredeti nev\u00e9n csak Wordben k\u00e9rj\u00fck, figyelmesen kit\u00f6ltve megk\u00fcldeni.<\/p>\n<p>&#8211; K\u00e9zzel kit\u00f6lt\u00f6tt dokumentumokat nem \u00e1ll m\u00f3dunkban befogadni.<\/p>\n<p style=\"text-align: justify\">&#8211; K\u00e9rj\u00fck, a kit\u00f6lt\u00f6tt dokumentumokban a v\u00e9lem\u00e9nyez\u00e9s\/elfogad\u00e1s\/minden m\u00f3dos\u00edt\u00e1s elfogad\u00e1s\u00e1val v\u00e9gleges\u00edtse a dokumentumon v\u00e9grehajtott v\u00e1ltoztat\u00e1sait ment\u00e9s el\u0151tt, \u00e9s csak ezt k\u00f6vet\u0151en k\u00fcldje meg a dokumentumokat!<\/p>\n<p style=\"text-align: justify\">Felh\u00edvom figyelm\u00e9t, hogy nem minden esetben kell minden dokumentumot csatolnia, k\u00e9rem, k\u00f6vesse a t\u00e1j\u00e9koztat\u00f3t, amit az \u0171rlap v\u00e9g\u00e9n tal\u00e1l \u00e9s az alapj\u00e1n \u00e9rtelemszer\u0171en t\u00f6ltse ki a sablonokat.<\/p>\n<p>&nbsp;<\/p>\n<p>&#8211; Az int\u00e9zm\u00e9nyi befogad\u00e1st nyert kutat\u00e1s lez\u00e1rult\u00e1t k\u00f6teles a SERK IKEB fel\u00e9 is bejelenteni \u00e9s az abb\u00f3l k\u00e9sz\u00fclt publik\u00e1ci\u00f3t, szakdolgozatot, PhD \u00e9rtekez\u00e9st stb elektronikusan megk\u00fcldeni!<\/p>\n<p style=\"text-align: justify\">K\u00e9rem, ha k\u00e9rd\u00e9se lenne, keressen! Amennyiben szeretn\u00e9, hogy az IKEB a k\u00f6vetkez\u0151 \u00fcl\u00e9s\u00e9n t\u00e1rgyalja a k\u00e9relm\u00e9t, akkor legk\u00e9s\u0151bb a honlapon megadott hat\u00e1rid\u0151ig sz\u00edveskedjen e-mailben megk\u00fcldeni r\u00e9szemre a <a href=\"mailto:revay.edit@semmelweis.hu\">revay.edit@semmelweis.hu<\/a> email c\u00edmre.<\/p>\n<h6>Kutat\u00e1si terv \u0171rlap \u00e9s kapcsol\u00f3d\u00f3 nyilatkozat sablonok<\/h6>\n<ul>\n<li><a href=\"https:\/\/semmelweis.hu\/rehabilitaciosklinika\/files\/2024\/12\/SE-RK-IKEB-kerelem-kutatasi-terv-urlap-sablon.docx\">Kutat\u00e1si terv \u0171rlap &#8211; befogad\u00e1si k\u00e9relem<\/a> (az \u0171rlap v\u00e9g\u00e9n olvashat\u00f3 a k\u00f6telez\u0151 mell\u00e9kletek list\u00e1ja)<\/li>\n<li><a href=\"https:\/\/semmelweis.hu\/rehabilitaciosklinika\/files\/2024\/12\/SE-RK-IKEB-fejleces-kerelmezo-nyilatkozatok-sablon.docx\">K\u00e9relmez\u0151i nyilatkozatok sablonjai<\/a> (\u00e1ltal\u00e1nos, sz\u00e1nd\u00e9k-, felel\u0151ss\u00e9gbiztos\u00edt\u00e1si, adatv\u00e9delmi nyilatkozat)<\/li>\n<li><a href=\"https:\/\/semmelweis.hu\/rehabilitaciosklinika\/files\/2024\/12\/SE-RK-IKEB-attekinto-checklist.docx\">\u00c1ttekint\u0151 ellen\u0151rz\u0151 sablon (checklist)<\/a><\/li>\n<li><a href=\"https:\/\/semmelweis.hu\/rehabilitaciosklinika\/files\/2026\/03\/SE-RK-fejleces-retrospektIv-vizsgalathoz-nyilatkozat.docx\">Adatv\u00e9delmi nyilatkozat retrospekt\u00edv vizsg\u00e1lathoz<\/a><\/li>\n<\/ul>\n<h6>Betegt\u00e1j\u00e9koztat\u00f3 \u00e9s beteg-beleegyez\u0151 nyilatkozat sablonok<\/h6>\n<ul>\n<li><a href=\"https:\/\/semmelweis.hu\/rehabilitaciosklinika\/files\/2024\/12\/SE-RK-Betegtajekoztato-sablon.docx\">Betegt\u00e1j\u00e9koztat\u00f3 sablon<\/a><\/li>\n<li><a href=\"https:\/\/semmelweis.hu\/rehabilitaciosklinika\/files\/2024\/12\/SE-RK-beleegyezo_nyilatkozat_cselekvokepes-sablon.docx\">Beleegyez\u0151 nyilatkozat cselekv\u0151k\u00e9pes beteg eset\u00e9n<\/a><\/li>\n<li><a href=\"https:\/\/semmelweis.hu\/rehabilitaciosklinika\/files\/2024\/12\/SE-RK-IKEB-Beleegyezo-Nyilatkozat-nem-cselekvokepes-sablon.docx\">Beleegyez\u0151 nyilatkozat nem cselekv\u0151k\u00e9pes beteg eset\u00e9n<\/a><\/li>\n<\/ul>\n<h6>Befogad\u00f3 nyilatkozatok sablonjai<\/h6>\n<ul>\n<li><a href=\"https:\/\/semmelweis.hu\/rehabilitaciosklinika\/files\/2024\/12\/SE-RK-fejleces-Klinikai-Temavezetoi-befogado-nyilatkozat.docx\">Klinikai T\u00e9mavezet\u0151i befogad\u00f3 nyilatkozat\u00a0<\/a><\/li>\n<li><a href=\"https:\/\/semmelweis.hu\/rehabilitaciosklinika\/files\/2024\/12\/SE-RK-fejleces-Osztalyvezeto-Foorvosi-befogado-nyilatkozat.docx\">Oszt\u00e1lyvezet\u0151 f\u0151orvosi befogad\u00f3 nyilatkozat<\/a><a id=\"ikeb-ulesek\"><\/a><\/li>\n<li><a href=\"https:\/\/semmelweis.hu\/rehabilitaciosklinika\/files\/2025\/05\/SE-RK-fejleces-Terapias-Reszlegvezetoi-befogado-nyilatkozat.docx\">Ter\u00e1pi\u00e1s R\u00e9szlegvezet\u0151i Befogad\u00f3 nyilatkozat<\/a><\/li>\n<\/ul>\n<h3>Rehabilit\u00e1ci\u00f3s Klinika IKEB-hez k\u00e9relem bead\u00e1si hat\u00e1rid\u0151k \u00e9s az \u00fcl\u00e9sek id\u0151pontjai 2026-ban<\/h3>\n<ul>\n<li>\n<p><strong>bead\u00e1si hat\u00e1rid\u0151:<\/strong> janu\u00e1r 5. &#8211; \u00fcl\u00e9s: janu\u00e1r 14.<\/p>\n<\/li>\n<li>\n<p><strong>bead\u00e1si hat\u00e1rid\u0151:<\/strong> janu\u00e1r 26. &#8211; \u00fcl\u00e9s: febru\u00e1r 4.\u00a0<\/p>\n<\/li>\n<li>\n<p><strong>bead\u00e1si hat\u00e1rid\u0151:<\/strong> febru\u00e1r 23. &#8211; \u00fcl\u00e9s: m\u00e1rcius 4.\u00a0<\/p>\n<\/li>\n<li>\n<p><strong>bead\u00e1si hat\u00e1rid\u0151:<\/strong> m\u00e1rcius 23. &#8211; \u00fcl\u00e9s: \u00e1prilis 1.<\/p>\n<\/li>\n<li>\n<p><strong>bead\u00e1si hat\u00e1rid\u0151:<\/strong> \u00e1prilis 27. &#8211; \u00fcl\u00e9s: m\u00e1jus 6.<\/p>\n<\/li>\n<li>\n<p><strong>bead\u00e1si hat\u00e1rid\u0151:<\/strong> m\u00e1jus 25. &#8211; \u00fcl\u00e9s: j\u00fanius 3.<\/p>\n<\/li>\n<li>\n<p><strong>bead\u00e1si hat\u00e1rid\u0151:<\/strong> j\u00fanius 22. &#8211; \u00fcl\u00e9s: j\u00falius 1.<\/p>\n<\/li>\n<li>\n<p><strong>augusztusban nincs IKEB \u00fcl\u00e9s<\/strong><\/p>\n<\/li>\n<li>\n<p><strong>bead\u00e1si hat\u00e1rid\u0151:<\/strong> augusztus 31. &#8211; \u00fcl\u00e9s: szeptember 9.<\/p>\n<\/li>\n<li>\n<p><strong>bead\u00e1si hat\u00e1rid\u0151:<\/strong> szeptember 28. &#8211; \u00fcl\u00e9s: okt\u00f3ber 7.\u00a0<\/p>\n<\/li>\n<li>\n<p><strong>bead\u00e1si hat\u00e1rid\u0151:<\/strong> okt\u00f3ber 26. &#8211; \u00fcl\u00e9s: november 4.<\/p>\n<\/li>\n<li><strong>bead\u00e1si hat\u00e1rid\u0151:<\/strong> november 23. &#8211; \u00fcl\u00e9s: december 2.\u00a0<\/li>\n<\/ul>\n","protected":false},"excerpt":{"rendered":"<p>B\u00e1rmilyen kutat\u00e1s, felm\u00e9r\u00e9s (szakdolgozathoz, TDK dolgozathoz, PhD disszert\u00e1ci\u00f3hoz, klinikai vizsg\u00e1lathoz, eszk\u00f6zbefogadtat\u00e1si elj\u00e1r\u00e1shoz v\u00e9gzend\u0151 vizsg\u00e1lat) int\u00e9zm\u00e9ny\u00fcnk keret\u00e9ben t\u00f6rt\u00e9n\u0151 lefolytat\u00e1s\u00e1hoz el\u0151zetesen az IKEB t\u00e1mogat\u00e1s\u00e1val egy\u00fctt a Klinika igazgat\u00f3j\u00e1nak befogad\u00e1si nyilatkozata sz\u00fcks\u00e9ges. Bizotts\u00e1gok A tudom\u00e1nyos tev\u00e9kenys\u00e9g seg\u00edt\u00e9s\u00e9re, tudom\u00e1nnyal kapcsolatos int\u00e9zm\u00e9nyi vezet\u0151i d\u00f6nt\u00e9sek el\u0151k\u00e9sz\u00edt\u00e9s\u00e9re tan\u00e1csad\u00f3 szervk\u00e9nt m\u0171k\u00f6dik az Int\u00e9zm\u00e9nyi Tudom\u00e1nyos Bizotts\u00e1g (ITB) \u00e9s az int\u00e9zm\u00e9nyi Etikai \u00e9s Kutat\u00e1setikai Bizotts\u00e1g &hellip;<\/p>\n","protected":false},"author":102388,"featured_media":0,"parent":25,"menu_order":1,"comment_status":"closed","ping_status":"closed","template":"","meta":{"_acf_changed":false,"footnotes":""},"categories":[],"tags":[],"class_list":["post-1358","page","type-page","status-publish","hentry"],"acf":[],"_links":{"self":[{"href":"https:\/\/semmelweis.hu\/rehabilitaciosklinika\/wp-json\/wp\/v2\/pages\/1358","targetHints":{"allow":["GET"]}}],"collection":[{"href":"https:\/\/semmelweis.hu\/rehabilitaciosklinika\/wp-json\/wp\/v2\/pages"}],"about":[{"href":"https:\/\/semmelweis.hu\/rehabilitaciosklinika\/wp-json\/wp\/v2\/types\/page"}],"author":[{"embeddable":true,"href":"https:\/\/semmelweis.hu\/rehabilitaciosklinika\/wp-json\/wp\/v2\/users\/102388"}],"replies":[{"embeddable":true,"href":"https:\/\/semmelweis.hu\/rehabilitaciosklinika\/wp-json\/wp\/v2\/comments?post=1358"}],"version-history":[{"count":11,"href":"https:\/\/semmelweis.hu\/rehabilitaciosklinika\/wp-json\/wp\/v2\/pages\/1358\/revisions"}],"predecessor-version":[{"id":3775,"href":"https:\/\/semmelweis.hu\/rehabilitaciosklinika\/wp-json\/wp\/v2\/pages\/1358\/revisions\/3775"}],"up":[{"embeddable":true,"href":"https:\/\/semmelweis.hu\/rehabilitaciosklinika\/wp-json\/wp\/v2\/pages\/25"}],"wp:attachment":[{"href":"https:\/\/semmelweis.hu\/rehabilitaciosklinika\/wp-json\/wp\/v2\/media?parent=1358"}],"wp:term":[{"taxonomy":"category","embeddable":true,"href":"https:\/\/semmelweis.hu\/rehabilitaciosklinika\/wp-json\/wp\/v2\/categories?post=1358"},{"taxonomy":"post_tag","embeddable":true,"href":"https:\/\/semmelweis.hu\/rehabilitaciosklinika\/wp-json\/wp\/v2\/tags?post=1358"}],"curies":[{"name":"wp","href":"https:\/\/api.w.org\/{rel}","templated":true}]}}