{"id":1351,"date":"2024-09-17T14:00:50","date_gmt":"2024-09-17T12:00:50","guid":{"rendered":"https:\/\/semmelweis.hu\/rehabilitaciosklinika\/?page_id=1351"},"modified":"2025-02-08T14:47:27","modified_gmt":"2025-02-08T13:47:27","slug":"tudomanyos-fokozatot-szerzok","status":"publish","type":"page","link":"https:\/\/semmelweis.hu\/rehabilitaciosklinika\/tudomany\/tudomanyos-fokozatot-szerzok\/","title":{"rendered":"Tudom\u00e1nyos fokozatot szerz\u0151k"},"content":{"rendered":"<p>Egy int\u00e9zm\u00e9ny tudom\u00e1nyos \u00e9let\u00e9t a keret\u00e9ben zajl\u00f3 kutat\u00e1sok, publik\u00e1ci\u00f3k mellett, a fokozattal rendelkez\u0151, valamint fokozatszerz\u00e9sre k\u00e9sz\u00fcl\u0151 munkat\u00e1rsainak sz\u00e1m\u00e1val is f\u00e9mjelzik. A Rehabilit\u00e1ci\u00f3s Klinika (jogel\u0151dk\u00e9nt az OORI) kezdetekt\u0151l t\u00e1mogatja \u00e9s \u00f6szt\u00f6nzi munkat\u00e1rsait a szakmai fejl\u0151d\u00e9sben \u00e9s a tudom\u00e1nyos \u00e9letben val\u00f3 el\u0151rehalad\u00e1sban. A Klinika tudom\u00e1nyos \u00e9lete kifel\u00e9 is vonz\u00f3, \u00edgy k\u00fcls\u0151s\u00f6k is vannak, akik n\u00e1lunk k\u00e9sz\u00fclnek fokozatszerz\u00e9sre, illetve olyanok is, akik kor\u00e1bban, m\u00e1s int\u00e9zm\u00e9nyben szerzett PhD-val csatlakoztak hozz\u00e1nk. Jelenlegi munkat\u00e1rsaink k\u00f6r\u00e9ben habilit\u00e1ltakkal is, m\u00edg hajdani munkat\u00e1rsaink k\u00f6r\u00e9ben habilit\u00e1ltakkal \u00e9s akad\u00e9miai doktorokkal is b\u00fcszk\u00e9lkedhet\u00fcnk.<\/p>\n<h3>1960 \u00f3ta tudom\u00e1nyos min\u0151s\u00edt\u00e9st szerzett munkat\u00e1rsaink:<\/h3>\n<ul>\n<li><strong>Laczk\u00f3-Magyar Gy\u00f6rgy:<\/strong> Az alkalmazott testnevel\u00e9s \u00e9s sport m\u00f3dszerei a komplett gerincvel\u0151s\u00e9r\u00fcltek orvosi rehabilit\u00e1ci\u00f3j\u00e1ban, 1981. Budapest<\/li>\n<li><strong>Simon J\u00e1nos:<\/strong> Identit\u00e1s \u00e9s identit\u00e1skr\u00edzis \u2013 Az identit\u00e1s alakul\u00e1sa szuicidiumot megk\u00eds\u00e9relt serd\u00fcl\u0151kn\u00e9l, 1982. Budapest<\/li>\n<li><strong>Ari Lajos:<\/strong> Egy n\u00e9pbetegs\u00e9g, a cukorbaj k\u00f6zgazdas\u00e1gi hat\u00e1sai, 1983. Budapest<\/li>\n<li><strong>Verseghi Anna:<\/strong> A gesztus \u00e9s a pantomim felismer\u00e9s\u00e9nek \u00e9s k\u00e9pzelet\u00e9nek vizsg\u00e1lata af\u00e1zi\u00e1s betegekn\u00e9l, 1989. Budapest<\/li>\n<li><strong>Szentk\u00fati-Kiss Katalin:<\/strong> Agrammatikus af\u00e1zi\u00e1sok mondatprodukci\u00f3j\u00e1nak nyelvtani alap\u00fa \u00e9s kapacit\u00e1selm\u00e9leti \u00e9rtelmez\u00e9se, 2000. Szeged<\/li>\n<\/ul>\n<h3>Kandid\u00e1tusi, PhD \u00e9rtekez\u00e9sek<\/h3>\n<ul>\n<li><strong>Risk\u00f3 Tibor:<\/strong> A gennyes cs\u00edp\u0151\u00edz\u00fcleti gyullad\u00e1sok gy\u00f3gyszeres \u00e9s m\u0171t\u00e9ti kezel\u00e9s\u00e9nek probl\u00e9m\u00e1i, k\u00fcl\u00f6n\u00f6s tekintettel a g\u00fcm\u0151k\u00f3ros megbeteged\u00e9sekre, 1960. Budapest *<\/li>\n<li><strong>Borsay J\u00e1nos:<\/strong> A vertebrotomia javallatair\u00f3l, k\u00fcl\u00f6n\u00f6s tekintettel a g\u00fcm\u0151s spondylitisre, 1965. Budapest *<\/li>\n<li><strong>Hev\u00e9r \u00d6d\u00f6n:<\/strong> G\u00fcm\u0151k\u00f3ros betegek dysproteinaemi\u00e1j\u00e1nak term\u00e9szet\u00e9re vonatkoz\u00f3 vizsg\u00e1latok, 1965. Budapest *<\/li>\n<li><strong>Papp Andr\u00e1s:<\/strong> Akt\u00edv t\u00fcd\u0151g\u00fcm\u0151k\u00f3r t\u00e1rsul\u00e1sa akt\u00edv extrapulmon\u00e1lis g\u00fcm\u0151s megbeteged\u00e9sekkel, 1965. Budapest *<\/li>\n<li><strong>Boda Andor:\u00a0<\/strong>Adatok az osteomyelitis pathogenesis\u00e9nek, k\u00f3rlefoly\u00e1s\u00e1nak \u00e9s klinikum\u00e1nak k\u00e9rd\u00e9seihez,\u00a01974.\u00a0Budapest *<\/li>\n<li><strong>Tomory Istv\u00e1n:<\/strong> A kisgyermekkori idiopathias scoliosis iskolaszanat\u00f3riumi kezel\u00e9se,\u00a01982.\u00a0Budapest *<\/li>\n<li><strong>Kullmann Lajos:\u00a0<\/strong>A distalis csonkol\u00e1sra val\u00f3 t\u00f6rekv\u00e9s \u00e9s az ut\u00f3kezel\u00e9s eredm\u00e9nyei perif\u00e9ri\u00e1s ver\u0151\u00e9rsz\u0171k\u00fcletben szenved\u0151 betegeken,\u00a01985. Budapest *<\/li>\n<li><strong>Harmatta J\u00e1nos:<\/strong> A pszichoanal\u00edzis Budapesti Iskol\u00e1ja Kik\u00e9pz\u0151 Int\u00e9zet\u00e9nek \u00e9s a Berlini Int\u00e9zetnek \u00f6sszehasonl\u00edt\u00f3 vizsg\u00e1lata 1920-1934, 1994. Budapest<\/li>\n<li><strong>Fekete Anna:<\/strong> Das regressive Potenzial einer archetypischen Musiktherapie. Doktor (PhD.) der Musikwissenschaften (Hochschule f\u00fcr Musik und Theater), 2001. Hamburg<\/li>\n<li><strong>Fekete Anna:<\/strong> The preverbal human voice, archaic layers of music and their place in music therapy, 2001. Newport California<\/li>\n<li><strong>R\u00e9vay Edit:<\/strong> \u00dajraindul\u00f3 szerzetesrendek egy meg\u00fajul\u00f3 t\u00e1rsadalomban, 2002. Budapest<\/li>\n<li><strong>Ambr\u00f3 \u00c1gnes:<\/strong> Hipnotikus hallucin\u00e1ci\u00f3-szuggeszti\u00f3 hat\u00e1sa az inform\u00e1ci\u00f3 feldolgoz\u00e1sra, vizu\u00e1lis szelekt\u00edv figyelmi helyzetben, 2003. Budapest<\/li>\n<li><strong>Cserh\u00e1ti P\u00e9ter:<\/strong> A medialis combnyakt\u00f6r\u00e9s osteosynthesis\u00e9nek fejleszt\u00e9se ism\u00e9telt, prospekt\u00edv, nemzetk\u00f6zi epidemiol\u00f3giai felm\u00e9r\u00e9sek r\u00e9v\u00e9n, 2005. Budapest<\/li>\n<li><strong>Nagy Helga:<\/strong> Neurol\u00f3giai betegs\u00e9gek kognit\u00edv modelljei: a perceptu\u00e1lis integr\u00e1ci\u00f3, a d\u00f6nt\u00e9shozatal \u00e9s a mem\u00f3riarendszerek szerepe, 2005. Szeged<\/li>\n<li><strong>D\u00e9nes Zolt\u00e1n:<\/strong> A m\u00e1sodlagos k\u00e1rosod\u00e1sok k\u00f6vetkezm\u00e9nyei, kezel\u00e9s\u00fck \u00e9s a megel\u0151z\u00e9s lehet\u0151s\u00e9gei a s\u00falyos agyk\u00e1rosod\u00e1st szenvedett betegek rehabilit\u00e1ci\u00f3ja sor\u00e1n, 2007. Budapest *<\/li>\n<li><strong><span style=\"font-size: 1rem\">Fazekas G\u00e1bor: <\/span><\/strong>Robotok alkalmaz\u00e1sa centr\u00e1lis motoneuron k\u00e1rosod\u00e1s k\u00f6vetkezt\u00e9ben fels\u0151 v\u00e9gtagi b\u00e9nultt\u00e1 v\u00e1lt betegek gy\u00f3gytorn\u00e1ztat\u00e1s\u00e1nak t\u00e1mogat\u00e1s\u00e1ra a rehabilit\u00e1ci\u00f3 sor\u00e1n, 2008. Budapest *<\/li>\n<li><strong>K\u00e1das Istv\u00e1n:<\/strong> Ny\u00edlt l\u00e1bsz\u00e1rt\u00f6r\u00e9sek pathomechanizmusa \u00e9s a kezel\u00e9si elj\u00e1r\u00e1sok \u00f6sszehasonl\u00edt\u00f3 elemz\u00e9se, 2009. Budapest<\/li>\n<li><strong>M\u00e9sz\u00e1ros \u00c9va:<\/strong> Mondatfeldolgoz\u00e1s magyar agrammatikus af\u00e1zi\u00e1sokn\u00e1l, 2009. Budapest *<\/li>\n<li><strong>Albu M\u00f3nika:<\/strong> Neuropsychological examination of lateralized executive functions during, memory retrieval, 2010. Budapest<\/li>\n<li><strong>Demeter Gyula:<\/strong> Executive functions, prospective memory and retrieval &#8211; contribution of experimental cognitive psychology to the understanding of obsessive compulsive disorder, 2012. Budapest<\/li>\n<li><strong>S. Nagy Zita:<\/strong> \u00c9letk\u00e9p, testk\u00e9p, \u00f6n\u00e9rt\u00e9kel\u00e9s: A testlek\u00e9pez\u0151d\u00e9s neuropszichol\u00f3giai vonatkoz\u00e1sai, 2014. Budapest *<\/li>\n<li><strong>P\u00e9ter Orsolya:<\/strong> Robot \u00e1ltal t\u00e1mogatott ter\u00e1pia hat\u00e1soss\u00e1g\u00e1nak vizsg\u00e1lata stroke-on \u00e1tesett betegek fels\u0151 v\u00e9gtagi funkci\u00f3j\u00e1nak jav\u00edt\u00e1s\u00e1ra, 2018. Budapest *<\/li>\n<li><strong>Zsiga Katalin:<\/strong> Id\u0151seket saj\u00e1t otthonukban t\u00e1mogat\u00f3 szervizrobot fejleszt\u00e9se \u00e9s terepvizsg\u00e1lata, 2018. Budapest *<\/li>\n<li><strong>Dr. Cs\u00e9p\u00e1ny \u00c9va:<\/strong> \u00d6nkit\u00f6lt\u0151s k\u00e9rd\u0151\u00edvek szerepe az \u00f6n\u00e1ll\u00f3 fejf\u00e1j\u00e1sok felismer\u00e9s\u00e9ben \u00e9s \u00e9letmin\u0151s\u00e9gre gyakorolt hat\u00e1suk felm\u00e9r\u00e9s\u00e9ben\u201d. Szent\u00e1gothai J\u00e1nos Idegtudom\u00e1nyok Doktori Iskol\u00e1ban v\u00e9geztem el. A v\u00e9d\u00e9s helye 2019-ben a Semmelweis Egyetem Neurol\u00f3giai Klinika volt.<\/li>\n<li><strong>V\u00e1mos Tibor:<\/strong> Practice variability in learning isometric hand grip &#8211; A PhD fokozatot az E\u00f6tv\u00f6s Lor\u00e1nd Tudom\u00e1nyegyetem Pedag\u00f3giai \u00e9s Pszichol\u00f3giai Kar Nevel\u00e9studom\u00e1nyi Doktori Iskol\u00e1j\u00e1ban szerezte meg. PhD diploma ki\u00e1ll\u00edt\u00e1s\u00e1nak napja: 2020. augusztus 6.<\/li>\n<li><strong>Fekete Zs\u00f3fia:<\/strong> Zeneter\u00e1pia \u00fatjai: traum\u00e1t\u00f3l az \u00fajratanul\u00e1son kereszt\u00fcl az inkl\u00fazi\u00f3ig (2020)<br \/>\nA fokozatszerz\u00e9s helye: P\u00e9csi Tudom\u00e1nyegyetem<\/li>\n<li><strong>Sz\u00f6ll\u0151si Izabella<\/strong> A post-stroke af\u00e1zia neurokognit\u00edv vizsg\u00e1lata: Nyelvi \u00e9s nem nyelvi kognit\u00edv kontroll funkci\u00f3k \u00f6sszehasonl\u00edt\u00e1sa E\u00f6tv\u00f6s Lor\u00e1nd Tudom\u00e1nyegyetem &#8211; Pedag\u00f3giai \u00e9s Pszichol\u00f3giai Kar Nevel\u00e9studom\u00e1nyi Doktori Iskola &#8211; Gy\u00f3gypedag\u00f3gia Program 2021. Budapest<\/li>\n<li><strong>T\u00f3th Babett<\/strong>, 2024 Budapest*<\/li>\n<\/ul>\n<p>* <span style=\"font-size: 12pt\">OORI-ban, vagy annak jogel\u0151dj\u00e9ben az \u00c1llami Fodor J\u00f3zsef Gy\u00f3gyint\u00e9zetben v\u00e9gezte a fokozatszerz\u00e9shez sz\u00fcks\u00e9ges tudom\u00e1nyos kutat\u00e1st.<\/span><\/p>\n<h3>Habilit\u00e1ci\u00f3s elj\u00e1r\u00e1shoz \u00e9rtekez\u00e9sek<\/h3>\n<ul>\n<li><strong>Kullmann Lajos:<\/strong>\u00a0Lehet\u0151s\u00e9gek a fogyat\u00e9kos emberek \u00e9letmin\u0151s\u00e9g\u00e9nek jav\u00edt\u00e1s\u00e1ra,\u00a01996. Budapest *<\/li>\n<li><strong>Fazekas G\u00e1bor:<\/strong> Robotok fejleszt\u00e9se spasztikus hemiparetikus betegek fels\u0151 v\u00e9gtagi funkci\u00f3fejleszt\u00e9s\u00e9nek t\u00e1mogat\u00e1s\u00e1ra, 2018. Szeged *<\/li>\n<li><strong>Dr. Demeter Gyula PhD<\/strong><\/li>\n<\/ul>\n<p>* <span style=\"font-size: 12pt\">OORI-ban, vagy annak jogel\u0151dj\u00e9ben az \u00c1llami Fodor J\u00f3zsef Gy\u00f3gyint\u00e9zetben v\u00e9gezte a fokozatszerz\u00e9shez sz\u00fcks\u00e9ges tudom\u00e1nyos kutat\u00e1st.<\/span><\/p>\n<h3>Akad\u00e9miai doktori \u00e9rtekez\u00e9sek<\/h3>\n<ul>\n<li><strong>Risk\u00f3 Tibor:\u00a0<\/strong>A m\u0171t\u00e9ti beavatkoz\u00e1s szerepe a csigoly\u00e1k gyullad\u00e1sos, tumoros \u00e9s degenerat\u00edv megbeteged\u00e9seinek klinikai differenci\u00e1l-diagnosztik\u00e1j\u00e1ban,\u00a01969.\u00a0Budapest *<\/li>\n<li><strong>Hev\u00e9r \u00d6d\u00f6n:<\/strong>\u00a0A sz\u00e9rum haptoglobin klinikai k\u00e9mi\u00e1ja: m\u00f3dszertani popul\u00e1ci\u00f3s \u00e9rt\u00e9kek, h\u0151\u00e9rz\u00e9kenys\u00e9g,\u00a01985.\u00a0Budapest *<\/li>\n<\/ul>\n<p>* <span style=\"font-size: 12pt\">OORI-ban, vagy annak jogel\u0151dj\u00e9ben az \u00c1llami Fodor J\u00f3zsef Gy\u00f3gyint\u00e9zetben v\u00e9gezte a fokozatszerz\u00e9shez sz\u00fcks\u00e9ges tudom\u00e1nyos kutat\u00e1st.<\/span><\/p>\n<h3>Jelenleg PhD. k\u00e9pz\u00e9sben r\u00e9sztvev\u0151 koll\u00e9g\u00e1ink:<\/h3>\n<ul>\n<li>\u00d6rley Zita<\/li>\n<li>Dr. Tavaszi Ibolya<\/li>\n<li>Dr. Udvardi Veronika<\/li>\n<li>Dr. T\u00f3nay Gabriella<\/li>\n<li>N\u00e9meth Mariann<\/li>\n<li>Shenker Benj\u00e1min<\/li>\n<li>S\u00e1ndor Krisztina<\/li>\n<li>Szab\u00f3 G\u00e1bor<\/li>\n<li>V\u00e1s\u00e1ri Vivienn<\/li>\n<\/ul>\n<h3>Jelenleg habilit\u00e1ci\u00f3ra k\u00e9sz\u00fcl:<\/h3>\n<ul>\n<li>Dr. R\u00e9vay Edit PhD<\/li>\n<\/ul>\n","protected":false},"excerpt":{"rendered":"<p>Egy int\u00e9zm\u00e9ny tudom\u00e1nyos \u00e9let\u00e9t a keret\u00e9ben zajl\u00f3 kutat\u00e1sok, publik\u00e1ci\u00f3k mellett, a fokozattal rendelkez\u0151, valamint fokozatszerz\u00e9sre k\u00e9sz\u00fcl\u0151 munkat\u00e1rsainak sz\u00e1m\u00e1val is f\u00e9mjelzik. A Rehabilit\u00e1ci\u00f3s Klinika (jogel\u0151dk\u00e9nt az OORI) kezdetekt\u0151l t\u00e1mogatja \u00e9s \u00f6szt\u00f6nzi munkat\u00e1rsait a szakmai fejl\u0151d\u00e9sben \u00e9s a tudom\u00e1nyos \u00e9letben val\u00f3 el\u0151rehalad\u00e1sban. A Klinika tudom\u00e1nyos \u00e9lete kifel\u00e9 is vonz\u00f3, \u00edgy k\u00fcls\u0151s\u00f6k is vannak, akik n\u00e1lunk k\u00e9sz\u00fclnek fokozatszerz\u00e9sre, &hellip;<\/p>\n","protected":false},"author":102388,"featured_media":0,"parent":25,"menu_order":3,"comment_status":"closed","ping_status":"closed","template":"","meta":{"_acf_changed":false,"footnotes":""},"categories":[],"tags":[],"class_list":["post-1351","page","type-page","status-publish","hentry"],"acf":[],"_links":{"self":[{"href":"https:\/\/semmelweis.hu\/rehabilitaciosklinika\/wp-json\/wp\/v2\/pages\/1351","targetHints":{"allow":["GET"]}}],"collection":[{"href":"https:\/\/semmelweis.hu\/rehabilitaciosklinika\/wp-json\/wp\/v2\/pages"}],"about":[{"href":"https:\/\/semmelweis.hu\/rehabilitaciosklinika\/wp-json\/wp\/v2\/types\/page"}],"author":[{"embeddable":true,"href":"https:\/\/semmelweis.hu\/rehabilitaciosklinika\/wp-json\/wp\/v2\/users\/102388"}],"replies":[{"embeddable":true,"href":"https:\/\/semmelweis.hu\/rehabilitaciosklinika\/wp-json\/wp\/v2\/comments?post=1351"}],"version-history":[{"count":10,"href":"https:\/\/semmelweis.hu\/rehabilitaciosklinika\/wp-json\/wp\/v2\/pages\/1351\/revisions"}],"predecessor-version":[{"id":3109,"href":"https:\/\/semmelweis.hu\/rehabilitaciosklinika\/wp-json\/wp\/v2\/pages\/1351\/revisions\/3109"}],"up":[{"embeddable":true,"href":"https:\/\/semmelweis.hu\/rehabilitaciosklinika\/wp-json\/wp\/v2\/pages\/25"}],"wp:attachment":[{"href":"https:\/\/semmelweis.hu\/rehabilitaciosklinika\/wp-json\/wp\/v2\/media?parent=1351"}],"wp:term":[{"taxonomy":"category","embeddable":true,"href":"https:\/\/semmelweis.hu\/rehabilitaciosklinika\/wp-json\/wp\/v2\/categories?post=1351"},{"taxonomy":"post_tag","embeddable":true,"href":"https:\/\/semmelweis.hu\/rehabilitaciosklinika\/wp-json\/wp\/v2\/tags?post=1351"}],"curies":[{"name":"wp","href":"https:\/\/api.w.org\/{rel}","templated":true}]}}