{"id":1335,"date":"2024-09-17T13:24:59","date_gmt":"2024-09-17T11:24:59","guid":{"rendered":"https:\/\/semmelweis.hu\/rehabilitaciosklinika\/?page_id=1335"},"modified":"2025-01-31T12:19:50","modified_gmt":"2025-01-31T11:19:50","slug":"szakdolgozo-kepzes","status":"publish","type":"page","link":"https:\/\/semmelweis.hu\/rehabilitaciosklinika\/oktatas\/szakdolgozo-kepzes\/","title":{"rendered":"Szakdolgoz\u00f3 k\u00e9pz\u00e9s"},"content":{"rendered":"<p style=\"text-align: justify\"><span style=\"font-size: 1rem\">A Rehabilit\u00e1ci\u00f3s Klinika (kor\u00e1bban, mint OORI) az \u00e1pol\u00f3k k\u00e9pz\u00e9s\u00e9ben \u00e9vek \u00f3ta akt\u00edvan r\u00e9szt v\u00e1llal ter\u00fcleti egybef\u00fcgg\u0151 szakmai gyakorlat biztos\u00edt\u00e1s\u00e1val. Emellett r\u00e9szt vesz\u00fcnk a k\u00f6z\u00e9pfok\u00fa eg\u00e9szs\u00e9g\u00fcgyi szakk\u00e9pz\u00e9s ter\u00fclet\u00e9n a rehabilit\u00e1ci\u00f3s tev\u00e9kenys\u00e9g terapeut\u00e1k, az ergoterapeut\u00e1k \u00e9s az \u00e1pol\u00f3k gyakorlati oktat\u00e1s\u00e1ban, valamint<\/span> a hang-, besz\u00e9d- \u00e9s nyel\u00e9sterapeuta hallgat\u00f3k gyakorlati k\u00e9pz\u00e9s\u00e9ben. Emellett Klinik\u00e1nk szakmai gyakorlat biztos\u00edt\u00e1s\u00e1val <span style=\"font-size: 1rem\">\u00a0<\/span><span style=\"font-size: 1rem\">a gradu\u00e1lis gy\u00f3gytorn\u00e1sz \u00e9s konduktor k\u00e9pz\u00e9sben is <\/span><span style=\"font-size: 1rem\">r\u00e9szt vesz.\u00a0<\/span><\/p>\n<p>B\u0151vebb inform\u00e1ci\u00f3 a szakdolgoz\u00f3k oktat\u00e1s\u00e1val kapcsolatosan az <strong><a href=\"mailto:ooriapig@rehabint.hu\">ooriapig@rehabint.hu<\/a> <\/strong>email c\u00edmen k\u00e9rhet\u0151.<\/p>\n","protected":false},"excerpt":{"rendered":"<p>A Rehabilit\u00e1ci\u00f3s Klinika (kor\u00e1bban, mint OORI) az \u00e1pol\u00f3k k\u00e9pz\u00e9s\u00e9ben \u00e9vek \u00f3ta akt\u00edvan r\u00e9szt v\u00e1llal ter\u00fcleti egybef\u00fcgg\u0151 szakmai gyakorlat biztos\u00edt\u00e1s\u00e1val. Emellett r\u00e9szt vesz\u00fcnk a k\u00f6z\u00e9pfok\u00fa eg\u00e9szs\u00e9g\u00fcgyi szakk\u00e9pz\u00e9s ter\u00fclet\u00e9n a rehabilit\u00e1ci\u00f3s tev\u00e9kenys\u00e9g terapeut\u00e1k, az ergoterapeut\u00e1k \u00e9s az \u00e1pol\u00f3k gyakorlati oktat\u00e1s\u00e1ban, valamint a hang-, besz\u00e9d- \u00e9s nyel\u00e9sterapeuta hallgat\u00f3k gyakorlati k\u00e9pz\u00e9s\u00e9ben. Emellett Klinik\u00e1nk szakmai gyakorlat biztos\u00edt\u00e1s\u00e1val \u00a0a gradu\u00e1lis gy\u00f3gytorn\u00e1sz &hellip;<\/p>\n","protected":false},"author":102388,"featured_media":0,"parent":21,"menu_order":4,"comment_status":"closed","ping_status":"closed","template":"","meta":{"_acf_changed":false,"footnotes":""},"categories":[],"tags":[],"class_list":["post-1335","page","type-page","status-publish","hentry"],"acf":[],"_links":{"self":[{"href":"https:\/\/semmelweis.hu\/rehabilitaciosklinika\/wp-json\/wp\/v2\/pages\/1335","targetHints":{"allow":["GET"]}}],"collection":[{"href":"https:\/\/semmelweis.hu\/rehabilitaciosklinika\/wp-json\/wp\/v2\/pages"}],"about":[{"href":"https:\/\/semmelweis.hu\/rehabilitaciosklinika\/wp-json\/wp\/v2\/types\/page"}],"author":[{"embeddable":true,"href":"https:\/\/semmelweis.hu\/rehabilitaciosklinika\/wp-json\/wp\/v2\/users\/102388"}],"replies":[{"embeddable":true,"href":"https:\/\/semmelweis.hu\/rehabilitaciosklinika\/wp-json\/wp\/v2\/comments?post=1335"}],"version-history":[{"count":8,"href":"https:\/\/semmelweis.hu\/rehabilitaciosklinika\/wp-json\/wp\/v2\/pages\/1335\/revisions"}],"predecessor-version":[{"id":1966,"href":"https:\/\/semmelweis.hu\/rehabilitaciosklinika\/wp-json\/wp\/v2\/pages\/1335\/revisions\/1966"}],"up":[{"embeddable":true,"href":"https:\/\/semmelweis.hu\/rehabilitaciosklinika\/wp-json\/wp\/v2\/pages\/21"}],"wp:attachment":[{"href":"https:\/\/semmelweis.hu\/rehabilitaciosklinika\/wp-json\/wp\/v2\/media?parent=1335"}],"wp:term":[{"taxonomy":"category","embeddable":true,"href":"https:\/\/semmelweis.hu\/rehabilitaciosklinika\/wp-json\/wp\/v2\/categories?post=1335"},{"taxonomy":"post_tag","embeddable":true,"href":"https:\/\/semmelweis.hu\/rehabilitaciosklinika\/wp-json\/wp\/v2\/tags?post=1335"}],"curies":[{"name":"wp","href":"https:\/\/api.w.org\/{rel}","templated":true}]}}