{"id":1333,"date":"2024-09-17T13:24:16","date_gmt":"2024-09-17T11:24:16","guid":{"rendered":"https:\/\/semmelweis.hu\/rehabilitaciosklinika\/?page_id=1333"},"modified":"2024-12-10T14:42:54","modified_gmt":"2024-12-10T13:42:54","slug":"pszichologus-kepzes","status":"publish","type":"page","link":"https:\/\/semmelweis.hu\/rehabilitaciosklinika\/oktatas\/pszichologus-kepzes\/","title":{"rendered":"Pszichol\u00f3gus \u00e9s pszichoterapeuta k\u00e9pz\u00e9s"},"content":{"rendered":"<div class=\"keretes w-100\">\n<p>A Semmelweis Egyetem Rehabilit\u00e1ci\u00f3s Klinika mozg\u00e1sszervi rehabilit\u00e1ci\u00f3s oszt\u00e1lyai valamint a T\u00fcnd\u00e9rhegyi Pszichoszomatikus \u00e9s Pszichoter\u00e1pi\u00e1s Rehabilit\u00e1ci\u00f3s Oszt\u00e1lya r\u00e9szt vesznek a gradu\u00e1lis \u00e9s a posztgradu\u00e1lis pszichol\u00f3gus k\u00e9pz\u00e9sben, valamint a pszichoterapeuta szakk\u00e9pz\u00e9sben. R\u00e9szletek \u00e9s el\u00e9rhet\u0151s\u00e9gek az al\u00e1bbiak szerint:<\/p>\n<\/div>\n<h5>Pszichol\u00f3gia oktat\u00e1s a mozg\u00e1sszervi rehabilit\u00e1ci\u00f3s oszt\u00e1lyokon<\/h5>\n<p>Pszichol\u00f3gus BA k\u00e9pz\u00e9sben klinikai pszichol\u00f3giai gyakorlatra (3 \u00f3ra), MA k\u00e9pz\u00e9sben klinikai pszichol\u00f3giai-, neuropszichol\u00f3giai- \u00e9s eg\u00e9szs\u00e9gpszichol\u00f3giai terepgyakorlatra (60-75 \u00f3ra) \u00e9rkeznek hallgat\u00f3k az E\u00f6tv\u00f6s Lor\u00e1nd Tudom\u00e1nyegyetemr\u0151l, a P\u00e1zm\u00e1ny P\u00e9ter Katolikus Egyetemr\u0151l, illetve a K\u00e1roli G\u00e1sp\u00e1r Reform\u00e1tus Egyetemr\u0151l. Posztgradu\u00e1lis k\u00e9pz\u00e9sben a Szegedi Tudom\u00e1nyegyetem Eg\u00e9szs\u00e9gpszichol\u00f3giai szakpszichol\u00f3gus k\u00e9pz\u00e9s\u00e9r\u0151l fogadunk hallgat\u00f3kat terepgyakorlata, valamint akkredit\u00e1lt gyakorlati k\u00e9pz\u0151helye vagyunk a Semmelweis Egyetem Neuropszichol\u00f3giai Szakpszichol\u00f3gus k\u00e9pz\u00e9s\u00e9nek.<\/p>\n<p><strong>Tov\u00e1bbi inform\u00e1ci\u00f3:\u00a0<\/strong>Dr. S. Nagy Zita, email: <a href=\"mailto:s.nagy.zita@semmelweis.hu\">s.nagy.zita@semmelweis.hu<\/a><\/p>\n<hr \/>\n<h5>Pszichol\u00f3giai, pszichoter\u00e1pi\u00e1s oktat\u00e1s a T\u00fcnd\u00e9rhegyi Pszichoszomatikus \u00e9s Pszichoter\u00e1pi\u00e1s Rehabilit\u00e1ci\u00f3s Oszt\u00e1lyon<\/h5>\n<p>A gradu\u00e1lis oktat\u00e1s r\u00e9szek\u00e9nt gyakorlatot biztos\u00edtunk az ELTE, valamint a K\u00e1roli G\u00e1sp\u00e1r Reform\u00e1tus Egyetem MA-s pszichol\u00f3gus hallgat\u00f3i sz\u00e1m\u00e1ra.\u00a0A posztgradu\u00e1lis oktat\u00e1s r\u00e9szek\u00e9nt a P\u00e9csi Tudom\u00e1nyegyetem klinikai \u00e9s ment\u00e1lhigi\u00e9n\u00e9s szakpszichol\u00f3gus k\u00e9pz\u00e9s\u00e9ben vesz\u00fcnk r\u00e9szt: b\u00e1zisgyakorlatokat, ill. alap-pszichoter\u00e1pi\u00e1s gyakorlatokat biztos\u00edtunk.<\/p>\n<p>A pszichoterapeuta szakk\u00e9pz\u00e9s m\u00e1sodik szakvizsgak\u00e9nt el\u00e9rhet\u0151 szakorvosok, valamint klinikai \u00e9s ment\u00e1lhigi\u00e9niai szakpszichol\u00f3gusok, alkalmazott eg\u00e9szs\u00e9gpszichol\u00f3giai szakpszichol\u00f3gusok \u00e9s neuropszichol\u00f3giai szakpszichol\u00f3gusok sz\u00e1m\u00e1ra. Ennek klinikai f\u00e1zis\u00e1ban vesz\u00fcnk r\u00e9szt, ill. klinikai pszichoter\u00e1pi\u00e1s gyakorlatot ny\u00fajt oszt\u00e1lyunk.<\/p>\n<p><strong>Tov\u00e1bbi inform\u00e1ci\u00f3:<\/strong> Kiss Tibor Cece, <a href=\"mailto:kiss.tibor.cece@semmelweis.hu\">kiss.tibor.cece@semmelweis.hu<\/a><\/p>\n<p>&nbsp;<\/p>\n","protected":false},"excerpt":{"rendered":"<p>A Semmelweis Egyetem Rehabilit\u00e1ci\u00f3s Klinika mozg\u00e1sszervi rehabilit\u00e1ci\u00f3s oszt\u00e1lyai valamint a T\u00fcnd\u00e9rhegyi Pszichoszomatikus \u00e9s Pszichoter\u00e1pi\u00e1s Rehabilit\u00e1ci\u00f3s Oszt\u00e1lya r\u00e9szt vesznek a gradu\u00e1lis \u00e9s a posztgradu\u00e1lis pszichol\u00f3gus k\u00e9pz\u00e9sben, valamint a pszichoterapeuta szakk\u00e9pz\u00e9sben. R\u00e9szletek \u00e9s el\u00e9rhet\u0151s\u00e9gek az al\u00e1bbiak szerint: Pszichol\u00f3gia oktat\u00e1s a mozg\u00e1sszervi rehabilit\u00e1ci\u00f3s oszt\u00e1lyokon Pszichol\u00f3gus BA k\u00e9pz\u00e9sben klinikai pszichol\u00f3giai gyakorlatra (3 \u00f3ra), MA k\u00e9pz\u00e9sben klinikai pszichol\u00f3giai-, neuropszichol\u00f3giai- \u00e9s &hellip;<\/p>\n","protected":false},"author":102388,"featured_media":0,"parent":21,"menu_order":3,"comment_status":"closed","ping_status":"closed","template":"","meta":{"_acf_changed":false,"footnotes":""},"categories":[],"tags":[],"class_list":["post-1333","page","type-page","status-publish","hentry"],"acf":[],"_links":{"self":[{"href":"https:\/\/semmelweis.hu\/rehabilitaciosklinika\/wp-json\/wp\/v2\/pages\/1333","targetHints":{"allow":["GET"]}}],"collection":[{"href":"https:\/\/semmelweis.hu\/rehabilitaciosklinika\/wp-json\/wp\/v2\/pages"}],"about":[{"href":"https:\/\/semmelweis.hu\/rehabilitaciosklinika\/wp-json\/wp\/v2\/types\/page"}],"author":[{"embeddable":true,"href":"https:\/\/semmelweis.hu\/rehabilitaciosklinika\/wp-json\/wp\/v2\/users\/102388"}],"replies":[{"embeddable":true,"href":"https:\/\/semmelweis.hu\/rehabilitaciosklinika\/wp-json\/wp\/v2\/comments?post=1333"}],"version-history":[{"count":10,"href":"https:\/\/semmelweis.hu\/rehabilitaciosklinika\/wp-json\/wp\/v2\/pages\/1333\/revisions"}],"predecessor-version":[{"id":2769,"href":"https:\/\/semmelweis.hu\/rehabilitaciosklinika\/wp-json\/wp\/v2\/pages\/1333\/revisions\/2769"}],"up":[{"embeddable":true,"href":"https:\/\/semmelweis.hu\/rehabilitaciosklinika\/wp-json\/wp\/v2\/pages\/21"}],"wp:attachment":[{"href":"https:\/\/semmelweis.hu\/rehabilitaciosklinika\/wp-json\/wp\/v2\/media?parent=1333"}],"wp:term":[{"taxonomy":"category","embeddable":true,"href":"https:\/\/semmelweis.hu\/rehabilitaciosklinika\/wp-json\/wp\/v2\/categories?post=1333"},{"taxonomy":"post_tag","embeddable":true,"href":"https:\/\/semmelweis.hu\/rehabilitaciosklinika\/wp-json\/wp\/v2\/tags?post=1333"}],"curies":[{"name":"wp","href":"https:\/\/api.w.org\/{rel}","templated":true}]}}