{"id":1331,"date":"2024-09-17T13:23:34","date_gmt":"2024-09-17T11:23:34","guid":{"rendered":"https:\/\/semmelweis.hu\/rehabilitaciosklinika\/?page_id=1331"},"modified":"2024-10-02T21:46:09","modified_gmt":"2024-10-02T19:46:09","slug":"vendegszobak","status":"publish","type":"page","link":"https:\/\/semmelweis.hu\/rehabilitaciosklinika\/oktatas\/vendegszobak\/","title":{"rendered":"Vend\u00e9gszob\u00e1k &#8211; szakmai gyakorlat idej\u00e9re"},"content":{"rendered":"<div class=\"keretes w-100\">\n<p>A Rehabilit\u00e1ci\u00f3s Klinika &#8211; korl\u00e1tozott sz\u00e1mban \u00e9s az aktu\u00e1lis szabad kapacit\u00e1sok f\u00fcggv\u00e9ny\u00e9ben &#8211; lehet\u0151s\u00e9get ny\u00fajt kedvezm\u00e9nyes sz\u00e1ll\u00e1s ig\u00e9nybe v\u00e9tel\u00e9re a Klinik\u00e1nkon szakmai gyakorlatukat t\u00f6lt\u0151k (orvosok, gy\u00f3gytorn\u00e1szok, stb.) r\u00e9sz\u00e9re, a gyakorlatuk idej\u00e9re.\u00a0<\/p>\n<p><strong>B\u0151vebb inform\u00e1ci\u00f3:<\/strong><\/p>\n<p><span style=\"font-size: 1rem\">T\u00e1pay Gabriell<\/span>a, oktat\u00e1si \u00fcgyviv\u0151:<br \/>\n<a href=\"mailto:tapay.gabriella@semmelweis.hu\">tapay.gabriella@semmelweis.hu\u00a0<\/a><\/p>\n<\/div>\n<p>&nbsp;<\/p>\n<p>&nbsp;<\/p>\n","protected":false},"excerpt":{"rendered":"<p>A Rehabilit\u00e1ci\u00f3s Klinika &#8211; korl\u00e1tozott sz\u00e1mban \u00e9s az aktu\u00e1lis szabad kapacit\u00e1sok f\u00fcggv\u00e9ny\u00e9ben &#8211; lehet\u0151s\u00e9get ny\u00fajt kedvezm\u00e9nyes sz\u00e1ll\u00e1s ig\u00e9nybe v\u00e9tel\u00e9re a Klinik\u00e1nkon szakmai gyakorlatukat t\u00f6lt\u0151k (orvosok, gy\u00f3gytorn\u00e1szok, stb.) r\u00e9sz\u00e9re, a gyakorlatuk idej\u00e9re.\u00a0<br \/>\nB\u0151vebb inform\u00e1ci\u00f3:<br \/>\nT\u00e1pay Gabriella, oktat\u00e1si \u00fcgyviv\u0151:<br \/>\n<a href=\"mailto:tapay.gabriella@semmelweis.hu\">tapay.gabriella@semmelweis.hu\u00a0<\/a><\/p>\n<p>&nbsp;<br \/>\n&nbsp;<\/p>\n","protected":false},"author":102387,"featured_media":0,"parent":21,"menu_order":5,"comment_status":"closed","ping_status":"closed","template":"","meta":{"_acf_changed":false,"footnotes":""},"categories":[],"tags":[],"class_list":["post-1331","page","type-page","status-publish","hentry"],"acf":[],"_links":{"self":[{"href":"https:\/\/semmelweis.hu\/rehabilitaciosklinika\/wp-json\/wp\/v2\/pages\/1331","targetHints":{"allow":["GET"]}}],"collection":[{"href":"https:\/\/semmelweis.hu\/rehabilitaciosklinika\/wp-json\/wp\/v2\/pages"}],"about":[{"href":"https:\/\/semmelweis.hu\/rehabilitaciosklinika\/wp-json\/wp\/v2\/types\/page"}],"author":[{"embeddable":true,"href":"https:\/\/semmelweis.hu\/rehabilitaciosklinika\/wp-json\/wp\/v2\/users\/102387"}],"replies":[{"embeddable":true,"href":"https:\/\/semmelweis.hu\/rehabilitaciosklinika\/wp-json\/wp\/v2\/comments?post=1331"}],"version-history":[{"count":7,"href":"https:\/\/semmelweis.hu\/rehabilitaciosklinika\/wp-json\/wp\/v2\/pages\/1331\/revisions"}],"predecessor-version":[{"id":1777,"href":"https:\/\/semmelweis.hu\/rehabilitaciosklinika\/wp-json\/wp\/v2\/pages\/1331\/revisions\/1777"}],"up":[{"embeddable":true,"href":"https:\/\/semmelweis.hu\/rehabilitaciosklinika\/wp-json\/wp\/v2\/pages\/21"}],"wp:attachment":[{"href":"https:\/\/semmelweis.hu\/rehabilitaciosklinika\/wp-json\/wp\/v2\/media?parent=1331"}],"wp:term":[{"taxonomy":"category","embeddable":true,"href":"https:\/\/semmelweis.hu\/rehabilitaciosklinika\/wp-json\/wp\/v2\/categories?post=1331"},{"taxonomy":"post_tag","embeddable":true,"href":"https:\/\/semmelweis.hu\/rehabilitaciosklinika\/wp-json\/wp\/v2\/tags?post=1331"}],"curies":[{"name":"wp","href":"https:\/\/api.w.org\/{rel}","templated":true}]}}