{"id":1321,"date":"2024-09-17T13:17:00","date_gmt":"2024-09-17T11:17:00","guid":{"rendered":"https:\/\/semmelweis.hu\/rehabilitaciosklinika\/?page_id=1321"},"modified":"2024-11-28T10:17:11","modified_gmt":"2024-11-28T09:17:11","slug":"varolista","status":"publish","type":"page","link":"https:\/\/semmelweis.hu\/rehabilitaciosklinika\/betegellatas\/varolista\/","title":{"rendered":"V\u00e1r\u00f3lista"},"content":{"rendered":"<h6>Az int\u00e9zm\u00e9nyi v\u00e1r\u00f3lista kialak\u00edt\u00e1s\u00e1t \u00e9s annak m\u0171k\u00f6dtet\u00e9s\u00e9t t\u00f6bb jogszab\u00e1ly egy\u00fcttesen hat\u00e1rozza meg.<\/h6>\n<div class=\"keretes w-100\">\n<p>Int\u00e9zm\u00e9ny\u00fcnkben a k\u00f6telez\u0151en vezetend\u0151 v\u00e1r\u00f3list\u00e1k k\u00f6re a jogszab\u00e1lyi k\u00f6telezetts\u00e9g alapj\u00e1n az al\u00e1bbi ell\u00e1t\u00e1sokra terjed ki:<\/p>\n<ul>\n<li>T\u00e9rdprot\u00e9zis v\u00e1r\u00f3lista<\/li>\n<li>Cs\u00edp\u0151prot\u00e9zis v\u00e1r\u00f3lista<\/li>\n<\/ul>\n<\/div>\n<p><strong>A Klinik\u00e1ra \u00e9rv\u00e9nyes, az int\u00e9zm\u00e9nyi v\u00e1r\u00f3lista kialak\u00edt\u00e1s\u00e1nak \u00e9s m\u0171k\u00f6dtet\u00e9s\u00e9nek elj\u00e1r\u00e1srendje teljes terjedelm\u00e9ben itt olvashat\u00f3.<\/strong><\/p>\n<p style=\"text-align: center;\"><a class=\"btn btn-secondary\" href=\"https:\/\/jogviszony.neak.gov.hu\/varolista_pub\/\" target=\"_blank\" rel=\"noopener\">NEAK v\u00e1r\u00f3lista nyilv\u00e1ntart\u00e1s<\/a><\/p>\n","protected":false},"excerpt":{"rendered":"<p>Az int\u00e9zm\u00e9nyi v\u00e1r\u00f3lista kialak\u00edt\u00e1s\u00e1t \u00e9s annak m\u0171k\u00f6dtet\u00e9s\u00e9t t\u00f6bb jogszab\u00e1ly egy\u00fcttesen hat\u00e1rozza meg.<\/p>\n<p>Int\u00e9zm\u00e9ny\u00fcnkben a k\u00f6telez\u0151en vezetend\u0151 v\u00e1r\u00f3list\u00e1k k\u00f6re a jogszab\u00e1lyi k\u00f6telezetts\u00e9g alapj\u00e1n az al\u00e1bbi ell\u00e1t\u00e1sokra terjed ki:<\/p>\n<p>T\u00e9rdprot\u00e9zis v\u00e1r\u00f3lista<br \/>\nCs\u00edp\u0151prot\u00e9zis v\u00e1r\u00f3lista<\/p>\n<p>A Klinik\u00e1ra \u00e9rv\u00e9nyes, az int\u00e9zm\u00e9nyi v\u00e1r\u00f3lista kialak\u00edt\u00e1s\u00e1nak \u00e9s m\u0171k\u00f6dtet\u00e9s\u00e9nek elj\u00e1r\u00e1srendje teljes terjedelm\u00e9ben itt olvashat\u00f3.<br \/>\n<a class=\"btn btn-secondary\" href=\"https:\/\/jogviszony.neak.gov.hu\/varolista_pub\/\" target=\"_blank\" rel=\"noopener\">NEAK v\u00e1r\u00f3lista nyilv\u00e1ntart\u00e1s<\/a><\/p>\n","protected":false},"author":102388,"featured_media":0,"parent":30,"menu_order":6,"comment_status":"closed","ping_status":"closed","template":"","meta":{"_acf_changed":false,"footnotes":""},"categories":[],"tags":[],"class_list":["post-1321","page","type-page","status-publish","hentry"],"acf":[],"_links":{"self":[{"href":"https:\/\/semmelweis.hu\/rehabilitaciosklinika\/wp-json\/wp\/v2\/pages\/1321","targetHints":{"allow":["GET"]}}],"collection":[{"href":"https:\/\/semmelweis.hu\/rehabilitaciosklinika\/wp-json\/wp\/v2\/pages"}],"about":[{"href":"https:\/\/semmelweis.hu\/rehabilitaciosklinika\/wp-json\/wp\/v2\/types\/page"}],"author":[{"embeddable":true,"href":"https:\/\/semmelweis.hu\/rehabilitaciosklinika\/wp-json\/wp\/v2\/users\/102388"}],"replies":[{"embeddable":true,"href":"https:\/\/semmelweis.hu\/rehabilitaciosklinika\/wp-json\/wp\/v2\/comments?post=1321"}],"version-history":[{"count":5,"href":"https:\/\/semmelweis.hu\/rehabilitaciosklinika\/wp-json\/wp\/v2\/pages\/1321\/revisions"}],"predecessor-version":[{"id":1470,"href":"https:\/\/semmelweis.hu\/rehabilitaciosklinika\/wp-json\/wp\/v2\/pages\/1321\/revisions\/1470"}],"up":[{"embeddable":true,"href":"https:\/\/semmelweis.hu\/rehabilitaciosklinika\/wp-json\/wp\/v2\/pages\/30"}],"wp:attachment":[{"href":"https:\/\/semmelweis.hu\/rehabilitaciosklinika\/wp-json\/wp\/v2\/media?parent=1321"}],"wp:term":[{"taxonomy":"category","embeddable":true,"href":"https:\/\/semmelweis.hu\/rehabilitaciosklinika\/wp-json\/wp\/v2\/categories?post=1321"},{"taxonomy":"post_tag","embeddable":true,"href":"https:\/\/semmelweis.hu\/rehabilitaciosklinika\/wp-json\/wp\/v2\/tags?post=1321"}],"curies":[{"name":"wp","href":"https:\/\/api.w.org\/{rel}","templated":true}]}}