{"id":1314,"date":"2024-09-17T13:12:54","date_gmt":"2024-09-17T11:12:54","guid":{"rendered":"https:\/\/semmelweis.hu\/rehabilitaciosklinika\/?page_id=1314"},"modified":"2025-01-31T15:59:55","modified_gmt":"2025-01-31T14:59:55","slug":"aneszteziologiai-szolgalat","status":"publish","type":"page","link":"https:\/\/semmelweis.hu\/rehabilitaciosklinika\/betegellatas\/kozponti-egysegek\/aneszteziologiai-szolgalat\/","title":{"rendered":"Aneszteziol\u00f3giai szolg\u00e1lat"},"content":{"rendered":"<p>Az Aneszteziol\u00f3giai Szolg\u00e1lat biztos\u00edtja a betegek m\u0171t\u00e9t el\u0151tti ambul\u00e1ns konzilium\u00e1t, a m\u0171t\u00e9ti \u00e9rz\u00e9stelen\u00edt\u00e9s kivitelez\u00e9s\u00e9t, a m\u0171t\u00e9t alatti betegmegfigyel\u00e9st, valamint a k\u00f6zvetlen m\u0171t\u00e9t ut\u00e1ni id\u0151szak speci\u00e1lis teend\u0151it. M\u0171t\u0151inkben modern eszk\u00f6z\u00f6k biztos\u00edtj\u00e1k az \u00e1ltal\u00e1nos aneszt\u00e9zia \u00e9s a region\u00e1lis, perif\u00e9ri\u00e1s idegblok\u00e1ddal t\u00f6rt\u00e9n\u0151 \u00e9rz\u00e9stelen\u00edt\u00e9s korszer\u0171 elv\u00e9gz\u00e9s\u00e9t.<\/p>\n<h2>Az Aneszteziol\u00f3giai Szolg\u00e1lat munkat\u00e1rsai:<\/h2>\n<h5>Orvosok:<\/h5>\n<p>Dr. Matesz Istv\u00e1n r\u00e9szlegvezet\u0151 f\u0151orvos<br \/>\nDr. Aranyi Erika<br \/>\nDr. N\u00e9meth Bal\u00e1zs<br \/>\nDr. L\u00e9derer Norbert<br \/>\nDr. Varga M\u00e1rta<\/p>\n<h5>Szakasszisztensek:<\/h5>\n<p>Bartosn\u00e9 Horv\u00e1th Margit vezet\u0151 szakasszisztens<br \/>\nM\u00e1ndi Edit<br \/>\nMoln\u00e1r Zolt\u00e1n<br \/>\nSzab\u00f3 Gabriella<\/p>\n","protected":false},"excerpt":{"rendered":"<p>Az Aneszteziol\u00f3giai Szolg\u00e1lat biztos\u00edtja a betegek m\u0171t\u00e9t el\u0151tti ambul\u00e1ns konzilium\u00e1t, a m\u0171t\u00e9ti \u00e9rz\u00e9stelen\u00edt\u00e9s kivitelez\u00e9s\u00e9t, a m\u0171t\u00e9t alatti betegmegfigyel\u00e9st, valamint a k\u00f6zvetlen m\u0171t\u00e9t ut\u00e1ni id\u0151szak speci\u00e1lis teend\u0151it. M\u0171t\u0151inkben modern eszk\u00f6z\u00f6k biztos\u00edtj\u00e1k az \u00e1ltal\u00e1nos aneszt\u00e9zia \u00e9s a region\u00e1lis, perif\u00e9ri\u00e1s idegblok\u00e1ddal t\u00f6rt\u00e9n\u0151 \u00e9rz\u00e9stelen\u00edt\u00e9s korszer\u0171 elv\u00e9gz\u00e9s\u00e9t. Az Aneszteziol\u00f3giai Szolg\u00e1lat munkat\u00e1rsai: Orvosok: Dr. Matesz Istv\u00e1n r\u00e9szlegvezet\u0151 f\u0151orvos Dr. Aranyi Erika &hellip;<\/p>\n","protected":false},"author":102388,"featured_media":0,"parent":1242,"menu_order":0,"comment_status":"closed","ping_status":"closed","template":"","meta":{"_acf_changed":false,"footnotes":""},"categories":[],"tags":[],"class_list":["post-1314","page","type-page","status-publish","hentry"],"acf":[],"_links":{"self":[{"href":"https:\/\/semmelweis.hu\/rehabilitaciosklinika\/wp-json\/wp\/v2\/pages\/1314","targetHints":{"allow":["GET"]}}],"collection":[{"href":"https:\/\/semmelweis.hu\/rehabilitaciosklinika\/wp-json\/wp\/v2\/pages"}],"about":[{"href":"https:\/\/semmelweis.hu\/rehabilitaciosklinika\/wp-json\/wp\/v2\/types\/page"}],"author":[{"embeddable":true,"href":"https:\/\/semmelweis.hu\/rehabilitaciosklinika\/wp-json\/wp\/v2\/users\/102388"}],"replies":[{"embeddable":true,"href":"https:\/\/semmelweis.hu\/rehabilitaciosklinika\/wp-json\/wp\/v2\/comments?post=1314"}],"version-history":[{"count":9,"href":"https:\/\/semmelweis.hu\/rehabilitaciosklinika\/wp-json\/wp\/v2\/pages\/1314\/revisions"}],"predecessor-version":[{"id":3038,"href":"https:\/\/semmelweis.hu\/rehabilitaciosklinika\/wp-json\/wp\/v2\/pages\/1314\/revisions\/3038"}],"up":[{"embeddable":true,"href":"https:\/\/semmelweis.hu\/rehabilitaciosklinika\/wp-json\/wp\/v2\/pages\/1242"}],"wp:attachment":[{"href":"https:\/\/semmelweis.hu\/rehabilitaciosklinika\/wp-json\/wp\/v2\/media?parent=1314"}],"wp:term":[{"taxonomy":"category","embeddable":true,"href":"https:\/\/semmelweis.hu\/rehabilitaciosklinika\/wp-json\/wp\/v2\/categories?post=1314"},{"taxonomy":"post_tag","embeddable":true,"href":"https:\/\/semmelweis.hu\/rehabilitaciosklinika\/wp-json\/wp\/v2\/tags?post=1314"}],"curies":[{"name":"wp","href":"https:\/\/api.w.org\/{rel}","templated":true}]}}