{"id":1311,"date":"2024-09-17T13:12:25","date_gmt":"2024-09-17T11:12:25","guid":{"rendered":"https:\/\/semmelweis.hu\/rehabilitaciosklinika\/?page_id=1311"},"modified":"2025-06-12T07:19:21","modified_gmt":"2025-06-12T05:19:21","slug":"dietetikai-szolgalat","status":"publish","type":"page","link":"https:\/\/semmelweis.hu\/rehabilitaciosklinika\/betegellatas\/kozponti-egysegek\/dietetikai-szolgalat\/","title":{"rendered":"Dietetikai Szolg\u00e1lat"},"content":{"rendered":"<div class=\"keretes w-100\">\n<p><strong>Vezet\u0151:<\/strong> Dr. T\u00f3th Babett PhD<\/p>\n<\/div>\n<p>A dietetikai szolg\u00e1lat c\u00e9lja, hogy a p\u00e1ciensek \u00e1llapot\u00e1hoz igaz\u00edtott, szem\u00e9lyre szabott t\u00e1pl\u00e1lkoz\u00e1si tan\u00e1csad\u00e1ssal \u00e9s \u00e9trendi javaslatokkal el\u0151seg\u00edtse a rehabilit\u00e1ci\u00f3 siker\u00e9t \u00e9s a jobb \u00e9letmin\u0151s\u00e9g el\u00e9r\u00e9s\u00e9t. Dietetikus szakembereink a legfrissebb tudom\u00e1nyos aj\u00e1nl\u00e1sok \u00e9s gyakorlatok alapj\u00e1n dolgoznak, figyelembe v\u00e9ve az aktu\u00e1lis k\u00f3rk\u00e9pet, a rehabilit\u00e1ci\u00f3 f\u00e1zis\u00e1t, a beteg fizikai \u00e1llapot\u00e1t \u00e9s \u00e9letm\u00f3dj\u00e1t. Kiemelt figyelmet ford\u00edtanak a feh\u00e9rje- \u00e9s energiaig\u00e9ny pontos meghat\u00e1roz\u00e1s\u00e1ra, k\u00fcl\u00f6n\u00f6sen felfekv\u00e9sre hajlamos, immunszupprim\u00e1lt, vagy megn\u00f6vekedett katabolizmussal j\u00e1r\u00f3 \u00e1llapotokban (pl. stroke, traum\u00e1s s\u00e9r\u00fcl\u00e9sek, major amput\u00e1ci\u00f3k, onkol\u00f3giai betegs\u00e9gek). Szolg\u00e1latunk a k\u00f3rh\u00e1zi ell\u00e1t\u00e1s r\u00e9szek\u00e9nt biztos\u00edtja a t\u00e1pl\u00e1lts\u00e1gi \u00e1llapot felm\u00e9r\u00e9s\u00e9t, a sz\u00fcks\u00e9ges \u00e9trendi m\u00f3dos\u00edt\u00e1sokat, valamint a p\u00e1ciensek \u00e9s hozz\u00e1tartoz\u00f3ik eduk\u00e1ci\u00f3j\u00e1t is, seg\u00edtve a helyes \u00e9trend otthoni folytat\u00e1s\u00e1t. Feladatuk tov\u00e1bb\u00e1 a mesters\u00e9ges t\u00e1pl\u00e1l\u00e1s tervez\u00e9se \u00e9s kontrollja azokn\u00e1l a betegekn\u00e9l, akikn\u00e9l a sz\u00e1jon \u00e1t t\u00f6rt\u00e9n\u0151 t\u00e1pl\u00e1lkoz\u00e1s nem megoldhat\u00f3. Az \u00c9lelmez\u00e9si Oszt\u00e1llyal egy\u00fcttm\u0171k\u00f6dve biztos\u00edtj\u00e1k a betegell\u00e1t\u00e1s dietetikai fel\u00fcgyelet\u00e9t.<\/p>\n<p>&nbsp;<\/p>\n<h5>Dietetikusok:<\/h5>\n<p>Bal\u00e1sy Orsolya<br \/>\nBarta Be\u00e1ta<br \/>\nN\u00e1dor-Nikitits Nikolett MSc<br \/>\nPolyovka Mariann<br \/>\nTej\u00e9k D\u00f3ra<br \/>\nT\u00f6r\u00f6k Luca Jozefa<br \/>\nZsifk\u00f3 Zita<\/p>\n<p>&nbsp;<\/p>\n","protected":false},"excerpt":{"rendered":"<p>Vezet\u0151: Dr. T\u00f3th Babett PhD A dietetikai szolg\u00e1lat c\u00e9lja, hogy a p\u00e1ciensek \u00e1llapot\u00e1hoz igaz\u00edtott, szem\u00e9lyre szabott t\u00e1pl\u00e1lkoz\u00e1si tan\u00e1csad\u00e1ssal \u00e9s \u00e9trendi javaslatokkal el\u0151seg\u00edtse a rehabilit\u00e1ci\u00f3 siker\u00e9t \u00e9s a jobb \u00e9letmin\u0151s\u00e9g el\u00e9r\u00e9s\u00e9t. Dietetikus szakembereink a legfrissebb tudom\u00e1nyos aj\u00e1nl\u00e1sok \u00e9s gyakorlatok alapj\u00e1n dolgoznak, figyelembe v\u00e9ve az aktu\u00e1lis k\u00f3rk\u00e9pet, a rehabilit\u00e1ci\u00f3 f\u00e1zis\u00e1t, a beteg fizikai \u00e1llapot\u00e1t \u00e9s \u00e9letm\u00f3dj\u00e1t. Kiemelt &hellip;<\/p>\n","protected":false},"author":102388,"featured_media":0,"parent":1242,"menu_order":0,"comment_status":"closed","ping_status":"closed","template":"","meta":{"_acf_changed":false,"footnotes":""},"categories":[],"tags":[],"class_list":["post-1311","page","type-page","status-publish","hentry"],"acf":[],"_links":{"self":[{"href":"https:\/\/semmelweis.hu\/rehabilitaciosklinika\/wp-json\/wp\/v2\/pages\/1311","targetHints":{"allow":["GET"]}}],"collection":[{"href":"https:\/\/semmelweis.hu\/rehabilitaciosklinika\/wp-json\/wp\/v2\/pages"}],"about":[{"href":"https:\/\/semmelweis.hu\/rehabilitaciosklinika\/wp-json\/wp\/v2\/types\/page"}],"author":[{"embeddable":true,"href":"https:\/\/semmelweis.hu\/rehabilitaciosklinika\/wp-json\/wp\/v2\/users\/102388"}],"replies":[{"embeddable":true,"href":"https:\/\/semmelweis.hu\/rehabilitaciosklinika\/wp-json\/wp\/v2\/comments?post=1311"}],"version-history":[{"count":9,"href":"https:\/\/semmelweis.hu\/rehabilitaciosklinika\/wp-json\/wp\/v2\/pages\/1311\/revisions"}],"predecessor-version":[{"id":3359,"href":"https:\/\/semmelweis.hu\/rehabilitaciosklinika\/wp-json\/wp\/v2\/pages\/1311\/revisions\/3359"}],"up":[{"embeddable":true,"href":"https:\/\/semmelweis.hu\/rehabilitaciosklinika\/wp-json\/wp\/v2\/pages\/1242"}],"wp:attachment":[{"href":"https:\/\/semmelweis.hu\/rehabilitaciosklinika\/wp-json\/wp\/v2\/media?parent=1311"}],"wp:term":[{"taxonomy":"category","embeddable":true,"href":"https:\/\/semmelweis.hu\/rehabilitaciosklinika\/wp-json\/wp\/v2\/categories?post=1311"},{"taxonomy":"post_tag","embeddable":true,"href":"https:\/\/semmelweis.hu\/rehabilitaciosklinika\/wp-json\/wp\/v2\/tags?post=1311"}],"curies":[{"name":"wp","href":"https:\/\/api.w.org\/{rel}","templated":true}]}}