{"id":1309,"date":"2024-09-17T13:11:56","date_gmt":"2024-09-17T11:11:56","guid":{"rendered":"https:\/\/semmelweis.hu\/rehabilitaciosklinika\/?page_id=1309"},"modified":"2024-11-28T11:12:45","modified_gmt":"2024-11-28T10:12:45","slug":"kozponti-gyogyszertar","status":"publish","type":"page","link":"https:\/\/semmelweis.hu\/rehabilitaciosklinika\/betegellatas\/kozponti-egysegek\/kozponti-gyogyszertar\/","title":{"rendered":"K\u00f6zponti Gy\u00f3gyszert\u00e1r"},"content":{"rendered":"<div class=\"w-100 keretes\">\n<p><strong>F\u0151\u00e9p\u00fclet, B sz\u00e1rny, &#8211; 1. emelet<\/strong><\/p>\n<p><strong>Vezet\u0151:<\/strong> Dr. T\u00f6r\u00f6k \u00c9va<\/div>\n<p>A Gy\u00f3gyszert\u00e1r nem k\u00f6zveteln\u00fcl a betegeket szolg\u00e1lja ki, hanem a feladata megszervezni a fekv\u0151beteg oszt\u00e1lyokon, valamint a szakambulanci\u00e1kon kezelt betegek gazdas\u00e1gos, mennyis\u00e9gben \u00e9s min\u0151s\u00e9gben egyar\u00e1nt megfelel\u0151 gy\u00f3gyszerell\u00e1t\u00e1s\u00e1t. Gondoskodik a gy\u00f3gyszerek, k\u00f6tszerek, vegyszerek, fert\u0151tlen\u00edt\u0151szerek, egyszer haszn\u00e1latos eszk\u00f6z\u00f6k beszerz\u00e9s\u00e9r\u0151l, ezek k\u00e9szletben tart\u00e1s\u00e1r\u00f3l \u00e9s szervezett kiad\u00e1s\u00e1r\u00f3l . Koordin\u00e1lja a negat\u00edv nyom\u00e1s\u00fa ter\u00e1pia folyamat\u00e1t.<\/p>\n<h5>Asszisztensek:<\/h5>\n<p>Ohrn\u00e9 Bed\u0151 Csilla M\u00e1ria <br \/>\nKocsisn\u00e9 W\u00e9ber M\u00f3nika<\/p>\n","protected":false},"excerpt":{"rendered":"<p>F\u0151\u00e9p\u00fclet, B sz\u00e1rny, &#8211; 1. emelet Vezet\u0151: Dr. T\u00f6r\u00f6k \u00c9va A Gy\u00f3gyszert\u00e1r nem k\u00f6zveteln\u00fcl a betegeket szolg\u00e1lja ki, hanem a feladata megszervezni a fekv\u0151beteg oszt\u00e1lyokon, valamint a szakambulanci\u00e1kon kezelt betegek gazdas\u00e1gos, mennyis\u00e9gben \u00e9s min\u0151s\u00e9gben egyar\u00e1nt megfelel\u0151 gy\u00f3gyszerell\u00e1t\u00e1s\u00e1t. Gondoskodik a gy\u00f3gyszerek, k\u00f6tszerek, vegyszerek, fert\u0151tlen\u00edt\u0151szerek, egyszer haszn\u00e1latos eszk\u00f6z\u00f6k beszerz\u00e9s\u00e9r\u0151l, ezek k\u00e9szletben tart\u00e1s\u00e1r\u00f3l \u00e9s szervezett kiad\u00e1s\u00e1r\u00f3l . Koordin\u00e1lja &hellip;<\/p>\n","protected":false},"author":102388,"featured_media":0,"parent":1242,"menu_order":0,"comment_status":"closed","ping_status":"closed","template":"","meta":{"_acf_changed":false,"footnotes":""},"categories":[],"tags":[],"class_list":["post-1309","page","type-page","status-publish","hentry"],"acf":[],"_links":{"self":[{"href":"https:\/\/semmelweis.hu\/rehabilitaciosklinika\/wp-json\/wp\/v2\/pages\/1309","targetHints":{"allow":["GET"]}}],"collection":[{"href":"https:\/\/semmelweis.hu\/rehabilitaciosklinika\/wp-json\/wp\/v2\/pages"}],"about":[{"href":"https:\/\/semmelweis.hu\/rehabilitaciosklinika\/wp-json\/wp\/v2\/types\/page"}],"author":[{"embeddable":true,"href":"https:\/\/semmelweis.hu\/rehabilitaciosklinika\/wp-json\/wp\/v2\/users\/102388"}],"replies":[{"embeddable":true,"href":"https:\/\/semmelweis.hu\/rehabilitaciosklinika\/wp-json\/wp\/v2\/comments?post=1309"}],"version-history":[{"count":4,"href":"https:\/\/semmelweis.hu\/rehabilitaciosklinika\/wp-json\/wp\/v2\/pages\/1309\/revisions"}],"predecessor-version":[{"id":2528,"href":"https:\/\/semmelweis.hu\/rehabilitaciosklinika\/wp-json\/wp\/v2\/pages\/1309\/revisions\/2528"}],"up":[{"embeddable":true,"href":"https:\/\/semmelweis.hu\/rehabilitaciosklinika\/wp-json\/wp\/v2\/pages\/1242"}],"wp:attachment":[{"href":"https:\/\/semmelweis.hu\/rehabilitaciosklinika\/wp-json\/wp\/v2\/media?parent=1309"}],"wp:term":[{"taxonomy":"category","embeddable":true,"href":"https:\/\/semmelweis.hu\/rehabilitaciosklinika\/wp-json\/wp\/v2\/categories?post=1309"},{"taxonomy":"post_tag","embeddable":true,"href":"https:\/\/semmelweis.hu\/rehabilitaciosklinika\/wp-json\/wp\/v2\/tags?post=1309"}],"curies":[{"name":"wp","href":"https:\/\/api.w.org\/{rel}","templated":true}]}}