{"id":1303,"date":"2024-09-17T13:11:00","date_gmt":"2024-09-17T11:11:00","guid":{"rendered":"https:\/\/semmelweis.hu\/rehabilitaciosklinika\/?page_id=1303"},"modified":"2026-01-13T11:42:04","modified_gmt":"2026-01-13T10:42:04","slug":"ergoterapia","status":"publish","type":"page","link":"https:\/\/semmelweis.hu\/rehabilitaciosklinika\/betegellatas\/kozponti-egysegek\/ergoterapia\/","title":{"rendered":"K\u00f6zponti Ergoter\u00e1pia"},"content":{"rendered":"<div class=\"w-100 keretes\">\n<p><strong>Hely: <\/strong>F\u0151\u00e9p\u00fclet, D sz\u00e1rny<\/p>\n<p><strong>Vezet\u0151:<\/strong> Dr. Mog\u00e1nn\u00e9 T\u00f6lgyesy Szilvia<\/p>\n<p><strong>e-mail:\u00a0<\/strong><a href=\"mailto:moganne.tolgyesy.szilvia@semmelweis.hu\"><strong>moganne.tolgyesy.szilvia@semmelweis.hu<\/strong><strong><br \/>\n<\/strong><\/a><\/p>\n<\/div>\n<p>Az Ergoter\u00e1pia r\u00e9szleg orvosi indik\u00e1ci\u00f3 alapj\u00e1n ny\u00fajt szolg\u00e1ltat\u00e1st az int\u00e9zeti fekv\u0151betegell\u00e1t\u00f3 oszt\u00e1lyok \u00e9s ambulanci\u00e1k \u00e1ltal javasolt p\u00e1ciensek sz\u00e1m\u00e1ra.\u00a0<\/p>\n<p>Az ergoter\u00e1pia els\u0151dleges feladata az akad\u00e1lyozott ember sz\u00e1m\u00e1ra fontos tev\u00e9kenys\u00e9g kipr\u00f3b\u00e1l\u00e1sa, s ha kell azok \u00fajra tan\u00edt\u00e1sa, valamint az ehhez sz\u00fcks\u00e9ges mozdulatok begyakorl\u00e1sa, att\u00f3l f\u00fcgg\u0151en mit szeretne az \u00e9rintett szem\u00e9ly el\u00e9rni, miben szeretne magabiztosabb\u00e1 v\u00e1lni. A re\u00e1lis c\u00e9lkit\u0171z\u00e9sek figyelembev\u00e9tele mellett, ezek a tev\u00e9kenys\u00e9gek kapcsol\u00f3dhatnak az \u00f6nell\u00e1t\u00e1shoz, a munkajelleg\u0171 \u00e9s a szabadid\u0151s aktivit\u00e1sokhoz. A ter\u00e1pia egy\u00fattal lehet\u0151s\u00e9get k\u00edn\u00e1l a k\u00fcl\u00f6nb\u00f6z\u0151 seg\u00edt\u0151 megold\u00e1sok, kompenz\u00e1ci\u00f3s technik\u00e1k \u00e9s eszk\u00f6z\u00f6k ismeret\u00e9hez, haszn\u00e1latuk begyakorl\u00e1s\u00e1hoz. Kiragadva egy speci\u00e1lis probl\u00e9m\u00e1t eduk\u00e1ci\u00f3s vide\u00f3sorozat k\u00e9sz\u00fclt az \u00fan. egykezes \u00e9letm\u00f3dot folytat\u00f3 szem\u00e9lyek sz\u00e1m\u00e1ra, melyek a Semmelweis Egyetem oktat\u00f3 vide\u00f3 k\u00f6z\u00f6tt megtekinthet\u0151k: <a href=\"https:\/\/www.youtube.com\/playlist?list=PLCehZAqE0dwlFcJ_W892cCOPEknX6gLGG\">Egykezes \u00e9letm\u00f3d &#8211; YouTube<\/a><\/p>\n<p>Az akad\u00e1lymentes otthoni k\u00f6rnyezet kialak\u00edt\u00e1s\u00e1hoz a K\u00f6zponti Ergoter\u00e1pi\u00e1n berendezett mintalak\u00e1s ny\u00fajt fontos t\u00e1j\u00e9koztat\u00e1st, mutat hasznos \u00f6tleteket.<\/p>\n<p>Az ergoter\u00e1pia a tev\u00e9kenys\u00e9g kivitelez\u00e9s komponensei, a szenzomotoros, a kognit\u00edv, \u00e9s\/vagy a pszichoszoci\u00e1lis k\u00e9pess\u00e9gek fejleszt\u00e9s\u00e9ben is r\u00e9szt v\u00e1llal egy\u00e9ni vagy csoportos form\u00e1ban. A ter\u00e1pi\u00e1s tal\u00e1lkoz\u00e1sok id\u0151rendje, gyakoris\u00e1ga a k\u00fcld\u0151 betegell\u00e1t\u00f3 oszt\u00e1llyal egyeztetve t\u00f6rt\u00e9nik.<\/p>\n<p>A r\u00e9szleg rendszeresen szervez k\u00fcl\u00f6nb\u00f6z\u0151 programokat az int\u00e9zeti kliensek r\u00e9sz\u00e9re: pl. Kreat\u00edv Klub; Kreat\u00edv alkot\u00f3m\u0171hely; Reform konyha; Akad\u00e1lymentes otthon; Ter\u00e1pi\u00e1s kertm\u0171vel\u00e9s c\u00edmmel, melyek kapcsol\u00f3dnak az \u00e9rintett emberek mindennapi \u00e9let\u00e9hez. Az OORI GAL\u00c9RIA ki\u00e1ll\u00edt\u00e1sait rendezi, ahol els\u0151sorban az akad\u00e1lyozott emberek alkot\u00e1sainak bemutat\u00e1s\u00e1ra ker\u00fcl sor.<\/p>\n<p>Az ergoter\u00e1pia munkat\u00e1rsai a Rehabilit\u00e1ci\u00f3s Klinika oktat\u00e1si feladataiban \u00e9s tudom\u00e1nyos munk\u00e1iban rendszeresen r\u00e9szt v\u00e1llalnak. \u00a0<\/p>\n<h5>Terapeut\u00e1k:<\/h5>\n<p>Havasi Vikt\u00f3ria ergoterapeuta<br \/>\nKov\u00e1cs Nikolett ergoterapeuta<br \/>\nNusser Zolt\u00e1n ergoterapeuta<br \/>\nSimon Gabriella ergoterapeuta<br \/>\nSipos H\u00e9di ergoterapeuta<br \/>\nSzab\u00f3 Julianna ergoterapeuta<br \/>\nDr. V\u00e1mos Tibor PhD. ergoterapeuta<br \/>\nVeress M\u00f3nika ergoterapeuta<\/p>\n\r\n        [slb_exclude]\r\n        <div class=\"row galeria-wrapper mx-0 h-auto\">\r\n            <div class=\"col-9 pl-0 pr-2\">\r\n            <span class=\"gallery-item frame\">\r\n\t\t\t\t<div class=\"galeria-left-img\"><a href=\"https:\/\/semmelweis.hu\/rehabilitaciosklinika\/files\/2025\/01\/RS195891__19A8999-scr.jpg\"><img src=https:\/\/semmelweis.hu\/rehabilitaciosklinika\/files\/2025\/01\/RS195891__19A8999-scr.jpg  \r\n                            alt=\"\" \r\n                            class=\"attachment-sote-gallery-big size-sote-gallery-big\" \r\n                            srcset=\"https:\/\/semmelweis.hu\/rehabilitaciosklinika\/files\/2025\/01\/RS195891__19A8999-scr-400x267.jpg 400w, https:\/\/semmelweis.hu\/rehabilitaciosklinika\/files\/2025\/01\/RS195891__19A8999-scr-1024x683.jpg 1024w, https:\/\/semmelweis.hu\/rehabilitaciosklinika\/files\/2025\/01\/RS195891__19A8999-scr-768x512.jpg 768w, https:\/\/semmelweis.hu\/rehabilitaciosklinika\/files\/2025\/01\/RS195891__19A8999-scr-753x502.jpg 753w, https:\/\/semmelweis.hu\/rehabilitaciosklinika\/files\/2025\/01\/RS195891__19A8999-scr-203x135.jpg 203w, https:\/\/semmelweis.hu\/rehabilitaciosklinika\/files\/2025\/01\/RS195891__19A8999-scr.jpg 1200w\" ><\/a><\/div>\r\n            <\/span>\r\n\r\n            <\/div>\r\n\r\n\t\t\t<div class=\"col-3 pl-0 pr-0\">\r\n\t\t\t\t<div class=\"galeria-right-img d-flex justify-content-between flex-column h-100 w-100 px-0 mx-0 \">\r\n                <div class=\"galeria-box\">\r\n\t\t\t\t\t<h3 class=\"galeria-title\">Gal\u00e9ria<\/h3>\r\n\t\t\t\t\t<div class=\"galeria-subtitle\">\r\n\r\n\t\t\t\t\t\t<div class=\"galeria-page-counter\"><span>5<\/span>k\u00e9p<\/div>\r\n                    <\/div> <\/div>\r\n                    <span class=\"gallery-item frame d-none d-md-flex\">\r\n\t\t\t\t\t<div class=\"galeria-small-img mt-0\"><a href=\"https:\/\/semmelweis.hu\/rehabilitaciosklinika\/files\/2025\/01\/RS196377__19A9016-scr.jpg\"><img src=https:\/\/semmelweis.hu\/rehabilitaciosklinika\/files\/2025\/01\/RS196377__19A9016-scr.jpg \r\n                                alt=\"\"  \r\n                                class=\"attachment-sote-gallery-small size-sote-gallery-small\" \r\n                                srcset=\"https:\/\/semmelweis.hu\/rehabilitaciosklinika\/files\/2025\/01\/RS196377__19A9016-scr-400x267.jpg 400w, https:\/\/semmelweis.hu\/rehabilitaciosklinika\/files\/2025\/01\/RS196377__19A9016-scr-1024x683.jpg 1024w, https:\/\/semmelweis.hu\/rehabilitaciosklinika\/files\/2025\/01\/RS196377__19A9016-scr-768x512.jpg 768w, https:\/\/semmelweis.hu\/rehabilitaciosklinika\/files\/2025\/01\/RS196377__19A9016-scr-753x502.jpg 753w, https:\/\/semmelweis.hu\/rehabilitaciosklinika\/files\/2025\/01\/RS196377__19A9016-scr-203x135.jpg 203w, https:\/\/semmelweis.hu\/rehabilitaciosklinika\/files\/2025\/01\/RS196377__19A9016-scr.jpg 1200w\" ><\/a><\/div>\r\n                    <\/span>\r\n                    <span class=\"gallery-item frame d-none d-md-flex\">\r\n\t\t\t\t\t<div class=\"galeria-small-img mt-0\"><a href=\"https:\/\/semmelweis.hu\/rehabilitaciosklinika\/files\/2025\/01\/RS195952__19A9003-scr.jpg\"><img src=https:\/\/semmelweis.hu\/rehabilitaciosklinika\/files\/2025\/01\/RS195952__19A9003-scr.jpg \r\n                                alt=\"\" \r\n                                class=\"attachment-sote-gallery-small size-sote-gallery-small\" \r\n                                srcset=\"https:\/\/semmelweis.hu\/rehabilitaciosklinika\/files\/2025\/01\/RS195952__19A9003-scr-400x267.jpg 400w, https:\/\/semmelweis.hu\/rehabilitaciosklinika\/files\/2025\/01\/RS195952__19A9003-scr-1024x683.jpg 1024w, https:\/\/semmelweis.hu\/rehabilitaciosklinika\/files\/2025\/01\/RS195952__19A9003-scr-768x512.jpg 768w, https:\/\/semmelweis.hu\/rehabilitaciosklinika\/files\/2025\/01\/RS195952__19A9003-scr-753x502.jpg 753w, https:\/\/semmelweis.hu\/rehabilitaciosklinika\/files\/2025\/01\/RS195952__19A9003-scr-203x135.jpg 203w, https:\/\/semmelweis.hu\/rehabilitaciosklinika\/files\/2025\/01\/RS195952__19A9003-scr.jpg 1200w\" ><\/a><\/div>\r\n                    <\/span>\r\n\r\n                <\/div>\r\n\r\n            <\/div>\r\n\r\n            <span class=\"gallery-item\"><div class=\"hidden\"><a href=\"https:\/\/semmelweis.hu\/rehabilitaciosklinika\/files\/2025\/01\/ergo2.jpg\">\r\n        <img src=https:\/\/semmelweis.hu\/rehabilitaciosklinika\/files\/2025\/01\/ergo2.jpg alt=\"\" class=\"attachment-sote-gallery-big size-sote-gallery-big\" srcset=\"https:\/\/semmelweis.hu\/rehabilitaciosklinika\/files\/2025\/01\/ergo2-400x267.jpg 400w, https:\/\/semmelweis.hu\/rehabilitaciosklinika\/files\/2025\/01\/ergo2-1024x682.jpg 1024w, https:\/\/semmelweis.hu\/rehabilitaciosklinika\/files\/2025\/01\/ergo2-768x512.jpg 768w, https:\/\/semmelweis.hu\/rehabilitaciosklinika\/files\/2025\/01\/ergo2-753x502.jpg 753w, https:\/\/semmelweis.hu\/rehabilitaciosklinika\/files\/2025\/01\/ergo2-203x135.jpg 203w, https:\/\/semmelweis.hu\/rehabilitaciosklinika\/files\/2025\/01\/ergo2.jpg 1061w\" >\r\n        <\/a><\/div><\/span><span class=\"gallery-item\"><div class=\"hidden\"><a href=\"https:\/\/semmelweis.hu\/rehabilitaciosklinika\/files\/2025\/01\/ergo1.jpg\">\r\n        <img src=https:\/\/semmelweis.hu\/rehabilitaciosklinika\/files\/2025\/01\/ergo1.jpg alt=\"\" class=\"attachment-sote-gallery-big size-sote-gallery-big\" srcset=\"https:\/\/semmelweis.hu\/rehabilitaciosklinika\/files\/2025\/01\/ergo1-400x300.jpg 400w, https:\/\/semmelweis.hu\/rehabilitaciosklinika\/files\/2025\/01\/ergo1-1024x768.jpg 1024w, https:\/\/semmelweis.hu\/rehabilitaciosklinika\/files\/2025\/01\/ergo1-768x576.jpg 768w, https:\/\/semmelweis.hu\/rehabilitaciosklinika\/files\/2025\/01\/ergo1-753x565.jpg 753w, https:\/\/semmelweis.hu\/rehabilitaciosklinika\/files\/2025\/01\/ergo1.jpg 1041w\" >\r\n        <\/a><\/div><\/span>\r\n            <\/div>\r\n\r\n            [\/slb_exclude]\r\n\t\n","protected":false},"excerpt":{"rendered":"<p>Hely: F\u0151\u00e9p\u00fclet, D sz\u00e1rny Vezet\u0151: Dr. Mog\u00e1nn\u00e9 T\u00f6lgyesy Szilvia e-mail:\u00a0<a href=\"mailto:moganne.tolgyesy.szilvia@semmelweis.hu\">moganne.tolgyesy.szilvia@semmelweis.hu <\/a> Az Ergoter\u00e1pia r\u00e9szleg orvosi indik\u00e1ci\u00f3 alapj\u00e1n ny\u00fajt szolg\u00e1ltat\u00e1st az int\u00e9zeti fekv\u0151betegell\u00e1t\u00f3 oszt\u00e1lyok \u00e9s ambulanci\u00e1k \u00e1ltal javasolt p\u00e1ciensek sz\u00e1m\u00e1ra.\u00a0 Az ergoter\u00e1pia els\u0151dleges feladata az akad\u00e1lyozott ember sz\u00e1m\u00e1ra fontos tev\u00e9kenys\u00e9g kipr\u00f3b\u00e1l\u00e1sa, s ha kell azok \u00fajra tan\u00edt\u00e1sa, valamint az ehhez sz\u00fcks\u00e9ges mozdulatok begyakorl\u00e1sa, att\u00f3l f\u00fcgg\u0151en &hellip;<\/p>\n","protected":false},"author":102388,"featured_media":0,"parent":1242,"menu_order":0,"comment_status":"closed","ping_status":"closed","template":"","meta":{"_acf_changed":false,"footnotes":""},"categories":[],"tags":[],"class_list":["post-1303","page","type-page","status-publish","hentry"],"acf":[],"_links":{"self":[{"href":"https:\/\/semmelweis.hu\/rehabilitaciosklinika\/wp-json\/wp\/v2\/pages\/1303","targetHints":{"allow":["GET"]}}],"collection":[{"href":"https:\/\/semmelweis.hu\/rehabilitaciosklinika\/wp-json\/wp\/v2\/pages"}],"about":[{"href":"https:\/\/semmelweis.hu\/rehabilitaciosklinika\/wp-json\/wp\/v2\/types\/page"}],"author":[{"embeddable":true,"href":"https:\/\/semmelweis.hu\/rehabilitaciosklinika\/wp-json\/wp\/v2\/users\/102388"}],"replies":[{"embeddable":true,"href":"https:\/\/semmelweis.hu\/rehabilitaciosklinika\/wp-json\/wp\/v2\/comments?post=1303"}],"version-history":[{"count":11,"href":"https:\/\/semmelweis.hu\/rehabilitaciosklinika\/wp-json\/wp\/v2\/pages\/1303\/revisions"}],"predecessor-version":[{"id":3707,"href":"https:\/\/semmelweis.hu\/rehabilitaciosklinika\/wp-json\/wp\/v2\/pages\/1303\/revisions\/3707"}],"up":[{"embeddable":true,"href":"https:\/\/semmelweis.hu\/rehabilitaciosklinika\/wp-json\/wp\/v2\/pages\/1242"}],"wp:attachment":[{"href":"https:\/\/semmelweis.hu\/rehabilitaciosklinika\/wp-json\/wp\/v2\/media?parent=1303"}],"wp:term":[{"taxonomy":"category","embeddable":true,"href":"https:\/\/semmelweis.hu\/rehabilitaciosklinika\/wp-json\/wp\/v2\/categories?post=1303"},{"taxonomy":"post_tag","embeddable":true,"href":"https:\/\/semmelweis.hu\/rehabilitaciosklinika\/wp-json\/wp\/v2\/tags?post=1303"}],"curies":[{"name":"wp","href":"https:\/\/api.w.org\/{rel}","templated":true}]}}