{"id":1300,"date":"2024-09-17T13:10:32","date_gmt":"2024-09-17T11:10:32","guid":{"rendered":"https:\/\/semmelweis.hu\/rehabilitaciosklinika\/?page_id=1300"},"modified":"2025-02-02T22:26:45","modified_gmt":"2025-02-02T21:26:45","slug":"sportterapia","status":"publish","type":"page","link":"https:\/\/semmelweis.hu\/rehabilitaciosklinika\/betegellatas\/kozponti-egysegek\/sportterapia\/","title":{"rendered":"K\u00f6zponti Sportter\u00e1pia"},"content":{"rendered":"<div class=\"w-100 keretes\">\n<p><strong>F\u0151\u00e9p\u00fclet, F sz\u00e1rny<\/strong><\/p>\n<p><strong>R\u00e9szlegvezet\u0151:<\/strong> Sz\u00e1nt\u00f3 Krisztina<\/p>\n<\/div>\n<h5>Ambul\u00e1ns kondicion\u00e1l\u00f3 torna:<\/h5>\n<p>Szakorvosi beutal\u00f3val, csak el\u0151zetes bejelentkez\u00e9s alapj\u00e1n<br \/>\nKedd &#8211; Cs\u00fct\u00f6rt\u00f6k 8:00-8:45<\/p>\n<h5>A sportter\u00e1pi\u00e1r\u00f3l<\/h5>\n<p>A sportter\u00e1pia a rehabilit\u00e1ci\u00f3s oszt\u00e1lyokon foly\u00f3 mozg\u00e1ster\u00e1pi\u00e1ra \u00e9p\u00fcl\u0151, azt kieg\u00e9sz\u00edt\u0151 tev\u00e9kenys\u00e9g, amely a s\u00e9r\u00fclt emberek fizikai aktivit\u00e1s\u00e1ra \u00e9p\u00edt. A terapeut\u00e1k az egy\u00fcttm\u0171k\u00f6d\u00e9sre k\u00e9sz s\u00e9r\u00fcltek megmaradt fizikai k\u00e9pess\u00e9geit (er\u0151, \u00e1ll\u00f3k\u00e9pess\u00e9g, mozg\u00e1skoordin\u00e1ci\u00f3, iz\u00fcleti lazas\u00e1g) fejlesztik. Seg\u00edtik \u0150ket el\u00e9rni a lehet\u0151 legteljesebb \u00f6n\u00e1ll\u00f3s\u00e1got a mindennapi \u00e9let feladatainak megold\u00e1s\u00e1ban. Csak orvosi javallatra, \u00e9s csak a terhelhet\u0151 s\u00e9r\u00fclt emberekkel foglalkoznak.<\/p>\n<p>A s\u00e9r\u00fclt emberek csoportosan veszik ig\u00e9nybe szolg\u00e1ltat\u00e1saikat (\u00f3rarend szerint), de mindig egy\u00e9nre szabott feladatokat v\u00e9geznek, a diagn\u00f3zis, mozg\u00e1s\u00e1llapot, kontraindik\u00e1ci\u00f3k \u00e9s egy\u00e9b param\u00e9terek figyelembev\u00e9tel\u00e9vel (nem, \u00e9letkor, izomer\u0151, testt\u00f6meg, pszich\u00e9s st\u00e1tusz, motiv\u00e1ci\u00f3k stb.).<\/p>\n<p>A csoportok nem homog\u00e9nek, kialak\u00edt\u00e1sukn\u00e1l az egyes oszt\u00e1lyok profilja a m\u00e9rvad\u00f3 (pl: gerincvel\u0151s\u00e9r\u00fcltek, agys\u00e9r\u00fcltek vagy traum\u00e1s amput\u00e1ltak, poszttraum\u00e1sok csoportja)<\/p>\n<p>Ezen f\u0151bb csoportokon k\u00edv\u00fcl egy-egy hemipl\u00e9g, vagy \u00e9rbeteg amput\u00e1lt ember is r\u00e9szt vesz a foglalkoz\u00e1sokon, az adott oszt\u00e1ly orvos\u00e1val egyeztetve, fokozottabb ellen\u0151rz\u00e9s mellett.<\/p>\n<p>A ter\u00e1pia teh\u00e1t a s\u00e9r\u00fclt ember intenz\u00edvebb teherb\u00edr\u00e1s\u00e1t felt\u00e9telezi, \u00e9s valamilyen szint\u0171 \u00f6n\u00e1ll\u00f3 gyakorlat-v\u00e9grehajt\u00e1st, csoporthoz val\u00f3 alkalmazkodni tud\u00e1st k\u00f6vetel.<\/p>\n<p><strong>H\u00e1rom f\u00e9le \u00f3rat\u00edpust tartanak:<\/strong><\/p>\n<ul>\n<li>kondicion\u00e1l\u00f3 \u00f3ra (\u00e1ltal\u00e1nos \u00e9s speci\u00e1lis kondicion\u00e1l\u00e1s)<\/li>\n<li>k\u00f6zleked\u0151k\u00e9pess\u00e9g fejleszt\u00e9s<\/li>\n<li>klinikai sport.<\/li>\n<\/ul>\n<p>Egy-egy terapeuta \/testnevel\u0151, gy\u00f3gytestnevel\u0151, szomatopedag\u00f3gus, konduktor, gy\u00f3gytorn\u00e1sz a saj\u00e1t csoportj\u00e1\u00e9rt felel, de beseg\u00edt egy m\u00e1sik csoportvezet\u0151 \u00f3r\u00e1j\u00e1n is, a g\u00f6rd\u00fcl\u00e9keny gyakorlatv\u00e9gz\u00e9s, a hat\u00e9konyabb munka \u00e9s a baleset-megel\u0151z\u00e9s \u00e9rdek\u00e9ben. Adott esetben egym\u00e1s helyettes\u00edt\u00e9se is z\u00f6kken\u0151mentesen megoldhat\u00f3.<\/p>\n<p>A Klinika profilj\u00e1b\u00f3l ad\u00f3d\u00f3an r\u00e9sztvesznek oktat\u00e1si \u00e9s tudom\u00e1nyos feladatokban is a napi rutinmunka mellett: egyetemist\u00e1k, f\u0151iskol\u00e1sok oktat\u00e1sa, alapk\u00e9pz\u00e9sek, orvos tov\u00e1bbk\u00e9pz\u00e9sek, (Orvostanhallgat\u00f3k, Gy\u00f3gytorn\u00e1szok, Hum\u00e1nkineziol\u00f3gusok, Rehabilit\u00e1ci\u00f3s K\u00f6rnyezet\u00e9p\u00edt\u0151 Szakm\u00e9rn\u00f6k\u00f6k, Rehabilit\u00e1ci\u00f3s alap \u00e9s szakk\u00e9pz\u00e9sek) &#8211; tudom\u00e1nyos f\u00f3rumokon val\u00f3 r\u00e9szv\u00e9tel<\/p>\n<p>Heti rendszeress\u00e9ggel r\u00e9szleg \u00f6sszej\u00f6vetelen megbesz\u00e9lik az el\u0151z\u0151 h\u00e9ten t\u00f6rt\u00e9nteket \u00e9s a k\u00f6vetkez\u0151 h\u00e9t feladatait. A terapeut\u00e1k a csoportjuknak megfelel\u0151 oszt\u00e1lyos team megbesz\u00e9l\u00e9sen is r\u00e9szt vesznek, \u00edgy biztos\u00edtott a folyamatos kapcsolattart\u00e1s \u00e9s az egym\u00e1sra \u00e9p\u00fcl\u0151 munka, a s\u00e9r\u00fclt emberek \u00e9rdek\u00e9ben.<\/p>\n<p>A Klinika dolgoz\u00f3i sz\u00e1m\u00e1ra munkaid\u0151 ut\u00e1n hetente egyszer eg\u00e9szs\u00e9gmeg\u0151rz\u0151 \u00f3r\u00e1t tartanak a r\u00e9szleg terapeut\u00e1i.<\/p>\n<h5>Munkat\u00e1rsak:<\/h5>\n<p>Sz\u00e1nt\u00f3 Krisztina <br \/>\nM\u00e1rton Zsuzsanna <br \/>\nSzab\u00f3-Szemenyei Eszter (tart\u00f3san t\u00e1vol)<br \/>\nSzil\u00e1gyi G\u00e1bor <br \/>\nTak\u00e1ts Emese <br \/>\nTyitova Irina<\/p>\n<p>Dobszay Ambrus L\u00e1szl\u00f3n\u00e9<\/p>\n","protected":false},"excerpt":{"rendered":"<p>F\u0151\u00e9p\u00fclet, F sz\u00e1rny R\u00e9szlegvezet\u0151: Sz\u00e1nt\u00f3 Krisztina Ambul\u00e1ns kondicion\u00e1l\u00f3 torna: Szakorvosi beutal\u00f3val, csak el\u0151zetes bejelentkez\u00e9s alapj\u00e1n Kedd &#8211; Cs\u00fct\u00f6rt\u00f6k 8:00-8:45 A sportter\u00e1pi\u00e1r\u00f3l A sportter\u00e1pia a rehabilit\u00e1ci\u00f3s oszt\u00e1lyokon foly\u00f3 mozg\u00e1ster\u00e1pi\u00e1ra \u00e9p\u00fcl\u0151, azt kieg\u00e9sz\u00edt\u0151 tev\u00e9kenys\u00e9g, amely a s\u00e9r\u00fclt emberek fizikai aktivit\u00e1s\u00e1ra \u00e9p\u00edt. A terapeut\u00e1k az egy\u00fcttm\u0171k\u00f6d\u00e9sre k\u00e9sz s\u00e9r\u00fcltek megmaradt fizikai k\u00e9pess\u00e9geit (er\u0151, \u00e1ll\u00f3k\u00e9pess\u00e9g, mozg\u00e1skoordin\u00e1ci\u00f3, iz\u00fcleti lazas\u00e1g) fejlesztik. Seg\u00edtik &hellip;<\/p>\n","protected":false},"author":102388,"featured_media":0,"parent":1242,"menu_order":0,"comment_status":"closed","ping_status":"closed","template":"","meta":{"_acf_changed":false,"footnotes":""},"categories":[],"tags":[],"class_list":["post-1300","page","type-page","status-publish","hentry"],"acf":[],"_links":{"self":[{"href":"https:\/\/semmelweis.hu\/rehabilitaciosklinika\/wp-json\/wp\/v2\/pages\/1300","targetHints":{"allow":["GET"]}}],"collection":[{"href":"https:\/\/semmelweis.hu\/rehabilitaciosklinika\/wp-json\/wp\/v2\/pages"}],"about":[{"href":"https:\/\/semmelweis.hu\/rehabilitaciosklinika\/wp-json\/wp\/v2\/types\/page"}],"author":[{"embeddable":true,"href":"https:\/\/semmelweis.hu\/rehabilitaciosklinika\/wp-json\/wp\/v2\/users\/102388"}],"replies":[{"embeddable":true,"href":"https:\/\/semmelweis.hu\/rehabilitaciosklinika\/wp-json\/wp\/v2\/comments?post=1300"}],"version-history":[{"count":10,"href":"https:\/\/semmelweis.hu\/rehabilitaciosklinika\/wp-json\/wp\/v2\/pages\/1300\/revisions"}],"predecessor-version":[{"id":3071,"href":"https:\/\/semmelweis.hu\/rehabilitaciosklinika\/wp-json\/wp\/v2\/pages\/1300\/revisions\/3071"}],"up":[{"embeddable":true,"href":"https:\/\/semmelweis.hu\/rehabilitaciosklinika\/wp-json\/wp\/v2\/pages\/1242"}],"wp:attachment":[{"href":"https:\/\/semmelweis.hu\/rehabilitaciosklinika\/wp-json\/wp\/v2\/media?parent=1300"}],"wp:term":[{"taxonomy":"category","embeddable":true,"href":"https:\/\/semmelweis.hu\/rehabilitaciosklinika\/wp-json\/wp\/v2\/categories?post=1300"},{"taxonomy":"post_tag","embeddable":true,"href":"https:\/\/semmelweis.hu\/rehabilitaciosklinika\/wp-json\/wp\/v2\/tags?post=1300"}],"curies":[{"name":"wp","href":"https:\/\/api.w.org\/{rel}","templated":true}]}}