{"id":1297,"date":"2024-09-17T13:10:04","date_gmt":"2024-09-17T11:10:04","guid":{"rendered":"https:\/\/semmelweis.hu\/rehabilitaciosklinika\/?page_id=1297"},"modified":"2025-02-02T22:24:54","modified_gmt":"2025-02-02T21:24:54","slug":"hidroterapia","status":"publish","type":"page","link":"https:\/\/semmelweis.hu\/rehabilitaciosklinika\/betegellatas\/kozponti-egysegek\/hidroterapia\/","title":{"rendered":"K\u00f6zponti Hidroter\u00e1pia"},"content":{"rendered":"<div class=\"w-100 keretes\">\n<p><strong>F\u0151\u00e9p\u00fclet, E sz\u00e1rny<\/strong><\/p>\n<p><strong>R\u00e9szlegvezet\u0151:<\/strong> Katona Enik\u0151<\/p>\n<\/div>\n<p>A hidroter\u00e1pia, mint gy\u0171jt\u0151fogalom, minden nem\u0171 v\u00edzzel t\u00f6rt\u00e9n\u0151 kezel\u00e9st jelent. Ide tartoznak a pakol\u00e1sok, iv\u00f3k\u00far\u00e1k, \u00f6rv\u00e9ny-\u00e9s gy\u00f3gyf\u00fcrd\u0151k, v\u00edz alatti torna.<\/p>\n<p>A Rehabilit\u00e1ci\u00f3s Klinika profilj\u00e1hoz igazodva n\u00e1lunk els\u0151sorban ez ut\u00f3bbi forma val\u00f3sul meg miszerint v\u00edz alatt v\u00e9gzett mozg\u00e1ster\u00e1pia hat\u00e1s\u00e1t\u00f3l v\u00e1rjuk a s\u00e9r\u00fclt funkci\u00f3k fejl\u0151d\u00e9s\u00e9t. A v\u00edz hidrosztatikai, hidrodinamikai tulajdons\u00e1gainak k\u00f6sz\u00f6nhet\u0151en s\u00e9r\u00fcl\u00e9s-specifikusan tudunk foglalkozni a betegekkel egy\u00e9ni-\u00e9s csoportos form\u00e1ban egyar\u00e1nt.<\/p>\n<p>Term\u00e9szetesen a v\u00edzben tart\u00f3zkod\u00e1s pszich\u00e9s hat\u00e1sainak is nagy jelent\u0151s\u00e9get tulajdon\u00edtunk a ter\u00e1pia kapcs\u00e1n. Mint komplex kieg\u00e9sz\u00edt\u0151 elj\u00e1r\u00e1s szorosan kapcsol\u00f3dik az \u00e1ltal\u00e1nos rehabilit\u00e1ci\u00f3s c\u00e9lkit\u0171z\u00e9sekhez, ez\u00e1ltal jelent\u0151s szerepet j\u00e1tszik a rehabilit\u00e1ci\u00f3 legk\u00fcl\u00f6nb\u00f6z\u0151bb ter\u00fcletein.<\/p>\n<p>C\u00e9l meghat\u00e1roz\u00e1saink k\u00f6z\u00f6tt egyar\u00e1nt szerepel a motoros, a szenzoros, kognit\u00edv, \u00e9s pszich\u00e9s funkci\u00f3k fejleszt\u00e9se.<\/p>\n<p>T\u00f6bbek k\u00f6z\u00f6tt c\u00e9lunk, hogy p\u00e1cienseink eljuthassanak az \u00f6n\u00e1ll\u00f3 v\u00edzben szerzett \u00e9lm\u00e9nyek szintj\u00e9re. Legyen az egy-egy mozdulat, helyzet- vagy helyv\u00e1ltoztat\u00e1s, vagy \u00e9ppen az \u00fasz\u00f3 mozg\u00e1s kivitelez\u00e9se, ak\u00e1r egy\u00e9ni form\u00e1ban is.<\/p>\n<h5>Munkat\u00e1rsak:<\/h5>\n<p>Katona Enik\u0151 <br \/>\nNagy Brigitta<br \/>\nSzab\u00f3 R\u00e9ka Orsolya <br \/>\nKrausz Korn\u00e9lia <br \/>\nK\u00edgy\u00f3si N\u00f3ra <br \/>\nF\u00e1bi\u00e1n Marina<\/p>\n","protected":false},"excerpt":{"rendered":"<p>F\u0151\u00e9p\u00fclet, E sz\u00e1rny R\u00e9szlegvezet\u0151: Katona Enik\u0151 A hidroter\u00e1pia, mint gy\u0171jt\u0151fogalom, minden nem\u0171 v\u00edzzel t\u00f6rt\u00e9n\u0151 kezel\u00e9st jelent. Ide tartoznak a pakol\u00e1sok, iv\u00f3k\u00far\u00e1k, \u00f6rv\u00e9ny-\u00e9s gy\u00f3gyf\u00fcrd\u0151k, v\u00edz alatti torna. A Rehabilit\u00e1ci\u00f3s Klinika profilj\u00e1hoz igazodva n\u00e1lunk els\u0151sorban ez ut\u00f3bbi forma val\u00f3sul meg miszerint v\u00edz alatt v\u00e9gzett mozg\u00e1ster\u00e1pia hat\u00e1s\u00e1t\u00f3l v\u00e1rjuk a s\u00e9r\u00fclt funkci\u00f3k fejl\u0151d\u00e9s\u00e9t. A v\u00edz hidrosztatikai, hidrodinamikai tulajdons\u00e1gainak k\u00f6sz\u00f6nhet\u0151en &hellip;<\/p>\n","protected":false},"author":102388,"featured_media":0,"parent":1242,"menu_order":0,"comment_status":"closed","ping_status":"closed","template":"","meta":{"_acf_changed":false,"footnotes":""},"categories":[],"tags":[],"class_list":["post-1297","page","type-page","status-publish","hentry"],"acf":[],"_links":{"self":[{"href":"https:\/\/semmelweis.hu\/rehabilitaciosklinika\/wp-json\/wp\/v2\/pages\/1297","targetHints":{"allow":["GET"]}}],"collection":[{"href":"https:\/\/semmelweis.hu\/rehabilitaciosklinika\/wp-json\/wp\/v2\/pages"}],"about":[{"href":"https:\/\/semmelweis.hu\/rehabilitaciosklinika\/wp-json\/wp\/v2\/types\/page"}],"author":[{"embeddable":true,"href":"https:\/\/semmelweis.hu\/rehabilitaciosklinika\/wp-json\/wp\/v2\/users\/102388"}],"replies":[{"embeddable":true,"href":"https:\/\/semmelweis.hu\/rehabilitaciosklinika\/wp-json\/wp\/v2\/comments?post=1297"}],"version-history":[{"count":7,"href":"https:\/\/semmelweis.hu\/rehabilitaciosklinika\/wp-json\/wp\/v2\/pages\/1297\/revisions"}],"predecessor-version":[{"id":3068,"href":"https:\/\/semmelweis.hu\/rehabilitaciosklinika\/wp-json\/wp\/v2\/pages\/1297\/revisions\/3068"}],"up":[{"embeddable":true,"href":"https:\/\/semmelweis.hu\/rehabilitaciosklinika\/wp-json\/wp\/v2\/pages\/1242"}],"wp:attachment":[{"href":"https:\/\/semmelweis.hu\/rehabilitaciosklinika\/wp-json\/wp\/v2\/media?parent=1297"}],"wp:term":[{"taxonomy":"category","embeddable":true,"href":"https:\/\/semmelweis.hu\/rehabilitaciosklinika\/wp-json\/wp\/v2\/categories?post=1297"},{"taxonomy":"post_tag","embeddable":true,"href":"https:\/\/semmelweis.hu\/rehabilitaciosklinika\/wp-json\/wp\/v2\/tags?post=1297"}],"curies":[{"name":"wp","href":"https:\/\/api.w.org\/{rel}","templated":true}]}}