{"id":1295,"date":"2024-09-17T13:09:37","date_gmt":"2024-09-17T11:09:37","guid":{"rendered":"https:\/\/semmelweis.hu\/rehabilitaciosklinika\/?page_id=1295"},"modified":"2025-04-07T12:43:47","modified_gmt":"2025-04-07T10:43:47","slug":"kozponti-mutoszolgalat","status":"publish","type":"page","link":"https:\/\/semmelweis.hu\/rehabilitaciosklinika\/betegellatas\/kozponti-egysegek\/kozponti-mutoszolgalat\/","title":{"rendered":"K\u00f6zponti M\u0171t\u0151szolg\u00e1lat"},"content":{"rendered":"<div class=\"w-100 keretes\">\n<p><strong>C \u00e9p\u00fclet, f\u00f6ldszint \u00e9s 1 emelet<\/strong><\/p>\n<p><strong>M\u0171t\u0151vezet\u0151 f\u0151orvos:<\/strong> dr. Szlov\u00e1k S\u00e1ndor<br \/>\n<strong>M\u0171t\u0151vezet\u0151 szakasszisztens:<\/strong> Kiss Eszter<\/p>\n<\/div>\n<h5>A k\u00f6zponti m\u0171t\u0151szolg\u00e1lat feladat k\u00f6re:<\/h5>\n<p>Az aszeptikus m\u0171t\u0151ben cs\u00edp\u0151, t\u00e9rd \u00e9s kis \u00edz\u00fcleti prot\u00e9zis m\u0171t\u00e9tek, ortop\u00e9diai helyre\u00e1ll\u00edt\u00f3 illetve korrekci\u00f3s m\u0171t\u00e9tek \u00e9s k\u00e9zseb\u00e9szeti m\u0171t\u00e9tek folynak. A szeptikus m\u0171t\u0151ben amput\u00e1ci\u00f3s seb\u00e9szet, csont-\u00edz\u00fcleti fert\u0151z\u00e9sek m\u0171t\u00e9ti kezel\u00e9se \u00e9s decubituszok plasztikai seb\u00e9szete a f\u0151 feladat.<\/p>\n<h5>M\u0171t\u0151s szakasszisztensek:<\/h5>\n<p>Kiss Eszter<br \/>\nLerner Julianna<br \/>\nGuly\u00e1s Gabriella<\/p>\n<h5>M\u0171t\u0151sseg\u00e9dek:<\/h5>\n<p>Ak\u00e1cs Martin<br \/>\nCsizi Lajos<br \/>\nDoli J\u00f3zsef<br \/>\nHeged\u0171s Mikl\u00f3s<\/p>\n","protected":false},"excerpt":{"rendered":"<p>C \u00e9p\u00fclet, f\u00f6ldszint \u00e9s 1 emelet M\u0171t\u0151vezet\u0151 f\u0151orvos: dr. Szlov\u00e1k S\u00e1ndor M\u0171t\u0151vezet\u0151 szakasszisztens: Kiss Eszter A k\u00f6zponti m\u0171t\u0151szolg\u00e1lat feladat k\u00f6re: Az aszeptikus m\u0171t\u0151ben cs\u00edp\u0151, t\u00e9rd \u00e9s kis \u00edz\u00fcleti prot\u00e9zis m\u0171t\u00e9tek, ortop\u00e9diai helyre\u00e1ll\u00edt\u00f3 illetve korrekci\u00f3s m\u0171t\u00e9tek \u00e9s k\u00e9zseb\u00e9szeti m\u0171t\u00e9tek folynak. A szeptikus m\u0171t\u0151ben amput\u00e1ci\u00f3s seb\u00e9szet, csont-\u00edz\u00fcleti fert\u0151z\u00e9sek m\u0171t\u00e9ti kezel\u00e9se \u00e9s decubituszok plasztikai seb\u00e9szete a f\u0151 feladat. &hellip;<\/p>\n","protected":false},"author":102388,"featured_media":0,"parent":1242,"menu_order":0,"comment_status":"closed","ping_status":"closed","template":"","meta":{"_acf_changed":false,"footnotes":""},"categories":[],"tags":[],"class_list":["post-1295","page","type-page","status-publish","hentry"],"acf":[],"_links":{"self":[{"href":"https:\/\/semmelweis.hu\/rehabilitaciosklinika\/wp-json\/wp\/v2\/pages\/1295","targetHints":{"allow":["GET"]}}],"collection":[{"href":"https:\/\/semmelweis.hu\/rehabilitaciosklinika\/wp-json\/wp\/v2\/pages"}],"about":[{"href":"https:\/\/semmelweis.hu\/rehabilitaciosklinika\/wp-json\/wp\/v2\/types\/page"}],"author":[{"embeddable":true,"href":"https:\/\/semmelweis.hu\/rehabilitaciosklinika\/wp-json\/wp\/v2\/users\/102388"}],"replies":[{"embeddable":true,"href":"https:\/\/semmelweis.hu\/rehabilitaciosklinika\/wp-json\/wp\/v2\/comments?post=1295"}],"version-history":[{"count":7,"href":"https:\/\/semmelweis.hu\/rehabilitaciosklinika\/wp-json\/wp\/v2\/pages\/1295\/revisions"}],"predecessor-version":[{"id":3238,"href":"https:\/\/semmelweis.hu\/rehabilitaciosklinika\/wp-json\/wp\/v2\/pages\/1295\/revisions\/3238"}],"up":[{"embeddable":true,"href":"https:\/\/semmelweis.hu\/rehabilitaciosklinika\/wp-json\/wp\/v2\/pages\/1242"}],"wp:attachment":[{"href":"https:\/\/semmelweis.hu\/rehabilitaciosklinika\/wp-json\/wp\/v2\/media?parent=1295"}],"wp:term":[{"taxonomy":"category","embeddable":true,"href":"https:\/\/semmelweis.hu\/rehabilitaciosklinika\/wp-json\/wp\/v2\/categories?post=1295"},{"taxonomy":"post_tag","embeddable":true,"href":"https:\/\/semmelweis.hu\/rehabilitaciosklinika\/wp-json\/wp\/v2\/tags?post=1295"}],"curies":[{"name":"wp","href":"https:\/\/api.w.org\/{rel}","templated":true}]}}