{"id":1292,"date":"2024-09-17T13:00:30","date_gmt":"2024-09-17T11:00:30","guid":{"rendered":"https:\/\/semmelweis.hu\/rehabilitaciosklinika\/?page_id=1292"},"modified":"2025-03-14T11:28:26","modified_gmt":"2025-03-14T10:28:26","slug":"ergometria-laboratorium","status":"publish","type":"page","link":"https:\/\/semmelweis.hu\/rehabilitaciosklinika\/betegellatas\/diagnosztika\/ergometria-laboratorium\/","title":{"rendered":"Ergometria Laborat\u00f3rium"},"content":{"rendered":"<div class=\"w-100 keretes\"><\/p>\n<p><strong>A rendel\u00e9s helysz\u00edne: <\/strong>F\u0151\u00e9p\u00fclet, A sz\u00e1rny, f\u00f6ldszint 0-G18 helyis\u00e9g<\/p>\n<\/div>\n<p><strong>Vizsg\u00e1lat k\u00e9r\u00e9s h\u00e9tk\u00f6znap, munkaid\u0151ben a szakasszisztenssel t\u00f6rt\u00e9n\u0151 id\u0151pont egyeztet\u00e9ssel lehets\u00e9ges.<br \/>\n<\/strong><\/p>\n<p><strong>Telefon: (<\/strong>+36 1) 391 1900 \/8055\u00a0 vagy 8070 mell\u00e9k<\/p>\n<p>A Klinika Spiroergometriai Laborat\u00f3riuma terhel\u00e9ses vizsg\u00e1latokat v\u00e9gez teljes\u00edtm\u00e9ny-\u00e9lettani param\u00e9terek alapj\u00e1n, amely sor\u00e1n felm\u00e9rik, hogy a rehabilit\u00e1land\u00f3 szem\u00e9ly alkalmas-e a kondicion\u00e1l\u00f3 jelleg\u0171 torn\u00e1ra, javaslatot tesz annak jelleg\u00e9re, intenzit\u00e1s\u00e1ra, id\u0151tartam\u00e1ra. Ezen k\u00edv\u00fcl a fekv\u0151beteg ell\u00e1t\u00f3 oszt\u00e1lyok betegeinek k\u00fcl\u00f6nb\u00f6z\u0151 anyagcsere-folyamatok vizsg\u00e1lat\u00e1t is v\u00e9gzik (v\u00e9rg\u00e1z-anal\u00edzis, l\u00e9gz\u00e9sfunkci\u00f3, oxig\u00e9nfelvev\u0151-k\u00e9pess\u00e9g, valamint a pulzussz\u00e1m \u00e9s a v\u00e9rnyom\u00e1s nyugalmi \u00e9s terhel\u00e9s alatti m\u00e9r\u00e9se). Az itt tal\u00e1lhat\u00f3 k\u00e9sz\u00fcl\u00e9k az orsz\u00e1gban az egyetlen, amely karergom\u00e9ter (karral val\u00f3 hajt\u00e1s) kivitelez\u00e9s\u00e9re alkalmas, \u00fcl\u0151helyzetben a l\u00e1bbal val\u00f3 terhel\u00e9sre is van lehet\u0151s\u00e9g.<\/p>\n<h5>Laborvezet\u0151 orvos:<\/h5>\n<p>Dr. Kelemen \u00c9va<\/p>\n<h5>Szakasszisztens:<\/h5>\n<p>Sz\u0171cs Imr\u00e9n\u00e9 (Judit)<\/p>\n","protected":false},"excerpt":{"rendered":"<p>A rendel\u00e9s helysz\u00edne: F\u0151\u00e9p\u00fclet, A sz\u00e1rny, f\u00f6ldszint 0-G18 helyis\u00e9g Vizsg\u00e1lat k\u00e9r\u00e9s h\u00e9tk\u00f6znap, munkaid\u0151ben a szakasszisztenssel t\u00f6rt\u00e9n\u0151 id\u0151pont egyeztet\u00e9ssel lehets\u00e9ges. Telefon: (+36 1) 391 1900 \/8055\u00a0 vagy 8070 mell\u00e9k A Klinika Spiroergometriai Laborat\u00f3riuma terhel\u00e9ses vizsg\u00e1latokat v\u00e9gez teljes\u00edtm\u00e9ny-\u00e9lettani param\u00e9terek alapj\u00e1n, amely sor\u00e1n felm\u00e9rik, hogy a rehabilit\u00e1land\u00f3 szem\u00e9ly alkalmas-e a kondicion\u00e1l\u00f3 jelleg\u0171 torn\u00e1ra, javaslatot tesz annak jelleg\u00e9re, intenzit\u00e1s\u00e1ra, &hellip;<\/p>\n","protected":false},"author":102388,"featured_media":0,"parent":1240,"menu_order":0,"comment_status":"closed","ping_status":"closed","template":"","meta":{"_acf_changed":false,"footnotes":""},"categories":[],"tags":[],"class_list":["post-1292","page","type-page","status-publish","hentry"],"acf":[],"_links":{"self":[{"href":"https:\/\/semmelweis.hu\/rehabilitaciosklinika\/wp-json\/wp\/v2\/pages\/1292","targetHints":{"allow":["GET"]}}],"collection":[{"href":"https:\/\/semmelweis.hu\/rehabilitaciosklinika\/wp-json\/wp\/v2\/pages"}],"about":[{"href":"https:\/\/semmelweis.hu\/rehabilitaciosklinika\/wp-json\/wp\/v2\/types\/page"}],"author":[{"embeddable":true,"href":"https:\/\/semmelweis.hu\/rehabilitaciosklinika\/wp-json\/wp\/v2\/users\/102388"}],"replies":[{"embeddable":true,"href":"https:\/\/semmelweis.hu\/rehabilitaciosklinika\/wp-json\/wp\/v2\/comments?post=1292"}],"version-history":[{"count":9,"href":"https:\/\/semmelweis.hu\/rehabilitaciosklinika\/wp-json\/wp\/v2\/pages\/1292\/revisions"}],"predecessor-version":[{"id":3176,"href":"https:\/\/semmelweis.hu\/rehabilitaciosklinika\/wp-json\/wp\/v2\/pages\/1292\/revisions\/3176"}],"up":[{"embeddable":true,"href":"https:\/\/semmelweis.hu\/rehabilitaciosklinika\/wp-json\/wp\/v2\/pages\/1240"}],"wp:attachment":[{"href":"https:\/\/semmelweis.hu\/rehabilitaciosklinika\/wp-json\/wp\/v2\/media?parent=1292"}],"wp:term":[{"taxonomy":"category","embeddable":true,"href":"https:\/\/semmelweis.hu\/rehabilitaciosklinika\/wp-json\/wp\/v2\/categories?post=1292"},{"taxonomy":"post_tag","embeddable":true,"href":"https:\/\/semmelweis.hu\/rehabilitaciosklinika\/wp-json\/wp\/v2\/tags?post=1292"}],"curies":[{"name":"wp","href":"https:\/\/api.w.org\/{rel}","templated":true}]}}